{"id":985,"date":"2023-08-28T08:46:45","date_gmt":"2023-08-28T11:46:45","guid":{"rendered":"https:\/\/portal.pi.gov.br\/seres\/?page_id=985"},"modified":"2023-10-11T12:30:25","modified_gmt":"2023-10-11T15:30:25","slug":"gestora","status":"publish","type":"page","link":"https:\/\/portal.pi.gov.br\/seres\/gestora\/","title":{"rendered":"Gestora"},"content":{"rendered":"\n<p class=\"has-medium-font-size\"><\/p>\n\n\n\n<blockquote class=\"wp-block-quote\">\n<div class=\"wp-block-columns is-layout-flex wp-container-2\">\n<div class=\"wp-block-column is-layout-flow\" style=\"flex-basis:100%\">\n<figure class=\"wp-block-image size-large is-resized\"><img decoding=\"async\" loading=\"lazy\" src=\"https:\/\/portal.pi.gov.br\/seres\/wp-content\/uploads\/sites\/87\/2023\/09\/WhatsApp-Image-2023-09-04-at-19.54.45-edited.jpeg\" alt=\"\" class=\"wp-image-1135\" width=\"612\" height=\"615\" \/><\/figure>\n<\/div>\n<\/div>\n<\/blockquote>\n\n\n\n<p class=\"has-medium-font-size\"><strong>Raimunda N\u00fabia Lopes Silva<\/strong> &#8211; Secret\u00e1ria de Estado das Rela\u00e7\u00f5es Sociais<\/p>\n\n\n\n<p><\/p>\n\n\n\n<p>Raimunda N\u00fabia Lopes Silva \u00e9 Pedagoga, Graduada em Licenciatura Plena em Hist\u00f3ria pela Universidade Estadual do Piau\u00ed (UESPI), com Extens\u00e3o Acad\u00eamica em Pol\u00edtica e Sindicalismo Internacional, pela Universidade Estadual de Campinas (UNICAMP).<\/p>\n\n\n\n<p>Na Confedera\u00e7\u00e3o Nacional dos Trabalhadores em Educa\u00e7\u00e3o (CNTE), foi dirigente sindical ocupando os cargos de Secret\u00e1ria de Rela\u00e7\u00f5es Sociais, comp\u00f4s pelo estado do Piau\u00ed  a Diretora Executiva, no per\u00edodo de 2005 a 2008, no cargo de Secret\u00e1ria de Pol\u00edticas Sociais.<\/p>\n\n\n\n<p>Foi Secret\u00e1ria-Geral e Secret\u00e1ria de Assuntos Educacionais do Sindicato dos Trabalhadores da Educa\u00e7\u00e3o do Piau\u00ed (Sinte-PI), Secret\u00e1ria de Forma\u00e7\u00e3o da Central \u00danica dos Trabalhadores (CUT)  e  Conselheira no Conselho Nacional das Crian\u00e7as e Adolescentes (Conanda) de 2005 a 1015.<\/p>\n\n\n\n<p>No Governo do Estado do Piau\u00ed ocupou os cargos de Diretora de Rela\u00e7\u00f5es Sociais e Superintendente de Rela\u00e7\u00f5es Sociais no per\u00edodo de 2015 a 2022. Atualmente ocupa o cargo de Secret\u00e1ria de Estado das Rela\u00e7\u00f5es Rociais.<\/p>\n","protected":false},"excerpt":{"rendered":"<p>Raimunda N\u00fabia Lopes Silva &#8211; Secret\u00e1ria de Estado das Rela\u00e7\u00f5es Sociais Raimunda N\u00fabia Lopes Silva \u00e9 Pedagoga, Graduada em Licenciatura Plena em Hist\u00f3ria pela Universidade Estadual do Piau\u00ed (UESPI), com [&hellip;]<\/p>\n","protected":false},"author":1,"featured_media":0,"parent":0,"menu_order":0,"comment_status":"closed","ping_status":"closed","template":"template-fullwidth.php","meta":[],"featured_image_urls":{"full":"","thumbnail":"","medium":"","medium_large":"","large":"","sgg-420":"","sgg-540":"","sgg-780":"","1536x1536":"","2048x2048":"","homepage-slider":"","homepage-slider-small":"","page-top":"","page-small":"","loop-main":"","thumb-gallery-widget":""},"post_excerpt_stackable":"<p>Raimunda N\u00fabia Lopes Silva &#8211; Secret\u00e1ria de Estado das Rela\u00e7\u00f5es Sociais Raimunda N\u00fabia Lopes Silva \u00e9 Pedagoga, Graduada em Licenciatura Plena em Hist\u00f3ria pela Universidade Estadual do Piau\u00ed (UESPI), com Extens\u00e3o Acad\u00eamica em Pol\u00edtica e Sindicalismo Internacional, pela Universidade Estadual de Campinas (UNICAMP). Na Confedera\u00e7\u00e3o Nacional dos Trabalhadores em Educa\u00e7\u00e3o (CNTE), foi dirigente sindical ocupando os cargos de Secret\u00e1ria de Rela\u00e7\u00f5es Sociais, comp\u00f4s pelo estado do Piau\u00ed a Diretora Executiva, no per\u00edodo de 2005 a 2008, no cargo de Secret\u00e1ria de Pol\u00edticas Sociais. Foi Secret\u00e1ria-Geral e Secret\u00e1ria de Assuntos Educacionais do Sindicato dos Trabalhadores da Educa\u00e7\u00e3o do Piau\u00ed (Sinte-PI), Secret\u00e1ria&hellip;<\/p>\n","category_list":"","author_info":{"name":"admin","url":"https:\/\/portal.pi.gov.br\/seres\/author\/admin\/"},"comments_num":"0 coment\u00e1rio","featured_image_urls_v2":{"full":"","thumbnail":"","medium":"","medium_large":"","large":"","sgg-420":"","sgg-540":"","sgg-780":"","1536x1536":"","2048x2048":"","homepage-slider":"","homepage-slider-small":"","page-top":"","page-small":"","loop-main":"","thumb-gallery-widget":""},"post_excerpt_stackable_v2":"<p>Raimunda N\u00fabia Lopes Silva &#8211; Secret\u00e1ria de Estado das Rela\u00e7\u00f5es Sociais Raimunda N\u00fabia Lopes Silva \u00e9 Pedagoga, Graduada em Licenciatura Plena em Hist\u00f3ria pela Universidade Estadual do Piau\u00ed (UESPI), com Extens\u00e3o Acad\u00eamica em Pol\u00edtica e Sindicalismo Internacional, pela Universidade Estadual de Campinas (UNICAMP). Na Confedera\u00e7\u00e3o Nacional dos Trabalhadores em Educa\u00e7\u00e3o (CNTE), foi dirigente sindical ocupando os cargos de Secret\u00e1ria de Rela\u00e7\u00f5es Sociais, comp\u00f4s pelo estado do Piau\u00ed a Diretora Executiva, no per\u00edodo de 2005 a 2008, no cargo de Secret\u00e1ria de Pol\u00edticas Sociais. Foi Secret\u00e1ria-Geral e Secret\u00e1ria de Assuntos Educacionais do Sindicato dos Trabalhadores da Educa\u00e7\u00e3o do Piau\u00ed (Sinte-PI), Secret\u00e1ria&hellip;<\/p>\n","category_list_v2":"","author_info_v2":{"name":"admin","url":"https:\/\/portal.pi.gov.br\/seres\/author\/admin\/"},"comments_num_v2":"0 coment\u00e1rio","_links":{"self":[{"href":"https:\/\/portal.pi.gov.br\/seres\/wp-json\/wp\/v2\/pages\/985"}],"collection":[{"href":"https:\/\/portal.pi.gov.br\/seres\/wp-json\/wp\/v2\/pages"}],"about":[{"href":"https:\/\/portal.pi.gov.br\/seres\/wp-json\/wp\/v2\/types\/page"}],"author":[{"embeddable":true,"href":"https:\/\/portal.pi.gov.br\/seres\/wp-json\/wp\/v2\/users\/1"}],"replies":[{"embeddable":true,"href":"https:\/\/portal.pi.gov.br\/seres\/wp-json\/wp\/v2\/comments?post=985"}],"version-history":[{"count":22,"href":"https:\/\/portal.pi.gov.br\/seres\/wp-json\/wp\/v2\/pages\/985\/revisions"}],"predecessor-version":[{"id":1541,"href":"https:\/\/portal.pi.gov.br\/seres\/wp-json\/wp\/v2\/pages\/985\/revisions\/1541"}],"wp:attachment":[{"href":"https:\/\/portal.pi.gov.br\/seres\/wp-json\/wp\/v2\/media?parent=985"}],"curies":[{"name":"wp","href":"https:\/\/api.w.org\/{rel}","templated":true}]}}