{"id":1003,"date":"2024-10-09T10:43:06","date_gmt":"2024-10-09T13:43:06","guid":{"rendered":"https:\/\/portal.pi.gov.br\/sesapi\/?page_id=1003"},"modified":"2024-12-16T09:50:30","modified_gmt":"2024-12-16T12:50:30","slug":"gerencia-de-desenvolvimento-e-qualificacao-etsus-pi","status":"publish","type":"page","link":"https:\/\/portal.pi.gov.br\/sesapi\/gerencia-de-desenvolvimento-e-qualificacao-etsus-pi\/","title":{"rendered":"Ger\u00eancia de Desenvolvimento e Qualifica\u00e7\u00e3o \/ ETSUS-PI"},"content":{"rendered":"<div class=\"wp-block-image\">\n<figure class=\"aligncenter size-full\"><a href=\"https:\/\/login.ebsco.com\/?custId=ns305341&amp;groupId=main&amp;profId=ehost&amp;requestIdentifier=7e2fa467-6357-4aae-a82c-b17ef2f4dda3&amp;acrValues=uid&amp;ui_locales&amp;redirect_uri=https:\/\/logon.ebsco.zone\/api\/dispatcher\/continue\/prompted?state=NTZiMTgxMTQ5MTBiNDEzMDliNzUwYjEwZGU4NmZjZjk=&amp;errorCode=INVALID_CREDENTIAL&amp;authRequest=eyJraWQiOiIxNjg2MTQ5MjEzNjMxIiwiYWxnIjoiUlMyNTYifQ.eyJpc3MiOiJodHRwczpcL1wvYXV0aC5lYnNjby56b25lXC9hcGlcL2Rpc3BhdGNoZXIiLCJhdXRoUmVxdWVzdCI6eyJsb2dpbl9oaW50IjoiY3VzdGlkOm5zMzA1MzQxLGdyb3VwaWQ6bWFpbixwcm9maWQ6ZWhvc3QsdXNlcjpuczMwNTM0MW1haW4scGFzc3dvcmQ6UVdObGMzTnZRREl3TWpBPSIsImdyYW50X3R5cGUiOiJhdXRob3JpemF0aW9uX2NvZGUiLCJzY29wZSI6Im9wZW5pZCBlbWFpbCBhZmZpbGlhdGlvbiIsImFjcl92YWx1ZXMiOiJ1aWQiLCJyZXNwb25zZV90eXBlIjoiY29kZSIsInJlZGlyZWN0X3VyaSI6Imh0dHBzOlwvXC9zZWFyY2guZWJzY29ob3N0LmNvbVwvd2ViYXV0aFwvUHJvbXB0ZWRDYWxsYmFjay5hc3B4Iiwic3RhdGUiOiJBM2lidUo2OGxBTTlSMEZ1ZHI4NHY5R2JfR0R0R3NkQW9jSkNqZ3dEeXR5cHI4aDBVVVBpSnNtdGNFa0w4dTI5Q2ZvT3NZakFIbWNxTHc4VzRoVzllMm9Ual81Q01pWm5vRzFRODNPdUVPTmNxSmxKVTBtUE5jUmR3cGV2WExieGlTcXFDWEdXSktFcUNpOGdLak9QNFVhNHEtWmgwZmhyLVFZMGllRkpfcGU5VmE4b01ubzlpd2t4VUJFb2x6amc5TkNmbFQxTmdfSWdNdG1vVzdFMHRlZnN6T3I4bkd6VEh0MVo5bXZhUlNvZVplaW55b0ROQXUzaXFPM1dQbUk1bXp0ZWc2eW9aQTF3MkpOMURTSXN2UEJ2d0l1SkxUeWZuSnFXc3ZlNVpWNTQ3QkY1Z0hTT2tvb2JfS282alFpbzd5ZVdiUmFFZG1ob1NZUjBMWEVfdF9ldnpMRXBvcjVNWEVpSmxoM2VUSkc5Yi1pQW9JUzFrQkxHaHdhS0g2S2ZJV19EQlFCZVhKdnZOdyIsImNsaWVudF9pZCI6ImF3Z3ljSXg1N01yd25EUTVoNFVlNnlDVkVQMHI1TXQ5IiwicmVzcG9uc2VfbW9kZSI6InF1ZXJ5IiwicmVxSWQiOiI3ZTJmYTQ2Ny02MzU3LTRhYWUtYTgyYy1iMTdlZjJmNGRkYTMifSwiaWF0IjoxNzM0MzUyNjEyLCJqdGkiOiJhNWY4OGVlYy03ODJhLTRjY2YtYWIxNC1jMWM0YTE4NzIwNzQiLCJyZXFJZCI6IjdlMmZhNDY3LTYzNTctNGFhZS1hODJjLWIxN2VmMmY0ZGRhMyJ9.JpWTxNGcdCCvpqJFkIdATl6qyGyV6V-gCrXK4QezSxGLrDf6BCf4vdw1P-AYErTfWwwCpUJCzVHxODfYI81bHt39T7gORoCgsvDFqq42CBel2daMzUZFguBQ7b-MBqs5MwyXWlTUiGENYVI1OdMPZdZarGd36gVoeE9m8634XAq3JG-NH4ZPTkfLl4-80DeWe8GUjIfG6U4u2eS0k1ByLZQ_-aJDaXK6oArOsq7QFjUcqNxcGRaLJnDIRmYEk2M6hqAn3LElP3L6h59PRCZR7HMyBNlr6YgNgJqzFySgxjaJdyFmCEzE7h_rhBpTXpfWW69fK-QkvnBIJOs-Azvdlg\" target=\"_blank\" rel=\"noreferrer noopener\"><img decoding=\"async\" loading=\"lazy\" width=\"663\" height=\"800\" src=\"https:\/\/portal.pi.gov.br\/sesapi\/wp-content\/uploads\/sites\/101\/2024\/12\/content_EBSCOHEALTH.jpg\" alt=\"\" class=\"wp-image-1646\" srcset=\"https:\/\/portal.pi.gov.br\/sesapi\/wp-content\/uploads\/sites\/101\/2024\/12\/content_EBSCOHEALTH.jpg 663w, https:\/\/portal.pi.gov.br\/sesapi\/wp-content\/uploads\/sites\/101\/2024\/12\/content_EBSCOHEALTH-249x300.jpg 249w, https:\/\/portal.pi.gov.br\/sesapi\/wp-content\/uploads\/sites\/101\/2024\/12\/content_EBSCOHEALTH-348x420.jpg 348w, https:\/\/portal.pi.gov.br\/sesapi\/wp-content\/uploads\/sites\/101\/2024\/12\/content_EBSCOHEALTH-448x540.jpg 448w, https:\/\/portal.pi.gov.br\/sesapi\/wp-content\/uploads\/sites\/101\/2024\/12\/content_EBSCOHEALTH-646x780.jpg 646w, https:\/\/portal.pi.gov.br\/sesapi\/wp-content\/uploads\/sites\/101\/2024\/12\/content_EBSCOHEALTH-624x753.jpg 624w\" sizes=\"(max-width: 663px) 100vw, 663px\" \/><\/a><\/figure><\/div>\n\n\n<p class=\"has-text-align-center has-medium-font-size\"><strong>ACESSE:<\/strong><\/p>\n\n\n\n<div class=\"wp-block-stackable-columns stk-block-columns stk-block stk-fa3f840\" data-block-id=\"fa3f840\"><div class=\"stk-row stk-inner-blocks stk-block-content stk-content-align stk-fa3f840-column\">\n<div class=\"wp-block-stackable-column stk-block-column stk-column stk-block stk-9cd0fa5\" data-v=\"4\" data-block-id=\"9cd0fa5\"><div class=\"stk-column-wrapper stk-block-column__content stk-container stk-9cd0fa5-container stk--no-background stk--no-padding\"><div class=\"stk-block-content stk-inner-blocks stk-9cd0fa5-inner-blocks\">\n<div class=\"wp-block-stackable-button-group aligncenter stk-block-button-group stk-block stk-25817aa\" data-block-id=\"25817aa\"><div class=\"stk-row stk-inner-blocks has-text-align-center stk-block-content stk-button-group\">\n<div class=\"wp-block-stackable-button stk-block-button has-text-align-center stk-block stk-2c92eaf\" data-block-id=\"2c92eaf\"><a class=\"stk-link stk-button stk--hover-effect-darken\" href=\"https:\/\/login.ebsco.com\/?custId=ns305341&amp;groupId=main&amp;profId=ehost&amp;requestIdentifier=7e2fa467-6357-4aae-a82c-b17ef2f4dda3&amp;acrValues=uid&amp;ui_locales&amp;redirect_uri=https:\/\/logon.ebsco.zone\/api\/dispatcher\/continue\/prompted?state=ZmNhZjA0OWQwN2IwNDkzYTlhZjk0MDc2MzkwYjYxNDc=&amp;errorCode=INVALID_CREDENTIAL&amp;authRequest=eyJraWQiOiIxNjg2MTQ5MjEzNjMxIiwiYWxnIjoiUlMyNTYifQ.eyJpc3MiOiJodHRwczpcL1wvYXV0aC5lYnNjby56b25lXC9hcGlcL2Rpc3BhdGNoZXIiLCJhdXRoUmVxdWVzdCI6eyJsb2dpbl9oaW50IjoiY3VzdGlkOm5zMzA1MzQxLGdyb3VwaWQ6bWFpbixwcm9maWQ6ZWhvc3QsdXNlcjpuczMwNTM0MW1haW4scGFzc3dvcmQ6UVdObGMzTnZRREl3TWpBPSIsImdyYW50X3R5cGUiOiJhdXRob3JpemF0aW9uX2NvZGUiLCJzY29wZSI6Im9wZW5pZCBlbWFpbCBhZmZpbGlhdGlvbiIsImFjcl92YWx1ZXMiOiJ1aWQiLCJyZXNwb25zZV90eXBlIjoiY29kZSIsInJlZGlyZWN0X3VyaSI6Imh0dHBzOlwvXC9zZWFyY2guZWJzY29ob3N0LmNvbVwvd2ViYXV0aFwvUHJvbXB0ZWRDYWxsYmFjay5hc3B4Iiwic3RhdGUiOiJBM2ozYVRZb2NBdHNoeFFjUkZFRjYtT0l3Z1d2Vk1kQW9jSkNqZ3dEeXR5cHIwNXZ1ZGVwUWhkNjRRRWd0QjZKcWRWZi1CdXoxU1Qxay0tZnBQTllPTzBZNVM2dVBteGM4TTlNZ0FrWEZFLU13Nm1STnhWSmVSSlVtemVjYjZ1QlFHR1JhRXBvamd5TDdxNXNHVnpCTWxGeUNLajA0WWZiaXFXU0ZxYlF1cmRpN1htQWRvOFFoZEladXVVeHRDWTFpS0gzay1oSDM0VEJPTlpUR2RDRTdKeHllUXpEbGhKRHFpQmRiZzJFdjJpVGR3Yjk4VW43d3JPV084eUV3NGs0SmpaODljYU94N1pXWWZLeGs3REJCWU1BeXFwR2ZxY3pBMHpuUktuYTlvUEdFSUZzc01yQmV3NVI4WFA3Q3AtV3hZTE1rcFhwNTVhcU5KX3VTc0FvVHFYdlVmOGRBWnVPcUhBV0c3WDNuUkx5bEFMdTRDUTlSLU95by1XOW9EajllRTI0TWtCZVhVSUNGdyIsImNsaWVudF9pZCI6ImF3Z3ljSXg1N01yd25EUTVoNFVlNnlDVkVQMHI1TXQ5IiwicmVzcG9uc2VfbW9kZSI6InF1ZXJ5IiwicmVxSWQiOiI3ZTJmYTQ2Ny02MzU3LTRhYWUtYTgyYy1iMTdlZjJmNGRkYTMifSwiaWF0IjoxNzM0MzUyNzYzLCJqdGkiOiIxYzhjMDRjYS1kMDBhLTQ4NzYtODVjMy04NWU2MDg0ZWM3MWQiLCJyZXFJZCI6IjdlMmZhNDY3LTYzNTctNGFhZS1hODJjLWIxN2VmMmY0ZGRhMyJ9.SVr7UgNOWbD725VdwYcHLlfljJbniz_wJvbDwmdYWaQXYK3qo-oPszSz_Y49aaya_G9bmUCvxEE5QrKDyENxLwjKda2mB3LwGtlrRoBIdhRm5mXSdGMsUOieaeB-LV4Qc89b94GUl3qUNsLKKbXLXdBIJzaUPqLtd5Z3KHlKpFqcq63v_UZ2Zvt5ZGta-Z4SNmcwNTKAWY2kjfdL8GcOAqppkT1U_11y2bcNchrrsBiByiazR6ZzmMwoVCtdmVJdUaGdKCSu6RnDQPWoLzlU4ZMv5nXorY39M9QL-Kk_RyUVlBAX1WbDSs2q5Pyoi2q40X0sIVWXhVYiFClR3YK57w\" target=\"_blank\" rel=\"noreferrer noopener\"><span class=\"stk-button__inner-text\">SESAPI-MEDLINE-EBSCO<\/span><\/a><\/div>\n<\/div><\/div>\n<\/div><\/div><\/div>\n\n\n\n<div class=\"wp-block-stackable-column stk-block-column stk-column stk-block stk-f10ce5e\" data-v=\"4\" data-block-id=\"f10ce5e\"><div class=\"stk-column-wrapper stk-block-column__content stk-container stk-f10ce5e-container stk--no-background stk--no-padding\"><div class=\"stk-block-content stk-inner-blocks stk-f10ce5e-inner-blocks\">\n<div class=\"wp-block-stackable-button-group stk-block-button-group stk-block stk-f8c6aa3\" data-block-id=\"f8c6aa3\"><div class=\"stk-row stk-inner-blocks has-text-align-center stk-block-content stk-button-group\">\n<div class=\"wp-block-stackable-button stk-block-button stk-block stk-aaefe86\" data-block-id=\"aaefe86\"><a class=\"stk-link stk-button stk--hover-effect-darken\" href=\"https:\/\/login.ebsco.com\/?custId=ns305341&amp;groupId=main&amp;profId=dmp&amp;requestIdentifier=7e2fa467-6357-4aae-a82c-b17ef2f4dda3&amp;acrValues=uid&amp;ui_locales&amp;redirect_uri=https:\/\/logon.ebsco.zone\/api\/dispatcher\/continue\/prompted?state=NDMwNGEzYmNhYzE3NGU5NjgyMDRlY2NkZWViMjZlY2Q=&amp;errorCode=INVALID_CREDENTIAL&amp;authRequest=eyJraWQiOiIxNjg2MTQ5MjEzNjMxIiwiYWxnIjoiUlMyNTYifQ.eyJpc3MiOiJodHRwczpcL1wvYXV0aC5lYnNjby56b25lXC9hcGlcL2Rpc3BhdGNoZXIiLCJhdXRoUmVxdWVzdCI6eyJsb2dpbl9oaW50IjoiY3VzdGlkOm5zMzA1MzQxLGdyb3VwaWQ6bWFpbixwcm9maWQ6ZG1wLHVzZXI6bnMzMDUzNDFtYWluLHBhc3N3b3JkOlFXTmxjM052UURJd01qQT0iLCJncmFudF90eXBlIjoiYXV0aG9yaXphdGlvbl9jb2RlIiwic2NvcGUiOiJvcGVuaWQgZW1haWwgYWZmaWxpYXRpb24iLCJhY3JfdmFsdWVzIjoidWlkIiwicmVzcG9uc2VfdHlwZSI6ImNvZGUiLCJyZWRpcmVjdF91cmkiOiJodHRwczpcL1wvc2VhcmNoLmVic2NvaG9zdC5jb21cL3dlYmF1dGhcL1Byb21wdGVkQ2FsbGJhY2suYXNweCIsInN0YXRlIjoiQTNod1oxTWxRLXBEQjdXajVIdW9sR2J6OTl2c1RjZEFvY0pDamd3RHl0eXByOGgwVVVQaUpzbXRjRWtMRWlsWG1icUNJeE4wTzlrSTFpMHZtYWdzQlBGUkR5WG02Tkw0NS1qTXJlb2IyT3VqV0xXRW5JNE82VUxOeWtMMjZZX0NNS3RJNDhOT285c19VQmU5YlNxb1pFZ0tQYjdSN1FtMW1VNnE0QmJUc2F1a0RvYjVIOG5XM2FYV0VFaDhmSE9RcDR2UVpBeG5WWnFxRS05Wi1fZHdJeWE3endWRlR0SUZja0lHNjYzMFZ0MzVfdXVZQU1kWUUzQWRqNWNSYTdZMUN6VkpsNXVlQkVSVXlxYXRESGpsZlVOeXd6cGJiRHdDQzFXdlN0UzBJMERvai1WSkpVd0pqVFgwVmlIaWdBc0tYMTRvWUFZcUZRMi1mWUZKY19JQVh2Vk9FaVBneGg4VFdTUVJFNHVLMWtCN0JCQk5WVU01WGtpaXcxd3paWUJGZGhtbnR2NGxUUjF3RWciLCJjbGllbnRfaWQiOiJhd2d5Y0l4NTdNcnduRFE1aDRVZTZ5Q1ZFUDByNU10OSIsInJlc3BvbnNlX21vZGUiOiJxdWVyeSIsInJlcUlkIjoiN2UyZmE0NjctNjM1Ny00YWFlLWE4MmMtYjE3ZWYyZjRkZGEzIn0sImlhdCI6MTczNDM1MzMwNywianRpIjoiOGY1OGJjNjEtMjZmNi00ZjcwLTgxNmEtOThiNzc5ZWZlOTIzIiwicmVxSWQiOiI3ZTJmYTQ2Ny02MzU3LTRhYWUtYTgyYy1iMTdlZjJmNGRkYTMifQ.U3G79u_KdTNYI7FlyvnJCyhcXPVvOhoCE8-4ELbhs74WwQhfPClCQjtlYgRHJVXMi_Z9azODebpcsrWZFmLX6GVrH8anx44JsZZ3wKr5-hoqTWTxYWn1aOAcATsfS-yr2AMk7XYzO2GbLRAJoW1xTA5Q9s6tQyKGXsts3wp28-Ji29jhcvbWpy0XNCLLMhBXvurqdJyziMh_yjzxT_JiNi0i8lgv_TuhTC7iESozbERnl-muXcRgUKHsErQ6Yv49ZnqVneX9R_0EvVCuTRLrqvPxm5CRtHgoBPyBNDiKVycQFg5RwuGLCVY76iE-RHH8CP4KbdRoLhMhWYqg3YaKLw\" target=\"_blank\" rel=\"noreferrer noopener\"><span class=\"stk-button__inner-text\">SESAPI-DYNAMED-EBSCO<\/span><\/a><\/div>\n<\/div><\/div>\n<\/div><\/div><\/div>\n<\/div><\/div>\n","protected":false},"excerpt":{"rendered":"<p>ACESSE: SESAPI-MEDLINE-EBSCO SESAPI-DYNAMED-EBSCO<\/p>\n","protected":false},"author":1798,"featured_media":0,"parent":0,"menu_order":0,"comment_status":"closed","ping_status":"closed","template":"template-fullwidth.php","meta":[],"featured_image_urls":{"full":"","thumbnail":"","medium":"","medium_large":"","large":"","sgg-420":"","sgg-540":"","sgg-780":"","1536x1536":"","2048x2048":"","homepage-slider":"","homepage-slider-small":"","page-top":"","page-small":"","loop-main":"","thumb-gallery-widget":""},"post_excerpt_stackable":"<p>ACESSE: SESAPI-MEDLINE-EBSCO SESAPI-DYNAMED-EBSCO<\/p>\n","category_list":"","author_info":{"name":"yancarvalho","url":"https:\/\/portal.pi.gov.br\/sesapi\/author\/yancarvalho\/"},"comments_num":"0 coment\u00e1rio","featured_image_urls_v2":{"full":"","thumbnail":"","medium":"","medium_large":"","large":"","sgg-420":"","sgg-540":"","sgg-780":"","1536x1536":"","2048x2048":"","homepage-slider":"","homepage-slider-small":"","page-top":"","page-small":"","loop-main":"","thumb-gallery-widget":""},"post_excerpt_stackable_v2":"<p>ACESSE: SESAPI-MEDLINE-EBSCO SESAPI-DYNAMED-EBSCO<\/p>\n","category_list_v2":"","author_info_v2":{"name":"yancarvalho","url":"https:\/\/portal.pi.gov.br\/sesapi\/author\/yancarvalho\/"},"comments_num_v2":"0 coment\u00e1rio","_links":{"self":[{"href":"https:\/\/portal.pi.gov.br\/sesapi\/wp-json\/wp\/v2\/pages\/1003"}],"collection":[{"href":"https:\/\/portal.pi.gov.br\/sesapi\/wp-json\/wp\/v2\/pages"}],"about":[{"href":"https:\/\/portal.pi.gov.br\/sesapi\/wp-json\/wp\/v2\/types\/page"}],"author":[{"embeddable":true,"href":"https:\/\/portal.pi.gov.br\/sesapi\/wp-json\/wp\/v2\/users\/1798"}],"replies":[{"embeddable":true,"href":"https:\/\/portal.pi.gov.br\/sesapi\/wp-json\/wp\/v2\/comments?post=1003"}],"version-history":[{"count":7,"href":"https:\/\/portal.pi.gov.br\/sesapi\/wp-json\/wp\/v2\/pages\/1003\/revisions"}],"predecessor-version":[{"id":1662,"href":"https:\/\/portal.pi.gov.br\/sesapi\/wp-json\/wp\/v2\/pages\/1003\/revisions\/1662"}],"wp:attachment":[{"href":"https:\/\/portal.pi.gov.br\/sesapi\/wp-json\/wp\/v2\/media?parent=1003"}],"curies":[{"name":"wp","href":"https:\/\/api.w.org\/{rel}","templated":true}]}}