{"id":1009,"date":"2024-10-09T10:44:06","date_gmt":"2024-10-09T13:44:06","guid":{"rendered":"https:\/\/portal.pi.gov.br\/sesapi\/?page_id=1009"},"modified":"2025-08-15T10:54:53","modified_gmt":"2025-08-15T13:54:53","slug":"hospitais-estaduais","status":"publish","type":"page","link":"https:\/\/portal.pi.gov.br\/sesapi\/hospitais-estaduais\/","title":{"rendered":"Hospitais Estaduais"},"content":{"rendered":"\n<p><strong>AMARANTE<\/strong><\/p>\n\n\n\n<p><strong>\u2022&nbsp;<\/strong><strong>HOSP. FRANCISCO AYRES CAVALCANTE<\/strong><br>pra\u00e7a Padre Virg\u00edlio, s\/n<br><strong>Diretora:<\/strong>&nbsp;Jo\u00e3o da Cruz Cabral<\/p>\n\n\n\n<p><strong>CANTO DO BURITI<\/strong><\/p>\n\n\n\n<p><strong>\u2022&nbsp;<\/strong><strong>HOSP. ESTADUAL DOMINGOS CHAVES<\/strong><br>Rua Marechal Dutra, 1266<br>(89) 98121-0054<br><strong>Diretora:<\/strong>&nbsp;Jos\u00e9 Breno Barbosa Nascimento<\/p>\n\n\n\n<p><strong>CORRENTE<\/strong><\/p>\n\n\n\n<p><strong>\u2022&nbsp;<\/strong><strong>HOSP.&nbsp; JO\u00c3O PACHECO CAVALCANTE<\/strong><br>Rua Ant\u00f4nio Nogueira de Carvalho, Bairro Centro<br>(89) 3573-1465\/2699<br><strong>Diretor: Thais Maciel Cardozo Lopes Sales<\/strong><\/p>\n\n\n\n<p><strong>CURIMAT\u00c1<\/strong><\/p>\n\n\n\n<p><strong>\u2022 HOSP. ESTADUAL\u00a0J\u00daLIO BORGES DE MACEDO<\/strong><br>Rua Princesa Isabel- Centro<br>(89) 3574-1260<br><strong>Diretor:\u00a0<\/strong>Alexandro Rabelo de Ara\u00fajo<\/p>\n\n\n\n<p><strong>DEMERVAL LOB\u00c3O<\/strong><\/p>\n\n\n\n<p><strong>\u2022&nbsp;<\/strong><strong>HOSP.&nbsp;JO\u00c3O LUIZ DE MORAES<\/strong><br>Rua Francisco de C. Melo, s\/n<br>(86) 99457-5121<br><strong>Diretor:<\/strong>&nbsp;Rodrigo Antonio Rosal Mota&nbsp;<\/p>\n\n\n\n<p><strong>ELESB\u00c3O VELOSO<\/strong><\/p>\n\n\n\n<p><strong>\u2022 HOSP. EST. NORBERTO MOURA<\/strong><br>Av. Ben\u00edcio Alves da Silva, 577- Centro<br>(86) 99568-7819<br><strong>Diretora:<\/strong>&nbsp;Ingrid Rodrigues da Silva&nbsp;<\/p>\n\n\n\n<p><strong>ESPERANTINA<\/strong><\/p>\n\n\n\n<p>\u2022&nbsp;<strong>HOSP. ESTADUAL DR. JULIO HARTMAN<\/strong><br>Rua Marechal Deodoro da Fonseca, 341<br>(86) 99486-0695<br><strong>Diretor:&nbsp;<\/strong>Vilma Rodrigues Batista Moraes<\/p>\n\n\n\n<p><strong>LUZIL\u00c2NDIA<\/strong><\/p>\n\n\n\n<p>\u2022&nbsp;<strong>HOSPITAL ESTADUAL GERSON CASTELO BRANCO<\/strong><br>Rua Jo\u00e3o Carvalho, S\/N- Itarar\u00e9, CEP: 64160-000<br>(86) 99490-3502<br><strong>Diretora:<\/strong>&nbsp;Andr\u00e9a Teles Alves<\/p>\n\n\n\n<p><strong>PARNA\u00cdBA<\/strong><\/p>\n\n\n\n<p><strong>\u2022 HOSP. EST. DIRCEU ARCOVERDE<\/strong><br>Rua Rodrigues Coimbra, 1650 \u2013 Bairro Rodovi\u00e1ria<br>(86) 3323-7188<br><strong>Diretor:<\/strong>&nbsp;Waldineide Pereira de Fran\u00e7a Duarte<\/p>\n\n\n\n<p><strong>S\u00c3O JO\u00c3O DO PIAU\u00cd<\/strong><\/p>\n\n\n\n<p><strong>\u2022 HOSPITAL ESTADUAL TERESINHA NUNES DE BARROS<\/strong><br>Av. C\u00e2ndido Coelho, 1215 &#8211; Bairro Centro<br>(89)3483-1518<br><strong>Diretora:<\/strong>&nbsp;Daniele Soares de Oliveira<\/p>\n\n\n\n<p><strong>S\u00c3O MIGUEL DO TAPUIO<\/strong><\/p>\n\n\n\n<p><strong>\u2022 HOSP. JOS\u00c9 FURTADO DE MENDON\u00c7A<\/strong><br>Rua Coletor Jos\u00e9 Ara\u00fajo, S\/N- Centro<br>(86) 3249-1826<br><strong>Diretor:<\/strong>\u00a0Janilson Rodrigues Alves<\/p>\n\n\n\n<p><strong>SIMPLICIO MENDES<\/strong><\/p>\n\n\n\n<p><strong>\u2022 HOSP. LOCAL JOS\u00c9 DE MOURA F\u00c9<\/strong><br>Rua Dr. Jos\u00e9 de Moura F\u00e9, 604, CEP: 64700-000<br>(89) 99466-4742<br><strong>Diretor:<\/strong>&nbsp;Nayra Camila de Sousa Lopes<\/p>\n","protected":false},"excerpt":{"rendered":"<p>AMARANTE \u2022&nbsp;HOSP. FRANCISCO AYRES CAVALCANTEpra\u00e7a Padre Virg\u00edlio, s\/nDiretora:&nbsp;Jo\u00e3o da Cruz Cabral CANTO DO BURITI \u2022&nbsp;HOSP. ESTADUAL DOMINGOS CHAVESRua Marechal Dutra, 1266(89) 98121-0054Diretora:&nbsp;Jos\u00e9 Breno Barbosa Nascimento CORRENTE \u2022&nbsp;HOSP.&nbsp; JO\u00c3O PACHECO CAVALCANTERua [&hellip;]<\/p>\n","protected":false},"author":1798,"featured_media":0,"parent":0,"menu_order":0,"comment_status":"closed","ping_status":"closed","template":"template-fullwidth.php","meta":[],"featured_image_urls":{"full":"","thumbnail":"","medium":"","medium_large":"","large":"","sgg-420":"","sgg-540":"","sgg-780":"","1536x1536":"","2048x2048":"","homepage-slider":"","homepage-slider-small":"","page-top":"","page-small":"","loop-main":"","thumb-gallery-widget":""},"post_excerpt_stackable":"<p>AMARANTE \u2022&nbsp;HOSP. FRANCISCO AYRES CAVALCANTEpra\u00e7a Padre Virg\u00edlio, s\/nDiretora:&nbsp;Jo\u00e3o da Cruz Cabral CANTO DO BURITI \u2022&nbsp;HOSP. ESTADUAL DOMINGOS CHAVESRua Marechal Dutra, 1266(89) 98121-0054Diretora:&nbsp;Jos\u00e9 Breno Barbosa Nascimento CORRENTE \u2022&nbsp;HOSP.&nbsp; JO\u00c3O PACHECO CAVALCANTERua Ant\u00f4nio Nogueira de Carvalho, Bairro Centro(89) 3573-1465\/2699Diretor: Thais Maciel Cardozo Lopes Sales CURIMAT\u00c1 \u2022 HOSP. ESTADUAL\u00a0J\u00daLIO BORGES DE MACEDORua Princesa Isabel- Centro(89) 3574-1260Diretor:\u00a0Alexandro Rabelo de Ara\u00fajo DEMERVAL LOB\u00c3O \u2022&nbsp;HOSP.&nbsp;JO\u00c3O LUIZ DE MORAESRua Francisco de C. Melo, s\/n(86) 99457-5121Diretor:&nbsp;Rodrigo Antonio Rosal Mota&nbsp; ELESB\u00c3O VELOSO \u2022 HOSP. EST. NORBERTO MOURAAv. Ben\u00edcio Alves da Silva, 577- Centro(86) 99568-7819Diretora:&nbsp;Ingrid Rodrigues da Silva&nbsp; ESPERANTINA \u2022&nbsp;HOSP. ESTADUAL DR. JULIO HARTMANRua Marechal Deodoro da Fonseca, 341(86) 99486-0695Diretor:&nbsp;Vilma&hellip;<\/p>\n","category_list":"","author_info":{"name":"yancarvalho","url":"https:\/\/portal.pi.gov.br\/sesapi\/author\/yancarvalho\/"},"comments_num":"0 coment\u00e1rio","featured_image_urls_v2":{"full":"","thumbnail":"","medium":"","medium_large":"","large":"","sgg-420":"","sgg-540":"","sgg-780":"","1536x1536":"","2048x2048":"","homepage-slider":"","homepage-slider-small":"","page-top":"","page-small":"","loop-main":"","thumb-gallery-widget":""},"post_excerpt_stackable_v2":"<p>AMARANTE \u2022&nbsp;HOSP. FRANCISCO AYRES CAVALCANTEpra\u00e7a Padre Virg\u00edlio, s\/nDiretora:&nbsp;Jo\u00e3o da Cruz Cabral CANTO DO BURITI \u2022&nbsp;HOSP. ESTADUAL DOMINGOS CHAVESRua Marechal Dutra, 1266(89) 98121-0054Diretora:&nbsp;Jos\u00e9 Breno Barbosa Nascimento CORRENTE \u2022&nbsp;HOSP.&nbsp; JO\u00c3O PACHECO CAVALCANTERua Ant\u00f4nio Nogueira de Carvalho, Bairro Centro(89) 3573-1465\/2699Diretor: Thais Maciel Cardozo Lopes Sales CURIMAT\u00c1 \u2022 HOSP. ESTADUAL\u00a0J\u00daLIO BORGES DE MACEDORua Princesa Isabel- Centro(89) 3574-1260Diretor:\u00a0Alexandro Rabelo de Ara\u00fajo DEMERVAL LOB\u00c3O \u2022&nbsp;HOSP.&nbsp;JO\u00c3O LUIZ DE MORAESRua Francisco de C. Melo, s\/n(86) 99457-5121Diretor:&nbsp;Rodrigo Antonio Rosal Mota&nbsp; ELESB\u00c3O VELOSO \u2022 HOSP. EST. NORBERTO MOURAAv. Ben\u00edcio Alves da Silva, 577- Centro(86) 99568-7819Diretora:&nbsp;Ingrid Rodrigues da Silva&nbsp; ESPERANTINA \u2022&nbsp;HOSP. ESTADUAL DR. JULIO HARTMANRua Marechal Deodoro da Fonseca, 341(86) 99486-0695Diretor:&nbsp;Vilma&hellip;<\/p>\n","category_list_v2":"","author_info_v2":{"name":"yancarvalho","url":"https:\/\/portal.pi.gov.br\/sesapi\/author\/yancarvalho\/"},"comments_num_v2":"0 coment\u00e1rio","_links":{"self":[{"href":"https:\/\/portal.pi.gov.br\/sesapi\/wp-json\/wp\/v2\/pages\/1009"}],"collection":[{"href":"https:\/\/portal.pi.gov.br\/sesapi\/wp-json\/wp\/v2\/pages"}],"about":[{"href":"https:\/\/portal.pi.gov.br\/sesapi\/wp-json\/wp\/v2\/types\/page"}],"author":[{"embeddable":true,"href":"https:\/\/portal.pi.gov.br\/sesapi\/wp-json\/wp\/v2\/users\/1798"}],"replies":[{"embeddable":true,"href":"https:\/\/portal.pi.gov.br\/sesapi\/wp-json\/wp\/v2\/comments?post=1009"}],"version-history":[{"count":3,"href":"https:\/\/portal.pi.gov.br\/sesapi\/wp-json\/wp\/v2\/pages\/1009\/revisions"}],"predecessor-version":[{"id":5548,"href":"https:\/\/portal.pi.gov.br\/sesapi\/wp-json\/wp\/v2\/pages\/1009\/revisions\/5548"}],"wp:attachment":[{"href":"https:\/\/portal.pi.gov.br\/sesapi\/wp-json\/wp\/v2\/media?parent=1009"}],"curies":[{"name":"wp","href":"https:\/\/api.w.org\/{rel}","templated":true}]}}