{"id":1015,"date":"2024-10-09T10:45:07","date_gmt":"2024-10-09T13:45:07","guid":{"rendered":"https:\/\/portal.pi.gov.br\/sesapi\/?page_id=1015"},"modified":"2025-03-06T15:38:42","modified_gmt":"2025-03-06T18:38:42","slug":"hospital-infantil-lucidio-portela","status":"publish","type":"page","link":"https:\/\/portal.pi.gov.br\/sesapi\/hospital-infantil-lucidio-portela\/","title":{"rendered":"Hospital Infantil Luc\u00eddio Portella"},"content":{"rendered":"\n<p>O Hospital Infantil Luc\u00eddio Portella, fundado em 16 de mar\u00e7o de 1986, adaptado em pr\u00e9dio do Minist\u00e9rio da Sa\u00fade, cedido ao Governo do Estado, onde funcionava o Pavilh\u00e3o de Pneumologia, funciona com 106 leitos. \u00c9 o \u00fanico no estado especializado em Pediatria, com atendimento exclusivo ao Sistema \u00danico de Sa\u00fade (SUS). Oferece consultas nas seguintes especialidades Pedi\u00e1tricas:<\/p>\n\n\n\n<p>\u00b7Pediatria Geral<\/p>\n\n\n\n<p>\u00b7Cirurgia Pedi\u00e1trica<\/p>\n\n\n\n<p>\u00b7Neurocirurgia<\/p>\n\n\n\n<p>\u00b7Nefrologia<\/p>\n\n\n\n<p>\u00b7Hematologia<\/p>\n\n\n\n<p>\u00b7Cardiologia<\/p>\n\n\n\n<p>\u00b7Dermatologia<\/p>\n\n\n\n<p>\u00b7Reumatologia<\/p>\n\n\n\n<p>\u00b7Ortopedia<\/p>\n\n\n\n<p>\u00b7Gastroenterologia<\/p>\n\n\n\n<p>\u00b7Pneumologia<\/p>\n\n\n\n<p>\u00b7Nutrologia<\/p>\n\n\n\n<p>\u00b7 Psicologia<\/p>\n\n\n\n<p>\u00b7Fisioterapia<\/p>\n\n\n\n<p>\u00b7Servi\u00e7o Social<\/p>\n\n\n\n<p>\u00b7Triagem Neonatal<\/p>\n\n\n\n<p><\/p>\n\n\n\n<p><strong>SERVI\u00c7OS PR\u00d3PRIOS<\/strong><\/p>\n\n\n\n<p>\u00b7Consultas<\/p>\n\n\n\n<p>\u00b7Cirurgia Pedi\u00e1trica<\/p>\n\n\n\n<p>\u00b7Interna\u00e7\u00f5es em Enfermaria (todas Climatizadas)<\/p>\n\n\n\n<p>\u00b7UTI : Ap\u00f3s a reforma em 2021 o Hospital Infantil conta com duas UTI\u2019s: uma com 18 leitos e a segunda com 10 leitos. E mais uma Unidade de Cuidados Especiais para pacientes cr\u00f4nicos com 06 leitos<\/p>\n\n\n\n<p>\u00b7Imuniza\u00e7\u00e3o Infantil<\/p>\n\n\n\n<p>\u00b7Imuniza\u00e7\u00e3o de crian\u00e7a e adulto, com problemas especiais de sa\u00fade, atrav\u00e9s do Centro de Refer\u00eancia de Imunobiol\u00f3gicos Especiais \u2013 CRIE.<\/p>\n\n\n\n<p>\u00b7Radiologia Geral e Contrastada.<\/p>\n\n\n\n<p>\u00b7Tomografias<\/p>\n\n\n\n<p>\u00b7Laborat\u00f3rio de An\u00e1lise Cl\u00ednicas<\/p>\n\n\n\n<p>\u00b7Farm\u00e1cia<\/p>\n\n\n\n<p>\u00b7Brinquedoteca<\/p>\n\n\n\n<p>\u00c9 um Hospital de Ensino, recebe alunos para treinamento supervisionado da UFPI e UESPI nas \u00e1reas de Medicina, Enfermagem, Fisioterapia, Psicologia, Nutri\u00e7\u00e3o, Servi\u00e7o Social, Biomedicina e t\u00e9cnicos de escolas p\u00fablicas (Radiologia e Laborat\u00f3rio).<\/p>\n\n\n\n<p><\/p>\n\n\n\n<p><strong>DESTAQUES<\/strong><\/p>\n\n\n\n<p>Submetido a reforma em sua estrutura f\u00edsica e funcional, desde maio\/2011, est\u00e1 na fase final de acabamento com seguintes benef\u00edcios, j\u00e1 sentidos pelo corpo de funcion\u00e1rios, acompanhantes e pacientes:<\/p>\n\n\n\n<p>\u00b7Constru\u00e7\u00e3o de 02 (duas) enfermaria e 1 posto de enfermagem,<\/p>\n\n\n\n<p>\u00b7Climatiza\u00e7\u00e3o com splits de todas as enfermarias, postos de enfermagem, sala de estar m\u00e9dicos de enfermagem, repousos dos m\u00e9dicos residentes, enfermeiros e t\u00e9cnicos, consult\u00f3rios do Ambulat\u00f3rio e \u00e1rea administrativa.<\/p>\n\n\n\n<p>\u00b7 Troca do piso, beneficiando inicialmente \u00e1reas de maior fluxo de pessoas e desgastes, como corredores, postos.<br>\u00b7Pintura do pr\u00e9dio, portas e janelas.<\/p>\n\n\n\n<p>\u00b7Adequa\u00e7\u00e3o humanizada, pintura e climatiza\u00e7\u00e3o da \u00e1rea de recep\u00e7\u00e3o.<\/p>\n\n\n\n<p>\u00b7Coloca\u00e7\u00e3o de venezianas protegendo do sol corredores da \u00e1rea externa do Hospital, onde pacientes aguardam atendimento.<\/p>\n\n\n\n<p>\u00b7Reestrutura\u00e7\u00e3o material do centro cir\u00fargico com carro de anestesia (dois) e material cir\u00fargico novos (estes com algum itens a receber).<\/p>\n\n\n\n<p>\u00b7Outros.<\/p>\n\n\n\n<p><strong>Diretora Geral do Hospital Infantil Luc\u00eddio Portella<\/strong><\/p>\n\n\n\n<p>Dr\u00aa. Leiva de Souza Moura<br>CRM 2448 PI \u2013 RQE 637<\/p>\n","protected":false},"excerpt":{"rendered":"<p>O Hospital Infantil Luc\u00eddio Portella, fundado em 16 de mar\u00e7o de 1986, adaptado em pr\u00e9dio do Minist\u00e9rio da Sa\u00fade, cedido ao Governo do Estado, onde funcionava o Pavilh\u00e3o de Pneumologia, [&hellip;]<\/p>\n","protected":false},"author":1798,"featured_media":2595,"parent":0,"menu_order":0,"comment_status":"closed","ping_status":"closed","template":"template-fullwidth.php","meta":[],"featured_image_urls":{"full":["https:\/\/portal.pi.gov.br\/sesapi\/wp-content\/uploads\/sites\/101\/2025\/02\/22710898-3781-4738-9609-ebf47cd796f2-scaled.jpg",2560,1660,false],"thumbnail":["https:\/\/portal.pi.gov.br\/sesapi\/wp-content\/uploads\/sites\/101\/2025\/02\/22710898-3781-4738-9609-ebf47cd796f2-150x150.jpg",150,150,true],"medium":["https:\/\/portal.pi.gov.br\/sesapi\/wp-content\/uploads\/sites\/101\/2025\/02\/22710898-3781-4738-9609-ebf47cd796f2-300x195.jpg",300,195,true],"medium_large":["https:\/\/portal.pi.gov.br\/sesapi\/wp-content\/uploads\/sites\/101\/2025\/02\/22710898-3781-4738-9609-ebf47cd796f2-768x498.jpg",768,498,true],"large":["https:\/\/portal.pi.gov.br\/sesapi\/wp-content\/uploads\/sites\/101\/2025\/02\/22710898-3781-4738-9609-ebf47cd796f2-1024x664.jpg",887,575,true],"sgg-420":["https:\/\/portal.pi.gov.br\/sesapi\/wp-content\/uploads\/sites\/101\/2025\/02\/22710898-3781-4738-9609-ebf47cd796f2-420x272.jpg",420,272,true],"sgg-540":["https:\/\/portal.pi.gov.br\/sesapi\/wp-content\/uploads\/sites\/101\/2025\/02\/22710898-3781-4738-9609-ebf47cd796f2-540x350.jpg",540,350,true],"sgg-780":["https:\/\/portal.pi.gov.br\/sesapi\/wp-content\/uploads\/sites\/101\/2025\/02\/22710898-3781-4738-9609-ebf47cd796f2-780x506.jpg",780,506,true],"1536x1536":["https:\/\/portal.pi.gov.br\/sesapi\/wp-content\/uploads\/sites\/101\/2025\/02\/22710898-3781-4738-9609-ebf47cd796f2-1536x996.jpg",1536,996,true],"2048x2048":["https:\/\/portal.pi.gov.br\/sesapi\/wp-content\/uploads\/sites\/101\/2025\/02\/22710898-3781-4738-9609-ebf47cd796f2-2048x1328.jpg",2048,1328,true],"homepage-slider":["https:\/\/portal.pi.gov.br\/sesapi\/wp-content\/uploads\/sites\/101\/2025\/02\/22710898-3781-4738-9609-ebf47cd796f2-1270x500.jpg",1270,500,true],"homepage-slider-small":["https:\/\/portal.pi.gov.br\/sesapi\/wp-content\/uploads\/sites\/101\/2025\/02\/22710898-3781-4738-9609-ebf47cd796f2-947x500.jpg",947,500,true],"page-top":["https:\/\/portal.pi.gov.br\/sesapi\/wp-content\/uploads\/sites\/101\/2025\/02\/22710898-3781-4738-9609-ebf47cd796f2-947x614.jpg",947,614,true],"page-small":["https:\/\/portal.pi.gov.br\/sesapi\/wp-content\/uploads\/sites\/101\/2025\/02\/22710898-3781-4738-9609-ebf47cd796f2-624x405.jpg",624,405,true],"loop-main":["https:\/\/portal.pi.gov.br\/sesapi\/wp-content\/uploads\/sites\/101\/2025\/02\/22710898-3781-4738-9609-ebf47cd796f2-365x240.jpg",365,240,true],"thumb-gallery-widget":["https:\/\/portal.pi.gov.br\/sesapi\/wp-content\/uploads\/sites\/101\/2025\/02\/22710898-3781-4738-9609-ebf47cd796f2-84x56.jpg",84,56,true]},"post_excerpt_stackable":"<p>O Hospital Infantil Luc\u00eddio Portella, fundado em 16 de mar\u00e7o de 1986, adaptado em pr\u00e9dio do Minist\u00e9rio da Sa\u00fade, cedido ao Governo do Estado, onde funcionava o Pavilh\u00e3o de Pneumologia, funciona com 106 leitos. \u00c9 o \u00fanico no estado especializado em Pediatria, com atendimento exclusivo ao Sistema \u00danico de Sa\u00fade (SUS). Oferece consultas nas seguintes especialidades Pedi\u00e1tricas: \u00b7Pediatria Geral \u00b7Cirurgia Pedi\u00e1trica \u00b7Neurocirurgia \u00b7Nefrologia \u00b7Hematologia \u00b7Cardiologia \u00b7Dermatologia \u00b7Reumatologia \u00b7Ortopedia \u00b7Gastroenterologia \u00b7Pneumologia \u00b7Nutrologia \u00b7 Psicologia \u00b7Fisioterapia \u00b7Servi\u00e7o Social \u00b7Triagem Neonatal SERVI\u00c7OS PR\u00d3PRIOS \u00b7Consultas \u00b7Cirurgia Pedi\u00e1trica \u00b7Interna\u00e7\u00f5es em Enfermaria (todas Climatizadas) \u00b7UTI : Ap\u00f3s a reforma em 2021 o Hospital Infantil conta com&hellip;<\/p>\n","category_list":"","author_info":{"name":"yancarvalho","url":"https:\/\/portal.pi.gov.br\/sesapi\/author\/yancarvalho\/"},"comments_num":"0 coment\u00e1rio","featured_image_urls_v2":{"full":["https:\/\/portal.pi.gov.br\/sesapi\/wp-content\/uploads\/sites\/101\/2025\/02\/22710898-3781-4738-9609-ebf47cd796f2-scaled.jpg",2560,1660,false],"thumbnail":["https:\/\/portal.pi.gov.br\/sesapi\/wp-content\/uploads\/sites\/101\/2025\/02\/22710898-3781-4738-9609-ebf47cd796f2-150x150.jpg",150,150,true],"medium":["https:\/\/portal.pi.gov.br\/sesapi\/wp-content\/uploads\/sites\/101\/2025\/02\/22710898-3781-4738-9609-ebf47cd796f2-300x195.jpg",300,195,true],"medium_large":["https:\/\/portal.pi.gov.br\/sesapi\/wp-content\/uploads\/sites\/101\/2025\/02\/22710898-3781-4738-9609-ebf47cd796f2-768x498.jpg",768,498,true],"large":["https:\/\/portal.pi.gov.br\/sesapi\/wp-content\/uploads\/sites\/101\/2025\/02\/22710898-3781-4738-9609-ebf47cd796f2-1024x664.jpg",887,575,true],"sgg-420":["https:\/\/portal.pi.gov.br\/sesapi\/wp-content\/uploads\/sites\/101\/2025\/02\/22710898-3781-4738-9609-ebf47cd796f2-420x272.jpg",420,272,true],"sgg-540":["https:\/\/portal.pi.gov.br\/sesapi\/wp-content\/uploads\/sites\/101\/2025\/02\/22710898-3781-4738-9609-ebf47cd796f2-540x350.jpg",540,350,true],"sgg-780":["https:\/\/portal.pi.gov.br\/sesapi\/wp-content\/uploads\/sites\/101\/2025\/02\/22710898-3781-4738-9609-ebf47cd796f2-780x506.jpg",780,506,true],"1536x1536":["https:\/\/portal.pi.gov.br\/sesapi\/wp-content\/uploads\/sites\/101\/2025\/02\/22710898-3781-4738-9609-ebf47cd796f2-1536x996.jpg",1536,996,true],"2048x2048":["https:\/\/portal.pi.gov.br\/sesapi\/wp-content\/uploads\/sites\/101\/2025\/02\/22710898-3781-4738-9609-ebf47cd796f2-2048x1328.jpg",2048,1328,true],"homepage-slider":["https:\/\/portal.pi.gov.br\/sesapi\/wp-content\/uploads\/sites\/101\/2025\/02\/22710898-3781-4738-9609-ebf47cd796f2-1270x500.jpg",1270,500,true],"homepage-slider-small":["https:\/\/portal.pi.gov.br\/sesapi\/wp-content\/uploads\/sites\/101\/2025\/02\/22710898-3781-4738-9609-ebf47cd796f2-947x500.jpg",947,500,true],"page-top":["https:\/\/portal.pi.gov.br\/sesapi\/wp-content\/uploads\/sites\/101\/2025\/02\/22710898-3781-4738-9609-ebf47cd796f2-947x614.jpg",947,614,true],"page-small":["https:\/\/portal.pi.gov.br\/sesapi\/wp-content\/uploads\/sites\/101\/2025\/02\/22710898-3781-4738-9609-ebf47cd796f2-624x405.jpg",624,405,true],"loop-main":["https:\/\/portal.pi.gov.br\/sesapi\/wp-content\/uploads\/sites\/101\/2025\/02\/22710898-3781-4738-9609-ebf47cd796f2-365x240.jpg",365,240,true],"thumb-gallery-widget":["https:\/\/portal.pi.gov.br\/sesapi\/wp-content\/uploads\/sites\/101\/2025\/02\/22710898-3781-4738-9609-ebf47cd796f2-84x56.jpg",84,56,true]},"post_excerpt_stackable_v2":"<p>O Hospital Infantil Luc\u00eddio Portella, fundado em 16 de mar\u00e7o de 1986, adaptado em pr\u00e9dio do Minist\u00e9rio da Sa\u00fade, cedido ao Governo do Estado, onde funcionava o Pavilh\u00e3o de Pneumologia, funciona com 106 leitos. \u00c9 o \u00fanico no estado especializado em Pediatria, com atendimento exclusivo ao Sistema \u00danico de Sa\u00fade (SUS). Oferece consultas nas seguintes especialidades Pedi\u00e1tricas: \u00b7Pediatria Geral \u00b7Cirurgia Pedi\u00e1trica \u00b7Neurocirurgia \u00b7Nefrologia \u00b7Hematologia \u00b7Cardiologia \u00b7Dermatologia \u00b7Reumatologia \u00b7Ortopedia \u00b7Gastroenterologia \u00b7Pneumologia \u00b7Nutrologia \u00b7 Psicologia \u00b7Fisioterapia \u00b7Servi\u00e7o Social \u00b7Triagem Neonatal SERVI\u00c7OS PR\u00d3PRIOS \u00b7Consultas \u00b7Cirurgia Pedi\u00e1trica \u00b7Interna\u00e7\u00f5es em Enfermaria (todas Climatizadas) \u00b7UTI : Ap\u00f3s a reforma em 2021 o Hospital Infantil conta com&hellip;<\/p>\n","category_list_v2":"","author_info_v2":{"name":"yancarvalho","url":"https:\/\/portal.pi.gov.br\/sesapi\/author\/yancarvalho\/"},"comments_num_v2":"0 coment\u00e1rio","_links":{"self":[{"href":"https:\/\/portal.pi.gov.br\/sesapi\/wp-json\/wp\/v2\/pages\/1015"}],"collection":[{"href":"https:\/\/portal.pi.gov.br\/sesapi\/wp-json\/wp\/v2\/pages"}],"about":[{"href":"https:\/\/portal.pi.gov.br\/sesapi\/wp-json\/wp\/v2\/types\/page"}],"author":[{"embeddable":true,"href":"https:\/\/portal.pi.gov.br\/sesapi\/wp-json\/wp\/v2\/users\/1798"}],"replies":[{"embeddable":true,"href":"https:\/\/portal.pi.gov.br\/sesapi\/wp-json\/wp\/v2\/comments?post=1015"}],"version-history":[{"count":7,"href":"https:\/\/portal.pi.gov.br\/sesapi\/wp-json\/wp\/v2\/pages\/1015\/revisions"}],"predecessor-version":[{"id":2886,"href":"https:\/\/portal.pi.gov.br\/sesapi\/wp-json\/wp\/v2\/pages\/1015\/revisions\/2886"}],"wp:featuredmedia":[{"embeddable":true,"href":"https:\/\/portal.pi.gov.br\/sesapi\/wp-json\/wp\/v2\/media\/2595"}],"wp:attachment":[{"href":"https:\/\/portal.pi.gov.br\/sesapi\/wp-json\/wp\/v2\/media?parent=1015"}],"curies":[{"name":"wp","href":"https:\/\/api.w.org\/{rel}","templated":true}]}}