{"id":1017,"date":"2024-10-09T10:45:20","date_gmt":"2024-10-09T13:45:20","guid":{"rendered":"https:\/\/portal.pi.gov.br\/sesapi\/?page_id=1017"},"modified":"2025-07-18T13:37:59","modified_gmt":"2025-07-18T16:37:59","slug":"lacen","status":"publish","type":"page","link":"https:\/\/portal.pi.gov.br\/sesapi\/lacen\/","title":{"rendered":"Lacen"},"content":{"rendered":"\n<p>O LACEN\/PI tem como objetivo primordial atender \u00e0 comunidade atrav\u00e9s da execu\u00e7\u00e3o das mais diversas an\u00e1lises de interesse em sa\u00fade p\u00fablica, fazendo parte integrante da vigil\u00e2ncia em sa\u00fade. Trata-se de um laborat\u00f3rio p\u00fablico, vinculado \u00e0 Secretaria Estadual de Sa\u00fade, atrav\u00e9s da Superintend\u00eancia de Vigil\u00e2ncia em Sa\u00fade. Atende diversas demandas provenientes das Regionais de Sa\u00fade, Vigil\u00e2ncia Epidemiol\u00f3gica, Vigil\u00e2ncia Sanit\u00e1ria e Vigil\u00e2ncia Ambiental, al\u00e9m de coordenar a Rede de Laborat\u00f3rios P\u00fablicos e Privados que realizam an\u00e1lises de interesse em sa\u00fade p\u00fablica, desenvolvendo atividades de controle de qualidade, supervis\u00e3o, assessoria t\u00e9cnica e capacita\u00e7\u00f5es de recursos humanos da rede de laborat\u00f3rios habilitados e encaminhamento de informa\u00e7\u00f5es relativas \u00e0s atividades laboratoriais atrav\u00e9s de relat\u00f3rios.<br><br><strong>Entre as a\u00e7\u00f5es laboratoriais, destacam-se pela sua import\u00e2ncia:<\/strong><\/p>\n\n\n\n<ul>\n<li>Coordenar a rede de laborat\u00f3rios p\u00fablicos e privados;<\/li>\n\n\n\n<li>Capacitar recursos humanos;<\/li>\n\n\n\n<li>Habilitar laborat\u00f3rios para integrar a rede estadual;<\/li>\n\n\n\n<li>Disponibilizar informa\u00e7\u00f5es ao MS por meio de relat\u00f3rios;<\/li>\n\n\n\n<li>Encaminhar amostras que n\u00e3o s\u00e3o realizadas no aos LR e LN (Laborat\u00f3rio de Refer\u00eancia Regional e Nacional);<\/li>\n\n\n\n<li>Complementar diagn\u00f3stico;<\/li>\n\n\n\n<li>Controlar a qualidade das an\u00e1lises na rede de laborat\u00f3rios<\/li>\n<\/ul>\n\n\n\n<p><strong>Veja mais informa\u00e7\u00f5es no site do LACEN:\u00a0<a rel=\"noreferrer noopener\" href=\"http:\/\/www.lacen.pi.gov.br\/site\/index.php\" target=\"_blank\">http:\/\/www.lacen.pi.gov.br<\/a><\/strong><\/p>\n\n\n\n<p>Carta de servi\u00e7os do LACEN:<strong> <a href=\"https:\/\/portal.pi.gov.br\/sesapi\/wp-content\/uploads\/sites\/101\/2025\/07\/Carta-de-Servicos-LACEN.PI-e-Regionais.pdf\">clique aqui<\/a><\/strong><\/p>\n","protected":false},"excerpt":{"rendered":"<p>O LACEN\/PI tem como objetivo primordial atender \u00e0 comunidade atrav\u00e9s da execu\u00e7\u00e3o das mais diversas an\u00e1lises de interesse em sa\u00fade p\u00fablica, fazendo parte integrante da vigil\u00e2ncia em sa\u00fade. Trata-se de [&hellip;]<\/p>\n","protected":false},"author":1798,"featured_media":0,"parent":0,"menu_order":0,"comment_status":"closed","ping_status":"closed","template":"template-fullwidth.php","meta":[],"featured_image_urls":{"full":"","thumbnail":"","medium":"","medium_large":"","large":"","sgg-420":"","sgg-540":"","sgg-780":"","1536x1536":"","2048x2048":"","homepage-slider":"","homepage-slider-small":"","page-top":"","page-small":"","loop-main":"","thumb-gallery-widget":""},"post_excerpt_stackable":"<p>O LACEN\/PI tem como objetivo primordial atender \u00e0 comunidade atrav\u00e9s da execu\u00e7\u00e3o das mais diversas an\u00e1lises de interesse em sa\u00fade p\u00fablica, fazendo parte integrante da vigil\u00e2ncia em sa\u00fade. Trata-se de um laborat\u00f3rio p\u00fablico, vinculado \u00e0 Secretaria Estadual de Sa\u00fade, atrav\u00e9s da Superintend\u00eancia de Vigil\u00e2ncia em Sa\u00fade. Atende diversas demandas provenientes das Regionais de Sa\u00fade, Vigil\u00e2ncia Epidemiol\u00f3gica, Vigil\u00e2ncia Sanit\u00e1ria e Vigil\u00e2ncia Ambiental, al\u00e9m de coordenar a Rede de Laborat\u00f3rios P\u00fablicos e Privados que realizam an\u00e1lises de interesse em sa\u00fade p\u00fablica, desenvolvendo atividades de controle de qualidade, supervis\u00e3o, assessoria t\u00e9cnica e capacita\u00e7\u00f5es de recursos humanos da rede de laborat\u00f3rios habilitados e encaminhamento&hellip;<\/p>\n","category_list":"","author_info":{"name":"yancarvalho","url":"https:\/\/portal.pi.gov.br\/sesapi\/author\/yancarvalho\/"},"comments_num":"0 coment\u00e1rio","featured_image_urls_v2":{"full":"","thumbnail":"","medium":"","medium_large":"","large":"","sgg-420":"","sgg-540":"","sgg-780":"","1536x1536":"","2048x2048":"","homepage-slider":"","homepage-slider-small":"","page-top":"","page-small":"","loop-main":"","thumb-gallery-widget":""},"post_excerpt_stackable_v2":"<p>O LACEN\/PI tem como objetivo primordial atender \u00e0 comunidade atrav\u00e9s da execu\u00e7\u00e3o das mais diversas an\u00e1lises de interesse em sa\u00fade p\u00fablica, fazendo parte integrante da vigil\u00e2ncia em sa\u00fade. Trata-se de um laborat\u00f3rio p\u00fablico, vinculado \u00e0 Secretaria Estadual de Sa\u00fade, atrav\u00e9s da Superintend\u00eancia de Vigil\u00e2ncia em Sa\u00fade. Atende diversas demandas provenientes das Regionais de Sa\u00fade, Vigil\u00e2ncia Epidemiol\u00f3gica, Vigil\u00e2ncia Sanit\u00e1ria e Vigil\u00e2ncia Ambiental, al\u00e9m de coordenar a Rede de Laborat\u00f3rios P\u00fablicos e Privados que realizam an\u00e1lises de interesse em sa\u00fade p\u00fablica, desenvolvendo atividades de controle de qualidade, supervis\u00e3o, assessoria t\u00e9cnica e capacita\u00e7\u00f5es de recursos humanos da rede de laborat\u00f3rios habilitados e encaminhamento&hellip;<\/p>\n","category_list_v2":"","author_info_v2":{"name":"yancarvalho","url":"https:\/\/portal.pi.gov.br\/sesapi\/author\/yancarvalho\/"},"comments_num_v2":"0 coment\u00e1rio","_links":{"self":[{"href":"https:\/\/portal.pi.gov.br\/sesapi\/wp-json\/wp\/v2\/pages\/1017"}],"collection":[{"href":"https:\/\/portal.pi.gov.br\/sesapi\/wp-json\/wp\/v2\/pages"}],"about":[{"href":"https:\/\/portal.pi.gov.br\/sesapi\/wp-json\/wp\/v2\/types\/page"}],"author":[{"embeddable":true,"href":"https:\/\/portal.pi.gov.br\/sesapi\/wp-json\/wp\/v2\/users\/1798"}],"replies":[{"embeddable":true,"href":"https:\/\/portal.pi.gov.br\/sesapi\/wp-json\/wp\/v2\/comments?post=1017"}],"version-history":[{"count":4,"href":"https:\/\/portal.pi.gov.br\/sesapi\/wp-json\/wp\/v2\/pages\/1017\/revisions"}],"predecessor-version":[{"id":5162,"href":"https:\/\/portal.pi.gov.br\/sesapi\/wp-json\/wp\/v2\/pages\/1017\/revisions\/5162"}],"wp:attachment":[{"href":"https:\/\/portal.pi.gov.br\/sesapi\/wp-json\/wp\/v2\/media?parent=1017"}],"curies":[{"name":"wp","href":"https:\/\/api.w.org\/{rel}","templated":true}]}}