{"id":1021,"date":"2024-10-09T10:46:00","date_gmt":"2024-10-09T13:46:00","guid":{"rendered":"https:\/\/portal.pi.gov.br\/sesapi\/?page_id=1021"},"modified":"2025-01-20T12:25:58","modified_gmt":"2025-01-20T15:25:58","slug":"ouvidoria-sus-pi","status":"publish","type":"page","link":"https:\/\/portal.pi.gov.br\/sesapi\/ouvidoria-sus-pi\/","title":{"rendered":"Ouvidoria Sesapi"},"content":{"rendered":"\n<p>A Ouvidoria \u00e9 um espa\u00e7o de di\u00e1logo qualificado e de escuta ativa que gera possibilidade de compreender o n\u00edvel de satisfa\u00e7\u00e3o dos usu\u00e1rios e procura atend\u00ea-los em suas manifesta\u00e7\u00f5es.<\/p>\n\n\n\n<p>Nosso compromisso \u00e9 tratar sua manifesta\u00e7\u00e3o com \u00e9tica, transpar\u00eancia, imparcialidade e seguran\u00e7a.<\/p>\n\n\n\n<p>Qualquer um dos nossos usu\u00e1rios, pacientes, familiares ou servidores p\u00fablicos podem procurar esses canais de comunica\u00e7\u00e3o, que buscam a melhoria cont\u00ednua dos servi\u00e7os e a garantia da excel\u00eancia dentro das Unidades de Sa\u00fade do Estado.<\/p>\n\n\n\n<p>Tamb\u00e9m acreditamos que \u00e9 muito importante cuidar bem de quem cuida de voc\u00ea. Por isso, para os nossos servidores , oferecemos um atendimento de escuta qualificada com o objetivo de fazer media\u00e7\u00f5es e dar aconselhamentos. \u00c9 um canal institucional de di\u00e1logo e participa\u00e7\u00e3o, que, al\u00e9m de promover a entrada de informa\u00e7\u00f5es por parte dos servidores serve como um espa\u00e7o privilegiado, que repara falhas de comunica\u00e7\u00e3o, presta esclarecimentos sobre quest\u00f5es \u00e9ticas, de cultura organizacional e pol\u00edticas institucionais.<\/p>\n\n\n\n<h4 class=\"wp-block-heading\">Identidade do manifestante<\/h4>\n\n\n\n<p>Saiba que, ao procurar a Ouvidoria, voc\u00ea n\u00e3o \u00e9 obrigado a revelar sua identidade. Veja o que acontece em cada situa\u00e7\u00e3o:<\/p>\n\n\n\n<ul>\n<li><strong>IDENTIFICADO:<\/strong>&nbsp;Quando o manifestante informa para a Ouvidoria seu nome e meios de contato (e-mail, telefone, endere\u00e7o, etc.).<\/li>\n\n\n\n<li><strong>SIGILOSO:<\/strong>&nbsp;O manifestante informa para a Ouvidoria seu nome e meios de contato (e-mail, telefone, endere\u00e7o, etc.), mas solicita que o sigilo da sua identidade seja preservado nas demais inst\u00e2ncias.<\/li>\n\n\n\n<li><strong>AN\u00d4NIMO:<\/strong>&nbsp;Quando o manifestante N\u00c3O informa para a Ouvidoria seu nome e meios de contato (e-mail, telefone, endere\u00e7o, etc.). A op\u00e7\u00e3o de registro an\u00f4nimo n\u00e3o dar\u00e1 o direito de resposta ao manifestante.<\/li>\n<\/ul>\n\n\n\n<h6 class=\"wp-block-heading\"><\/h6>\n\n\n\n<p><strong>Nossa Ouvidoria funciona no t\u00e9rreo da Sede da SESAPI pr\u00f3ximo \u00e0 rampa das 8h \u00e0s 14h.<\/strong><br><strong>Endere\u00e7o:<\/strong> Av. Pedro Freitas s\/n \u2013 Bairro S\u00e3o Pedro \u2013 Centro Administrativo, Bloco A &#8211; Piau\u00ed\/T\u00e9rreo, Teresina \u2013 Piau\u00ed<\/p>\n\n\n\n<p><a href=\"https:\/\/falabr.cgu.gov.br\/publico\/Manifestacao\/SelecionarTipoManifestacao.aspx\">Clique aqui e fa\u00e7a a sua manifesta\u00e7\u00e3o no Fala-BR<\/a><\/p>\n\n\n<div class=\"wp-block-image\">\n<figure class=\"aligncenter size-large\"><img decoding=\"async\" loading=\"lazy\" width=\"741\" height=\"1024\" src=\"https:\/\/portal.pi.gov.br\/sesapi\/wp-content\/uploads\/sites\/101\/2025\/01\/panfleto_1-741x1024.png\" alt=\"\" class=\"wp-image-2093\" srcset=\"https:\/\/portal.pi.gov.br\/sesapi\/wp-content\/uploads\/sites\/101\/2025\/01\/panfleto_1-741x1024.png 741w, https:\/\/portal.pi.gov.br\/sesapi\/wp-content\/uploads\/sites\/101\/2025\/01\/panfleto_1-217x300.png 217w, https:\/\/portal.pi.gov.br\/sesapi\/wp-content\/uploads\/sites\/101\/2025\/01\/panfleto_1-768x1061.png 768w, https:\/\/portal.pi.gov.br\/sesapi\/wp-content\/uploads\/sites\/101\/2025\/01\/panfleto_1-304x420.png 304w, https:\/\/portal.pi.gov.br\/sesapi\/wp-content\/uploads\/sites\/101\/2025\/01\/panfleto_1-391x540.png 391w, https:\/\/portal.pi.gov.br\/sesapi\/wp-content\/uploads\/sites\/101\/2025\/01\/panfleto_1-565x780.png 565w, https:\/\/portal.pi.gov.br\/sesapi\/wp-content\/uploads\/sites\/101\/2025\/01\/panfleto_1-1112x1536.png 1112w, https:\/\/portal.pi.gov.br\/sesapi\/wp-content\/uploads\/sites\/101\/2025\/01\/panfleto_1-947x1308.png 947w, https:\/\/portal.pi.gov.br\/sesapi\/wp-content\/uploads\/sites\/101\/2025\/01\/panfleto_1-624x862.png 624w, https:\/\/portal.pi.gov.br\/sesapi\/wp-content\/uploads\/sites\/101\/2025\/01\/panfleto_1.png 1140w\" sizes=\"(max-width: 741px) 100vw, 741px\" \/><\/figure><\/div>\n\n<div class=\"wp-block-image\">\n<figure class=\"aligncenter size-full\"><img decoding=\"async\" loading=\"lazy\" width=\"978\" height=\"893\" src=\"https:\/\/portal.pi.gov.br\/sesapi\/wp-content\/uploads\/sites\/101\/2025\/01\/panfleto_2.png\" alt=\"\" class=\"wp-image-2094\" srcset=\"https:\/\/portal.pi.gov.br\/sesapi\/wp-content\/uploads\/sites\/101\/2025\/01\/panfleto_2.png 978w, https:\/\/portal.pi.gov.br\/sesapi\/wp-content\/uploads\/sites\/101\/2025\/01\/panfleto_2-300x274.png 300w, https:\/\/portal.pi.gov.br\/sesapi\/wp-content\/uploads\/sites\/101\/2025\/01\/panfleto_2-768x701.png 768w, https:\/\/portal.pi.gov.br\/sesapi\/wp-content\/uploads\/sites\/101\/2025\/01\/panfleto_2-420x383.png 420w, https:\/\/portal.pi.gov.br\/sesapi\/wp-content\/uploads\/sites\/101\/2025\/01\/panfleto_2-540x493.png 540w, https:\/\/portal.pi.gov.br\/sesapi\/wp-content\/uploads\/sites\/101\/2025\/01\/panfleto_2-780x712.png 780w, https:\/\/portal.pi.gov.br\/sesapi\/wp-content\/uploads\/sites\/101\/2025\/01\/panfleto_2-947x865.png 947w, https:\/\/portal.pi.gov.br\/sesapi\/wp-content\/uploads\/sites\/101\/2025\/01\/panfleto_2-624x570.png 624w\" sizes=\"(max-width: 978px) 100vw, 978px\" \/><\/figure><\/div>","protected":false},"excerpt":{"rendered":"<p>A Ouvidoria \u00e9 um espa\u00e7o de di\u00e1logo qualificado e de escuta ativa que gera possibilidade de compreender o n\u00edvel de satisfa\u00e7\u00e3o dos usu\u00e1rios e procura atend\u00ea-los em suas manifesta\u00e7\u00f5es. Nosso [&hellip;]<\/p>\n","protected":false},"author":1798,"featured_media":0,"parent":0,"menu_order":0,"comment_status":"closed","ping_status":"closed","template":"template-fullwidth.php","meta":[],"featured_image_urls":{"full":"","thumbnail":"","medium":"","medium_large":"","large":"","sgg-420":"","sgg-540":"","sgg-780":"","1536x1536":"","2048x2048":"","homepage-slider":"","homepage-slider-small":"","page-top":"","page-small":"","loop-main":"","thumb-gallery-widget":""},"post_excerpt_stackable":"<p>A Ouvidoria \u00e9 um espa\u00e7o de di\u00e1logo qualificado e de escuta ativa que gera possibilidade de compreender o n\u00edvel de satisfa\u00e7\u00e3o dos usu\u00e1rios e procura atend\u00ea-los em suas manifesta\u00e7\u00f5es. Nosso compromisso \u00e9 tratar sua manifesta\u00e7\u00e3o com \u00e9tica, transpar\u00eancia, imparcialidade e seguran\u00e7a. Qualquer um dos nossos usu\u00e1rios, pacientes, familiares ou servidores p\u00fablicos podem procurar esses canais de comunica\u00e7\u00e3o, que buscam a melhoria cont\u00ednua dos servi\u00e7os e a garantia da excel\u00eancia dentro das Unidades de Sa\u00fade do Estado. Tamb\u00e9m acreditamos que \u00e9 muito importante cuidar bem de quem cuida de voc\u00ea. Por isso, para os nossos servidores , oferecemos um atendimento de&hellip;<\/p>\n","category_list":"","author_info":{"name":"yancarvalho","url":"https:\/\/portal.pi.gov.br\/sesapi\/author\/yancarvalho\/"},"comments_num":"0 coment\u00e1rio","featured_image_urls_v2":{"full":"","thumbnail":"","medium":"","medium_large":"","large":"","sgg-420":"","sgg-540":"","sgg-780":"","1536x1536":"","2048x2048":"","homepage-slider":"","homepage-slider-small":"","page-top":"","page-small":"","loop-main":"","thumb-gallery-widget":""},"post_excerpt_stackable_v2":"<p>A Ouvidoria \u00e9 um espa\u00e7o de di\u00e1logo qualificado e de escuta ativa que gera possibilidade de compreender o n\u00edvel de satisfa\u00e7\u00e3o dos usu\u00e1rios e procura atend\u00ea-los em suas manifesta\u00e7\u00f5es. Nosso compromisso \u00e9 tratar sua manifesta\u00e7\u00e3o com \u00e9tica, transpar\u00eancia, imparcialidade e seguran\u00e7a. Qualquer um dos nossos usu\u00e1rios, pacientes, familiares ou servidores p\u00fablicos podem procurar esses canais de comunica\u00e7\u00e3o, que buscam a melhoria cont\u00ednua dos servi\u00e7os e a garantia da excel\u00eancia dentro das Unidades de Sa\u00fade do Estado. Tamb\u00e9m acreditamos que \u00e9 muito importante cuidar bem de quem cuida de voc\u00ea. Por isso, para os nossos servidores , oferecemos um atendimento de&hellip;<\/p>\n","category_list_v2":"","author_info_v2":{"name":"yancarvalho","url":"https:\/\/portal.pi.gov.br\/sesapi\/author\/yancarvalho\/"},"comments_num_v2":"0 coment\u00e1rio","_links":{"self":[{"href":"https:\/\/portal.pi.gov.br\/sesapi\/wp-json\/wp\/v2\/pages\/1021"}],"collection":[{"href":"https:\/\/portal.pi.gov.br\/sesapi\/wp-json\/wp\/v2\/pages"}],"about":[{"href":"https:\/\/portal.pi.gov.br\/sesapi\/wp-json\/wp\/v2\/types\/page"}],"author":[{"embeddable":true,"href":"https:\/\/portal.pi.gov.br\/sesapi\/wp-json\/wp\/v2\/users\/1798"}],"replies":[{"embeddable":true,"href":"https:\/\/portal.pi.gov.br\/sesapi\/wp-json\/wp\/v2\/comments?post=1021"}],"version-history":[{"count":3,"href":"https:\/\/portal.pi.gov.br\/sesapi\/wp-json\/wp\/v2\/pages\/1021\/revisions"}],"predecessor-version":[{"id":2097,"href":"https:\/\/portal.pi.gov.br\/sesapi\/wp-json\/wp\/v2\/pages\/1021\/revisions\/2097"}],"wp:attachment":[{"href":"https:\/\/portal.pi.gov.br\/sesapi\/wp-json\/wp\/v2\/media?parent=1021"}],"curies":[{"name":"wp","href":"https:\/\/api.w.org\/{rel}","templated":true}]}}