{"id":1023,"date":"2024-10-09T10:46:19","date_gmt":"2024-10-09T13:46:19","guid":{"rendered":"https:\/\/portal.pi.gov.br\/sesapi\/?page_id=1023"},"modified":"2025-08-15T10:43:02","modified_gmt":"2025-08-15T13:43:02","slug":"rede-psicossocial","status":"publish","type":"page","link":"https:\/\/portal.pi.gov.br\/sesapi\/rede-psicossocial\/","title":{"rendered":"Rede Psicossocial"},"content":{"rendered":"\n<p><strong><u>REDE DE SA\u00daDE MENTAL DE TERESINA<\/u><\/strong><\/p>\n\n\n\n<p><strong>A Rede de Aten\u00e7\u00e3o Psicossocial do Estado do Piau\u00ed<\/strong><\/p>\n\n\n\n<p>Considerando as determina\u00e7\u00f5es da Lei n\u00ba 10.216, de 06 de abril de&nbsp;2001<strong>,<\/strong>&nbsp;que disp\u00f5e sobre a prote\u00e7\u00e3o e os direitos das pessoas com transtornos mentais e redireciona o modelo assistencial em sa\u00fade mental, que busca consolidar um modelo de aten\u00e7\u00e3o \u00e0 sa\u00fade mental aberto e de base comunit\u00e1ria com uma rede de servi\u00e7os integrada, articulada e efetiva. Apoiada na portaria n\u00ba 3.088, de 23 de dezembro de 2011 que institui a Rede de Aten\u00e7\u00e3o Psicossocial com cria\u00e7\u00e3o, amplia\u00e7\u00e3o e articula\u00e7\u00e3o de ponto de aten\u00e7\u00e3o \u00e0 sa\u00fade para atender pessoas com sofrimento ou transtorno mental e com necessidades decorrentes do uso de crack, \u00e1lcool e outras drogas.<\/p>\n\n\n\n<p>A Rede de Aten\u00e7\u00e3o Psicossocial \u00e9 constitu\u00edda pelos componentes de Aten\u00e7\u00e3o B\u00e1sica em Sa\u00fade, da Aten\u00e7\u00e3o Psicossocial Especializada, da Aten\u00e7\u00e3o de Urg\u00eancia e Emerg\u00eancia, da Aten\u00e7\u00e3o Residencial de Car\u00e1ter Transit\u00f3rio e Aten\u00e7\u00e3o Hospitalar.<\/p>\n\n\n\n<p>Conforme informativo eletr\u00f4nico, Sa\u00fade Mental em Dados 10, do Minist\u00e9rio da Sa\u00fade &#8211; Ano VII, n\u00ba 10, mar\u00e7o de 2012, o Estado do Piau\u00ed que em 2010 ocupava o 9\u00ba (nono) e atualmente ocupa o 6\u00ba (sexto) lugar Nacional no indicador de Cobertura de CAPS\/100.000 habitantes, considerado cobertura muito boa de acordo com os par\u00e2metros do Minist\u00e9rio da Sa\u00fade.<\/p>\n\n\n\n<p>&nbsp;&nbsp; &nbsp;&nbsp;&nbsp;&nbsp;&nbsp;&nbsp;&nbsp;&nbsp; A Rede de Aten\u00e7\u00e3o Psicossocial do Estado do Piau\u00ed est\u00e1 composta por:<\/p>\n\n\n\n<ul>\n<li>67 (sessenta e sete) Centros de Aten\u00e7\u00e3o Psicossocial \u2013 CAPS, dentre esses:<\/li>\n<\/ul>\n\n\n\n<ul>\n<li>44 (quarenta e quatro) s\u00e3o da modalidade CAPS I;<\/li>\n\n\n\n<li>10 (dez) da modalidade CAPS II;<\/li>\n\n\n\n<li>01 (um) da modalidade CAPS III;<\/li>\n\n\n\n<li>03 (t\u00eas) da modalidade CAPS i- infanto-juvenil;<\/li>\n\n\n\n<li>&nbsp;07 (sete) da modalidade CAPS AD- \u00e1lcool e outras drogas;<\/li>\n\n\n\n<li>02 (dois) da modalidade CAPS AD III \u2013 24 horas (funcionamento 24 horas, com leitos para interna\u00e7\u00e3o);<\/li>\n<\/ul>\n\n\n\n<ul>\n<li>04 Servi\u00e7os Residenciais Terap\u00eauticos: servi\u00e7o para acolher pessoas com interna\u00e7\u00e3o de longa perman\u00eancia em Hospital Psiqui\u00e1trico e que n\u00e3o possuem v\u00ednculos familiar e social (Bairros &#8211; S\u00e3o Jo\u00e3o, Monte Castelo, Porenquanto e Piraj\u00e1);<\/li>\n\n\n\n<li>Programa de Volta pra Casa (PVC): servi\u00e7o que regulamenta o aux\u00edlio-reabilita\u00e7\u00e3o psicossocial para assist\u00eancia, acompanhamento e integra\u00e7\u00e3o social, fora da unidade hospitalar, de pessoas acometidas de transtornos mentais com hist\u00f3ria de longa interna\u00e7\u00e3o psiqui\u00e1trica (dois anos ou mais de interna\u00e7\u00e3o);<\/li>\n\n\n\n<li>Hospital Psiqui\u00e1trico Areolino de Abreu &#8211; HAA com 160 leitos;<\/li>\n\n\n\n<li>10 Unidades integradas de sa\u00fade com ambulat\u00f3rio de psiquiatria em Teresina;<\/li>\n\n\n\n<li>01 SHR AD\u2013 Servi\u00e7o Hospitalar de Refer\u00eancia em \u00c1lcool e outras Drogas \u2013 Hospital do Mocambinho;<\/li>\n\n\n\n<li>08 leitos de psiquiatria na MDER;<\/li>\n\n\n\n<li>01 Consult\u00f3rio de Rua.<\/li>\n<\/ul>\n\n\n\n<p><strong>CENTRO DE ATEN\u00c7AO PSICOSSOCIAL \u2013 MUNIC\u00cdPIO DE TERESINA<\/strong><\/p>\n\n\n\n<ul>\n<li>04 CAPS II&nbsp;(Atendimento a pessoas com transtornos mentais graves e persistentes (das 08: \u00e1s 18h)<\/li>\n\n\n\n<li>ZONA SUDESTE- Rua \u00c2ngelo Pereira da Silva, n\u00ba3567-Bairro: S\u00e3o Jo\u00e3o &#8211; Fone (86) (3236-8747)<\/li>\n\n\n\n<li>ZONA SUL \u2013 Avenida Bar\u00e3o de Gurgu\u00e9ia n\u00ba 2913 \u2013 Bairro Pio XII- Fone (86) 3218-4865)<\/li>\n\n\n\n<li>ZONA NORTE \u2013 Rua Lucr\u00e9cio Dantas Avelino n\u00ba 521- Bairro \u00c1gua Mineral &#8211; Fone (86) 3215-9132<\/li>\n\n\n\n<li>ZONA LESTE \u2013 Rua Visconde da Parna\u00edba n\u00ba2435- Bairro Horto Florestal-Fone (86) 3216-3967<\/li>\n<\/ul>\n\n\n\n<ul>\n<li>01 CAPS AD(Atendimento a pessoas que fazem uso de \u00e1lcool e outras drogas) Rua Quintino Bocai\u00fava, 2978 \u2013 Bairro: Maca\u00faba &#8211; Fone (86) 3215-7762<\/li>\n<\/ul>\n\n\n\n<ul>\n<li>01 CAPS III(Atendimento a pessoas com transtornos mentais graves, agudos e persistente com funcionamento &#8211; 24h) &nbsp;Rua Costa Rica n\u00ba 466 \u2013 Bairro Cidade Nova \u2013 Fone (86)3221-0092\/3221-6422.<\/li>\n<\/ul>\n\n\n\n<ul>\n<li>01 CAPS INFANTO-JUVENIL<strong>&nbsp;\u2013&nbsp;<\/strong>Gest\u00e3o Estadual (Atendimento a crian\u00e7as e adolescentes com transtornos mentais graves e persistentes)(Atendimento a pessoas com transtornos mentais graves, agudos e persistentes) Rua Criz\u00edpio Aguiar n\u00ba 3889 \u2013 Bairro Buenos Aires \u2013 Fone (86) 3225-8078<\/li>\n<\/ul>\n\n\n\n<ul>\n<li>01 CAPS INFANTIL&nbsp;\u2013 Gest\u00e3o Municipal \u2013 Rua Cel. C\u00e9sar, 1566 \u2013 Bairro Morada do Sol \u2013 Fone: (86) 3223-9661<\/li>\n<\/ul>\n\n\n\n<p><strong>CENTRO DE ATEN\u00c7AO PSICOSSOCIAL \u2013 CAPS NO INTERIOR DO ESTADO<\/strong><\/p>\n\n\n\n<p><strong>CAPS I: Atendimento a adultos, crian\u00e7as e adolescentes com transtorno mental grave e persistente<\/strong><\/p>\n\n\n\n<p>Altos \u2013 (86) 3262-1137<\/p>\n\n\n\n<p>\u00c1gua Branca \u2013 (86) 3282-1449<\/p>\n\n\n\n<p>Angical do Piau\u00ed \u2013 (86) 3298-1554<\/p>\n\n\n\n<p>Avelino Lopes \u2013&nbsp;<\/p>\n\n\n\n<p>Amarante \u2013 (86)&nbsp; 3292-1999<\/p>\n\n\n\n<p>Batalha \u2013 (86) 3347-1126<\/p>\n\n\n\n<p>Barras \u2013 (86) 3242-2464<\/p>\n\n\n\n<p>Bom Jesus \u2013 (89) 3562-2686<\/p>\n\n\n\n<p>Buriti dos Lopes \u2013 (86) 3363-1194<\/p>\n\n\n\n<p>Capit\u00e3o de Campos \u2013 (86) 3227-1188<\/p>\n\n\n\n<p>Campo Maior (86) 3252 -5527<\/p>\n\n\n\n<p>Castelo do PI \u2013 (86) 3247-1425<\/p>\n\n\n\n<p>Canto do Buriti \u2013 (89)&nbsp;3531-2323<\/p>\n\n\n\n<p>Cocal \u2013 (86) 3362-1610<\/p>\n\n\n\n<p>Cocal de Telha\u2013&nbsp;<\/p>\n\n\n\n<p>Corrente \u2013 (86) 3573 -2950<\/p>\n\n\n\n<p>Cristino Castro \u2013 (89) 3567- 1366<\/p>\n\n\n\n<p>Elesb\u00e3o Veloso \u2013&nbsp;<\/p>\n\n\n\n<p>Esperantina \u2013&nbsp;<\/p>\n\n\n\n<p>Fronteiras \u2013 (89) 3552-1200\/1247<\/p>\n\n\n\n<p>Guadalupe \u2013 (89) 3552-1080<\/p>\n\n\n\n<p>Gilbu\u00e9s \u2013&nbsp;<\/p>\n\n\n\n<p>Inhuma \u2013 (86) 3477-1549<\/p>\n\n\n\n<p>Jaic\u00f3s \u2013<\/p>\n\n\n\n<p>Jos\u00e9 de Freitas \u2013 (86) 3264-1329<\/p>\n\n\n\n<p>Lu\u00eds Correia \u2013 (86) 3367-1526<\/p>\n\n\n\n<p>Luzil\u00e2ndia \u2013 (86) 3393-1282<\/p>\n\n\n\n<p>Miguel Alves \u2013 (86) 3244-1245<\/p>\n\n\n\n<p>Oeiras \u2013 (89) 3462-3772<\/p>\n\n\n\n<p>Paulistana \u2013 (89) 3487-1121<\/p>\n\n\n\n<p>Pedro II \u2013 (86) 3217-1111\/1472<\/p>\n\n\n\n<p>Piracuruca \u2013 (86) 3343-1325<\/p>\n\n\n\n<p>Pio IX&nbsp;\u2013&nbsp;(89) 3453-1764<\/p>\n\n\n\n<p>Regenera\u00e7\u00e3o \u2013&nbsp;<\/p>\n\n\n\n<p>Rio Grande do Piaui (89) 3533 1390<\/p>\n\n\n\n<p>S\u00e3o Jo\u00e3o do PI \u2013 (86) 3483-1825<\/p>\n\n\n\n<p>S\u00e3o Pedro \u2013 (89) 3280-1657<\/p>\n\n\n\n<p>Simpl\u00edcio Mendes \u2013 (86) 3231-5502<\/p>\n\n\n\n<p>S\u00e3o Miguel do Tapuio (86) 3249-1630<\/p>\n\n\n\n<p>Uni\u00e3o \u2013 (86) 3265-1340<\/p>\n\n\n\n<p>Uru\u00e7u\u00ed \u2013 (89) 3544-1397<\/p>\n\n\n\n<p>Valen\u00e7a \u2013 (89) 3465-2260\/1499<\/p>\n\n\n\n<p>Pimenteiras \u2013&nbsp;<\/p>\n\n\n\n<p>Sim\u00f5es \u2013&nbsp;<\/p>\n\n\n\n<p>&nbsp; &nbsp; &nbsp; &nbsp; &nbsp; &nbsp;<strong>CAPS II: Atendimento a adultos, crian\u00e7as e adolescentes com transtorno mental grave e persistente<\/strong><\/p>\n\n\n\n<p>Floriano \u2013 (89) 3521-3490<\/p>\n\n\n\n<p>S\u00e3o Raimundo Nonato \u2013 (89) 3582-1206<\/p>\n\n\n\n<p>Piripiri \u2013 (86) 3276-4527<\/p>\n\n\n\n<p>Parna\u00edba \u2013 (86) 3315-1153<\/p>\n\n\n\n<p>Paulistana \u2013&nbsp;<\/p>\n\n\n\n<p>Picos \u2013 (89) 3422-9867<\/p>\n\n\n\n<p>&nbsp; &nbsp; &nbsp; &nbsp;&nbsp;<strong>&nbsp;CAPS AD II: Atendimento a adultos, crian\u00e7as e adolescentes que fazem uso de \u00e1lcool e outras drogas<\/strong><\/p>\n\n\n\n<p>Bom Jesus \u2013<\/p>\n\n\n\n<p>Oeiras \u2013 (89) 3462-3772<\/p>\n\n\n\n<p>Paulistana \u2013&nbsp;<\/p>\n\n\n\n<p>Picos \u2013 (89) 3465-1453<\/p>\n\n\n\n<p>Piripiri \u2013 (86) 3276-4670<\/p>\n\n\n\n<p>Valen\u00e7a \u2013 (89) 3465-1453<\/p>\n\n\n\n<p>&nbsp; &nbsp; &nbsp; &nbsp; &nbsp; &nbsp; &nbsp; &nbsp;<strong>CAPSi : Atendimento a crian\u00e7as e adolescentes com transtornos mentais graves e persistentes<\/strong><\/p>\n\n\n\n<p>Paulistana \u2013&nbsp;<\/p>\n\n\n\n<p>&nbsp; &nbsp; &nbsp; &nbsp;&nbsp;<strong>&nbsp;CAPS AD III: Aten\u00e7\u00e3o Integral a pessoas relacionadas ao consumo de crack e outras drogas, com funcionamento 24 horas, todos os dias da semana<\/strong><\/p>\n\n\n\n<p>Floriano (89) 3515-1012<\/p>\n\n\n\n<p>Parna\u00edba \u2013 (86) 3222-2090<\/p>\n\n\n\n<p><strong>\u2022 A Rede de&nbsp;Aten\u00e7\u00e3o de Urg\u00eancia e Emerg\u00eancia est\u00e1 composta por:<\/strong><\/p>\n\n\n\n<ul>\n<li>Hospital Areolino de Abreu (HAA): &nbsp;localizado na Rua Joe Soares Ferry, 2420 \u2013 Bairro Primavera fone (86) 3222-2910;<\/li>\n\n\n\n<li>85 bases destinadas ao Servi\u00e7o de Atendimento M\u00f3vel de Urg\u00eancia (SAMU): SAMU Estadual<\/li>\n<\/ul>\n\n\n\n<h3 class=\"wp-block-heading\">&nbsp;<\/h3>\n\n\n\n<hr class=\"wp-block-separator has-alpha-channel-opacity\" \/>\n\n\n\n<p><strong>Minutos Pela Vida<\/strong><\/p>\n\n\n\n<p>Servi\u00e7o de atendimento psicol\u00f3gico gratuito por atendimento telef\u00f4nico implantado pelo Governo do Estado em 2022 e executado pela Secretaria de Estado da Sa\u00fade (Sesapi), por meio da sua Diretoria de Aten\u00e7\u00e3o \u00e0 Sa\u00fade Mental (DASM).<\/p>\n\n\n\n<p>Fone: <strong>0800 280 2882<\/strong><br>Hor\u00e1rios: Segunda \u00e0 sexta-feira, das 08h00 \u00e0s 18h00 (exceto feriados)<\/p>\n\n\n\n<hr class=\"wp-block-separator has-alpha-channel-opacity\" \/>\n\n\n\n<p><strong>Ger\u00eancia de Aten\u00e7\u00e3o \u00e0 Sa\u00fade Mental &#8211; GASM<\/strong><\/p>\n\n\n\n<p>Secretaria de Estado da Sa\u00fade do Piau\u00ed &#8211; SESAPI<\/p>\n\n\n\n<p>Endere\u00e7o: Avenida Pedro Freitas, s\/n, Bloco A, 2\u00ba andar. Centro Administrativo.<\/p>\n\n\n\n<p>CEP: 64018-900<\/p>\n\n\n\n<p>Fone: (86) 3216-3562<\/p>\n\n\n\n<p>E-mail:&nbsp;s.mental@bol.com.br<\/p>\n","protected":false},"excerpt":{"rendered":"<p>REDE DE SA\u00daDE MENTAL DE TERESINA A Rede de Aten\u00e7\u00e3o Psicossocial do Estado do Piau\u00ed Considerando as determina\u00e7\u00f5es da Lei n\u00ba 10.216, de 06 de abril de&nbsp;2001,&nbsp;que disp\u00f5e sobre a [&hellip;]<\/p>\n","protected":false},"author":1798,"featured_media":0,"parent":0,"menu_order":0,"comment_status":"closed","ping_status":"closed","template":"template-fullwidth.php","meta":[],"featured_image_urls":{"full":"","thumbnail":"","medium":"","medium_large":"","large":"","sgg-420":"","sgg-540":"","sgg-780":"","1536x1536":"","2048x2048":"","homepage-slider":"","homepage-slider-small":"","page-top":"","page-small":"","loop-main":"","thumb-gallery-widget":""},"post_excerpt_stackable":"<p>REDE DE SA\u00daDE MENTAL DE TERESINA A Rede de Aten\u00e7\u00e3o Psicossocial do Estado do Piau\u00ed Considerando as determina\u00e7\u00f5es da Lei n\u00ba 10.216, de 06 de abril de&nbsp;2001,&nbsp;que disp\u00f5e sobre a prote\u00e7\u00e3o e os direitos das pessoas com transtornos mentais e redireciona o modelo assistencial em sa\u00fade mental, que busca consolidar um modelo de aten\u00e7\u00e3o \u00e0 sa\u00fade mental aberto e de base comunit\u00e1ria com uma rede de servi\u00e7os integrada, articulada e efetiva. Apoiada na portaria n\u00ba 3.088, de 23 de dezembro de 2011 que institui a Rede de Aten\u00e7\u00e3o Psicossocial com cria\u00e7\u00e3o, amplia\u00e7\u00e3o e articula\u00e7\u00e3o de ponto de aten\u00e7\u00e3o \u00e0 sa\u00fade&hellip;<\/p>\n","category_list":"","author_info":{"name":"yancarvalho","url":"https:\/\/portal.pi.gov.br\/sesapi\/author\/yancarvalho\/"},"comments_num":"0 coment\u00e1rio","featured_image_urls_v2":{"full":"","thumbnail":"","medium":"","medium_large":"","large":"","sgg-420":"","sgg-540":"","sgg-780":"","1536x1536":"","2048x2048":"","homepage-slider":"","homepage-slider-small":"","page-top":"","page-small":"","loop-main":"","thumb-gallery-widget":""},"post_excerpt_stackable_v2":"<p>REDE DE SA\u00daDE MENTAL DE TERESINA A Rede de Aten\u00e7\u00e3o Psicossocial do Estado do Piau\u00ed Considerando as determina\u00e7\u00f5es da Lei n\u00ba 10.216, de 06 de abril de&nbsp;2001,&nbsp;que disp\u00f5e sobre a prote\u00e7\u00e3o e os direitos das pessoas com transtornos mentais e redireciona o modelo assistencial em sa\u00fade mental, que busca consolidar um modelo de aten\u00e7\u00e3o \u00e0 sa\u00fade mental aberto e de base comunit\u00e1ria com uma rede de servi\u00e7os integrada, articulada e efetiva. Apoiada na portaria n\u00ba 3.088, de 23 de dezembro de 2011 que institui a Rede de Aten\u00e7\u00e3o Psicossocial com cria\u00e7\u00e3o, amplia\u00e7\u00e3o e articula\u00e7\u00e3o de ponto de aten\u00e7\u00e3o \u00e0 sa\u00fade&hellip;<\/p>\n","category_list_v2":"","author_info_v2":{"name":"yancarvalho","url":"https:\/\/portal.pi.gov.br\/sesapi\/author\/yancarvalho\/"},"comments_num_v2":"0 coment\u00e1rio","_links":{"self":[{"href":"https:\/\/portal.pi.gov.br\/sesapi\/wp-json\/wp\/v2\/pages\/1023"}],"collection":[{"href":"https:\/\/portal.pi.gov.br\/sesapi\/wp-json\/wp\/v2\/pages"}],"about":[{"href":"https:\/\/portal.pi.gov.br\/sesapi\/wp-json\/wp\/v2\/types\/page"}],"author":[{"embeddable":true,"href":"https:\/\/portal.pi.gov.br\/sesapi\/wp-json\/wp\/v2\/users\/1798"}],"replies":[{"embeddable":true,"href":"https:\/\/portal.pi.gov.br\/sesapi\/wp-json\/wp\/v2\/comments?post=1023"}],"version-history":[{"count":3,"href":"https:\/\/portal.pi.gov.br\/sesapi\/wp-json\/wp\/v2\/pages\/1023\/revisions"}],"predecessor-version":[{"id":5544,"href":"https:\/\/portal.pi.gov.br\/sesapi\/wp-json\/wp\/v2\/pages\/1023\/revisions\/5544"}],"wp:attachment":[{"href":"https:\/\/portal.pi.gov.br\/sesapi\/wp-json\/wp\/v2\/media?parent=1023"}],"curies":[{"name":"wp","href":"https:\/\/api.w.org\/{rel}","templated":true}]}}