{"id":1027,"date":"2024-10-09T10:46:57","date_gmt":"2024-10-09T13:46:57","guid":{"rendered":"https:\/\/portal.pi.gov.br\/sesapi\/?page_id=1027"},"modified":"2025-02-06T13:17:40","modified_gmt":"2025-02-06T16:17:40","slug":"samu-192","status":"publish","type":"page","link":"https:\/\/portal.pi.gov.br\/sesapi\/samu-192\/","title":{"rendered":"Samu 192"},"content":{"rendered":"\n<p>O Minist\u00e9rio da Sa\u00fade, atrav\u00e9s da Portaria n\u00ba 1864\/GM , em setembro de 2003, iniciou a implanta\u00e7\u00e3o do componente m\u00f3vel de urg\u00eancia com a cria\u00e7\u00e3o do Servi\u00e7o de Atendimento M\u00f3vel de Urg\u00eancia, SAMU-192.<\/p>\n\n\n\n<p>O SAMU &#8211; Servi\u00e7o de Atendimento M\u00f3vel de Urg\u00eancia \u00e9 um servi\u00e7o de sa\u00fade, desenvolvido pela Secretaria de Estado da Sa\u00fade do Piau\u00ed, em parceria com o Minist\u00e9rio da Sa\u00fade e as Secretarias Municipais de Sa\u00fade do Estado do Piau\u00ed organizadas macrorregionalmente.<\/p>\n\n\n\n<p>\u00c9 respons\u00e1vel pelo componente Regula\u00e7\u00e3o dos Atendimentos de Urg\u00eancia, pelo Atendimento M\u00f3vel de Urg\u00eancia da Regi\u00e3o e pelas transfer\u00eancias de pacientes graves da regi\u00e3o.<\/p>\n\n\n\n<p>Faz parte do sistema regionalizado e hierarquizado, capaz de atender, dentro da regi\u00e3o de abrang\u00eancia, todo enfermo, ferido ou parturiente em situa\u00e7\u00e3o de urg\u00eancia ou emerg\u00eancia, e transport\u00e1-los com seguran\u00e7a e acompanhamento de profissionais da sa\u00fade at\u00e9 o n\u00edvel hospitalar do sistema.<\/p>\n\n\n\n<p>Al\u00e9m disto intermedia, atrav\u00e9s da central de regula\u00e7\u00e3o m\u00e9dica das urg\u00eancias, as transfer\u00eancias inter-hospitalares de pacientes graves, promovendo a ativa\u00e7\u00e3o das equipes apropriadas e a transfer\u00eancia do paciente.<\/p>\n\n\n\n<p><strong>Unidades de Suporte B\u00e1sico de Vida do SAMU<\/strong><br>Cada Unidade M\u00f3vel de Suporte B\u00e1sico tem, al\u00e9m de material de consumo onde inclui-se medica\u00e7\u00f5es, no m\u00ednimo: rede de oxig\u00eanio, prancha longa de madeira para imobiliza\u00e7\u00e3o da coluna, colares cervicais, cilindro de O2, talas de imobiliza\u00e7\u00e3o de fraturas e ressuscitador manual adulto e infantil (ambu).<\/p>\n\n\n<div class=\"wp-block-image\">\n<figure class=\"aligncenter size-large\"><img decoding=\"async\" loading=\"lazy\" width=\"1024\" height=\"472\" src=\"https:\/\/portal.pi.gov.br\/sesapi\/wp-content\/uploads\/sites\/101\/2025\/02\/ambulancias-salvador-1024x472.jpg\" alt=\"\" class=\"wp-image-2369\" srcset=\"https:\/\/portal.pi.gov.br\/sesapi\/wp-content\/uploads\/sites\/101\/2025\/02\/ambulancias-salvador-1024x472.jpg 1024w, https:\/\/portal.pi.gov.br\/sesapi\/wp-content\/uploads\/sites\/101\/2025\/02\/ambulancias-salvador-300x138.jpg 300w, https:\/\/portal.pi.gov.br\/sesapi\/wp-content\/uploads\/sites\/101\/2025\/02\/ambulancias-salvador-768x354.jpg 768w, https:\/\/portal.pi.gov.br\/sesapi\/wp-content\/uploads\/sites\/101\/2025\/02\/ambulancias-salvador-420x194.jpg 420w, https:\/\/portal.pi.gov.br\/sesapi\/wp-content\/uploads\/sites\/101\/2025\/02\/ambulancias-salvador-540x249.jpg 540w, https:\/\/portal.pi.gov.br\/sesapi\/wp-content\/uploads\/sites\/101\/2025\/02\/ambulancias-salvador-780x360.jpg 780w, https:\/\/portal.pi.gov.br\/sesapi\/wp-content\/uploads\/sites\/101\/2025\/02\/ambulancias-salvador-947x437.jpg 947w, https:\/\/portal.pi.gov.br\/sesapi\/wp-content\/uploads\/sites\/101\/2025\/02\/ambulancias-salvador-624x288.jpg 624w, https:\/\/portal.pi.gov.br\/sesapi\/wp-content\/uploads\/sites\/101\/2025\/02\/ambulancias-salvador.jpg 1280w\" sizes=\"(max-width: 1024px) 100vw, 1024px\" \/><figcaption class=\"wp-element-caption\">Novas ambul\u00e2ncias do Samu entregues em Salvador.  Foto: Taysa Barros\/MS<\/figcaption><\/figure><\/div>\n\n\n<p><strong>UTI m\u00f3veis do SAMU<\/strong><br>Cada Unidade de Tratamento Intensivo M\u00f3vel (UTIM) tem, al\u00e9m de material de consumo, no m\u00ednimo: uma incubadora para transporte, um aspirador cir\u00fargico para ambul\u00e2ncia, um respirador a volume, um monitor multipar\u00e2metros, um ox\u00edmetro digital e bomba de infus\u00e3o para seringas, al\u00e9m de todo o material para imobiliza\u00e7\u00e3o e medicamentos de cuidados intensivos.<\/p>\n\n\n\n<p>O 192 \u00e9 um servi\u00e7o de atendimento pr\u00e9-hospitalar de urg\u00eancia e emerg\u00eancia da Prefeitura de S\u00e3o Paulo. Voc\u00ea pode acionar o servi\u00e7o atrav\u00e9s de telefones sem utilizar fichas ou cart\u00e3o.<\/p>\n\n\n\n<p><strong>O que voc\u00ea deve saber antes de ligar para o 192:<\/strong><\/p>\n\n\n\n<ul>\n<li>o que aconteceu com a v\u00edtima;<\/li>\n\n\n\n<li>endere\u00e7o &#8211; rua, avenida, n\u00famero, bairro e refer\u00eancia do local da ocorr\u00eancia;<\/li>\n\n\n\n<li>dados da v\u00edtima, como nome, idade e sexo;<\/li>\n\n\n\n<li>o n\u00famero do telefone de onde voc\u00ea est\u00e1 ligando.<\/li>\n<\/ul>\n\n\n\n<p>O 192 atende apenas situa\u00e7\u00f5es de emerg\u00eancias m\u00e9dicas. N\u00e3o d\u00ea trote! Voc\u00ea poder\u00e1 retardar e prejudicar seriamente outra pessoa que esteja em risco de vida.<\/p>\n\n\n\n<p><strong>ATEN\u00c7\u00c3O!!!<\/strong><br>N\u00e3o mexa na v\u00edtima! Chame o socorro pelo n\u00famero 192.<br>Caso a v\u00edtima seja socorrida por outros meios, ligue cancelando o pedido.<\/p>\n\n\n\n<p><strong>Quando chamar:<\/strong><\/p>\n\n\n\n<ul>\n<li>Na ocorr\u00eancia de problemas cardio-respirat\u00f3rios<\/li>\n\n\n\n<li>Em casos de intoxica\u00e7\u00e3o ex\u00f3gena<\/li>\n\n\n\n<li>Em caso de queimaduras graves<\/li>\n\n\n\n<li>Na ocorr\u00eancia de maus tratos<\/li>\n\n\n\n<li>Em trabalhos de parto onde haja risco de morte da m\u00e3e ou do feto<\/li>\n\n\n\n<li>Em casos de tentativas de suic\u00eddio<\/li>\n\n\n\n<li>Em crises hipertensivas<\/li>\n\n\n\n<li>Quando houver acidentes\/trauma com v\u00edtimas<\/li>\n\n\n\n<li>Em casos de afogamentos<\/li>\n\n\n\n<li>Em casos de choque el\u00e9trico<\/li>\n\n\n\n<li>Em acidentes com produtos perigosos<\/li>\n\n\n\n<li>Ferimentos por arma de fogo<\/li>\n\n\n\n<li>Ferimentos por arma branca (faca, fac\u00e3o etc.)<\/li>\n<\/ul>\n\n\n\n<p><br>As ambul\u00e2ncias do SAMU \u00e0 servi\u00e7o da popula\u00e7\u00e3o dividem-se em Unidades de Suporte B\u00e1sico (USB) e Unidades de Suporte Avan\u00e7ado (USA) ou UTI m\u00f3vel.<\/p>\n\n\n\n<p>As Unidades de Suporte B\u00e1sico atendem aos casos de menor complexidade e contam com equipamento b\u00e1sico de suporte \u00e0 vida.<\/p>\n\n\n\n<p>As USAs s\u00e3o UTIs m\u00f3veis e est\u00e3o sendo equipadas com o Sistema Tele-Eletrocardiografia Digital, tecnologia de ponta que ajuda a salvar v\u00edtimas de doen\u00e7as cardiovasculares graves, como infarto e arritmia.<\/p>\n\n\n\n<p>O Sistema Tele-Eletrocardiografia Digital permite ao profissional de sa\u00fade obter um diagn\u00f3stico mais preciso do paciente ainda em casa, antes do deslocamento para o hospital. O procedimento pode reduzir em at\u00e9 20% o n\u00famero de mortes por doen\u00e7as do cora\u00e7\u00e3o.<\/p>\n\n\n\n<p>Cada ambul\u00e2ncia do SAMU ser\u00e1 equipada com um pequeno aparelho (tele-eletrocardi\u00f3grafo digital port\u00e1til) capaz de transmitir o eletrocardiograma via telefonia celular ou mesmo por telefone fixo. O exame realizado no paciente em sua resid\u00eancia ou na ambul\u00e2ncia \u00e9 transmitido para a internet e analisado na central de Telemedicina do Hospital do Cora\u00e7\u00e3o (HCor). O laudo retorna para a ambul\u00e2ncia de origem. Todo esse processo dura, em m\u00e9dia, cinco minutos. A central disp\u00f5e de 16 m\u00e9dicos para a leitura dos eletrocardiogramas do SAMU 24 horas por dia. Al\u00e9m disso, o m\u00e9dico que est\u00e1 atendendo o paciente pode discutir o caso com os especialistas de apoio no HCor.<\/p>\n\n\n\n<p>O trabalho \u00e9 realizado diariamente em tempo real.<\/p>\n\n\n\n<p><strong>Regula\u00e7\u00e3o M\u00e9dica<\/strong><br>Ao discar 192, sua liga\u00e7\u00e3o ser\u00e1 atendida pela Central de Regula\u00e7\u00e3o M\u00e9dica de Urg\u00eancia. Em um primeiro momento, a telefonista vai fazer algumas perguntas: motivo da liga\u00e7\u00e3o, endere\u00e7o, munic\u00edpio, ponto de refer\u00eancia e, em caso de acidentes, o n\u00famero de v\u00edtimas. Alguns telefonistas do SAMU j\u00e1 utilizam protocolos de triagem para encaminhamento mais r\u00e1pido do chamado ao m\u00e9dico regulador. Neste caso, outras duas perguntas ser\u00e3o realizadas: A v\u00edtima est\u00e1 acordada? A v\u00edtima est\u00e1 respirando? Posteriormente, a liga\u00e7\u00e3o \u00e9 transferida para um m\u00e9dico regulador, que faz o prov\u00e1vel diagn\u00f3stico, orienta sobre as primeiras a\u00e7\u00f5es e avalia a necessidade de envio de uma ambul\u00e2ncia. Esta avalia\u00e7\u00e3o \u00e9 feita a partir das informa\u00e7\u00f5es que voc\u00ea fornecer por telefone, por isso \u00e9 necess\u00e1rio estar junto ao local em que se encontra o paciente. Esta norma, preconizada pelo Minist\u00e9rio da Sa\u00fade, tem por objetivo garantir o encaminhamento mais adequado e permite que o m\u00e9dico regulador v\u00e1 prestando as primeiras recomenda\u00e7\u00f5es sobre o socorro, ainda pelo telefone, enquanto a pessoa aguarda a chegada da ambul\u00e2ncia.<\/p>\n\n\n\n<p><strong>A indica\u00e7\u00e3o de atendimento dada pelo m\u00e9dico regulador \u00e9 adaptada a cada necessidade, e pode ser:<\/strong><\/p>\n\n\n\n<p>Orienta\u00e7\u00e3o por telefone: quando o caso pode ser resolvido por telefone por n\u00e3o se tratar de uma urg\u00eancia ou emerg\u00eancia. O m\u00e9dico regulador orienta sobre o que pode ser feito e quais servi\u00e7os devem ser procurados.<br>Ativa\u00e7\u00e3o de unidades m\u00f3veis: de acordo com o tipo de atendimento, traum\u00e1tico ou cl\u00ednico, e a gravidade estimada do caso, podem ser acionadas unidades de suporte b\u00e1sico (USB) ou unidade de suporte avan\u00e7ado (USA). Ap\u00f3s o acionamento das unidades, a central de regula\u00e7\u00e3o m\u00e9dica de urg\u00eancia acompanhar\u00e1 o atendimento at\u00e9 seu t\u00e9rmino, apoiando as equipes quando necess\u00e1rio e preparando a recep\u00e7\u00e3o hospitalar adequada ao atendimento da urg\u00eancia.<\/p>\n\n\n\n<p>Com o objetivo de garantir o atendimento precoce, sobretudo nas situa\u00e7\u00f5es potencialmente mais graves, garantindo um tempo resposta mais efetivo \u00e0s v\u00edtimas, foi estabelecido o seguinte protocolo de atendimento na Central de Regula\u00e7\u00e3o Estadual do SAMU:<\/p>\n\n\n\n<p>Chamado de libera\u00e7\u00e3o r\u00e1pida para agentes da Seguran\u00e7a P\u00fablica &#8211; Quando a solicita\u00e7\u00e3o que chega ao telefonista (TARM), atrav\u00e9s do fone 192, partir da Brigada Militar, Corpo de Bombeiros, Pol\u00edcia Civil, Policia Rodovi\u00e1ria Federal ou Estadual, nos casos de trauma com v\u00edtima ferida, pcr ou v\u00edtima inconsciente e desde que o solicitante esteja de plant\u00e3o e na cena, ou representados por colegas de plant\u00e3o na cena, a ambul\u00e2ncia ser\u00e1 imediatamente liberada. Do contr\u00e1rio (se o solicitante n\u00e3o estiver de plant\u00e3o ou se n\u00e3o houver ningu\u00e9m no local), ou ainda, se n\u00e3o houver ambul\u00e2ncia dispon\u00edvel no momento, o telefonista dever\u00e1 abrir uma ficha de socorro e encaminhar para avalia\u00e7\u00e3o do m\u00e9dico regulador.<\/p>\n\n\n\n<p><strong>Samu A\u00e9reo<\/strong><\/p>\n\n\n\n<figure class=\"wp-block-embed is-type-video is-provider-youtube wp-block-embed-youtube wp-embed-aspect-16-9 wp-has-aspect-ratio\"><div class=\"wp-block-embed__wrapper\">\n<iframe loading=\"lazy\" title=\"Piau\u00ed passa a contar com SAMU A\u00e9reo\" width=\"887\" height=\"499\" src=\"https:\/\/www.youtube.com\/embed\/kLLe4T2pzrE?start=14&#038;feature=oembed\" frameborder=\"0\" allow=\"accelerometer; autoplay; clipboard-write; encrypted-media; gyroscope; picture-in-picture; web-share\" referrerpolicy=\"strict-origin-when-cross-origin\" allowfullscreen><\/iframe>\n<\/div><\/figure>\n\n\n\n<p><strong>Ao chamar o SAMU lembre-se:<\/strong><\/p>\n\n\n\n<p>Tente responder a todas as perguntas solicitadas, mantenha a calma e n\u00e3o desligue o telefone at\u00e9 a libera\u00e7\u00e3o da ambul\u00e2ncia pelo m\u00e9dico regulador. As informa\u00e7\u00f5es colhidas s\u00e3o de extrema import\u00e2ncia para definir o tipo de ambul\u00e2ncia que ser\u00e1 enviada e as orienta\u00e7\u00f5es que ser\u00e3o fornecidas at\u00e9 a chegada da equipe do SAMU no local. Em hip\u00f3tese alguma passe trotes, pois TODAS as liga\u00e7\u00f5es s\u00e3o gravadas e vidas podem ser perdidas ao ocupar o telefone 192. Cumpra seu dever de cidad\u00e3o e utilize o SAMU com responsabilidade. Ligue para o SAMU somente se estiver diante de uma situa\u00e7\u00e3o de emerg\u00eancia.<\/p>\n\n\n\n<p>Para mais informa\u00e7\u00f5es acesse: <a href=\"https:\/\/samu.pi.gov.br\/\">https:\/\/samu.pi.gov.br\/<\/a><\/p>\n","protected":false},"excerpt":{"rendered":"<p>O Minist\u00e9rio da Sa\u00fade, atrav\u00e9s da Portaria n\u00ba 1864\/GM , em setembro de 2003, iniciou a implanta\u00e7\u00e3o do componente m\u00f3vel de urg\u00eancia com a cria\u00e7\u00e3o do Servi\u00e7o de Atendimento M\u00f3vel [&hellip;]<\/p>\n","protected":false},"author":1798,"featured_media":0,"parent":0,"menu_order":0,"comment_status":"closed","ping_status":"closed","template":"template-fullwidth.php","meta":[],"featured_image_urls":{"full":"","thumbnail":"","medium":"","medium_large":"","large":"","sgg-420":"","sgg-540":"","sgg-780":"","1536x1536":"","2048x2048":"","homepage-slider":"","homepage-slider-small":"","page-top":"","page-small":"","loop-main":"","thumb-gallery-widget":""},"post_excerpt_stackable":"<p>O Minist\u00e9rio da Sa\u00fade, atrav\u00e9s da Portaria n\u00ba 1864\/GM , em setembro de 2003, iniciou a implanta\u00e7\u00e3o do componente m\u00f3vel de urg\u00eancia com a cria\u00e7\u00e3o do Servi\u00e7o de Atendimento M\u00f3vel de Urg\u00eancia, SAMU-192. O SAMU &#8211; Servi\u00e7o de Atendimento M\u00f3vel de Urg\u00eancia \u00e9 um servi\u00e7o de sa\u00fade, desenvolvido pela Secretaria de Estado da Sa\u00fade do Piau\u00ed, em parceria com o Minist\u00e9rio da Sa\u00fade e as Secretarias Municipais de Sa\u00fade do Estado do Piau\u00ed organizadas macrorregionalmente. \u00c9 respons\u00e1vel pelo componente Regula\u00e7\u00e3o dos Atendimentos de Urg\u00eancia, pelo Atendimento M\u00f3vel de Urg\u00eancia da Regi\u00e3o e pelas transfer\u00eancias de pacientes graves da regi\u00e3o. Faz&hellip;<\/p>\n","category_list":"","author_info":{"name":"yancarvalho","url":"https:\/\/portal.pi.gov.br\/sesapi\/author\/yancarvalho\/"},"comments_num":"0 coment\u00e1rio","featured_image_urls_v2":{"full":"","thumbnail":"","medium":"","medium_large":"","large":"","sgg-420":"","sgg-540":"","sgg-780":"","1536x1536":"","2048x2048":"","homepage-slider":"","homepage-slider-small":"","page-top":"","page-small":"","loop-main":"","thumb-gallery-widget":""},"post_excerpt_stackable_v2":"<p>O Minist\u00e9rio da Sa\u00fade, atrav\u00e9s da Portaria n\u00ba 1864\/GM , em setembro de 2003, iniciou a implanta\u00e7\u00e3o do componente m\u00f3vel de urg\u00eancia com a cria\u00e7\u00e3o do Servi\u00e7o de Atendimento M\u00f3vel de Urg\u00eancia, SAMU-192. O SAMU &#8211; Servi\u00e7o de Atendimento M\u00f3vel de Urg\u00eancia \u00e9 um servi\u00e7o de sa\u00fade, desenvolvido pela Secretaria de Estado da Sa\u00fade do Piau\u00ed, em parceria com o Minist\u00e9rio da Sa\u00fade e as Secretarias Municipais de Sa\u00fade do Estado do Piau\u00ed organizadas macrorregionalmente. \u00c9 respons\u00e1vel pelo componente Regula\u00e7\u00e3o dos Atendimentos de Urg\u00eancia, pelo Atendimento M\u00f3vel de Urg\u00eancia da Regi\u00e3o e pelas transfer\u00eancias de pacientes graves da regi\u00e3o. Faz&hellip;<\/p>\n","category_list_v2":"","author_info_v2":{"name":"yancarvalho","url":"https:\/\/portal.pi.gov.br\/sesapi\/author\/yancarvalho\/"},"comments_num_v2":"0 coment\u00e1rio","_links":{"self":[{"href":"https:\/\/portal.pi.gov.br\/sesapi\/wp-json\/wp\/v2\/pages\/1027"}],"collection":[{"href":"https:\/\/portal.pi.gov.br\/sesapi\/wp-json\/wp\/v2\/pages"}],"about":[{"href":"https:\/\/portal.pi.gov.br\/sesapi\/wp-json\/wp\/v2\/types\/page"}],"author":[{"embeddable":true,"href":"https:\/\/portal.pi.gov.br\/sesapi\/wp-json\/wp\/v2\/users\/1798"}],"replies":[{"embeddable":true,"href":"https:\/\/portal.pi.gov.br\/sesapi\/wp-json\/wp\/v2\/comments?post=1027"}],"version-history":[{"count":5,"href":"https:\/\/portal.pi.gov.br\/sesapi\/wp-json\/wp\/v2\/pages\/1027\/revisions"}],"predecessor-version":[{"id":2452,"href":"https:\/\/portal.pi.gov.br\/sesapi\/wp-json\/wp\/v2\/pages\/1027\/revisions\/2452"}],"wp:attachment":[{"href":"https:\/\/portal.pi.gov.br\/sesapi\/wp-json\/wp\/v2\/media?parent=1027"}],"curies":[{"name":"wp","href":"https:\/\/api.w.org\/{rel}","templated":true}]}}