{"id":1029,"date":"2024-10-09T10:47:19","date_gmt":"2024-10-09T13:47:19","guid":{"rendered":"https:\/\/portal.pi.gov.br\/sesapi\/?page_id=1029"},"modified":"2024-12-16T09:38:11","modified_gmt":"2024-12-16T12:38:11","slug":"upas-e-unidades-mistas","status":"publish","type":"page","link":"https:\/\/portal.pi.gov.br\/sesapi\/upas-e-unidades-mistas\/","title":{"rendered":"UPAs e Unidades Mistas"},"content":{"rendered":"\n<p><strong>AVELINO LOPES<\/strong><\/p>\n\n\n\n<p><strong>\u2022 UNIDADE MISTA DE SA\u00daDE DE AVELINO LOPES<\/strong><br>Av. Eutimio Alves, 174 &#8211; Bairro Novo Horizonte<br>(89) 3575-1102<br><\/p>\n\n\n\n<p><strong>BOCAINA<\/strong><\/p>\n\n\n\n<p><strong>\u2022 UNIDADE MISTA DE BOCAINA<\/strong><br>Rua S\u00e3o Pedro,541 &#8211; Bairro Centro<br>(89) 3448-1278<br><\/p>\n\n\n\n<p><strong>BOM JESUS<\/strong><\/p>\n\n\n\n<p><strong>\u2022 UPA HRMSS<\/strong><br>Rua Izildinha Piauilino, Josu\u00e9 Parente<\/p>\n\n\n\n<p><strong>FRANCIN\u00d3POLIS<\/strong><\/p>\n\n\n\n<p><strong>\u2022 UNIDADE MISTA DE PEDRO LOPES<\/strong><br>Av. Abdon Portela, 57 &#8211; Bairro Centro<br>(89) 3472-1140<br><\/p>\n\n\n\n<p><strong>FLORIANO<\/strong><\/p>\n\n\n\n<p><strong>\u2022 UPA DE FLORIANO<\/strong><br>Rua Jo\u00e3o Justino, Matadouro<\/p>\n\n\n\n<p><strong>ITAIN\u00d3POLIS<\/strong><\/p>\n\n\n\n<p><strong>\u2022 UNIDADE MISTA DE ITAIN\u00d3POLIS<\/strong><br>Pra\u00e7a Coronel Jos\u00e9 Rodrigues Ara\u00fajo, 119<br>(89) 3472-1140<br><\/p>\n\n\n\n<p><strong>OEIRAS<\/strong><\/p>\n\n\n\n<p><strong>\u2022 UPA DE OEIRAS<\/strong><br>Av. Tot\u00f4nio Freitas, sn\/<\/p>\n\n\n\n<p><strong>PAES LANDIM<\/strong><\/p>\n\n\n\n<p><strong>\u2022 UNIDADE MISTA DE PAES LANDIM<\/strong><br>Rua Piau\u00ed, 245 &#8211; Centro<br><\/p>\n\n\n\n<p><strong>PICOS<\/strong><\/p>\n\n\n\n<p><strong>\u2022 UPA DE PICOS<\/strong><br>Rua Projetada 13, N\u00b0 1337&nbsp;&#8211; Belo Norte<br>&nbsp;<\/p>\n\n\n\n<p><strong>SANTA FILOMENA<\/strong><\/p>\n\n\n\n<p><strong>\u2022 UNIDADE MISTA DE SANTA FILOMENA<\/strong><br>Rua Marqu\u00eas de Paranagu\u00e1, 277 &#8211; Centro<br>(89) 3569-1316<br><\/p>\n\n\n\n<p><strong>S\u00c3O RAIMUNDO NONATO<\/strong><\/p>\n\n\n\n<p><strong>\u2022 UPA DE S\u00c3O RAIMUNDO NONATO<\/strong><br>Rod. Eng. Vasco Filho, 1455<\/p>\n","protected":false},"excerpt":{"rendered":"<p>AVELINO LOPES \u2022 UNIDADE MISTA DE SA\u00daDE DE AVELINO LOPESAv. Eutimio Alves, 174 &#8211; Bairro Novo Horizonte(89) 3575-1102 BOCAINA \u2022 UNIDADE MISTA DE BOCAINARua S\u00e3o Pedro,541 &#8211; Bairro Centro(89) 3448-1278 [&hellip;]<\/p>\n","protected":false},"author":1798,"featured_media":0,"parent":0,"menu_order":0,"comment_status":"closed","ping_status":"closed","template":"template-fullwidth.php","meta":[],"featured_image_urls":{"full":"","thumbnail":"","medium":"","medium_large":"","large":"","sgg-420":"","sgg-540":"","sgg-780":"","1536x1536":"","2048x2048":"","homepage-slider":"","homepage-slider-small":"","page-top":"","page-small":"","loop-main":"","thumb-gallery-widget":""},"post_excerpt_stackable":"<p>AVELINO LOPES \u2022 UNIDADE MISTA DE SA\u00daDE DE AVELINO LOPESAv. Eutimio Alves, 174 &#8211; Bairro Novo Horizonte(89) 3575-1102 BOCAINA \u2022 UNIDADE MISTA DE BOCAINARua S\u00e3o Pedro,541 &#8211; Bairro Centro(89) 3448-1278 BOM JESUS \u2022 UPA HRMSSRua Izildinha Piauilino, Josu\u00e9 Parente FRANCIN\u00d3POLIS \u2022 UNIDADE MISTA DE PEDRO LOPESAv. Abdon Portela, 57 &#8211; Bairro Centro(89) 3472-1140 FLORIANO \u2022 UPA DE FLORIANORua Jo\u00e3o Justino, Matadouro ITAIN\u00d3POLIS \u2022 UNIDADE MISTA DE ITAIN\u00d3POLISPra\u00e7a Coronel Jos\u00e9 Rodrigues Ara\u00fajo, 119(89) 3472-1140 OEIRAS \u2022 UPA DE OEIRASAv. Tot\u00f4nio Freitas, sn\/ PAES LANDIM \u2022 UNIDADE MISTA DE PAES LANDIMRua Piau\u00ed, 245 &#8211; Centro PICOS \u2022 UPA DE PICOSRua Projetada 13,&hellip;<\/p>\n","category_list":"","author_info":{"name":"yancarvalho","url":"https:\/\/portal.pi.gov.br\/sesapi\/author\/yancarvalho\/"},"comments_num":"0 coment\u00e1rio","featured_image_urls_v2":{"full":"","thumbnail":"","medium":"","medium_large":"","large":"","sgg-420":"","sgg-540":"","sgg-780":"","1536x1536":"","2048x2048":"","homepage-slider":"","homepage-slider-small":"","page-top":"","page-small":"","loop-main":"","thumb-gallery-widget":""},"post_excerpt_stackable_v2":"<p>AVELINO LOPES \u2022 UNIDADE MISTA DE SA\u00daDE DE AVELINO LOPESAv. Eutimio Alves, 174 &#8211; Bairro Novo Horizonte(89) 3575-1102 BOCAINA \u2022 UNIDADE MISTA DE BOCAINARua S\u00e3o Pedro,541 &#8211; Bairro Centro(89) 3448-1278 BOM JESUS \u2022 UPA HRMSSRua Izildinha Piauilino, Josu\u00e9 Parente FRANCIN\u00d3POLIS \u2022 UNIDADE MISTA DE PEDRO LOPESAv. Abdon Portela, 57 &#8211; Bairro Centro(89) 3472-1140 FLORIANO \u2022 UPA DE FLORIANORua Jo\u00e3o Justino, Matadouro ITAIN\u00d3POLIS \u2022 UNIDADE MISTA DE ITAIN\u00d3POLISPra\u00e7a Coronel Jos\u00e9 Rodrigues Ara\u00fajo, 119(89) 3472-1140 OEIRAS \u2022 UPA DE OEIRASAv. Tot\u00f4nio Freitas, sn\/ PAES LANDIM \u2022 UNIDADE MISTA DE PAES LANDIMRua Piau\u00ed, 245 &#8211; Centro PICOS \u2022 UPA DE PICOSRua Projetada 13,&hellip;<\/p>\n","category_list_v2":"","author_info_v2":{"name":"yancarvalho","url":"https:\/\/portal.pi.gov.br\/sesapi\/author\/yancarvalho\/"},"comments_num_v2":"0 coment\u00e1rio","_links":{"self":[{"href":"https:\/\/portal.pi.gov.br\/sesapi\/wp-json\/wp\/v2\/pages\/1029"}],"collection":[{"href":"https:\/\/portal.pi.gov.br\/sesapi\/wp-json\/wp\/v2\/pages"}],"about":[{"href":"https:\/\/portal.pi.gov.br\/sesapi\/wp-json\/wp\/v2\/types\/page"}],"author":[{"embeddable":true,"href":"https:\/\/portal.pi.gov.br\/sesapi\/wp-json\/wp\/v2\/users\/1798"}],"replies":[{"embeddable":true,"href":"https:\/\/portal.pi.gov.br\/sesapi\/wp-json\/wp\/v2\/comments?post=1029"}],"version-history":[{"count":2,"href":"https:\/\/portal.pi.gov.br\/sesapi\/wp-json\/wp\/v2\/pages\/1029\/revisions"}],"predecessor-version":[{"id":1650,"href":"https:\/\/portal.pi.gov.br\/sesapi\/wp-json\/wp\/v2\/pages\/1029\/revisions\/1650"}],"wp:attachment":[{"href":"https:\/\/portal.pi.gov.br\/sesapi\/wp-json\/wp\/v2\/media?parent=1029"}],"curies":[{"name":"wp","href":"https:\/\/api.w.org\/{rel}","templated":true}]}}