{"id":1031,"date":"2024-10-09T10:47:38","date_gmt":"2024-10-09T13:47:38","guid":{"rendered":"https:\/\/portal.pi.gov.br\/sesapi\/?page_id=1031"},"modified":"2025-01-15T12:47:14","modified_gmt":"2025-01-15T15:47:14","slug":"vigilancia-sanitaria","status":"publish","type":"page","link":"https:\/\/portal.pi.gov.br\/sesapi\/vigilancia-sanitaria\/","title":{"rendered":"Vigil\u00e2ncia Sanit\u00e1ria"},"content":{"rendered":"\n<p>A Diretoria de Vigil\u00e2ncia Sanit\u00e1ria do Estado tem como objetivo promover a prote\u00e7\u00e3o da sa\u00fade da popula\u00e7\u00e3o pelo controle sanit\u00e1rio da produ\u00e7\u00e3o e da comercializa\u00e7\u00e3o de produtos e servi\u00e7os de todo o Estado.<\/p>\n\n\n<div class=\"wp-block-image\">\n<figure class=\"aligncenter size-full\"><img decoding=\"async\" loading=\"lazy\" width=\"800\" height=\"600\" src=\"https:\/\/portal.pi.gov.br\/sesapi\/wp-content\/uploads\/sites\/101\/2024\/12\/divisa.jpg\" alt=\"\" class=\"wp-image-1618\" srcset=\"https:\/\/portal.pi.gov.br\/sesapi\/wp-content\/uploads\/sites\/101\/2024\/12\/divisa.jpg 800w, https:\/\/portal.pi.gov.br\/sesapi\/wp-content\/uploads\/sites\/101\/2024\/12\/divisa-300x225.jpg 300w, https:\/\/portal.pi.gov.br\/sesapi\/wp-content\/uploads\/sites\/101\/2024\/12\/divisa-768x576.jpg 768w, https:\/\/portal.pi.gov.br\/sesapi\/wp-content\/uploads\/sites\/101\/2024\/12\/divisa-420x315.jpg 420w, https:\/\/portal.pi.gov.br\/sesapi\/wp-content\/uploads\/sites\/101\/2024\/12\/divisa-540x405.jpg 540w, https:\/\/portal.pi.gov.br\/sesapi\/wp-content\/uploads\/sites\/101\/2024\/12\/divisa-780x585.jpg 780w, https:\/\/portal.pi.gov.br\/sesapi\/wp-content\/uploads\/sites\/101\/2024\/12\/divisa-624x468.jpg 624w\" sizes=\"(max-width: 800px) 100vw, 800px\" \/><\/figure><\/div>\n\n\n<p>Em sua atua\u00e7\u00e3o, ela fiscaliza medicamentos, alimentos, hemoter\u00e1picos, sangue e derivados, cosm\u00e9ticos, saneantes, agrot\u00f3xicos e produtos utilizados como instrumentos de diagn\u00f3sticos de laborat\u00f3rio, equipamentos e material m\u00e9dico-hospitalar e odontol\u00f3gico. Atua tamb\u00e9m em saneamento b\u00e1sico, nos agravos a sa\u00fade do trabalhador, no Controle das Informa\u00e7\u00f5es Toxicol\u00f3gicas e Controle de Infec\u00e7\u00f5es Hospitalares (CIH).<\/p>\n\n\n\n<p>A DIVISA trabalha com quatro ger\u00eancias estaduais e suas coordena\u00e7\u00f5es.<\/p>\n\n\n\n<ul>\n<li>Ger\u00eancia de An\u00e1lise e Instru\u00e7\u00e3o Processual (Coordena\u00e7\u00e3o de An\u00e1lise e Registro de Produto) \u2013 tem como objetivo, reunir e centralizar a Legisla\u00e7\u00e3o em vigor. Analisar e instruir processos administrativos oriundos de infra\u00e7\u00f5es sanit\u00e1rias. Orientar e instruir Processos de registros e produtos\/ANVISA. Orientar os agentes regulados quanto as exig\u00eancias para a concess\u00e3o da Licen\u00e7a Sanit\u00e1ria e Autoriza\u00e7\u00e3o de Funcionamento.<\/li>\n\n\n\n<li>Ger\u00eancia de Administra\u00e7\u00e3o e Integra\u00e7\u00e3o Regional (Coordena\u00e7\u00e3o de An\u00e1lise de Projetos, Coordena\u00e7\u00e3o de Cadastro e Coordena\u00e7\u00e3o de Informa\u00e7\u00e3o em Visa) \u2013 Coordena, organiza e supervisiona a execu\u00e7\u00e3o das atividades de planejamento, material e patrim\u00f4nio, recursos humanos, informa\u00e7\u00e3o, inform\u00e1tica, servi\u00e7os gerais e integra\u00e7\u00e3o regional.<\/li>\n\n\n\n<li>Ger\u00eancia de Controle de Estabelecimento de Sa\u00fade (Coordena\u00e7\u00e3o de Avalia\u00e7\u00e3o das Infec\u00e7\u00f5es em Estabelecimentos de Sa\u00fade) \u2013 ger\u00eancia respons\u00e1vel por planejar, coordenar, orientar e supervisionar as atividades de Vigil\u00e2ncia Sanit\u00e1ria e a\u00e7\u00f5es de preven\u00e7\u00e3o e controle de infec\u00e7\u00e3o Hospitalar.<\/li>\n\n\n\n<li>Ger\u00eancia de Controle Servi\u00e7os e Produtos (Coordena\u00e7\u00e3o de Vigil\u00e2ncia de Ambientes e Condi\u00e7\u00f5es de Trabalho, Coordena\u00e7\u00e3o de Radiodiagn\u00f3stico, Coord. De Toxicologia e Saneantes, Coord. de Medicamentos e Cosm\u00e9ticos, Coord. de Saneamento Ambiental, Coord. de Alimentos e Coordena\u00e7\u00e3o de Sangue e Hemoderivados) \u2013 respons\u00e1vel por coordenar, planejar, assessorar, supervisionar, avaliar e executar as atividades referentes a vigil\u00e2ncia de servi\u00e7os (hemoterapia, hemodi\u00e1lise, radiodiagn\u00f3stico, saneamento, laborat\u00f3rios, ind\u00fastrias e toxicologia) e produtos (alimentos, medicamentos, cosm\u00e9ticos, saneantes, sangue e hemoderivados), bem como preven\u00e7\u00e3o e vigil\u00e2ncia da sa\u00fade dos trabalhadores.<br><\/li>\n<\/ul>\n\n\n\n<p><strong>Diretora Geral<\/strong><\/p>\n\n\n\n<p><strong>Tatiana Vieira Souza Chaves<\/strong><\/p>\n\n\n\n<p><strong>Endere\u00e7o:<\/strong>&nbsp;Rua 19 de Novembro, 1865 \u2013 Primavera<br><strong>Fone:<\/strong>&nbsp;(86) 3216-3662\/3216-3664 &#8211; Teresina-PI<br><strong>E-mail:<\/strong>&nbsp;<a href=\"mailto:visapiaui@yahoo.com.br\">visapiaui@yahoo.com.br<\/a><\/p>\n\n\n\n<p><em><strong>Visite o site:\u00a0<\/strong>.<a href=\"https:\/\/site.saude.pi.gov.br\/divisa\">https:\/\/site.saude.pi.gov.br\/divisa<\/a> <\/em><\/p>\n","protected":false},"excerpt":{"rendered":"<p>A Diretoria de Vigil\u00e2ncia Sanit\u00e1ria do Estado tem como objetivo promover a prote\u00e7\u00e3o da sa\u00fade da popula\u00e7\u00e3o pelo controle sanit\u00e1rio da produ\u00e7\u00e3o e da comercializa\u00e7\u00e3o de produtos e servi\u00e7os de [&hellip;]<\/p>\n","protected":false},"author":1798,"featured_media":0,"parent":0,"menu_order":0,"comment_status":"closed","ping_status":"closed","template":"template-fullwidth.php","meta":[],"featured_image_urls":{"full":"","thumbnail":"","medium":"","medium_large":"","large":"","sgg-420":"","sgg-540":"","sgg-780":"","1536x1536":"","2048x2048":"","homepage-slider":"","homepage-slider-small":"","page-top":"","page-small":"","loop-main":"","thumb-gallery-widget":""},"post_excerpt_stackable":"<p>A Diretoria de Vigil\u00e2ncia Sanit\u00e1ria do Estado tem como objetivo promover a prote\u00e7\u00e3o da sa\u00fade da popula\u00e7\u00e3o pelo controle sanit\u00e1rio da produ\u00e7\u00e3o e da comercializa\u00e7\u00e3o de produtos e servi\u00e7os de todo o Estado. Em sua atua\u00e7\u00e3o, ela fiscaliza medicamentos, alimentos, hemoter\u00e1picos, sangue e derivados, cosm\u00e9ticos, saneantes, agrot\u00f3xicos e produtos utilizados como instrumentos de diagn\u00f3sticos de laborat\u00f3rio, equipamentos e material m\u00e9dico-hospitalar e odontol\u00f3gico. Atua tamb\u00e9m em saneamento b\u00e1sico, nos agravos a sa\u00fade do trabalhador, no Controle das Informa\u00e7\u00f5es Toxicol\u00f3gicas e Controle de Infec\u00e7\u00f5es Hospitalares (CIH). A DIVISA trabalha com quatro ger\u00eancias estaduais e suas coordena\u00e7\u00f5es. Ger\u00eancia de An\u00e1lise e Instru\u00e7\u00e3o Processual&hellip;<\/p>\n","category_list":"","author_info":{"name":"yancarvalho","url":"https:\/\/portal.pi.gov.br\/sesapi\/author\/yancarvalho\/"},"comments_num":"0 coment\u00e1rio","featured_image_urls_v2":{"full":"","thumbnail":"","medium":"","medium_large":"","large":"","sgg-420":"","sgg-540":"","sgg-780":"","1536x1536":"","2048x2048":"","homepage-slider":"","homepage-slider-small":"","page-top":"","page-small":"","loop-main":"","thumb-gallery-widget":""},"post_excerpt_stackable_v2":"<p>A Diretoria de Vigil\u00e2ncia Sanit\u00e1ria do Estado tem como objetivo promover a prote\u00e7\u00e3o da sa\u00fade da popula\u00e7\u00e3o pelo controle sanit\u00e1rio da produ\u00e7\u00e3o e da comercializa\u00e7\u00e3o de produtos e servi\u00e7os de todo o Estado. Em sua atua\u00e7\u00e3o, ela fiscaliza medicamentos, alimentos, hemoter\u00e1picos, sangue e derivados, cosm\u00e9ticos, saneantes, agrot\u00f3xicos e produtos utilizados como instrumentos de diagn\u00f3sticos de laborat\u00f3rio, equipamentos e material m\u00e9dico-hospitalar e odontol\u00f3gico. Atua tamb\u00e9m em saneamento b\u00e1sico, nos agravos a sa\u00fade do trabalhador, no Controle das Informa\u00e7\u00f5es Toxicol\u00f3gicas e Controle de Infec\u00e7\u00f5es Hospitalares (CIH). A DIVISA trabalha com quatro ger\u00eancias estaduais e suas coordena\u00e7\u00f5es. Ger\u00eancia de An\u00e1lise e Instru\u00e7\u00e3o Processual&hellip;<\/p>\n","category_list_v2":"","author_info_v2":{"name":"yancarvalho","url":"https:\/\/portal.pi.gov.br\/sesapi\/author\/yancarvalho\/"},"comments_num_v2":"0 coment\u00e1rio","_links":{"self":[{"href":"https:\/\/portal.pi.gov.br\/sesapi\/wp-json\/wp\/v2\/pages\/1031"}],"collection":[{"href":"https:\/\/portal.pi.gov.br\/sesapi\/wp-json\/wp\/v2\/pages"}],"about":[{"href":"https:\/\/portal.pi.gov.br\/sesapi\/wp-json\/wp\/v2\/types\/page"}],"author":[{"embeddable":true,"href":"https:\/\/portal.pi.gov.br\/sesapi\/wp-json\/wp\/v2\/users\/1798"}],"replies":[{"embeddable":true,"href":"https:\/\/portal.pi.gov.br\/sesapi\/wp-json\/wp\/v2\/comments?post=1031"}],"version-history":[{"count":8,"href":"https:\/\/portal.pi.gov.br\/sesapi\/wp-json\/wp\/v2\/pages\/1031\/revisions"}],"predecessor-version":[{"id":2003,"href":"https:\/\/portal.pi.gov.br\/sesapi\/wp-json\/wp\/v2\/pages\/1031\/revisions\/2003"}],"wp:attachment":[{"href":"https:\/\/portal.pi.gov.br\/sesapi\/wp-json\/wp\/v2\/media?parent=1031"}],"curies":[{"name":"wp","href":"https:\/\/api.w.org\/{rel}","templated":true}]}}