{"id":1075,"date":"2024-10-09T11:28:12","date_gmt":"2024-10-09T14:28:12","guid":{"rendered":"https:\/\/portal.pi.gov.br\/sesapi\/?page_id=1075"},"modified":"2026-03-30T18:49:07","modified_gmt":"2026-03-30T21:49:07","slug":"notas-e-avisos-importantes","status":"publish","type":"page","link":"https:\/\/portal.pi.gov.br\/sesapi\/notas-e-avisos-importantes\/","title":{"rendered":"Notas e Avisos Importantes"},"content":{"rendered":"\n<p><a rel=\"noreferrer noopener\" href=\"https:\/\/portal.pi.gov.br\/sesapi\/wp-content\/uploads\/sites\/101\/2026\/03\/DIA-D-VACINAC\u0327A\u0303O.pdf\" target=\"_blank\">DIA D INFLUENZA MUNIC\u00cdPIOS PIAU\u00cd<\/a> 2026<\/p>\n\n\n\n<hr class=\"wp-block-separator has-alpha-channel-opacity\" \/>\n\n\n\n<p><a rel=\"noreferrer noopener\" href=\"https:\/\/portal.pi.gov.br\/sesapi\/wp-content\/uploads\/sites\/101\/2026\/03\/estrategia-de-vacinacao-contra-a-influenza-nas-regioes-nordeste-centro-oeste-sul-e-sudeste-2026.pdf\" target=\"_blank\">ESTRAT\u00c9GIA DA VACINA\u00c7\u00c3O CONTRA A INFLUENZA NAS REGI\u00d5ES NORDESTE, CENTRO-OESTE, SUL E SUDESTE<\/a> -2026<\/p>\n\n\n\n<hr class=\"wp-block-separator has-alpha-channel-opacity\" \/>\n\n\n\n<p><a href=\"https:\/\/portal.pi.gov.br\/sesapi\/wp-content\/uploads\/sites\/101\/2026\/03\/PUBLICACAO_JUSTIFICATIVA_FDVRG.pdf\">JUSTIFICATIVA T\u00c9CNICA DISPENSA DA REALIZA\u00c7\u00c3O DE CHAMAMENTO P\u00daBLICO DOS<br>RECURSOS ORIUNDOS DE EMENDAS PARLAMENTARES n\u00ba 01\/2026<\/a><\/p>\n\n\n\n<hr class=\"wp-block-separator has-alpha-channel-opacity\" \/>\n\n\n\n<p><a rel=\"noreferrer noopener\" href=\"https:\/\/portal.pi.gov.br\/sesapi\/wp-content\/uploads\/sites\/101\/2026\/02\/Documentos-Micoses-2026.pdf\" target=\"_blank\">DOCUMENTOS MICOSES 2026 &#8211; VIGIL\u00c2NCIA E FLUXO DE PACIENTES<\/a><\/p>\n\n\n\n<hr class=\"wp-block-separator has-alpha-channel-opacity\" \/>\n\n\n\n<p><a href=\"https:\/\/portal.pi.gov.br\/sesapi\/wp-content\/uploads\/sites\/101\/2025\/12\/SEI_GOV-PI-0021711254-Justificativa.pdf\" target=\"_blank\" rel=\"noreferrer noopener\">JUSTIFICATIVA T\u00c9CNICA DISPENSA DA REALIZA\u00c7\u00c3O DE CHAMAMENTO P\u00daBLICO DOS RECURSOS<br>ORIUNDOS DE EMENDAS PARLAMENTARES n\u00ba 03\/2025<\/a><\/p>\n\n\n\n<hr class=\"wp-block-separator has-alpha-channel-opacity\" \/>\n\n\n\n<p><a href=\"https:\/\/portal.pi.gov.br\/sesapi\/notas-e-avisos-importantes\/\">Cartilha Projeto Integrador na APS<\/a><\/p>\n\n\n\n<hr class=\"wp-block-separator has-alpha-channel-opacity\" \/>\n\n\n\n<p><\/p>\n\n\n\n<p>&#8211;<a href=\"https:\/\/portal.pi.gov.br\/sesapi\/wp-content\/uploads\/sites\/101\/2025\/12\/SEI_0021566792_Justificativa_7.pdf\" target=\"_blank\" rel=\"noreferrer noopener\">JUSTIFICATIVA T\u00c9CNICA DISPENSA DA REALIZA\u00c7\u00c3O DE CHAMAMENTO P\u00daBLICO DOS RECURSOS ORIUNDOS DE EMENDAS PARLAMENTARES n\u00ba 02\/2025<\/a><\/p>\n\n\n\n<hr class=\"wp-block-separator has-alpha-channel-opacity\" \/>\n\n\n\n<p><a rel=\"noreferrer noopener\" href=\"https:\/\/portal.pi.gov.br\/sesapi\/wp-content\/uploads\/sites\/101\/2025\/11\/Politica-de-Privacidade-da-CENTRAL-DE-REGULACAO-PI-\u2013-SESAPI.pdf\" target=\"_blank\">-Pol\u00edtica de Privacidade da Central de Regula\u00e7\u00e3o;<\/a><br><br>&#8211;<a href=\"https:\/\/portal.pi.gov.br\/sesapi\/wp-content\/uploads\/sites\/101\/2025\/11\/Termos_de_Uso_da_CENTRAL_DE_REGULACAO_PI___SESAPI_pdf.pdf\" target=\"_blank\" rel=\"noreferrer noopener\">Termos de Uso da Central de Regula\u00e7\u00e3o<\/a>;<\/p>\n\n\n\n<hr class=\"wp-block-separator has-alpha-channel-opacity\" \/>\n\n\n\n<p><strong>LINHA DE CUIDADO DA HANSEN\u00cdASE E TUBERCULOSE:<\/strong><\/p>\n\n\n\n<p><strong><a href=\"https:\/\/portal.pi.gov.br\/sesapi\/wp-content\/uploads\/sites\/101\/2025\/10\/LINHAS-DE-CUIDADO-DA-HANSENIASE-E-TUBERCULOSE-Versao-14-10-2025-v2.pdf\">Linhas de Cuidado da Hansen\u00edase e Tuberculose:<\/a><\/strong><\/p>\n\n\n\n<hr class=\"wp-block-separator has-alpha-channel-opacity\" \/>\n\n\n\n<p><a rel=\"noreferrer noopener\" href=\"https:\/\/portal.pi.gov.br\/sesapi\/wp-content\/uploads\/sites\/101\/2025\/08\/RESULTADO-FINAL-EDITAL-002-2025-PPSUS-8a-Ed.pdf\" target=\"_blank\">Resultado Final Edital 02\/2025 &#8211; 8\u00b0 edi\u00e7\u00e3o do PPSUS\/PI<\/a><\/p>\n\n\n\n<hr class=\"wp-block-separator has-alpha-channel-opacity\" \/>\n\n\n\n<p><a href=\"https:\/\/portal.pi.gov.br\/sesapi\/wp-content\/uploads\/sites\/101\/2025\/07\/Resolucao-459.2025-1.pdf\">Composi\u00e7\u00e3o da Coordenacao e do Grupo Condutor da RAPDC<\/a><\/p>\n\n\n\n<p><a href=\"https:\/\/portal.pi.gov.br\/sesapi\/wp-content\/uploads\/sites\/101\/2025\/07\/Comite-do-Microplanejamento-Estadual.pdf\"><strong>Comit\u00ea Estadual de Microplanejamento para acompanhar as Atividades de Vacina\u00e7\u00e3o de Alta Qualidade (AVAQ)<\/strong><\/a><\/p>\n\n\n\n<p><a rel=\"noreferrer noopener\" href=\"https:\/\/portal.pi.gov.br\/sesapi\/wp-content\/uploads\/sites\/101\/2025\/07\/Justificativa-Tecnica-de-Dispensa-de-Chamamento-Publica-no-01-2025-ASA.pdf\" target=\"_blank\"><strong>JUSTIFICATIVA T\u00c9CNICA DISPENSA DA REALIZA\u00c7\u00c3O DE CHAMAMENTO P\u00daBLICO DOS<br>RECURSOS ORIUNDOS DE EMENDAS PARLAMENTARES n\u00ba 01\/2025-GECON\/SESAPI<\/strong><\/a> (PUBLICADO 07\/07\/2025)<\/p>\n\n\n\n<hr class=\"wp-block-separator has-alpha-channel-opacity\" \/>\n\n\n\n<p><strong>Edital 05\/2025 para sele\u00e7\u00e3o de tutores de apoio para Curso de Especializa\u00e7\u00e3o em Preceptoria para Educa\u00e7\u00e3o Profissional em Sa\u00fade<\/strong><\/p>\n\n\n\n<ul>\n<li><a href=\"https:\/\/portal.pi.gov.br\/sesapi\/wp-content\/uploads\/sites\/101\/2025\/05\/EDITAL-005_2025-Selec\u0327a\u0303o-Tutores-de-Apoio-a\u0300-Aprendizagem-EdProfSUS_-Versa\u0303o-FINAL.pdf\" target=\"_blank\" rel=\"noreferrer noopener\">Edital 05\/2025<\/a>:<\/li>\n<\/ul>\n\n\n\n<hr class=\"wp-block-separator has-alpha-channel-opacity\" \/>\n\n\n\n<p><strong>Apresenta\u00e7\u00f5es PDF F\u00f3rum de Hansen\u00edase e Tuberculoses:<\/strong><\/p>\n\n\n\n<p>&#8211;<a href=\"https:\/\/portal.pi.gov.br\/sesapi\/wp-content\/uploads\/sites\/101\/2025\/05\/Apresentacoes-Forum-HANS-e-TB.pdf\" target=\"_blank\" rel=\"noreferrer noopener\">Apresenta\u00e7\u00f5es<\/a>;<\/p>\n\n\n\n<hr class=\"wp-block-separator has-alpha-channel-opacity\" \/>\n\n\n\n<p><\/p>\n\n\n\n<p><strong>PLANO ESTADUAL DE PREVEN\u00c7\u00c3O DA GRAVIDEZ NA ADOLESC\u00caNCIA:<\/strong><\/p>\n\n\n\n<p>&#8211;<a href=\"https:\/\/portal.pi.gov.br\/sesapi\/wp-content\/uploads\/sites\/101\/2025\/04\/PLANO-ESTADUAL-DE-PREVENCAO-DA-GRAVIDEZ-NA-ADOLESCENCIA.pdf\" target=\"_blank\" rel=\"noreferrer noopener\">Plano Estadual<\/a>;<\/p>\n\n\n\n<hr class=\"wp-block-separator has-alpha-channel-opacity\" \/>\n\n\n\n<p><strong>APRESENTA\u00c7\u00c3O EPIDEMIOLOGIA TUBERCULOSE<\/strong>:<br>&#8211;<a href=\"https:\/\/portal.pi.gov.br\/sesapi\/wp-content\/uploads\/sites\/101\/2025\/04\/ApresentacaoEpidemiologia-TB-PI.pdf\" target=\"_blank\" rel=\"noreferrer noopener\">Apresenta\u00e7\u00e3o PDF Tuberculose<\/a>;<\/p>\n\n\n\n<p><strong><br>DOCUMENTO DE REFER\u00caNCIA DE TUBERCULOSE 2025<\/strong>:<\/p>\n\n\n\n<ul>\n<li> <a rel=\"noreferrer noopener\" href=\"https:\/\/portal.pi.gov.br\/sesapi\/wp-content\/uploads\/sites\/101\/2025\/03\/Documento_de_Referencia_TB_2025.pdf\" target=\"_blank\">https:\/\/portal.pi.gov.br\/sesapi\/wp-content\/uploads\/sites\/101\/2025\/03\/Documento_de_Referencia_TB_2025.pdf<\/a><\/li>\n<\/ul>\n\n\n\n<p><\/p>\n\n\n\n<hr class=\"wp-block-separator has-alpha-channel-opacity\" \/>\n\n\n\n<p><\/p>\n\n\n\n<ul>\n<li><a rel=\"noreferrer noopener\" href=\"https:\/\/portal.pi.gov.br\/sesapi\/wp-content\/uploads\/sites\/101\/2025\/01\/JUSTIFICATIVA-PARA-INEXIGIBILIDADE-DO-CHAMAMENTO-PUBLICO.pdf\" data-type=\"URL\" data-id=\"https:\/\/portal.pi.gov.br\/sesapi\/wp-content\/uploads\/sites\/101\/2025\/01\/JUSTIFICATIVA-PARA-INEXIGIBILIDADE-DO-CHAMAMENTO-PUBLICO.pdf\" target=\"_blank\">Justificativa Para Inexigibilidade do Chamamento P\u00fablico 01\/2025<\/a><\/li>\n<\/ul>\n\n\n\n<ul>\n<li><a href=\"https:\/\/portal.pi.gov.br\/sesapi\/wp-content\/uploads\/sites\/101\/2025\/01\/VERSAO-OFICIAL-PLANO-ESTADUAL-DE-ATENCAO-INTEGRAL-A-SAUDE-DA-PESSOA-IDOSA.pdf\" target=\"_blank\" rel=\"noreferrer noopener\">Plano Estadual de Aten\u00e7\u00e3o Integral \u00e0 Sa\u00fade da Pessoa Idosa e Linha de Cuidado Integral \u00e0 Sa\u00fade da Pessoa<\/a><br><br><\/li>\n<\/ul>\n\n\n\n<hr class=\"wp-block-separator has-alpha-channel-opacity\" \/>\n\n\n\n<p><strong>PRIMEIRA CONVOCA\u00c7\u00c3O PARA MATR\u00cdCULA \u2013 PROCESSO SELETIVO PARA RESID\u00caNCIA M\u00c9DICA 2025<\/strong><\/p>\n\n\n\n<ul>\n<li><a rel=\"noreferrer noopener\" href=\"https:\/\/portal.pi.gov.br\/sesapi\/wp-content\/uploads\/sites\/101\/2025\/02\/Primeira-Convocacao-para-Matricula-\u2013-Processo-Seletivo-para-Residencia-Medica-2025-1.pdf\" target=\"_blank\">Primeira Convoca\u00e7\u00e3o para Matr\u00edcula \u2013 Processo Seletivo para Resid\u00eancia M\u00e9dica 2025<\/a><\/li>\n\n\n\n<li><a rel=\"noreferrer noopener\" href=\"https:\/\/portal.pi.gov.br\/sesapi\/wp-content\/uploads\/sites\/101\/2025\/02\/Lista-de-Convocados-Processo-Seletivo-de-Residencias-Medicas-de-2025-1.pdf\" target=\"_blank\">Lista de Classificados -Processo Seletivo de Resid\u00eancias M\u00e9dicas de 2025<\/a><\/li>\n<\/ul>\n","protected":false},"excerpt":{"rendered":"<p>DIA D INFLUENZA MUNIC\u00cdPIOS PIAU\u00cd 2026 ESTRAT\u00c9GIA DA VACINA\u00c7\u00c3O CONTRA A INFLUENZA NAS REGI\u00d5ES NORDESTE, CENTRO-OESTE, SUL E SUDESTE -2026 JUSTIFICATIVA T\u00c9CNICA DISPENSA DA REALIZA\u00c7\u00c3O DE CHAMAMENTO P\u00daBLICO DOSRECURSOS ORIUNDOS [&hellip;]<\/p>\n","protected":false},"author":1814,"featured_media":0,"parent":0,"menu_order":0,"comment_status":"closed","ping_status":"closed","template":"template-fullwidth.php","meta":[],"featured_image_urls":{"full":"","thumbnail":"","medium":"","medium_large":"","large":"","sgg-420":"","sgg-540":"","sgg-780":"","1536x1536":"","2048x2048":"","homepage-slider":"","homepage-slider-small":"","page-top":"","page-small":"","loop-main":"","thumb-gallery-widget":""},"post_excerpt_stackable":"<p>DIA D INFLUENZA MUNIC\u00cdPIOS PIAU\u00cd 2026 ESTRAT\u00c9GIA DA VACINA\u00c7\u00c3O CONTRA A INFLUENZA NAS REGI\u00d5ES NORDESTE, CENTRO-OESTE, SUL E SUDESTE -2026 JUSTIFICATIVA T\u00c9CNICA DISPENSA DA REALIZA\u00c7\u00c3O DE CHAMAMENTO P\u00daBLICO DOSRECURSOS ORIUNDOS DE EMENDAS PARLAMENTARES n\u00ba 01\/2026 DOCUMENTOS MICOSES 2026 &#8211; VIGIL\u00c2NCIA E FLUXO DE PACIENTES JUSTIFICATIVA T\u00c9CNICA DISPENSA DA REALIZA\u00c7\u00c3O DE CHAMAMENTO P\u00daBLICO DOS RECURSOSORIUNDOS DE EMENDAS PARLAMENTARES n\u00ba 03\/2025 Cartilha Projeto Integrador na APS &#8211;JUSTIFICATIVA T\u00c9CNICA DISPENSA DA REALIZA\u00c7\u00c3O DE CHAMAMENTO P\u00daBLICO DOS RECURSOS ORIUNDOS DE EMENDAS PARLAMENTARES n\u00ba 02\/2025 -Pol\u00edtica de Privacidade da Central de Regula\u00e7\u00e3o;&#8211;Termos de Uso da Central de Regula\u00e7\u00e3o; LINHA DE CUIDADO DA HANSEN\u00cdASE E TUBERCULOSE:&hellip;<\/p>\n","category_list":"","author_info":{"name":"elisangelapegado","url":"https:\/\/portal.pi.gov.br\/sesapi\/author\/elisangelapegado\/"},"comments_num":"0 coment\u00e1rio","featured_image_urls_v2":{"full":"","thumbnail":"","medium":"","medium_large":"","large":"","sgg-420":"","sgg-540":"","sgg-780":"","1536x1536":"","2048x2048":"","homepage-slider":"","homepage-slider-small":"","page-top":"","page-small":"","loop-main":"","thumb-gallery-widget":""},"post_excerpt_stackable_v2":"<p>DIA D INFLUENZA MUNIC\u00cdPIOS PIAU\u00cd 2026 ESTRAT\u00c9GIA DA VACINA\u00c7\u00c3O CONTRA A INFLUENZA NAS REGI\u00d5ES NORDESTE, CENTRO-OESTE, SUL E SUDESTE -2026 JUSTIFICATIVA T\u00c9CNICA DISPENSA DA REALIZA\u00c7\u00c3O DE CHAMAMENTO P\u00daBLICO DOSRECURSOS ORIUNDOS DE EMENDAS PARLAMENTARES n\u00ba 01\/2026 DOCUMENTOS MICOSES 2026 &#8211; VIGIL\u00c2NCIA E FLUXO DE PACIENTES JUSTIFICATIVA T\u00c9CNICA DISPENSA DA REALIZA\u00c7\u00c3O DE CHAMAMENTO P\u00daBLICO DOS RECURSOSORIUNDOS DE EMENDAS PARLAMENTARES n\u00ba 03\/2025 Cartilha Projeto Integrador na APS &#8211;JUSTIFICATIVA T\u00c9CNICA DISPENSA DA REALIZA\u00c7\u00c3O DE CHAMAMENTO P\u00daBLICO DOS RECURSOS ORIUNDOS DE EMENDAS PARLAMENTARES n\u00ba 02\/2025 -Pol\u00edtica de Privacidade da Central de Regula\u00e7\u00e3o;&#8211;Termos de Uso da Central de Regula\u00e7\u00e3o; LINHA DE CUIDADO DA HANSEN\u00cdASE E TUBERCULOSE:&hellip;<\/p>\n","category_list_v2":"","author_info_v2":{"name":"elisangelapegado","url":"https:\/\/portal.pi.gov.br\/sesapi\/author\/elisangelapegado\/"},"comments_num_v2":"0 coment\u00e1rio","_links":{"self":[{"href":"https:\/\/portal.pi.gov.br\/sesapi\/wp-json\/wp\/v2\/pages\/1075"}],"collection":[{"href":"https:\/\/portal.pi.gov.br\/sesapi\/wp-json\/wp\/v2\/pages"}],"about":[{"href":"https:\/\/portal.pi.gov.br\/sesapi\/wp-json\/wp\/v2\/types\/page"}],"author":[{"embeddable":true,"href":"https:\/\/portal.pi.gov.br\/sesapi\/wp-json\/wp\/v2\/users\/1814"}],"replies":[{"embeddable":true,"href":"https:\/\/portal.pi.gov.br\/sesapi\/wp-json\/wp\/v2\/comments?post=1075"}],"version-history":[{"count":43,"href":"https:\/\/portal.pi.gov.br\/sesapi\/wp-json\/wp\/v2\/pages\/1075\/revisions"}],"predecessor-version":[{"id":9703,"href":"https:\/\/portal.pi.gov.br\/sesapi\/wp-json\/wp\/v2\/pages\/1075\/revisions\/9703"}],"wp:attachment":[{"href":"https:\/\/portal.pi.gov.br\/sesapi\/wp-json\/wp\/v2\/media?parent=1075"}],"curies":[{"name":"wp","href":"https:\/\/api.w.org\/{rel}","templated":true}]}}