{"id":1129,"date":"2024-10-09T11:55:51","date_gmt":"2024-10-09T14:55:51","guid":{"rendered":"https:\/\/portal.pi.gov.br\/sesapi\/?page_id=1129"},"modified":"2024-12-16T10:53:57","modified_gmt":"2024-12-16T13:53:57","slug":"credenciamento","status":"publish","type":"page","link":"https:\/\/portal.pi.gov.br\/sesapi\/credenciamento\/","title":{"rendered":"CREDSUS"},"content":{"rendered":"<div class=\"wp-block-image\">\n<figure class=\"aligncenter size-full\"><a href=\"https:\/\/credsus.saude.pi.gov.br\/\"><img decoding=\"async\" loading=\"lazy\" width=\"661\" height=\"199\" src=\"https:\/\/portal.pi.gov.br\/sesapi\/wp-content\/uploads\/sites\/101\/2024\/12\/credsus-1.jpg\" alt=\"\" class=\"wp-image-1680\" srcset=\"https:\/\/portal.pi.gov.br\/sesapi\/wp-content\/uploads\/sites\/101\/2024\/12\/credsus-1.jpg 661w, https:\/\/portal.pi.gov.br\/sesapi\/wp-content\/uploads\/sites\/101\/2024\/12\/credsus-1-300x90.jpg 300w, https:\/\/portal.pi.gov.br\/sesapi\/wp-content\/uploads\/sites\/101\/2024\/12\/credsus-1-420x126.jpg 420w, https:\/\/portal.pi.gov.br\/sesapi\/wp-content\/uploads\/sites\/101\/2024\/12\/credsus-1-540x163.jpg 540w, https:\/\/portal.pi.gov.br\/sesapi\/wp-content\/uploads\/sites\/101\/2024\/12\/credsus-1-624x188.jpg 624w\" sizes=\"(max-width: 661px) 100vw, 661px\" \/><\/a><\/figure><\/div>\n\n\n<p><br>O CredSUS representa um Sistema de Compras por Credenciamento direcionado a fornecedores de bens e servi\u00e7os comuns que possuam uma demanda superior \u00e0 oferta individual.<\/p>\n\n\n\n<p>O sistema auxilia a sa\u00fade a modernizar e otimizar suas opera\u00e7\u00f5es, proporcionando um ambiente mais transparente, eficiente e equitativo no \u00e2mbito das compras p\u00fablicas na \u00e1rea da sa\u00fade. Clique no banner acima e visite a p\u00e1gina do <strong><a href=\"https:\/\/credsus.saude.pi.gov.br\/\">CredSUS<\/a>.<\/strong><\/p>\n","protected":false},"excerpt":{"rendered":"<p>O CredSUS representa um Sistema de Compras por Credenciamento direcionado a fornecedores de bens e servi\u00e7os comuns que possuam uma demanda superior \u00e0 oferta individual. O sistema auxilia a sa\u00fade [&hellip;]<\/p>\n","protected":false},"author":1798,"featured_media":0,"parent":0,"menu_order":0,"comment_status":"closed","ping_status":"closed","template":"template-fullwidth.php","meta":[],"featured_image_urls":{"full":"","thumbnail":"","medium":"","medium_large":"","large":"","sgg-420":"","sgg-540":"","sgg-780":"","1536x1536":"","2048x2048":"","homepage-slider":"","homepage-slider-small":"","page-top":"","page-small":"","loop-main":"","thumb-gallery-widget":""},"post_excerpt_stackable":"<p>O CredSUS representa um Sistema de Compras por Credenciamento direcionado a fornecedores de bens e servi\u00e7os comuns que possuam uma demanda superior \u00e0 oferta individual. O sistema auxilia a sa\u00fade a modernizar e otimizar suas opera\u00e7\u00f5es, proporcionando um ambiente mais transparente, eficiente e equitativo no \u00e2mbito das compras p\u00fablicas na \u00e1rea da sa\u00fade. Clique no banner acima e visite a p\u00e1gina do CredSUS.<\/p>\n","category_list":"","author_info":{"name":"yancarvalho","url":"https:\/\/portal.pi.gov.br\/sesapi\/author\/yancarvalho\/"},"comments_num":"0 coment\u00e1rio","featured_image_urls_v2":{"full":"","thumbnail":"","medium":"","medium_large":"","large":"","sgg-420":"","sgg-540":"","sgg-780":"","1536x1536":"","2048x2048":"","homepage-slider":"","homepage-slider-small":"","page-top":"","page-small":"","loop-main":"","thumb-gallery-widget":""},"post_excerpt_stackable_v2":"<p>O CredSUS representa um Sistema de Compras por Credenciamento direcionado a fornecedores de bens e servi\u00e7os comuns que possuam uma demanda superior \u00e0 oferta individual. O sistema auxilia a sa\u00fade a modernizar e otimizar suas opera\u00e7\u00f5es, proporcionando um ambiente mais transparente, eficiente e equitativo no \u00e2mbito das compras p\u00fablicas na \u00e1rea da sa\u00fade. Clique no banner acima e visite a p\u00e1gina do CredSUS.<\/p>\n","category_list_v2":"","author_info_v2":{"name":"yancarvalho","url":"https:\/\/portal.pi.gov.br\/sesapi\/author\/yancarvalho\/"},"comments_num_v2":"0 coment\u00e1rio","_links":{"self":[{"href":"https:\/\/portal.pi.gov.br\/sesapi\/wp-json\/wp\/v2\/pages\/1129"}],"collection":[{"href":"https:\/\/portal.pi.gov.br\/sesapi\/wp-json\/wp\/v2\/pages"}],"about":[{"href":"https:\/\/portal.pi.gov.br\/sesapi\/wp-json\/wp\/v2\/types\/page"}],"author":[{"embeddable":true,"href":"https:\/\/portal.pi.gov.br\/sesapi\/wp-json\/wp\/v2\/users\/1798"}],"replies":[{"embeddable":true,"href":"https:\/\/portal.pi.gov.br\/sesapi\/wp-json\/wp\/v2\/comments?post=1129"}],"version-history":[{"count":5,"href":"https:\/\/portal.pi.gov.br\/sesapi\/wp-json\/wp\/v2\/pages\/1129\/revisions"}],"predecessor-version":[{"id":1688,"href":"https:\/\/portal.pi.gov.br\/sesapi\/wp-json\/wp\/v2\/pages\/1129\/revisions\/1688"}],"wp:attachment":[{"href":"https:\/\/portal.pi.gov.br\/sesapi\/wp-json\/wp\/v2\/media?parent=1129"}],"curies":[{"name":"wp","href":"https:\/\/api.w.org\/{rel}","templated":true}]}}