{"id":1169,"date":"2024-10-10T12:29:33","date_gmt":"2024-10-10T15:29:33","guid":{"rendered":"https:\/\/portal.pi.gov.br\/sesapi\/?page_id=1169"},"modified":"2026-02-13T10:07:05","modified_gmt":"2026-02-13T13:07:05","slug":"mais-links","status":"publish","type":"page","link":"https:\/\/portal.pi.gov.br\/sesapi\/mais-links\/","title":{"rendered":"Mais Links"},"content":{"rendered":"\n<p><\/p>\n\n\n\n<div class=\"wp-block-stackable-columns stk-block-columns stk-block stk-3d1c022\" data-block-id=\"3d1c022\"><div class=\"stk-row stk-inner-blocks stk-block-content stk-content-align stk-3d1c022-column\">\n<div class=\"wp-block-stackable-column stk-block-column stk-column stk-block stk-f6eeb69\" data-v=\"4\" data-block-id=\"f6eeb69\"><div class=\"stk-column-wrapper stk-block-column__content stk-container stk-f6eeb69-container stk--no-background stk--no-padding\"><div class=\"stk-block-content stk-inner-blocks stk-f6eeb69-inner-blocks\">\n<div class=\"wp-block-stackable-card stk-block-card stk-block stk-bea7dcc is-style-default-2\" data-v=\"2\" data-block-id=\"bea7dcc\"><div class=\"stk--no-padding stk-container stk-bea7dcc-container stk-hover-parent\"><div class=\"stk-container-padding stk-block-card__content\"><div class=\"stk-block-content stk-inner-blocks stk-bea7dcc-inner-blocks\">\n<div class=\"wp-block-stackable-heading aligncenter stk-block-heading stk-block-heading--v2 stk-block stk-79c6153\" id=\"acesse-o-portal-sei\" data-block-id=\"79c6153\"><h2 class=\"stk-block-heading__text has-text-align-center\">Acesse o Portal SEI<\/h2><\/div>\n\n\n\n<div class=\"wp-block-stackable-text stk-block-text stk-block stk-637a162\" data-block-id=\"637a162\"><p class=\"stk-block-text__text\">Clique aqui e tenha acesso a \u00e1rea de login do Portal SEI<\/p><\/div>\n\n\n\n<div class=\"wp-block-stackable-columns alignfull stk-block-columns stk-block stk-5067caa\" data-block-id=\"5067caa\"><style>.stk-5067caa .stk--block-align-5067caa{align-items:center !important}<\/style><div class=\"stk-row stk-inner-blocks stk--block-align-5067caa stk-block-content stk-content-align stk-5067caa-column alignfull\">\n<div class=\"wp-block-stackable-column stk-block-column stk-column stk-block stk-33c0e59\" data-v=\"4\" data-block-id=\"33c0e59\"><style>.stk-33c0e59-container{margin-top:0px !important;margin-right:0px !important;margin-bottom:0px !important;margin-left:0px !important}<\/style><div class=\"stk-column-wrapper stk-block-column__content stk-container stk-33c0e59-container stk--no-background stk--no-padding\"><div class=\"stk-block-content stk-inner-blocks stk-33c0e59-inner-blocks\">\n<div class=\"wp-block-stackable-button-group stk-block-button-group stk-block stk-9daf749\" data-block-id=\"9daf749\"><div class=\"stk-row stk-inner-blocks stk-block-content stk-button-group\">\n<div class=\"wp-block-stackable-button stk-block-button stk-block stk-13f8fd4\" data-block-id=\"13f8fd4\"><a class=\"stk-link stk-button stk--hover-effect-darken\" href=\"https:\/\/sip.pi.gov.br\/sip\/login.php?sigla_orgao_sistema=GOV-PI&amp;sigla_sistema=SEI&amp;infra_url=L3NlaS8=\" target=\"_blank\" rel=\"noreferrer noopener\"><span class=\"stk-button__inner-text\">Acesse aqui<\/span><\/a><\/div>\n<\/div><\/div>\n<\/div><\/div><\/div>\n\n\n\n<div class=\"wp-block-stackable-column stk-block-column stk-column stk-block stk-90db68e\" data-v=\"4\" data-block-id=\"90db68e\"><style>.stk-90db68e-container{margin-top:0px !important;margin-right:0px !important;margin-bottom:0px !important;margin-left:0px !important}<\/style><div class=\"stk-column-wrapper stk-block-column__content stk-container stk-90db68e-container stk--no-background stk--no-padding\"><div class=\"stk-block-content stk-inner-blocks stk-90db68e-inner-blocks\">\n<div class=\"wp-block-stackable-button-group stk-block-button-group stk-block stk-df96d69\" data-block-id=\"df96d69\"><div class=\"stk-row stk-inner-blocks has-text-align-right stk-block-content stk-button-group\">\n<div class=\"wp-block-stackable-icon-button stk-block-icon-button stk-block stk-5864823 is-style-plain\" data-block-id=\"5864823\"><style>.stk-5864823 .stk-button{background:transparent !important}.stk-5864823 .stk-button:hover{background:transparent !important;opacity:1 !important}:where(.stk-hover-parent:hover,.stk-hover-parent.stk--is-hovered) .stk-5864823 .stk-button:after{background:transparent !important;opacity:1 !important}.stk-5864823 .stk-button .stk--inner-svg svg:last-child,.stk-5864823 .stk-button .stk--inner-svg svg:last-child :is(g,path,rect,polygon,ellipse){fill:#D3D3D3 !important}<\/style><a class=\"stk-link stk-button stk--hover-effect-darken\" href=\"\"><span class=\"stk--svg-wrapper\"><div class=\"stk--inner-svg\"><svg data-prefix=\"fas\" data-icon=\"share-alt\" class=\"svg-inline--fa fa-share-alt fa-w-14\" xmlns=\"http:\/\/www.w3.org\/2000\/svg\" viewBox=\"0 0 448 512\" aria-hidden=\"true\" width=\"32\" height=\"32\"><path fill=\"currentColor\" d=\"M352 320c-22.608 0-43.387 7.819-59.79 20.895l-102.486-64.054a96.551 96.551 0 0 0 0-41.683l102.486-64.054C308.613 184.181 329.392 192 352 192c53.019 0 96-42.981 96-96S405.019 0 352 0s-96 42.981-96 96c0 7.158.79 14.13 2.276 20.841L155.79 180.895C139.387 167.819 118.608 160 96 160c-53.019 0-96 42.981-96 96s42.981 96 96 96c22.608 0 43.387-7.819 59.79-20.895l102.486 64.054A96.301 96.301 0 0 0 256 416c0 53.019 42.981 96 96 96s96-42.981 96-96-42.981-96-96-96z\"><\/path><\/svg><\/div><\/span><\/a><\/div>\n\n\n\n<div class=\"wp-block-stackable-icon-button stk-block-icon-button stk-block stk-085d3c9 is-style-plain\" data-block-id=\"085d3c9\"><style>.stk-085d3c9 .stk-button{background:transparent !important}.stk-085d3c9 .stk-button:hover{background:transparent !important;opacity:1 !important}:where(.stk-hover-parent:hover,.stk-hover-parent.stk--is-hovered) .stk-085d3c9 .stk-button:after{background:transparent !important;opacity:1 !important}.stk-085d3c9 .stk-button .stk--inner-svg svg:last-child,.stk-085d3c9 .stk-button .stk--inner-svg svg:last-child :is(g,path,rect,polygon,ellipse){fill:#D3D3D3 !important}<\/style><a class=\"stk-link stk-button stk--hover-effect-darken\" href=\"\"><span class=\"stk--svg-wrapper\"><div class=\"stk--inner-svg\"><svg data-prefix=\"fab\" data-icon=\"facebook-f\" class=\"svg-inline--fa fa-facebook-f fa-w-10\" xmlns=\"http:\/\/www.w3.org\/2000\/svg\" viewBox=\"0 0 320 512\" aria-hidden=\"true\" width=\"32\" height=\"32\"><path fill=\"currentColor\" d=\"M279.14 288l14.22-92.66h-88.91v-60.13c0-25.35 12.42-50.06 52.24-50.06h40.42V6.26S260.43 0 225.36 0c-73.22 0-121.08 44.38-121.08 124.72v70.62H22.89V288h81.39v224h100.17V288z\"><\/path><\/svg><\/div><\/span><\/a><\/div>\n<\/div><\/div>\n<\/div><\/div><\/div>\n<\/div><\/div>\n<\/div><\/div><\/div><\/div>\n<\/div><\/div><\/div>\n\n\n\n<div class=\"wp-block-stackable-column stk-block-column stk-column stk-block stk-3a904fa\" data-v=\"4\" data-block-id=\"3a904fa\"><div class=\"stk-column-wrapper stk-block-column__content stk-container stk-3a904fa-container stk--no-background stk--no-padding\"><div class=\"stk-block-content stk-inner-blocks stk-3a904fa-inner-blocks\">\n<div class=\"wp-block-stackable-card stk-block-card stk-block stk-1d2b37a is-style-default-2\" data-v=\"2\" data-block-id=\"1d2b37a\"><div class=\"stk--no-padding stk-container stk-1d2b37a-container stk-hover-parent\"><div class=\"stk-container-padding stk-block-card__content\"><div class=\"stk-block-content stk-inner-blocks has-text-align-center stk-1d2b37a-inner-blocks\">\n<div class=\"wp-block-stackable-heading stk-block-heading stk-block-heading--v2 stk-block stk-714ed5a\" id=\"confirmacao-de-consultas\" data-block-id=\"714ed5a\"><h2 class=\"stk-block-heading__text has-text-align-center\">Confirma\u00e7\u00e3o de consultas<\/h2><\/div>\n\n\n\n<p class=\"has-text-align-center\">Confirma\u00e7\u00e3o de agendamentos de consultas m\u00e9dicas e exames na rede estadual de sa\u00fade via Regula Piau\u00ed<\/p>\n\n\n\n<div class=\"wp-block-stackable-columns alignfull stk-block-columns stk-block stk-dd07116\" data-block-id=\"dd07116\"><style>.stk-dd07116 .stk--block-align-dd07116{align-items:center !important}<\/style><div class=\"stk-row stk-inner-blocks stk--block-align-dd07116 stk-block-content stk-content-align stk-dd07116-column alignfull\">\n<div class=\"wp-block-stackable-column stk-block-column stk-column stk-block stk-eb31dc4\" data-v=\"4\" data-block-id=\"eb31dc4\"><style>.stk-eb31dc4-container{margin-top:0px !important;margin-right:0px !important;margin-bottom:0px !important;margin-left:0px !important}<\/style><div class=\"stk-column-wrapper stk-block-column__content stk-container stk-eb31dc4-container stk--no-background stk--no-padding\"><div class=\"stk-block-content stk-inner-blocks stk-eb31dc4-inner-blocks\">\n<div class=\"wp-block-stackable-button-group stk-block-button-group stk-block stk-8924635\" data-block-id=\"8924635\"><div class=\"stk-row stk-inner-blocks stk-block-content stk-button-group\">\n<div class=\"wp-block-stackable-button stk-block-button stk-block stk-9f2a51c\" data-block-id=\"9f2a51c\"><a class=\"stk-link stk-button stk--hover-effect-darken\" href=\"https:\/\/app.sesapi.pi.gov.br\/regulapiauicidadao\/scheduling\" target=\"_blank\" rel=\"noreferrer noopener\"><span class=\"stk-button__inner-text\">Acesse aqui<\/span><\/a><\/div>\n<\/div><\/div>\n<\/div><\/div><\/div>\n\n\n\n<div class=\"wp-block-stackable-column stk-block-column stk-column stk-block stk-b83ba6c\" data-v=\"4\" data-block-id=\"b83ba6c\"><style>.stk-b83ba6c-container{margin-top:0px !important;margin-right:0px !important;margin-bottom:0px !important;margin-left:0px !important}<\/style><div class=\"stk-column-wrapper stk-block-column__content stk-container stk-b83ba6c-container stk--no-background stk--no-padding\"><div class=\"stk-block-content stk-inner-blocks stk-b83ba6c-inner-blocks\">\n<div class=\"wp-block-stackable-button-group stk-block-button-group stk-block stk-98fe706\" data-block-id=\"98fe706\"><div class=\"stk-row stk-inner-blocks has-text-align-right stk-block-content stk-button-group\">\n<div class=\"wp-block-stackable-icon-button stk-block-icon-button stk-block stk-4383cbd is-style-plain\" data-block-id=\"4383cbd\"><style>.stk-4383cbd .stk-button{background:transparent !important}.stk-4383cbd .stk-button:hover{background:transparent !important;opacity:1 !important}:where(.stk-hover-parent:hover,.stk-hover-parent.stk--is-hovered) .stk-4383cbd .stk-button:after{background:transparent !important;opacity:1 !important}.stk-4383cbd .stk-button .stk--inner-svg svg:last-child,.stk-4383cbd .stk-button .stk--inner-svg svg:last-child :is(g,path,rect,polygon,ellipse){fill:#D3D3D3 !important}<\/style><a class=\"stk-link stk-button stk--hover-effect-darken\" href=\"\"><span class=\"stk--svg-wrapper\"><div class=\"stk--inner-svg\"><svg data-prefix=\"fas\" data-icon=\"share-alt\" class=\"svg-inline--fa fa-share-alt fa-w-14\" xmlns=\"http:\/\/www.w3.org\/2000\/svg\" viewBox=\"0 0 448 512\" aria-hidden=\"true\" width=\"32\" height=\"32\"><path fill=\"currentColor\" d=\"M352 320c-22.608 0-43.387 7.819-59.79 20.895l-102.486-64.054a96.551 96.551 0 0 0 0-41.683l102.486-64.054C308.613 184.181 329.392 192 352 192c53.019 0 96-42.981 96-96S405.019 0 352 0s-96 42.981-96 96c0 7.158.79 14.13 2.276 20.841L155.79 180.895C139.387 167.819 118.608 160 96 160c-53.019 0-96 42.981-96 96s42.981 96 96 96c22.608 0 43.387-7.819 59.79-20.895l102.486 64.054A96.301 96.301 0 0 0 256 416c0 53.019 42.981 96 96 96s96-42.981 96-96-42.981-96-96-96z\"><\/path><\/svg><\/div><\/span><\/a><\/div>\n\n\n\n<div class=\"wp-block-stackable-icon-button stk-block-icon-button stk-block stk-40f3cae is-style-plain\" data-block-id=\"40f3cae\"><style>.stk-40f3cae .stk-button{background:transparent !important}.stk-40f3cae .stk-button:hover{background:transparent !important;opacity:1 !important}:where(.stk-hover-parent:hover,.stk-hover-parent.stk--is-hovered) .stk-40f3cae .stk-button:after{background:transparent !important;opacity:1 !important}.stk-40f3cae .stk-button .stk--inner-svg svg:last-child,.stk-40f3cae .stk-button .stk--inner-svg svg:last-child :is(g,path,rect,polygon,ellipse){fill:#D3D3D3 !important}<\/style><a class=\"stk-link stk-button stk--hover-effect-darken\" href=\"\"><span class=\"stk--svg-wrapper\"><div class=\"stk--inner-svg\"><svg data-prefix=\"fab\" data-icon=\"facebook-f\" class=\"svg-inline--fa fa-facebook-f fa-w-10\" xmlns=\"http:\/\/www.w3.org\/2000\/svg\" viewBox=\"0 0 320 512\" aria-hidden=\"true\" width=\"32\" height=\"32\"><path fill=\"currentColor\" d=\"M279.14 288l14.22-92.66h-88.91v-60.13c0-25.35 12.42-50.06 52.24-50.06h40.42V6.26S260.43 0 225.36 0c-73.22 0-121.08 44.38-121.08 124.72v70.62H22.89V288h81.39v224h100.17V288z\"><\/path><\/svg><\/div><\/span><\/a><\/div>\n<\/div><\/div>\n<\/div><\/div><\/div>\n<\/div><\/div>\n<\/div><\/div><\/div><\/div>\n<\/div><\/div><\/div>\n\n\n\n<div class=\"wp-block-stackable-column stk-block-column stk-column stk-block stk-cd57263 is-style-default-2\" data-v=\"4\" data-block-id=\"cd57263\"><div class=\"stk-column-wrapper stk-block-column__content stk-container stk-cd57263-container stk--no-background stk--no-padding\"><div class=\"stk-block-content stk-inner-blocks stk-cd57263-inner-blocks\">\n<div class=\"wp-block-stackable-card stk-block-card stk-block stk-dea2a34 is-style-default\" data-v=\"2\" data-block-id=\"dea2a34\"><div class=\"stk--no-padding stk-container stk-dea2a34-container stk-hover-parent\"><div class=\"stk-container-padding stk-block-card__content\"><div class=\"stk-block-content stk-inner-blocks stk-dea2a34-inner-blocks\">\n<div class=\"wp-block-stackable-heading stk-block-heading stk-block-heading--v2 stk-block stk-9f1fbaf\" id=\"suporte\" data-block-id=\"9f1fbaf\"><h2 class=\"stk-block-heading__text\">SUPORTE<\/h2><\/div>\n\n\n\n<div class=\"wp-block-stackable-subtitle stk-block-subtitle stk-block stk-bccca27\" data-block-id=\"bccca27\"><p class=\"stk-block-subtitle__text stk-subtitle\">FA\u00c7A AQUI SEU CHAMADO<br>Instituido pela Portaria N\u00ba 2.351, de 11 de maio de 2022.<\/p><\/div>\n\n\n\n<div class=\"wp-block-stackable-button-group stk-block-button-group stk-block stk-32b1a00\" data-block-id=\"32b1a00\"><div class=\"stk-row stk-inner-blocks stk-block-content stk-button-group\">\n<div class=\"wp-block-stackable-button stk-block-button stk-block stk-9e3c957\" data-block-id=\"9e3c957\"><a class=\"stk-link stk-button stk--hover-effect-darken\" href=\"https:\/\/suporte.sesapi.pi.gov.br\/index.php?noAUTO=1\"><span class=\"stk-button__inner-text\">CLIQUE AQUI<\/span><\/a><\/div>\n<\/div><\/div>\n<\/div><\/div><\/div><\/div>\n<\/div><\/div><\/div>\n<\/div><\/div>\n\n\n\n<div class=\"wp-block-stackable-columns stk-block-columns stk-block stk-92d9203\" data-block-id=\"92d9203\"><div class=\"stk-row stk-inner-blocks stk-block-content stk-content-align stk-92d9203-column\">\n<div class=\"wp-block-stackable-column stk-block-column stk-column stk-block stk-5778b90\" data-v=\"4\" data-block-id=\"5778b90\"><div class=\"stk-column-wrapper stk-block-column__content stk-container stk-5778b90-container stk--no-background stk--no-padding\"><div class=\"stk-block-content stk-inner-blocks stk-5778b90-inner-blocks\"><\/div><\/div><\/div>\n\n\n\n<div class=\"wp-block-stackable-column stk-block-column stk-column stk-block stk-c11c417\" data-v=\"4\" data-block-id=\"c11c417\"><div class=\"stk-column-wrapper stk-block-column__content stk-container stk-c11c417-container stk--no-background stk--no-padding\"><div class=\"stk-block-content stk-inner-blocks stk-c11c417-inner-blocks\"><\/div><\/div><\/div>\n\n\n\n<div class=\"wp-block-stackable-column stk-block-column stk-column stk-block stk-adb296b\" data-v=\"4\" data-block-id=\"adb296b\"><div class=\"stk-column-wrapper stk-block-column__content stk-container stk-adb296b-container stk--no-background stk--no-padding\"><div class=\"stk-block-content stk-inner-blocks stk-adb296b-inner-blocks\"><\/div><\/div><\/div>\n<\/div><\/div>\n\n\n\n<div class=\"wp-block-stackable-columns stk-block-columns stk-block stk-24a577d\" data-block-id=\"24a577d\"><div class=\"stk-row stk-inner-blocks stk-block-content stk-content-align stk-24a577d-column\">\n<div class=\"wp-block-stackable-column stk-block-column stk-column stk-block stk-37050cc\" data-v=\"4\" data-block-id=\"37050cc\"><div class=\"stk-column-wrapper stk-block-column__content stk-container stk-37050cc-container stk--no-background stk--no-padding\"><div class=\"stk-block-content stk-inner-blocks stk-37050cc-inner-blocks\">\n<div class=\"wp-block-stackable-columns stk-block-columns stk-block stk-e4efa64\" data-block-id=\"e4efa64\"><div class=\"stk-row stk-inner-blocks stk-block-content stk-content-align stk-e4efa64-column\"><\/div><\/div>\n<\/div><\/div><\/div>\n<\/div><\/div>\n\n\n\n<div class=\"wp-block-stackable-columns stk-block-columns stk-block stk-2092d2f\" data-block-id=\"2092d2f\"><div class=\"stk-row stk-inner-blocks stk-block-content stk-content-align stk-2092d2f-column\">\n<div class=\"wp-block-stackable-column stk-block-column stk-column stk-block stk-3616b0f\" data-v=\"4\" data-block-id=\"3616b0f\"><div class=\"stk-column-wrapper stk-block-column__content stk-container stk-3616b0f-container stk--no-background stk--no-padding\"><div class=\"stk-block-content stk-inner-blocks stk-3616b0f-inner-blocks\">\n<div class=\"wp-block-stackable-columns stk-block-columns stk-block stk-bf01396\" data-block-id=\"bf01396\"><div class=\"stk-row stk-inner-blocks stk-block-content stk-content-align stk-bf01396-column\">\n<div class=\"wp-block-stackable-column stk-block-column stk-column stk-block stk-509eba3\" data-v=\"4\" data-block-id=\"509eba3\"><div class=\"stk-column-wrapper stk-block-column__content stk-container stk-509eba3-container stk--no-background stk--no-padding\"><div class=\"stk-block-content stk-inner-blocks stk-509eba3-inner-blocks\"><\/div><\/div><\/div>\n\n\n\n<div class=\"wp-block-stackable-column stk-block-column stk-column stk-block stk-c0abb22\" data-v=\"4\" data-block-id=\"c0abb22\"><div class=\"stk-column-wrapper stk-block-column__content stk-container stk-c0abb22-container stk--no-background stk--no-padding\"><div class=\"stk-block-content stk-inner-blocks stk-c0abb22-inner-blocks\"><\/div><\/div><\/div>\n\n\n\n<div class=\"wp-block-stackable-column stk-block-column stk-column stk-block stk-8930468\" data-v=\"4\" data-block-id=\"8930468\"><div class=\"stk-column-wrapper stk-block-column__content stk-container stk-8930468-container stk--no-background stk--no-padding\"><div class=\"stk-block-content stk-inner-blocks stk-8930468-inner-blocks\"><\/div><\/div><\/div>\n<\/div><\/div>\n<\/div><\/div><\/div>\n<\/div><\/div>\n","protected":false},"excerpt":{"rendered":"<p>Acesse o Portal SEI Clique aqui e tenha acesso a \u00e1rea de login do Portal SEI Acesse aqui Confirma\u00e7\u00e3o de consultas Confirma\u00e7\u00e3o de agendamentos de consultas m\u00e9dicas e exames na [&hellip;]<\/p>\n","protected":false},"author":1798,"featured_media":0,"parent":0,"menu_order":0,"comment_status":"closed","ping_status":"closed","template":"template-fullwidth.php","meta":[],"featured_image_urls":{"full":"","thumbnail":"","medium":"","medium_large":"","large":"","sgg-420":"","sgg-540":"","sgg-780":"","1536x1536":"","2048x2048":"","homepage-slider":"","homepage-slider-small":"","page-top":"","page-small":"","loop-main":"","thumb-gallery-widget":""},"post_excerpt_stackable":"<p>Acesse o Portal SEI Clique aqui e tenha acesso a \u00e1rea de login do Portal SEI Acesse aqui Confirma\u00e7\u00e3o de consultas Confirma\u00e7\u00e3o de agendamentos de consultas m\u00e9dicas e exames na rede estadual de sa\u00fade via Regula Piau\u00ed Acesse aqui SUPORTE FA\u00c7A AQUI SEU CHAMADOInstituido pela Portaria N\u00ba 2.351, de 11 de maio de 2022. CLIQUE AQUI<\/p>\n","category_list":"","author_info":{"name":"yancarvalho","url":"https:\/\/portal.pi.gov.br\/sesapi\/author\/yancarvalho\/"},"comments_num":"0 coment\u00e1rio","featured_image_urls_v2":{"full":"","thumbnail":"","medium":"","medium_large":"","large":"","sgg-420":"","sgg-540":"","sgg-780":"","1536x1536":"","2048x2048":"","homepage-slider":"","homepage-slider-small":"","page-top":"","page-small":"","loop-main":"","thumb-gallery-widget":""},"post_excerpt_stackable_v2":"<p>Acesse o Portal SEI Clique aqui e tenha acesso a \u00e1rea de login do Portal SEI Acesse aqui Confirma\u00e7\u00e3o de consultas Confirma\u00e7\u00e3o de agendamentos de consultas m\u00e9dicas e exames na rede estadual de sa\u00fade via Regula Piau\u00ed Acesse aqui SUPORTE FA\u00c7A AQUI SEU CHAMADOInstituido pela Portaria N\u00ba 2.351, de 11 de maio de 2022. CLIQUE AQUI<\/p>\n","category_list_v2":"","author_info_v2":{"name":"yancarvalho","url":"https:\/\/portal.pi.gov.br\/sesapi\/author\/yancarvalho\/"},"comments_num_v2":"0 coment\u00e1rio","_links":{"self":[{"href":"https:\/\/portal.pi.gov.br\/sesapi\/wp-json\/wp\/v2\/pages\/1169"}],"collection":[{"href":"https:\/\/portal.pi.gov.br\/sesapi\/wp-json\/wp\/v2\/pages"}],"about":[{"href":"https:\/\/portal.pi.gov.br\/sesapi\/wp-json\/wp\/v2\/types\/page"}],"author":[{"embeddable":true,"href":"https:\/\/portal.pi.gov.br\/sesapi\/wp-json\/wp\/v2\/users\/1798"}],"replies":[{"embeddable":true,"href":"https:\/\/portal.pi.gov.br\/sesapi\/wp-json\/wp\/v2\/comments?post=1169"}],"version-history":[{"count":25,"href":"https:\/\/portal.pi.gov.br\/sesapi\/wp-json\/wp\/v2\/pages\/1169\/revisions"}],"predecessor-version":[{"id":8958,"href":"https:\/\/portal.pi.gov.br\/sesapi\/wp-json\/wp\/v2\/pages\/1169\/revisions\/8958"}],"wp:attachment":[{"href":"https:\/\/portal.pi.gov.br\/sesapi\/wp-json\/wp\/v2\/media?parent=1169"}],"curies":[{"name":"wp","href":"https:\/\/api.w.org\/{rel}","templated":true}]}}