{"id":2646,"date":"2025-02-20T11:11:40","date_gmt":"2025-02-20T14:11:40","guid":{"rendered":"https:\/\/portal.pi.gov.br\/sesapi\/?page_id=2646"},"modified":"2026-01-14T17:56:47","modified_gmt":"2026-01-14T20:56:47","slug":"conselho-estadual-de-saude-ces-pi","status":"publish","type":"page","link":"https:\/\/portal.pi.gov.br\/sesapi\/conselho-estadual-de-saude-ces-pi\/","title":{"rendered":"Conselho Estadual de Sa\u00fade (CES-PI)"},"content":{"rendered":"<div class=\"wp-block-image\">\n<figure class=\"aligncenter size-full\"><img decoding=\"async\" loading=\"lazy\" width=\"584\" height=\"530\" src=\"https:\/\/portal.pi.gov.br\/sesapi\/wp-content\/uploads\/sites\/101\/2026\/01\/WhatsApp-Image-2026-01-14-at-17.30.24.jpeg\" alt=\"\" class=\"wp-image-8505\" srcset=\"https:\/\/portal.pi.gov.br\/sesapi\/wp-content\/uploads\/sites\/101\/2026\/01\/WhatsApp-Image-2026-01-14-at-17.30.24.jpeg 584w, https:\/\/portal.pi.gov.br\/sesapi\/wp-content\/uploads\/sites\/101\/2026\/01\/WhatsApp-Image-2026-01-14-at-17.30.24-300x272.jpeg 300w, https:\/\/portal.pi.gov.br\/sesapi\/wp-content\/uploads\/sites\/101\/2026\/01\/WhatsApp-Image-2026-01-14-at-17.30.24-420x381.jpeg 420w, https:\/\/portal.pi.gov.br\/sesapi\/wp-content\/uploads\/sites\/101\/2026\/01\/WhatsApp-Image-2026-01-14-at-17.30.24-540x490.jpeg 540w\" sizes=\"(max-width: 584px) 100vw, 584px\" \/><\/figure><\/div>\n\n\n<p>O Conselho Estadual de Sa\u00fade do Piau\u00ed \u2013 CES-PI, institu\u00eddo pela Lei Estadual N 4.539, de 22 de dezembro de 1992, e atualizado pela Lei Estadual N\u00ba 6.036, de 17 de dezembro de 2010, \u00e9 um \u00f3rg\u00e3o colegiado de car\u00e1ter permanente e deliberativo, consultivo e fiscalizador das a\u00e7\u00f5es e servi\u00e7os de sa\u00fade no \u00e2mbito do SUS e integrante da estrutura da Secretaria de Estado da Sa\u00fade do Piau\u00ed, na forma do Inciso VIII do Artigo 46 da Lei N\u00ba 4.382, de 27 de mar\u00e7o de 1991, e em conformidade com as Leis Federais do SUS de N\u00ba 8.080, de 19 de setembro de 1990, e a Lei de N\u00ba 8.142, de 28 de dezembro de 1990 e Decreto Federal N\u00ba 7.508, de 28 de junho de 2011, tem por finalidade atuar na formula\u00e7\u00e3o, acompanhamento, controle e avalia\u00e7\u00e3o das Pol\u00edticas de Sa\u00fade no Estado do Piau\u00ed, inclusive nos seus aspectos econ\u00f4micos e financeiros, em conformidade com as compet\u00eancias definidas na legisla\u00e7\u00e3o vigente.<\/p>\n\n\n\n<p><strong>Miss\u00e3o:&nbsp;<\/strong>O CES-PI tem como miss\u00e3o fiscalizar e acompanhar o monitoramento das pol\u00edticas p\u00fablicas de sa\u00fade do Estado do Piau\u00ed.<\/p>\n\n\n\n<p><strong>CES-PI&nbsp;organiza\u00e7\u00e3o:<\/strong><\/p>\n\n\n\n<p>I \u2013 PLEN\u00c1RIO;<\/p>\n\n\n\n<p>II \u2013 MESA DIRETORA;<\/p>\n\n\n\n<p>III \u2013 COMISS\u00d5ES;<\/p>\n\n\n\n<p>IV \u2013 SECRETARIA EXECUTIVA.<\/p>\n\n\n\n<p><strong>Composi\u00e7\u00e3o do CES-PI<\/strong><\/p>\n\n\n\n<p>Em obedi\u00eancia ao disposto na Lei Federal N\u00ba 8.142\/90 referente \u00e0 paridade, na Resolu\u00e7\u00e3o\/CNS N\u00ba 453 de 10 de maio de 2012 e referenciada pela Lei Estadual N\u00ba 6.036 de 17 de dezembro de 2010 em seu Art. 2, as vagas dos Conselheiros s\u00e3o distribu\u00eddas da seguinte forma: &nbsp;50% de entidades de usu\u00e1rios; &nbsp;25% de entidades dos trabalhadores de sa\u00fade; 25% de representa\u00e7\u00e3o do governo, de prestadores de servi\u00e7os privados conveniados ao SUS e de prestadores de servi\u00e7os sem fins lucrativos (filantr\u00f3pico).<\/p>\n\n\n\n<p>De acordo com as especificidades locais e com o princ\u00edpio da paridade, o CES-PI tem a seguinte composi\u00e7\u00e3o:<\/p>\n\n\n\n<p>I \u2013 16 (dezesseis) representantes do segmento de usu\u00e1rios do SUS;<\/p>\n\n\n\n<p>II \u2013 08 (oito) representantes do segmento de trabalhadores do SUS;<\/p>\n\n\n\n<p>III \u2013 08 (oito) representantes do segmento dos gestores\/ prestadores do SUS. Quatro e quatro.<\/p>\n\n\n\n<p><strong>Mesa Diretora- Bi\u00eanio 2026-2027:<\/strong><\/p>\n\n\n\n<ul>\n<li><strong>Presidente:<\/strong> J\u00falio Ara\u00fajo Silva<\/li>\n\n\n\n<li> <strong>Vice-Presidente:<\/strong> Let\u00edcia de Oliveira Evangelista<\/li>\n\n\n\n<li> <strong>Secret\u00e1rio Geral:<\/strong> Dot\u00e9 Thiago Soares Leit\u00e3o<\/li>\n\n\n\n<li> <strong>Secret\u00e1ria Adjunta:<\/strong> Maria da Concei\u00e7\u00e3o Mendes Pereira<\/li>\n<\/ul>\n\n\n\n<p><strong>Endere\u00e7o<\/strong>:&nbsp;<\/p>\n\n\n\n<p>Rua Coelho Rodrigues, 1535, Centro, Teresina- PI, CEP 64000-080<\/p>\n\n\n\n<p><strong>Contatos:<\/strong><\/p>\n\n\n\n<p><strong>E-mail principal:<\/strong> cespi@saude.pi.gov.br<br><strong>E-mail alternativo:<\/strong> cespi.piaui@gmail.com<br><strong>Contato Secretaria Executiva:<\/strong> (86) 99557-4761<\/p>\n\n\n\n<p><strong>Horario de Atendimento:<\/strong>&nbsp;08&nbsp;\u00e0s 17 horas<\/p>\n\n\n\n<p><strong>\u00a0<u><a href=\"https:\/\/portal.pi.gov.br\/sesapi\/wp-content\/uploads\/sites\/101\/2026\/01\/Regimento-Interno-do-CES-PI-2024-Resolucao-06-2024.pdf\" target=\"_blank\" rel=\"noreferrer noopener\">Regimento Interno<\/a><\/u><\/strong><\/p>\n","protected":false},"excerpt":{"rendered":"<p>O Conselho Estadual de Sa\u00fade do Piau\u00ed \u2013 CES-PI, institu\u00eddo pela Lei Estadual N 4.539, de 22 de dezembro de 1992, e atualizado pela Lei Estadual N\u00ba 6.036, de 17 [&hellip;]<\/p>\n","protected":false},"author":1808,"featured_media":0,"parent":0,"menu_order":0,"comment_status":"closed","ping_status":"closed","template":"","meta":[],"featured_image_urls":{"full":"","thumbnail":"","medium":"","medium_large":"","large":"","sgg-420":"","sgg-540":"","sgg-780":"","1536x1536":"","2048x2048":"","homepage-slider":"","homepage-slider-small":"","page-top":"","page-small":"","loop-main":"","thumb-gallery-widget":""},"post_excerpt_stackable":"<p>O Conselho Estadual de Sa\u00fade do Piau\u00ed \u2013 CES-PI, institu\u00eddo pela Lei Estadual N 4.539, de 22 de dezembro de 1992, e atualizado pela Lei Estadual N\u00ba 6.036, de 17 de dezembro de 2010, \u00e9 um \u00f3rg\u00e3o colegiado de car\u00e1ter permanente e deliberativo, consultivo e fiscalizador das a\u00e7\u00f5es e servi\u00e7os de sa\u00fade no \u00e2mbito do SUS e integrante da estrutura da Secretaria de Estado da Sa\u00fade do Piau\u00ed, na forma do Inciso VIII do Artigo 46 da Lei N\u00ba 4.382, de 27 de mar\u00e7o de 1991, e em conformidade com as Leis Federais do SUS de N\u00ba 8.080, de 19&hellip;<\/p>\n","category_list":"","author_info":{"name":"herlonpereira","url":"https:\/\/portal.pi.gov.br\/sesapi\/author\/herlonpereira\/"},"comments_num":"0 coment\u00e1rio","featured_image_urls_v2":{"full":"","thumbnail":"","medium":"","medium_large":"","large":"","sgg-420":"","sgg-540":"","sgg-780":"","1536x1536":"","2048x2048":"","homepage-slider":"","homepage-slider-small":"","page-top":"","page-small":"","loop-main":"","thumb-gallery-widget":""},"post_excerpt_stackable_v2":"<p>O Conselho Estadual de Sa\u00fade do Piau\u00ed \u2013 CES-PI, institu\u00eddo pela Lei Estadual N 4.539, de 22 de dezembro de 1992, e atualizado pela Lei Estadual N\u00ba 6.036, de 17 de dezembro de 2010, \u00e9 um \u00f3rg\u00e3o colegiado de car\u00e1ter permanente e deliberativo, consultivo e fiscalizador das a\u00e7\u00f5es e servi\u00e7os de sa\u00fade no \u00e2mbito do SUS e integrante da estrutura da Secretaria de Estado da Sa\u00fade do Piau\u00ed, na forma do Inciso VIII do Artigo 46 da Lei N\u00ba 4.382, de 27 de mar\u00e7o de 1991, e em conformidade com as Leis Federais do SUS de N\u00ba 8.080, de 19&hellip;<\/p>\n","category_list_v2":"","author_info_v2":{"name":"herlonpereira","url":"https:\/\/portal.pi.gov.br\/sesapi\/author\/herlonpereira\/"},"comments_num_v2":"0 coment\u00e1rio","_links":{"self":[{"href":"https:\/\/portal.pi.gov.br\/sesapi\/wp-json\/wp\/v2\/pages\/2646"}],"collection":[{"href":"https:\/\/portal.pi.gov.br\/sesapi\/wp-json\/wp\/v2\/pages"}],"about":[{"href":"https:\/\/portal.pi.gov.br\/sesapi\/wp-json\/wp\/v2\/types\/page"}],"author":[{"embeddable":true,"href":"https:\/\/portal.pi.gov.br\/sesapi\/wp-json\/wp\/v2\/users\/1808"}],"replies":[{"embeddable":true,"href":"https:\/\/portal.pi.gov.br\/sesapi\/wp-json\/wp\/v2\/comments?post=2646"}],"version-history":[{"count":6,"href":"https:\/\/portal.pi.gov.br\/sesapi\/wp-json\/wp\/v2\/pages\/2646\/revisions"}],"predecessor-version":[{"id":8512,"href":"https:\/\/portal.pi.gov.br\/sesapi\/wp-json\/wp\/v2\/pages\/2646\/revisions\/8512"}],"wp:attachment":[{"href":"https:\/\/portal.pi.gov.br\/sesapi\/wp-json\/wp\/v2\/media?parent=2646"}],"curies":[{"name":"wp","href":"https:\/\/api.w.org\/{rel}","templated":true}]}}