{"id":2658,"date":"2025-02-20T11:18:12","date_gmt":"2025-02-20T14:18:12","guid":{"rendered":"https:\/\/portal.pi.gov.br\/sesapi\/?page_id=2658"},"modified":"2025-09-11T14:53:55","modified_gmt":"2025-09-11T17:53:55","slug":"rede-alyne","status":"publish","type":"page","link":"https:\/\/portal.pi.gov.br\/sesapi\/rede-alyne\/","title":{"rendered":"Rede Alyne"},"content":{"rendered":"<div class=\"wp-block-image\">\n<figure class=\"alignleft size-full\"><img decoding=\"async\" loading=\"lazy\" width=\"298\" height=\"214\" src=\"https:\/\/portal.pi.gov.br\/sesapi\/wp-content\/uploads\/sites\/101\/2025\/02\/redecegonha.jpeg\" alt=\"\" class=\"wp-image-2659\" \/><\/figure><\/div>\n\n\n<p>A REDE ALYNE vem sendo modelada desde 2011, \u00e0 \u00e9poca nominada Rede Cegonha, por regi\u00e3o de sa\u00fade seguindo as normativas da Portaria 1.459, de 24 de junho de 2011 ,Portaria de Consolida\u00e7\u00e3o n\u00ba 2, de 28 de setembro de 2017, Portaria de Consolida\u00e7\u00e3o n\u00ba 3, de 28 de setembro de 2017, Portaria de Consolida\u00e7\u00e3o n\u00ba 6, de 28 de setembro de 2017, Portaria SAS\/MS n\u00ba 650, de 5 de outubro de 2011, RDC ANVISA n\u00ba 36, de 03 de junho de 2008, RDC ANVISA n\u00ba 171, de 04 de setembro de 2006, RDC ANVISA n\u00ba 50, de 21 de fevereiro de 2002.<\/p>\n\n\n\n<p>O Minist\u00e9rio da Sa\u00fade publicou, em setembro de 2024 uma atualiza\u00e7\u00e3o da Rede Materna e Infantil no Brasil por meio da Portaria n\u00ba 5.350\/2024, que altera o anexo II da Portaria de Consolida\u00e7\u00e3o n\u00ba 3\/2017. Essa atualiza\u00e7\u00e3o institui a Rede Alyne no \u00e2mbito do Sistema \u00danico de Sa\u00fade (SUS), como uma reestrutura\u00e7\u00e3o da antiga Rede Cegonha<\/p>\n\n\n\n<p>A Rede Alyne organiza-se a partir dos seguintes componentes: I &#8211; pr\u00e9-natal; II &#8211; parto e nascimento; III &#8211; puerp\u00e9rio e aten\u00e7\u00e3o integral \u00e0 sa\u00fade da crian\u00e7a; IV &#8211; sistema log\u00edstico; V &#8211; sistema de apoio; e VI &#8211; sistema de governan\u00e7a.&#8221; (NR)<\/p>\n\n\n\n<hr class=\"wp-block-separator has-alpha-channel-opacity\" \/>\n\n\n\n<p><strong>S\u00e3o objetivos da Rede Alyne:<\/strong><\/p>\n\n\n\n<p>\uf0b7 Garantir aten\u00e7\u00e3o humanizada e de qualidade \u00e0 gestante, parturiente, pu\u00e9rpera e ao rec\u00e9m-nascido e \u00e0 crian\u00e7a;<\/p>\n\n\n\n<p>\uf0b7 Reduzir a morbimortalidade materna e infantil, com \u00eanfase no componente neonatal, sobretudo da popula\u00e7\u00e3o negra e ind\u00edgena;<\/p>\n\n\n\n<p>\uf0b7 Ampliar o acesso aos servi\u00e7os de sa\u00fade reprodutiva, incluindo planejamento familiar e m\u00e9todos contraceptivos;<\/p>\n\n\n\n<p>\uf0b7 Fortalecer a rede de cuidados obst\u00e9tricos e neonatais em todo o pa\u00eds.<\/p>\n\n\n\n<p>\uf0b7 Promover a articula\u00e7\u00e3o entre os diferentes n\u00edveis de aten\u00e7\u00e3o \u00e0 sa\u00fade, desde a aten\u00e7\u00e3o b\u00e1sica at\u00e9 a alta complexidade.<\/p>\n\n\n\n<p>As mudan\u00e7as propostas visam melhorar o acesso aos servi\u00e7os de sa\u00fade para gestantes e pu\u00e9rperas, rec\u00e9m-nascidos e crian\u00e7as at\u00e9 24 meses, com \u00eanfase na humaniza\u00e7\u00e3o do parto e no acompanhamento integral da mulher durante todo o ciclo grav\u00eddico-puerperal, considerando as iniquidades \u00e9tnicos raciais.<\/p>\n\n\n\n<p>A Rede Alyne traz definiu novos princ\u00edpios referentes \u00e0 amplia\u00e7\u00e3o do direito da mulher a acompanhante, das pessoas em situa\u00e7\u00e3o de rua e \u00e0 ado\u00e7\u00e3o de pr\u00e1ticas baseadas em evid\u00eancias cient\u00edficas; disp\u00f5e tamb\u00e9m sobre a organiza\u00e7\u00e3o da Rede em conson\u00e2ncia com o Planejamento Regional Integrado- PRI com a\u00e7\u00f5es em 6 (seis )componentes .<\/p>\n\n\n\n<p>Outras inova\u00e7\u00f5es apresentadas pela Rede Alyne foram, no Componente Pr\u00e9-natal, a inclus\u00e3o de tr\u00eas novos exames e recursos de custeio para Ambulat\u00f3rio de Gesta\u00e7\u00e3o e Puerp\u00e9rio de Alto Risco. No componente Parto e Nascimento, incremento no recurso de incentivo para Centro de Parto Normal, amplia\u00e7\u00e3o de leitos de UTI com foco no cuidado materno e nos leitos de alto risco gestacional e aumento no valor de habilita\u00e7\u00e3o regional de leitos para gestante de Alto Risco.<\/p>\n\n\n\n<p>Para Aten\u00e7\u00e3o \u00e0 Sa\u00fade da Crian\u00e7a, as inova\u00e7\u00f5es se referem ao custeio de ambulat\u00f3rio de segmento de rec\u00e9m-nascido egressos de UTIN e da crian\u00e7a, aumento no valor da di\u00e1ria de leitos, valoriza\u00e7\u00e3o do m\u00e9todo canguru, e incremento para a Casa da Gestante, Beb\u00ea e Pu\u00e9rpera e Banco de Leite Humano. S\u00e3o inova\u00e7\u00f5es, ainda, o incentivo financeiro de transporte e regula\u00e7\u00e3o, no sistema log\u00edstico.<\/p>\n\n\n\n<p>Para o monitoramento das a\u00e7\u00f5es da RAS-MI foi criado o Grupo Condutor Estadual da Rede Cegonha por meio da Portaria GAB\/SES N\u00ba 6689, de 01 de Novembro de 2023 o qual definiu alguns indicadores e utilizar\u00e1 outros a serem definidos pelo Minist\u00e9rio da Sa\u00fade.<\/p>\n\n\n\n<hr class=\"wp-block-separator has-alpha-channel-opacity\" \/>\n\n\n\n<p><strong>DOCUMENTOS IMPORTANTES<\/strong>:<\/p>\n\n\n\n<p>&#8211;<a rel=\"noreferrer noopener\" href=\"https:\/\/portal.pi.gov.br\/sesapi\/wp-content\/uploads\/sites\/101\/2025\/02\/Cartilha_sobre_Violencia_Obstetrica.pdf\" target=\"_blank\">Cartilha sobre Viol\u00eancia Obst\u00e9trica;<\/a><\/p>\n\n\n\n<p><a href=\"https:\/\/portal.pi.gov.br\/sesapi\/wp-content\/uploads\/sites\/101\/2025\/08\/A-Nota-Tecnica-Estratificacao-de-Risco-Gestacional-06.05-PI-CIB-1.pdf\" target=\"_blank\" rel=\"noreferrer noopener\">&#8211; A Nota T\u00e9cnica &#8211; Estratifica\u00e7\u00e3o de Risco Gestacional 06.05 PI CIB;<\/a> <\/p>\n\n\n\n<p>&#8211;<a rel=\"noreferrer noopener\" href=\"https:\/\/portal.pi.gov.br\/sesapi\/wp-content\/uploads\/sites\/101\/2025\/02\/PLANO-ESTADUAL-DE-PREVENCAO-DE-GRAVIDEZ-NA-ADOLESCE\u0302NCIA.pdf\" target=\"_blank\">Plano Estadual de Preven\u00e7\u00e3o a Gravidez na Adolesc\u00eancia;<\/a><\/p>\n\n\n\n<p>&#8211;<a href=\"https:\/\/portal.pi.gov.br\/sesapi\/wp-content\/uploads\/sites\/101\/2025\/02\/PORTARIA-N\u00b0-1.153.pdf\" target=\"_blank\" rel=\"noreferrer noopener\">Portaria N\u00ba 1.153;<\/a><\/p>\n\n\n\n<p>&#8211;<a href=\"https:\/\/portal.pi.gov.br\/sesapi\/wp-content\/uploads\/sites\/101\/2025\/02\/Plano-de-Parto-2025.pdf\">Plano de Parto 2025;<\/a><\/p>\n\n\n\n<p>&#8211;<a href=\"https:\/\/portal.pi.gov.br\/sesapi\/wp-content\/uploads\/sites\/101\/2025\/02\/PROTOCOLO_DIU.pdf\" target=\"_blank\" rel=\"noreferrer noopener\">Protocolo DIU;<\/a><\/p>\n\n\n\n<p>&#8211;<a href=\"https:\/\/portal.pi.gov.br\/sesapi\/wp-content\/uploads\/sites\/101\/2025\/02\/PROTOCOLO_PARA_HABILITACAO_E_FUNCIONAMENTO_DO_SERVICO_DE_LAQUEADURA_TUBARIA.pdf\" target=\"_blank\" rel=\"noreferrer noopener\">Protocolo Para Habilita\u00e7\u00e3o e Funcionamento do Servi\u00e7o de Laqueadura Tubarina;<\/a><\/p>\n\n\n\n<p>&#8211;<a href=\"https:\/\/portal.pi.gov.br\/sesapi\/wp-content\/uploads\/sites\/101\/2025\/02\/manual-saips.pdf\" target=\"_blank\" rel=\"noreferrer noopener\">Manual saips;<\/a><\/p>\n\n\n\n<p>&#8211;&nbsp;<a rel=\"noreferrer noopener\" href=\"http:\/\/saude.pi.gov.br\/uploads\/warning_document\/file\/968\/10_PASSOS_do_Cuidado_Obstetrico_para_Redu%C3%A7%C3%A3o_da_Morbimortalidade_Materna.pdf\" target=\"_blank\">10 Passos do Cuidado Obst\u00e9trico para redu\u00e7\u00e3o da morbimortalidade materna;<\/a><br><br><a href=\"https:\/\/portal.pi.gov.br\/sesapi\/wp-content\/uploads\/sites\/101\/2025\/08\/A-Ficha-de-Estratificacao-de-Risco-Gestacional-1.pdf\">-FICHA DE ESTRATIFICA\u00c7\u00c3O DE RISCO GESTACIONAL:<\/a><\/p>\n\n\n\n<p>&#8211;&nbsp;<a rel=\"noreferrer noopener\" href=\"http:\/\/saude.pi.gov.br\/uploads\/warning_document\/file\/972\/Instrutivo_SMCON__1_.pdf\" target=\"_blank\">Instrutivo do Sistema de Monitoramento do Cuidado Obst\u00e9trico e Neonatal;<\/a><\/p>\n\n\n\n<p><a href=\"https:\/\/portal.pi.gov.br\/sesapi\/wp-content\/uploads\/sites\/101\/2025\/08\/MAPA-DE-VINCULACAO-ESTADUAL-CORRETO-APROVADO-POR-RES-456-2025-24-06-25-1.pdf\">-Mapa de Vincula\u00e7\u00e3o;<\/a><\/p>\n\n\n\n<p>&#8211;<a rel=\"noreferrer noopener\" href=\"https:\/\/portal.pi.gov.br\/sesapi\/wp-content\/uploads\/sites\/101\/2025\/02\/PLANO_DE_VINCULACAO_MATERNO_INFANTIL_-26_02_2024-1-versao.pdf\" target=\"_blank\">Plano de Vincula\u00e7\u00e3o Materno Infantil;<\/a><\/p>\n\n\n\n<p><a href=\"https:\/\/portal.pi.gov.br\/sesapi\/wp-content\/uploads\/sites\/101\/2025\/08\/PLANO_DE_VINCULACAO-DA-GESTANTE-AO-LOCAL-DO-PARTO-E-INTERCORRENCIAS-CLINICAS-2a-VERSAO-ANO-2025-1-1.pdf\">-PLANO_DE_VINCULA\u00c7\u00c3O DA GESTANTE AO LOCAL DO PARTO E INTERCORR\u00caNCIAS CL\u00cdNICAS 2\u00aa VERS\u00c3O ANO 2025;<\/a><\/p>\n\n\n\n<p>&#8211; <a href=\"https:\/\/portal.pi.gov.br\/sesapi\/wp-content\/uploads\/sites\/101\/2025\/02\/PORTARIAS-5.350-DE-12-DE-SETEMBRO-DE-2024-REDE-ALYNE-DIRETRIZES.pdf\" target=\"_blank\" rel=\"noreferrer noopener\">PORTARIAS 5.350 DE 12 DE SETEMBRO DE 2024 REDE ALYNE DIRETRIZES;<\/a><\/p>\n\n\n\n<p>&#8211; <a href=\"https:\/\/portal.pi.gov.br\/sesapi\/wp-content\/uploads\/sites\/101\/2025\/02\/Portaria-GM_ms-No-6.220-DE-20-DE-DEZEMBRO-DE-2024-Portaria-GM_ms-No-6.220-DE-20-DE-DEZEMBRO-DE-2024-DOU-Imprensa-Nacional.pdf\" target=\"_blank\" rel=\"noreferrer noopener\">Portaria GM_ms N\u00ba 6.220, DE 20 DE DEZEMBRO DE 2024 &#8211; Portaria GM_ms N\u00ba 6.220, DE 20 DE DEZEMBRO DE 2024;<\/a><\/p>\n\n\n\n<p>&#8211; <a href=\"https:\/\/portal.pi.gov.br\/sesapi\/wp-content\/uploads\/sites\/101\/2025\/02\/PORTARIA-GMMS-No-5.534-DE-21-DE-OUTUBRO-DE-2024-testes-rapidos.pdf\" target=\"_blank\" rel=\"noreferrer noopener\">PORTARIA GMMS N\u00ba 5.534, DE 21 DE OUTUBRO DE 2024 testes r\u00e1pidos;<\/a><\/p>\n\n\n\n<p>&#8211; <a rel=\"noreferrer noopener\" href=\"https:\/\/portal.pi.gov.br\/sesapi\/wp-content\/uploads\/sites\/101\/2025\/02\/PORTARIA-GMMS-No-5.530-DE-21-DE-OUTUBRO-DE-2024-exames-pre-natal.pdf\" target=\"_blank\">PORTARIA GMMS N\u00ba 5.530, DE 21 DE OUTUBRO DE 2024 exames pr\u00e9-natal;<\/a><\/p>\n\n\n\n<p>&#8211; <a rel=\"noreferrer noopener\" href=\"https:\/\/portal.pi.gov.br\/sesapi\/wp-content\/uploads\/sites\/101\/2025\/02\/portaria-5.349-de-12-de-setembro-de-2024-rede-alyne-financiamento.pdf\" target=\"_blank\">PORTARIA 5.349 de 12 de setembro de 2024 rede ALYNE financiamento;<\/a><\/p>\n\n\n\n<p><a href=\"https:\/\/portal.pi.gov.br\/sesapi\/wp-content\/uploads\/sites\/101\/2025\/08\/Resolucao-CIB-428.2025-ESTRATIFICACAO-DE-RISCO.pdf\" target=\"_blank\" rel=\"noreferrer noopener\">&#8211; Resolu\u00e7\u00e3o CIB 428.2025 ESTRATIFICA\u00c7\u00c3O DE RISCO;<\/a><\/p>\n\n\n\n<p>&#8211; <a rel=\"noreferrer noopener\" href=\"https:\/\/portal.pi.gov.br\/sesapi\/wp-content\/uploads\/sites\/101\/2025\/02\/NT-Semana-N.-PrevenA\u0303\u00a7A\u0303o-da-Gravidez-na-AdolescA\u0303ancia-2025.pdf\" target=\"_blank\">Semana Nacional de Preven\u00e7\u00e3o da Gravidez na Adolesc\u00eancia 2025;<\/a><\/p>\n\n\n\n<p><a href=\"https:\/\/portal.pi.gov.br\/sesapi\/wp-content\/uploads\/sites\/101\/2025\/09\/L14737-1-1.pdf\" target=\"_blank\" rel=\"noreferrer noopener\">https:\/\/portal.pi.gov.br\/sesapi\/wp-content\/uploads\/sites\/101\/2025\/09\/L14737-1-1.pdf<\/a> ;<\/p>\n\n\n\n<p><\/p>\n\n\n\n<p><\/p>\n","protected":false},"excerpt":{"rendered":"<p>A REDE ALYNE vem sendo modelada desde 2011, \u00e0 \u00e9poca nominada Rede Cegonha, por regi\u00e3o de sa\u00fade seguindo as normativas da Portaria 1.459, de 24 de junho de 2011 ,Portaria [&hellip;]<\/p>\n","protected":false},"author":1808,"featured_media":0,"parent":0,"menu_order":0,"comment_status":"closed","ping_status":"closed","template":"","meta":[],"featured_image_urls":{"full":"","thumbnail":"","medium":"","medium_large":"","large":"","sgg-420":"","sgg-540":"","sgg-780":"","1536x1536":"","2048x2048":"","homepage-slider":"","homepage-slider-small":"","page-top":"","page-small":"","loop-main":"","thumb-gallery-widget":""},"post_excerpt_stackable":"<p>A REDE ALYNE vem sendo modelada desde 2011, \u00e0 \u00e9poca nominada Rede Cegonha, por regi\u00e3o de sa\u00fade seguindo as normativas da Portaria 1.459, de 24 de junho de 2011 ,Portaria de Consolida\u00e7\u00e3o n\u00ba 2, de 28 de setembro de 2017, Portaria de Consolida\u00e7\u00e3o n\u00ba 3, de 28 de setembro de 2017, Portaria de Consolida\u00e7\u00e3o n\u00ba 6, de 28 de setembro de 2017, Portaria SAS\/MS n\u00ba 650, de 5 de outubro de 2011, RDC ANVISA n\u00ba 36, de 03 de junho de 2008, RDC ANVISA n\u00ba 171, de 04 de setembro de 2006, RDC ANVISA n\u00ba 50, de 21 de fevereiro&hellip;<\/p>\n","category_list":"","author_info":{"name":"herlonpereira","url":"https:\/\/portal.pi.gov.br\/sesapi\/author\/herlonpereira\/"},"comments_num":"0 coment\u00e1rio","featured_image_urls_v2":{"full":"","thumbnail":"","medium":"","medium_large":"","large":"","sgg-420":"","sgg-540":"","sgg-780":"","1536x1536":"","2048x2048":"","homepage-slider":"","homepage-slider-small":"","page-top":"","page-small":"","loop-main":"","thumb-gallery-widget":""},"post_excerpt_stackable_v2":"<p>A REDE ALYNE vem sendo modelada desde 2011, \u00e0 \u00e9poca nominada Rede Cegonha, por regi\u00e3o de sa\u00fade seguindo as normativas da Portaria 1.459, de 24 de junho de 2011 ,Portaria de Consolida\u00e7\u00e3o n\u00ba 2, de 28 de setembro de 2017, Portaria de Consolida\u00e7\u00e3o n\u00ba 3, de 28 de setembro de 2017, Portaria de Consolida\u00e7\u00e3o n\u00ba 6, de 28 de setembro de 2017, Portaria SAS\/MS n\u00ba 650, de 5 de outubro de 2011, RDC ANVISA n\u00ba 36, de 03 de junho de 2008, RDC ANVISA n\u00ba 171, de 04 de setembro de 2006, RDC ANVISA n\u00ba 50, de 21 de fevereiro&hellip;<\/p>\n","category_list_v2":"","author_info_v2":{"name":"herlonpereira","url":"https:\/\/portal.pi.gov.br\/sesapi\/author\/herlonpereira\/"},"comments_num_v2":"0 coment\u00e1rio","_links":{"self":[{"href":"https:\/\/portal.pi.gov.br\/sesapi\/wp-json\/wp\/v2\/pages\/2658"}],"collection":[{"href":"https:\/\/portal.pi.gov.br\/sesapi\/wp-json\/wp\/v2\/pages"}],"about":[{"href":"https:\/\/portal.pi.gov.br\/sesapi\/wp-json\/wp\/v2\/types\/page"}],"author":[{"embeddable":true,"href":"https:\/\/portal.pi.gov.br\/sesapi\/wp-json\/wp\/v2\/users\/1808"}],"replies":[{"embeddable":true,"href":"https:\/\/portal.pi.gov.br\/sesapi\/wp-json\/wp\/v2\/comments?post=2658"}],"version-history":[{"count":28,"href":"https:\/\/portal.pi.gov.br\/sesapi\/wp-json\/wp\/v2\/pages\/2658\/revisions"}],"predecessor-version":[{"id":6154,"href":"https:\/\/portal.pi.gov.br\/sesapi\/wp-json\/wp\/v2\/pages\/2658\/revisions\/6154"}],"wp:attachment":[{"href":"https:\/\/portal.pi.gov.br\/sesapi\/wp-json\/wp\/v2\/media?parent=2658"}],"curies":[{"name":"wp","href":"https:\/\/api.w.org\/{rel}","templated":true}]}}