{"id":4541,"date":"2025-06-16T11:10:23","date_gmt":"2025-06-16T14:10:23","guid":{"rendered":"https:\/\/portal.pi.gov.br\/sesapi\/?page_id=4541"},"modified":"2026-02-12T12:21:25","modified_gmt":"2026-02-12T15:21:25","slug":"rapdc","status":"publish","type":"page","link":"https:\/\/portal.pi.gov.br\/sesapi\/rapdc\/","title":{"rendered":"Rede de Aten\u00e7\u00e3o \u00e0 Sa\u00fade das Pessoas com Doen\u00e7as Cr\u00f4nicas (RAPDC)"},"content":{"rendered":"\n<p>Portaria de Consolida\u00e7\u00e3o N\u00ba 03, Anexo IV, de 03\/10\/2017. Portaria GM\/MS N\u00ba 483 de 01\/04\/2014 Redefine a Rede de Aten\u00e7\u00e3o \u00e0 Sa\u00fade das Pessoas com Doen\u00e7as Cr\u00f4nicas no \u00e2mbito do Sistema \u00danico de Sa\u00fade (SUS) e estabelece diretrizes para a organiza\u00e7\u00e3o das suas linhas de cuidado.<\/p>\n\n\n\n<p> A RASPDC \u00e9 estruturada pelos seguintes componentes: <\/p>\n\n\n\n<p>I &#8211; Aten\u00e7\u00e3o B\u00e1sica;<br>II &#8211; Aten\u00e7\u00e3o Especializada, que se divide em:<br>a) ambulatorial especializado;<br>b) hospitalar;<br>c) urg\u00eancia e emerg\u00eancia;<br>III &#8211; Sistemas de Apoio;<br>IV &#8211; Sistemas Log\u00edsticos;<br>V &#8211; Regula\u00e7\u00e3o;<br>VI \u2013 Governan\u00e7a.<\/p>\n\n\n\n<p>A partir do diagn\u00f3stico situacional do Estado do Piau\u00ed , no perfil epidemiol\u00f3gico foram priorizados na organiza\u00e7\u00e3o da Rede as seguintes linhas de cuidado:<\/p>\n\n\n<div class=\"wp-block-image\">\n<figure class=\"aligncenter size-large\"><img decoding=\"async\" loading=\"lazy\" width=\"1024\" height=\"680\" src=\"https:\/\/portal.pi.gov.br\/sesapi\/wp-content\/uploads\/sites\/101\/2025\/06\/redeimagem-1024x680.jpg\" alt=\"\" class=\"wp-image-4542\" srcset=\"https:\/\/portal.pi.gov.br\/sesapi\/wp-content\/uploads\/sites\/101\/2025\/06\/redeimagem-1024x680.jpg 1024w, https:\/\/portal.pi.gov.br\/sesapi\/wp-content\/uploads\/sites\/101\/2025\/06\/redeimagem-300x199.jpg 300w, https:\/\/portal.pi.gov.br\/sesapi\/wp-content\/uploads\/sites\/101\/2025\/06\/redeimagem-768x510.jpg 768w, https:\/\/portal.pi.gov.br\/sesapi\/wp-content\/uploads\/sites\/101\/2025\/06\/redeimagem-420x279.jpg 420w, https:\/\/portal.pi.gov.br\/sesapi\/wp-content\/uploads\/sites\/101\/2025\/06\/redeimagem-540x358.jpg 540w, https:\/\/portal.pi.gov.br\/sesapi\/wp-content\/uploads\/sites\/101\/2025\/06\/redeimagem-780x518.jpg 780w, https:\/\/portal.pi.gov.br\/sesapi\/wp-content\/uploads\/sites\/101\/2025\/06\/redeimagem-947x628.jpg 947w, https:\/\/portal.pi.gov.br\/sesapi\/wp-content\/uploads\/sites\/101\/2025\/06\/redeimagem-624x414.jpg 624w, https:\/\/portal.pi.gov.br\/sesapi\/wp-content\/uploads\/sites\/101\/2025\/06\/redeimagem-84x56.jpg 84w, https:\/\/portal.pi.gov.br\/sesapi\/wp-content\/uploads\/sites\/101\/2025\/06\/redeimagem.jpg 1079w\" sizes=\"(max-width: 1024px) 100vw, 1024px\" \/><\/figure><\/div>\n\n\n<p><\/p>\n\n\n\n<p>A Rede de Aten\u00e7\u00e3o \u00e0s Pessoas com Doen\u00e7as Cr\u00f4nicas (RAPDC) integra e organiza a aten\u00e7\u00e3o integral \u00e0 sa\u00fade das pessoas com doen\u00e7as cr\u00f4nicas n\u00e3o transmiss\u00edveis (DCNT), como hipertens\u00e3o, diabetes, doen\u00e7a renal cr\u00f4nica , DPOC, Obesidade dentre outras. A SESAPI fortalece essa rede com foco no cuidado cont\u00ednuo, integral e regionalizado.<\/p>\n\n\n\n<p>PLANO DA REDE DE ATEN\u00c7\u00c3O AS PESSOAS COM DOEN\u00c7AS CR\u00d4NICAS DO ESTADO DO PIAU\u00cd &#8211; RAPDC &#8211; <a href=\"https:\/\/portal.pi.gov.br\/sesapi\/wp-content\/uploads\/sites\/101\/2025\/06\/planoRAPDC.pdf\">CLIQUE AQUI<\/a><br><br><a href=\"https:\/\/portal.pi.gov.br\/sesapi\/wp-content\/uploads\/sites\/101\/2025\/11\/Resolucao-459.2025.pdf\"><strong>Resolu\u00e7\u00e3o 459\/2025<\/strong><\/a><\/p>\n\n\n<div class=\"wp-block-image\">\n<figure class=\"aligncenter size-full\"><img decoding=\"async\" loading=\"lazy\" width=\"599\" height=\"481\" src=\"https:\/\/portal.pi.gov.br\/sesapi\/wp-content\/uploads\/sites\/101\/2025\/06\/RAPCSESAPI.jpg\" alt=\"\" class=\"wp-image-4556\" srcset=\"https:\/\/portal.pi.gov.br\/sesapi\/wp-content\/uploads\/sites\/101\/2025\/06\/RAPCSESAPI.jpg 599w, https:\/\/portal.pi.gov.br\/sesapi\/wp-content\/uploads\/sites\/101\/2025\/06\/RAPCSESAPI-300x241.jpg 300w, https:\/\/portal.pi.gov.br\/sesapi\/wp-content\/uploads\/sites\/101\/2025\/06\/RAPCSESAPI-420x337.jpg 420w, https:\/\/portal.pi.gov.br\/sesapi\/wp-content\/uploads\/sites\/101\/2025\/06\/RAPCSESAPI-540x434.jpg 540w\" sizes=\"(max-width: 599px) 100vw, 599px\" \/><\/figure><\/div>\n\n\n<p><strong>Objetivos da RAPDC\/SESAPI.<\/strong><\/p>\n\n\n\n<p>\u27a2 Garantir acesso equitativo e oportuno aos servi\u00e7os de sa\u00fade no Estado.<br>\u27a2 Qualificar o cuidado integral com base em linhas de cuidado e protocolos.<br>\u27a2 Reduzir complica\u00e7\u00f5es evit\u00e1veis, interna\u00e7\u00f5es e \u00f3bitos.<br>\u27a2 Fortalecer a APS e o autocuidado apoiado.<br>\u27a2 Integrar e organizar as RAS- Redes de Aten\u00e7\u00e3o \u00e0 Sa\u00fade no estado do Piau\u00ed.<\/p>\n\n\n\n<p><\/p>\n\n\n\n<p><strong>Linhas de Cuidado Priorit\u00e1rias no Piau\u00ed.<\/strong><\/p>\n\n\n\n<p>\u27a2 Hipertens\u00e3o Arterial Sist\u00eamica.(HA) &#8211; <strong><a href=\"https:\/\/portal.pi.gov.br\/sesapi\/wp-content\/uploads\/sites\/101\/2026\/02\/Protocolo-ERCV-na-Hipertensao-Arterial.pdf\" target=\"_blank\" rel=\"noreferrer noopener\">clique aqui<\/a><\/strong><br>\u27a2 Diabetes Mellitus.(DM) &#8211;<strong> <a href=\"https:\/\/portal.pi.gov.br\/sesapi\/wp-content\/uploads\/sites\/101\/2025\/06\/linhadiabetes.pdf\">clique aqui<\/a><\/strong><br>          <a rel=\"noreferrer noopener\" href=\"https:\/\/portal.pi.gov.br\/sesapi\/wp-content\/uploads\/sites\/101\/2026\/02\/FICHA-AVAL-ESTRAT-RISCO-PE-DM-SESAPI-FINALIZ-25.pdf\" target=\"_blank\"><em>Ficha de Avalia\u00e7\u00e3o da Pessoa com Diabetes (P\u00e9 Diab\u00e9tico)<\/em><\/a><br>&#8211; Linha de Cuidado \u00e0 Pessoa com Diabetes Mellitus e Hipertens\u00e3o Arterial do Piau\u00ed<br>\u27a2 Doen\u00e7a Renal Cr\u00f4nica (DRC). <a href=\"https:\/\/portal.pi.gov.br\/sesapi\/wp-content\/uploads\/sites\/101\/2025\/06\/linhafdoencarenal.pdf\"><strong>clique aqui<\/strong><\/a><br>\u27a2 C\u00e2ncer. (CA) <a href=\"https:\/\/portal.pi.gov.br\/sesapi\/wp-content\/uploads\/sites\/101\/2025\/06\/linhaoncologia.pdf\"><strong>clique aqui<\/strong><\/a><br>          <a href=\"https:\/\/portal.pi.gov.br\/sesapi\/wp-content\/uploads\/sites\/101\/2025\/09\/fichacancer.pdf\"><em>Ficha de Diagn\u00f3stico Inicial do C\u00e2ncer no Estado do Piau\u00ed<\/em><\/a><br>\u27a2 Obesidade e fatores de riscos.<br>\u27a2 Doen\u00e7a Pulmonar Obstrutiva Cr\u00f4nica (DPOC).<br>\u27a2 Sa\u00fade do Idoso com doen\u00e7as cr\u00f4nicas.<strong> <a href=\"https:\/\/portal.pi.gov.br\/sesapi\/wp-content\/uploads\/sites\/101\/2025\/08\/VERSAO_OFICIAL___PLANO_ESTADUAL_DE_ATENCAO_INTEGRAL_A_SAUDE_DA_PESSOA_IDOSA-2-1.pdf\">Clique aqui<\/a><\/strong><br>         <a rel=\"noreferrer noopener\" href=\"https:\/\/portal.pi.gov.br\/sesapi\/wp-content\/uploads\/sites\/101\/2025\/08\/VERSAO_OFICIAL___PLANO_ESTADUAL_DE_ATENCAO_INTEGRAL_A_SAUDE_DA_PESSOA_IDOSA-2-1.pdf\" target=\"_blank\"><em>Plano Estadual de Aten\u00e7\u00e3o Integral \u00e0 Sa\u00fade da Pessoa Idosa<\/em><\/a><br>\u27a2 Tabagismo.<br>\u27a2 Linha de Cuidado: Ansiedade e depress\u00e3o<br>\u27a2 Cuidados Paliativos. <a href=\"https:\/\/portal.pi.gov.br\/sesapi\/wp-content\/uploads\/sites\/101\/2025\/08\/POLITICA-ESTADUAL-DE-CUIDADOS-PALIATIVOS-PUBLICAR.pdf\" data-type=\"URL\" data-id=\"https:\/\/portal.pi.gov.br\/sesapi\/wp-content\/uploads\/sites\/101\/2025\/08\/POLITICA-ESTADUAL-DE-CUIDADOS-PALIATIVOS-PUBLICAR.pdf\"><strong>clique aqui<\/strong><\/a><br>\u27a2 Preven\u00e7\u00e3o de agravos e promo\u00e7\u00e3o da sa\u00fade com foco em fatores de risco.<\/p>\n\n\n\n<p><\/p>\n\n\n\n<p><strong>Estrat\u00e9gias da SESAPI<\/strong><\/p>\n\n\n\n<p>\u27a2 Parametriza\u00e7\u00e3o Estadual, Regional e Municipal das necessidades<br>assistenciais da Rede de aten\u00e7\u00e3o das Pessoas com Doen\u00e7as Cr\u00f4nicas.<br>\u27a2 Parametriza\u00e7\u00e3o por crit\u00e9rios de risco<br>\u27a2 Painel interativo de acompanhamento ,monitoramento e avalia\u00e7\u00e3o da<br>cobertura assistencial<br>\u27a2 Apoio t\u00e9cnico regional e municipal.<br>\u27a2 Capacita\u00e7\u00f5es em linhas de cuidado<br>\u27a2 Avalia\u00e7\u00e3o de metas e indicadores assistenciais.<\/p>\n\n\n\n<p><strong>Ferramentas Dispon\u00edveis<\/strong><\/p>\n\n\n\n<p>\u27a2 Painel RAPDC-CR\u00d4NICAS \/ SESAPI com metas, indicadores por munic\u00edpio e<br>regi\u00e3o de sa\u00fade.<br>\u27a2 Fichas de Monitoramento com alertas e analises por munic\u00edpio.<br>\u27a2 Planos, linhas de cuidados, protocolos e guias de apoio ao cuidado<br>integral.<\/p>\n\n\n\n<iframe loading=\"lazy\" width=\"100%\" height=\"700\" src=\"https:\/\/app.fabric.microsoft.com\/view?r=eyJrIjoiNGY2NjUxZjQtZmQ2My00NGFmLWJkMDUtNzhmZDFlYWQzMzA2IiwidCI6IjQwN2VmYjUxLTM3YTEtNDI5Mi04NWI0LTc1NTc2MjY0YjU5YiJ9\" frameborder=\"0\" allowFullScreen=\"true\"><\/iframe>\n\n\n\n<p><strong>Compromisso da SESAPI<\/strong><\/p>\n\n\n\n<p>A RAPDC reafirma o compromisso com um modelo centrado na pessoa, baseado em evid\u00eancias e resolutivo, promovendo qualidade de vida e equidade em sa\u00fade.<\/p>\n\n\n\n<p><strong>ARQUIVOS DISPONIVEIS<\/strong><\/p>\n\n\n\n<ul>\n<li><a rel=\"noreferrer noopener\" href=\"https:\/\/portal.pi.gov.br\/sesapi\/wp-content\/uploads\/sites\/101\/2025\/08\/Resolucao_336.2024.pdf_Plano_Idoso-2.pdf\" target=\"_blank\">RESOLU\u00c7\u00c3O CIB-PI N\u00ba 336\/2024 &#8211; Plano Idoso<\/a><\/li>\n\n\n\n<li><a href=\"https:\/\/portal.pi.gov.br\/sesapi\/wp-content\/uploads\/sites\/101\/2025\/11\/NOTA-TECNICA-RAPDC.pdf\">NOTA T\u00c9CNICA N\u00ba 3\/2025<\/a><\/li>\n\n\n\n<li><a href=\"https:\/\/portal.pi.gov.br\/sesapi\/wp-content\/uploads\/sites\/101\/2025\/12\/Resolucao-459.2025-1.pdf\">RESOLU\u00c7\u00c3O CIB-PI N\u00ba 459\/2025<\/a><\/li>\n\n\n\n<li><a href=\"https:\/\/acrobat.adobe.com\/id\/urn:aaid:sc:VA6C2:c525f3df-a6de-43f0-9c7a-13970c5baaff?viewer%21megaVerb=group-discover\">RESOLU\u00c7\u00c3O CIB-PI N\u00ba 934\/2025<\/a><\/li>\n\n\n\n<li><a href=\"https:\/\/portal.pi.gov.br\/sesapi\/wp-content\/uploads\/sites\/101\/2025\/12\/Resolucao_009.2025-1.pdf\">RESOLU\u00c7\u00c3O CIB-PI N\u00ba 009\/2025<\/a><\/li>\n\n\n\n<li><a href=\"https:\/\/portal.pi.gov.br\/sesapi\/wp-content\/uploads\/sites\/101\/2025\/12\/Resolucao_233.2024-3.pdf\">RESOLU\u00c7\u00c3O CIB-PI N\u00ba 233\/2024<\/a><\/li>\n\n\n\n<li><a href=\"https:\/\/portal.pi.gov.br\/sesapi\/wp-content\/uploads\/sites\/101\/2025\/12\/Resolucao_234.2024-1.pdf\">RESOLU\u00c7\u00c3O CIB-PI N\u00ba 234\/2024<\/a><\/li>\n\n\n\n<li><a href=\"https:\/\/portal.pi.gov.br\/sesapi\/wp-content\/uploads\/sites\/101\/2025\/12\/Resolucao_241.2024.pdf\">RESOLU\u00c7\u00c3O CIB-PI N\u00ba 241\/2024<\/a><\/li>\n<\/ul>\n\n\n\n<p><\/p>\n\n\n\n<p>Secretaria de Estado da Sa\u00fade do Piau\u00ed \u2013 RAPDC\/ DUCARA\/ SESAPI<br><a href=\"https:\/\/portal.pi.gov.br\/sesapi\/\">https:\/\/portal.pi.gov.br\/sesapi\/<\/a> | Coordena\u00e7\u00e3o RAPDC | coordena\u00e7ao.rapdc@saude.pi.gov.br<\/p>\n","protected":false},"excerpt":{"rendered":"<p>Portaria de Consolida\u00e7\u00e3o N\u00ba 03, Anexo IV, de 03\/10\/2017. Portaria GM\/MS N\u00ba 483 de 01\/04\/2014 Redefine a Rede de Aten\u00e7\u00e3o \u00e0 Sa\u00fade das Pessoas com Doen\u00e7as Cr\u00f4nicas no \u00e2mbito do [&hellip;]<\/p>\n","protected":false},"author":1808,"featured_media":0,"parent":0,"menu_order":0,"comment_status":"closed","ping_status":"closed","template":"","meta":[],"featured_image_urls":{"full":"","thumbnail":"","medium":"","medium_large":"","large":"","sgg-420":"","sgg-540":"","sgg-780":"","1536x1536":"","2048x2048":"","homepage-slider":"","homepage-slider-small":"","page-top":"","page-small":"","loop-main":"","thumb-gallery-widget":""},"post_excerpt_stackable":"<p>Portaria de Consolida\u00e7\u00e3o N\u00ba 03, Anexo IV, de 03\/10\/2017. Portaria GM\/MS N\u00ba 483 de 01\/04\/2014 Redefine a Rede de Aten\u00e7\u00e3o \u00e0 Sa\u00fade das Pessoas com Doen\u00e7as Cr\u00f4nicas no \u00e2mbito do Sistema \u00danico de Sa\u00fade (SUS) e estabelece diretrizes para a organiza\u00e7\u00e3o das suas linhas de cuidado. A RASPDC \u00e9 estruturada pelos seguintes componentes: I &#8211; Aten\u00e7\u00e3o B\u00e1sica;II &#8211; Aten\u00e7\u00e3o Especializada, que se divide em:a) ambulatorial especializado;b) hospitalar;c) urg\u00eancia e emerg\u00eancia;III &#8211; Sistemas de Apoio;IV &#8211; Sistemas Log\u00edsticos;V &#8211; Regula\u00e7\u00e3o;VI \u2013 Governan\u00e7a. A partir do diagn\u00f3stico situacional do Estado do Piau\u00ed , no perfil epidemiol\u00f3gico foram priorizados na organiza\u00e7\u00e3o da Rede&hellip;<\/p>\n","category_list":"","author_info":{"name":"herlonpereira","url":"https:\/\/portal.pi.gov.br\/sesapi\/author\/herlonpereira\/"},"comments_num":"0 coment\u00e1rio","featured_image_urls_v2":{"full":"","thumbnail":"","medium":"","medium_large":"","large":"","sgg-420":"","sgg-540":"","sgg-780":"","1536x1536":"","2048x2048":"","homepage-slider":"","homepage-slider-small":"","page-top":"","page-small":"","loop-main":"","thumb-gallery-widget":""},"post_excerpt_stackable_v2":"<p>Portaria de Consolida\u00e7\u00e3o N\u00ba 03, Anexo IV, de 03\/10\/2017. Portaria GM\/MS N\u00ba 483 de 01\/04\/2014 Redefine a Rede de Aten\u00e7\u00e3o \u00e0 Sa\u00fade das Pessoas com Doen\u00e7as Cr\u00f4nicas no \u00e2mbito do Sistema \u00danico de Sa\u00fade (SUS) e estabelece diretrizes para a organiza\u00e7\u00e3o das suas linhas de cuidado. A RASPDC \u00e9 estruturada pelos seguintes componentes: I &#8211; Aten\u00e7\u00e3o B\u00e1sica;II &#8211; Aten\u00e7\u00e3o Especializada, que se divide em:a) ambulatorial especializado;b) hospitalar;c) urg\u00eancia e emerg\u00eancia;III &#8211; Sistemas de Apoio;IV &#8211; Sistemas Log\u00edsticos;V &#8211; Regula\u00e7\u00e3o;VI \u2013 Governan\u00e7a. A partir do diagn\u00f3stico situacional do Estado do Piau\u00ed , no perfil epidemiol\u00f3gico foram priorizados na organiza\u00e7\u00e3o da Rede&hellip;<\/p>\n","category_list_v2":"","author_info_v2":{"name":"herlonpereira","url":"https:\/\/portal.pi.gov.br\/sesapi\/author\/herlonpereira\/"},"comments_num_v2":"0 coment\u00e1rio","_links":{"self":[{"href":"https:\/\/portal.pi.gov.br\/sesapi\/wp-json\/wp\/v2\/pages\/4541"}],"collection":[{"href":"https:\/\/portal.pi.gov.br\/sesapi\/wp-json\/wp\/v2\/pages"}],"about":[{"href":"https:\/\/portal.pi.gov.br\/sesapi\/wp-json\/wp\/v2\/types\/page"}],"author":[{"embeddable":true,"href":"https:\/\/portal.pi.gov.br\/sesapi\/wp-json\/wp\/v2\/users\/1808"}],"replies":[{"embeddable":true,"href":"https:\/\/portal.pi.gov.br\/sesapi\/wp-json\/wp\/v2\/comments?post=4541"}],"version-history":[{"count":46,"href":"https:\/\/portal.pi.gov.br\/sesapi\/wp-json\/wp\/v2\/pages\/4541\/revisions"}],"predecessor-version":[{"id":8929,"href":"https:\/\/portal.pi.gov.br\/sesapi\/wp-json\/wp\/v2\/pages\/4541\/revisions\/8929"}],"wp:attachment":[{"href":"https:\/\/portal.pi.gov.br\/sesapi\/wp-json\/wp\/v2\/media?parent=4541"}],"curies":[{"name":"wp","href":"https:\/\/api.w.org\/{rel}","templated":true}]}}