{"id":6255,"date":"2025-09-18T10:39:56","date_gmt":"2025-09-18T13:39:56","guid":{"rendered":"https:\/\/portal.pi.gov.br\/sesapi\/?page_id=6255"},"modified":"2026-04-10T11:16:52","modified_gmt":"2026-04-10T14:16:52","slug":"alteracoes-climaticas-e-saude","status":"publish","type":"page","link":"https:\/\/portal.pi.gov.br\/sesapi\/alteracoes-climaticas-e-saude\/","title":{"rendered":"Altera\u00e7\u00f5es Clim\u00e1ticas e Sa\u00fade"},"content":{"rendered":"\n<p><strong>MEDIDAS PARA ADAPTA\u00c7\u00c3O CLIM\u00c1TICA NO PIAU\u00cd<\/strong><br><br><strong>CONDI\u00c7\u00d5ES METEOROL\u00d3GICAS E ALERTAS:<\/strong><br>Em 2024, o Brasil registrou dez eventos clim\u00e1ticos extremos, dos quais tr\u00eas foram classificados como sem precedentes: as enchentes no Rio Grande do Sul, a seca na Amaz\u00f4nia e a onda de calor que atingiu a regi\u00e3o central do pa\u00eds em agosto.<\/p>\n\n\n\n<p>No Piau\u00ed, os efeitos das mudan\u00e7as clim\u00e1ticas t\u00eam se intensificado progressivamente, com riscos mais evidentes como a seca e a consequente escassez de \u00e1gua, as altas temperaturas, a baixa umidade relativa do ar, as queimadas e, em alguns per\u00edodos chuvosos, epis\u00f3dios de alagamento. Esses fen\u00f4menos impactam diretamente a sa\u00fade p\u00fablica, favorecendo a ocorr\u00eancia de doen\u00e7as respirat\u00f3rias, gastrointestinais, infecciosas e de agravos associados ao estresse t\u00e9rmico.<\/p>\n\n\n\n<p>Nesse contexto, a Secretaria de Estado da Sa\u00fade do Piau\u00ed (SESAPI), por meio da Vigil\u00e2ncia em Sa\u00fade Estadual e do Centro de Informa\u00e7\u00f5es Estrat\u00e9gicas em Vigil\u00e2ncia em Sa\u00fade (CIEVS) tem desempenhado papel estrat\u00e9gico no enfrentamento do problema. Entre suas contribui\u00e7\u00f5es destacam-se a participa\u00e7\u00e3o no Plano Estadual de A\u00e7\u00e3o Clim\u00e1tica (PLAC) e no Plano Estadual de Adapta\u00e7\u00e3o do Setor Sa\u00fade \u00e0s Altera\u00e7\u00f5es Clim\u00e1ticas (ADAPTASUSPI), bem como a emiss\u00e3o de alertas de sa\u00fade p\u00fablica sobre os fen\u00f4menos clim\u00e1ticos que possam afetar as regi\u00f5es de sa\u00fade e suas popula\u00e7\u00f5es. Esses alertas s\u00e3o acompanhados de recomenda\u00e7\u00f5es e medidas orientadoras voltadas \u00e0 prote\u00e7\u00e3o das coletividades contra os potenciais efeitos adversos das mudan\u00e7as clim\u00e1ticas.<\/p>\n\n\n\n<div class=\"wp-block-stackable-columns stk-block-columns stk-block stk-e063227\" data-block-id=\"e063227\"><div class=\"stk-row stk-inner-blocks stk-block-content stk-content-align stk-e063227-column\">\n<div class=\"wp-block-stackable-column stk-block-column stk-column stk-block stk-72b2c58\" data-v=\"4\" data-block-id=\"72b2c58\"><div class=\"stk-column-wrapper stk-block-column__content stk-container stk-72b2c58-container stk--no-background stk--no-padding\"><div class=\"stk-block-content stk-inner-blocks stk-72b2c58-inner-blocks\">\n<figure class=\"wp-block-gallery has-nested-images columns-default is-cropped wp-block-gallery-1 is-layout-flex\">\n<figure class=\"wp-block-image size-large\"><a href=\"https:\/\/portal.pi.gov.br\/sesapi\/wp-content\/uploads\/sites\/101\/2026\/04\/PLANO-Estadual-de-Adaptacao-do-Setor-Saude-do-Paui-as-Alteracoes-Climaticas-1.pdf\" target=\"_blank\" rel=\"noreferrer noopener\"><img decoding=\"async\" loading=\"lazy\" width=\"1024\" height=\"1024\" src=\"https:\/\/portal.pi.gov.br\/sesapi\/wp-content\/uploads\/sites\/101\/2026\/03\/WhatsApp-Image-2026-03-23-at-11.52.14-1024x1024.jpeg\" alt=\"\" class=\"wp-image-9515\" srcset=\"https:\/\/portal.pi.gov.br\/sesapi\/wp-content\/uploads\/sites\/101\/2026\/03\/WhatsApp-Image-2026-03-23-at-11.52.14-1024x1024.jpeg 1024w, https:\/\/portal.pi.gov.br\/sesapi\/wp-content\/uploads\/sites\/101\/2026\/03\/WhatsApp-Image-2026-03-23-at-11.52.14-300x300.jpeg 300w, https:\/\/portal.pi.gov.br\/sesapi\/wp-content\/uploads\/sites\/101\/2026\/03\/WhatsApp-Image-2026-03-23-at-11.52.14-150x150.jpeg 150w, https:\/\/portal.pi.gov.br\/sesapi\/wp-content\/uploads\/sites\/101\/2026\/03\/WhatsApp-Image-2026-03-23-at-11.52.14-768x768.jpeg 768w, https:\/\/portal.pi.gov.br\/sesapi\/wp-content\/uploads\/sites\/101\/2026\/03\/WhatsApp-Image-2026-03-23-at-11.52.14-420x420.jpeg 420w, https:\/\/portal.pi.gov.br\/sesapi\/wp-content\/uploads\/sites\/101\/2026\/03\/WhatsApp-Image-2026-03-23-at-11.52.14-540x540.jpeg 540w, https:\/\/portal.pi.gov.br\/sesapi\/wp-content\/uploads\/sites\/101\/2026\/03\/WhatsApp-Image-2026-03-23-at-11.52.14-780x780.jpeg 780w, https:\/\/portal.pi.gov.br\/sesapi\/wp-content\/uploads\/sites\/101\/2026\/03\/WhatsApp-Image-2026-03-23-at-11.52.14-947x947.jpeg 947w, https:\/\/portal.pi.gov.br\/sesapi\/wp-content\/uploads\/sites\/101\/2026\/03\/WhatsApp-Image-2026-03-23-at-11.52.14-624x624.jpeg 624w, https:\/\/portal.pi.gov.br\/sesapi\/wp-content\/uploads\/sites\/101\/2026\/03\/WhatsApp-Image-2026-03-23-at-11.52.14.jpeg 1080w\" sizes=\"(max-width: 1024px) 100vw, 1024px\" \/><\/a><\/figure>\n<\/figure>\n<\/div><\/div><\/div>\n\n\n\n<div class=\"wp-block-stackable-column stk-block-column stk-column stk-block stk-2f6dab4\" data-v=\"4\" data-block-id=\"2f6dab4\"><div class=\"stk-column-wrapper stk-block-column__content stk-container stk-2f6dab4-container stk--no-background stk--no-padding\"><div class=\"stk-block-content stk-inner-blocks stk-2f6dab4-inner-blocks\">\n<figure class=\"wp-block-image size-large\"><a href=\"https:\/\/portal.pi.gov.br\/sesapi\/?page_id=9829\" target=\"_blank\" rel=\"noreferrer noopener\"><img decoding=\"async\" loading=\"lazy\" width=\"1024\" height=\"1024\" src=\"https:\/\/portal.pi.gov.br\/sesapi\/wp-content\/uploads\/sites\/101\/2026\/04\/WhatsApp-Image-2026-04-10-at-10.33.43-1024x1024.jpeg\" alt=\"\" class=\"wp-image-9827\" srcset=\"https:\/\/portal.pi.gov.br\/sesapi\/wp-content\/uploads\/sites\/101\/2026\/04\/WhatsApp-Image-2026-04-10-at-10.33.43-1024x1024.jpeg 1024w, https:\/\/portal.pi.gov.br\/sesapi\/wp-content\/uploads\/sites\/101\/2026\/04\/WhatsApp-Image-2026-04-10-at-10.33.43-300x300.jpeg 300w, https:\/\/portal.pi.gov.br\/sesapi\/wp-content\/uploads\/sites\/101\/2026\/04\/WhatsApp-Image-2026-04-10-at-10.33.43-150x150.jpeg 150w, https:\/\/portal.pi.gov.br\/sesapi\/wp-content\/uploads\/sites\/101\/2026\/04\/WhatsApp-Image-2026-04-10-at-10.33.43-768x768.jpeg 768w, https:\/\/portal.pi.gov.br\/sesapi\/wp-content\/uploads\/sites\/101\/2026\/04\/WhatsApp-Image-2026-04-10-at-10.33.43-420x420.jpeg 420w, https:\/\/portal.pi.gov.br\/sesapi\/wp-content\/uploads\/sites\/101\/2026\/04\/WhatsApp-Image-2026-04-10-at-10.33.43-540x540.jpeg 540w, https:\/\/portal.pi.gov.br\/sesapi\/wp-content\/uploads\/sites\/101\/2026\/04\/WhatsApp-Image-2026-04-10-at-10.33.43-780x780.jpeg 780w, https:\/\/portal.pi.gov.br\/sesapi\/wp-content\/uploads\/sites\/101\/2026\/04\/WhatsApp-Image-2026-04-10-at-10.33.43-947x947.jpeg 947w, https:\/\/portal.pi.gov.br\/sesapi\/wp-content\/uploads\/sites\/101\/2026\/04\/WhatsApp-Image-2026-04-10-at-10.33.43-624x624.jpeg 624w, https:\/\/portal.pi.gov.br\/sesapi\/wp-content\/uploads\/sites\/101\/2026\/04\/WhatsApp-Image-2026-04-10-at-10.33.43.jpeg 1080w\" sizes=\"(max-width: 1024px) 100vw, 1024px\" \/><\/a><\/figure>\n<\/div><\/div><\/div>\n\n\n\n<div class=\"wp-block-stackable-column stk-block-column stk-column stk-block stk-7da30df\" data-v=\"4\" data-block-id=\"7da30df\"><div class=\"stk-column-wrapper stk-block-column__content stk-container stk-7da30df-container stk--no-background stk--no-padding\"><div class=\"stk-block-content stk-inner-blocks stk-7da30df-inner-blocks\"><\/div><\/div><\/div>\n<\/div><\/div>\n\n\n\n<p><\/p>\n\n\n\n<hr class=\"wp-block-separator has-alpha-channel-opacity\" \/>\n\n\n\n<p class=\"has-medium-font-size\"><strong>Arquivos e Alertas<\/strong><\/p>\n\n\n\n<p><\/p>\n\n\n\n<ul>\n<li><a href=\"https:\/\/portal.pi.gov.br\/sesapi\/wp-content\/uploads\/sites\/101\/2026\/04\/PLANO-Estadual-de-Adaptacao-do-Setor-Saude-do-Paui-as-Alteracoes-Climaticas-1.pdf\" target=\"_blank\" rel=\"noreferrer noopener\">Plano Estadual de Adapta\u00e7\u00e3o do Setor da Sa\u00fade \u00e0s Altera\u00e7\u00f5es Clim\u00e1ticas;<\/a><\/li>\n<\/ul>\n","protected":false},"excerpt":{"rendered":"<p>MEDIDAS PARA ADAPTA\u00c7\u00c3O CLIM\u00c1TICA NO PIAU\u00cd CONDI\u00c7\u00d5ES METEOROL\u00d3GICAS E ALERTAS:Em 2024, o Brasil registrou dez eventos clim\u00e1ticos extremos, dos quais tr\u00eas foram classificados como sem precedentes: as enchentes no Rio [&hellip;]<\/p>\n","protected":false},"author":1815,"featured_media":0,"parent":0,"menu_order":3,"comment_status":"closed","ping_status":"closed","template":"","meta":[],"featured_image_urls":{"full":"","thumbnail":"","medium":"","medium_large":"","large":"","sgg-420":"","sgg-540":"","sgg-780":"","1536x1536":"","2048x2048":"","homepage-slider":"","homepage-slider-small":"","page-top":"","page-small":"","loop-main":"","thumb-gallery-widget":""},"post_excerpt_stackable":"<p>MEDIDAS PARA ADAPTA\u00c7\u00c3O CLIM\u00c1TICA NO PIAU\u00cdCONDI\u00c7\u00d5ES METEOROL\u00d3GICAS E ALERTAS:Em 2024, o Brasil registrou dez eventos clim\u00e1ticos extremos, dos quais tr\u00eas foram classificados como sem precedentes: as enchentes no Rio Grande do Sul, a seca na Amaz\u00f4nia e a onda de calor que atingiu a regi\u00e3o central do pa\u00eds em agosto. No Piau\u00ed, os efeitos das mudan\u00e7as clim\u00e1ticas t\u00eam se intensificado progressivamente, com riscos mais evidentes como a seca e a consequente escassez de \u00e1gua, as altas temperaturas, a baixa umidade relativa do ar, as queimadas e, em alguns per\u00edodos chuvosos, epis\u00f3dios de alagamento. Esses fen\u00f4menos impactam diretamente a sa\u00fade p\u00fablica,&hellip;<\/p>\n","category_list":"","author_info":{"name":"joaomarcelo","url":"https:\/\/portal.pi.gov.br\/sesapi\/author\/joaomarcelo\/"},"comments_num":"0 coment\u00e1rio","featured_image_urls_v2":{"full":"","thumbnail":"","medium":"","medium_large":"","large":"","sgg-420":"","sgg-540":"","sgg-780":"","1536x1536":"","2048x2048":"","homepage-slider":"","homepage-slider-small":"","page-top":"","page-small":"","loop-main":"","thumb-gallery-widget":""},"post_excerpt_stackable_v2":"<p>MEDIDAS PARA ADAPTA\u00c7\u00c3O CLIM\u00c1TICA NO PIAU\u00cdCONDI\u00c7\u00d5ES METEOROL\u00d3GICAS E ALERTAS:Em 2024, o Brasil registrou dez eventos clim\u00e1ticos extremos, dos quais tr\u00eas foram classificados como sem precedentes: as enchentes no Rio Grande do Sul, a seca na Amaz\u00f4nia e a onda de calor que atingiu a regi\u00e3o central do pa\u00eds em agosto. No Piau\u00ed, os efeitos das mudan\u00e7as clim\u00e1ticas t\u00eam se intensificado progressivamente, com riscos mais evidentes como a seca e a consequente escassez de \u00e1gua, as altas temperaturas, a baixa umidade relativa do ar, as queimadas e, em alguns per\u00edodos chuvosos, epis\u00f3dios de alagamento. Esses fen\u00f4menos impactam diretamente a sa\u00fade p\u00fablica,&hellip;<\/p>\n","category_list_v2":"","author_info_v2":{"name":"joaomarcelo","url":"https:\/\/portal.pi.gov.br\/sesapi\/author\/joaomarcelo\/"},"comments_num_v2":"0 coment\u00e1rio","_links":{"self":[{"href":"https:\/\/portal.pi.gov.br\/sesapi\/wp-json\/wp\/v2\/pages\/6255"}],"collection":[{"href":"https:\/\/portal.pi.gov.br\/sesapi\/wp-json\/wp\/v2\/pages"}],"about":[{"href":"https:\/\/portal.pi.gov.br\/sesapi\/wp-json\/wp\/v2\/types\/page"}],"author":[{"embeddable":true,"href":"https:\/\/portal.pi.gov.br\/sesapi\/wp-json\/wp\/v2\/users\/1815"}],"replies":[{"embeddable":true,"href":"https:\/\/portal.pi.gov.br\/sesapi\/wp-json\/wp\/v2\/comments?post=6255"}],"version-history":[{"count":15,"href":"https:\/\/portal.pi.gov.br\/sesapi\/wp-json\/wp\/v2\/pages\/6255\/revisions"}],"predecessor-version":[{"id":9847,"href":"https:\/\/portal.pi.gov.br\/sesapi\/wp-json\/wp\/v2\/pages\/6255\/revisions\/9847"}],"wp:attachment":[{"href":"https:\/\/portal.pi.gov.br\/sesapi\/wp-json\/wp\/v2\/media?parent=6255"}],"curies":[{"name":"wp","href":"https:\/\/api.w.org\/{rel}","templated":true}]}}