{"id":7709,"date":"2025-11-25T13:57:40","date_gmt":"2025-11-25T16:57:40","guid":{"rendered":"https:\/\/portal.pi.gov.br\/sesapi\/?page_id=7709"},"modified":"2026-03-23T08:31:37","modified_gmt":"2026-03-23T11:31:37","slug":"prosus","status":"publish","type":"page","link":"https:\/\/portal.pi.gov.br\/sesapi\/prosus\/","title":{"rendered":"PROSUS PI"},"content":{"rendered":"\n<p>O Programa PROSUS PI \u2013 Fortalecimento do SUS no Piau\u00ed, em parceria com o Banco Interamericano de Desenvolvimento (BID) e Governo do estado do Piau\u00ed, atrav\u00e9s da Secretaria de Estado da Sa\u00fade do Piau\u00ed (SESAPI), tem como objetivo contribuir para a melhoria das condi\u00e7\u00f5es de sa\u00fade da popula\u00e7\u00e3o do Estado do Piau\u00ed, por meio do fortalecimento da rede p\u00fablica de servi\u00e7os, garantindo mais acesso, qualidade e efetividade na aten\u00e7\u00e3o \u00e0s demandas de sa\u00fade. Tem como objetivos espec\u00edficos:<\/p>\n\n\n\n<ul>\n<li>Expans\u00e3o da oferta de servi\u00e7os na rede de aten\u00e7\u00e3o especializada ambulatorial e hospitalar de m\u00e9dia e alta complexidade;<\/li>\n\n\n\n<li>Moderniza\u00e7\u00e3o da gest\u00e3o em sa\u00fade, atrav\u00e9s de sua transforma\u00e7\u00e3o digital, capacita\u00e7\u00e3o de profissionais e gestores e implanta\u00e7\u00e3o de linhas de cuidados e protocolos cl\u00ednicos; e<\/li>\n\n\n\n<li>Oferecer atendimentos especializado e regionalizado para popula\u00e7\u00f5es em situa\u00e7\u00e3o de vulnerabilidade, com foco em sa\u00fade mental, idosos e Transtorno de Espectro Autista.<br><\/li>\n<\/ul>\n\n\n\n<p>Disponibilizamos, para conhecimento, os documentos abaixo:<\/p>\n\n\n\n<p>1.<a rel=\"noreferrer noopener\" href=\"https:\/\/portal.pi.gov.br\/sesapi\/wp-content\/uploads\/sites\/101\/2026\/03\/PROSUS_PI__PLANO_DE_GESTAO_AMBIENTAL_E_SOCIAL__PGAS_PI_H.pdf\" target=\"_blank\"><strong>PLANO DE GEST\u00c3O AMBIENTAL E SOCIAL &#8211; PGAS -(BR-L1678)<\/strong><\/a><\/p>\n\n\n\n<p>2.<a href=\"https:\/\/portal.pi.gov.br\/sesapi\/wp-content\/uploads\/sites\/101\/2026\/03\/PROSUS_PI___PLANO_DE_ENGAJAMENTO_DAS_PARTES_INTERESSADAS___PEPI_PI.pdf\" target=\"_blank\" rel=\"noreferrer noopener\"><strong>PLANO DE ENGAJAMENTODAS PARTES INTERESSADAS \u2013 PEPI -(BR-L167)<\/strong><\/a><\/p>\n\n\n\n<p>3.<strong> <\/strong><a rel=\"noreferrer noopener\" href=\"https:\/\/portal.pi.gov.br\/sesapi\/wp-content\/uploads\/sites\/101\/2026\/03\/PROSUS_PI___AVALIACAO_AMBIENTAL_E_SOCIAL___AAS_PI_H.pdf\" target=\"_blank\"><strong>AVALIA\u00c7\u00c3O AMBIENTAL E SOCIAL \u2013 AAS(BR-L1678)<\/strong><br><\/a><br>4. <a rel=\"noreferrer noopener\" href=\"https:\/\/portal.pi.gov.br\/sesapi\/wp-content\/uploads\/sites\/101\/2026\/03\/PROSUS_PI____SISTEMA_DE_GESTAO_E_AMBIENTAL_E_SOCIAL__SGAS.pdf\" target=\"_blank\"><strong>SISTEMA DE GEST\u00c3O AMBIENTAL E SOCIAL \u2013 SGAS (BR-L1678)<\/strong><\/a><\/p>\n\n\n\n<p>5. <strong><a href=\"https:\/\/portal.pi.gov.br\/sesapi\/wp-content\/uploads\/sites\/101\/2026\/03\/PROSUS_PI___PLANO_DE_ACAO_AMBIENTAL_E_SOCIAL.pdf\" target=\"_blank\" rel=\"noreferrer noopener\">PLANO DE A\u00c7\u00c3O AMBIENTAL E SOCIAL (BR-L1678)<\/a><\/strong><\/p>\n\n\n\n<hr class=\"wp-block-separator has-alpha-channel-opacity\" \/>\n\n\n\n<p><strong>CONSULTA P\u00daBLICA<\/strong><\/p>\n\n\n\n<p><strong>PROGRAMA DE FORTALECIMENTO DO SUS NO ESTADO DO PIAU\u00cd<\/strong><\/p>\n\n\n\n<p><strong>&#8211; PROSUS PI &#8211;<\/strong><\/p>\n\n\n\n<p><strong>Per\u00edodo: 12\/01\/2026 at\u00e9 21\/01\/2026<\/strong><\/p>\n\n\n\n<p>1. O que \u00e9?<\/p>\n\n\n\n<p>2. Quem pode participar?<\/p>\n\n\n\n<p>3. Onde e quando participar?<\/p>\n\n\n\n<p>4. Como participar?<\/p>\n\n\n\n<p>5. Quanto custa?<\/p>\n\n\n\n<p>6. Quanto tempo leva?<\/p>\n\n\n\n<p><strong>7. <\/strong>Manifesta\u00e7\u00f5es<\/p>\n\n\n\n<p><strong>1. O que \u00e9?<\/strong><\/p>\n\n\n\n<p>\u00c9 um mecanismo de ampla participa\u00e7\u00e3o social, a partir do qual o governo do Estado do Piau\u00ed, atrav\u00e9s da Secretaria de Estado da sa\u00fade do Piau\u00ed (SESAPI), abre um canal de di\u00e1logo entre a administra\u00e7\u00e3o p\u00fablica e a sociedade (cidad\u00e3os, entidades e representa\u00e7\u00f5es), em cumprimento aos Princ\u00edpios da Legalidade, Moralidade, Efici\u00eancia, Publicidade, Transpar\u00eancia e Motiva\u00e7\u00e3o.<\/p>\n\n\n\n<p>Tem por objetivo <strong>receber as opini\u00f5es, cr\u00edticas e sugest\u00f5es<\/strong> sobre o PROSUS PI, visando mais transpar\u00eancia, efici\u00eancia e um maior alinhamento \u00e0s necessidades reais da popula\u00e7\u00e3o.<\/p>\n\n\n\n<p>A finalidade da consulta \u00e9 possibilitar a participa\u00e7\u00e3o social.<\/p>\n\n\n\n<p><strong>2. Quem pode participar?<\/strong><\/p>\n\n\n\n<p>Qualquer pessoa.<\/p>\n\n\n\n<p><strong>3. Onde e quando participar?<\/strong><\/p>\n\n\n\n<figure class=\"wp-block-image size-full\"><img decoding=\"async\" loading=\"lazy\" width=\"768\" height=\"780\" src=\"https:\/\/portal.pi.gov.br\/sesapi\/wp-content\/uploads\/sites\/101\/2026\/01\/tabela-nova.jpg\" alt=\"\" class=\"wp-image-8474\" srcset=\"https:\/\/portal.pi.gov.br\/sesapi\/wp-content\/uploads\/sites\/101\/2026\/01\/tabela-nova.jpg 768w, https:\/\/portal.pi.gov.br\/sesapi\/wp-content\/uploads\/sites\/101\/2026\/01\/tabela-nova-295x300.jpg 295w, https:\/\/portal.pi.gov.br\/sesapi\/wp-content\/uploads\/sites\/101\/2026\/01\/tabela-nova-414x420.jpg 414w, https:\/\/portal.pi.gov.br\/sesapi\/wp-content\/uploads\/sites\/101\/2026\/01\/tabela-nova-532x540.jpg 532w, https:\/\/portal.pi.gov.br\/sesapi\/wp-content\/uploads\/sites\/101\/2026\/01\/tabela-nova-624x634.jpg 624w\" sizes=\"(max-width: 768px) 100vw, 768px\" \/><\/figure>\n\n\n\n<p>-Formul\u00e1rio Eletr\u00f4nico: <\/p>\n\n\n\n<figure class=\"wp-block-table\"><table><tbody><tr><td colspan=\"8\"><a href=\"https:\/\/formlimit.everestwebdeals.co\/?form=41dfc982349b77bd80d340268dfecab0\">Formul\u00e1rio Eletr\u00f4nico &#8211; Consulta P\u00fablica PROSUS PI<\/a><\/td><\/tr><\/tbody><\/table><\/figure>\n\n\n\n<p><strong>4. Como participar?<\/strong><\/p>\n\n\n\n<p>  \uf0b7 Ler os documentos disponibilizados no site:<\/p>\n\n\n\n<p>&nbsp;&nbsp;&nbsp;&nbsp;&nbsp;&nbsp;&nbsp;&nbsp;&nbsp;&nbsp;&nbsp;&nbsp;&nbsp;&nbsp;<a href=\"https:\/\/portal.pi.gov.br\/sesapi\/prosus\/\">PGAS e AAS<\/a><\/p>\n\n\n\n<p>  \uf0b7 Para participar da Consulta P\u00fablica Eletr\u00f4nica:<\/p>\n\n\n\n<p>             o Acessar o <a href=\"https:\/\/formlimit.everestwebdeals.co\/?form=41dfc982349b77bd80d340268dfecab0\">Formul\u00e1rio Eletr\u00f4nico &#8211; Consulta P\u00fablica PROSUS PI<\/a>, a partir de 12\/01\/2026, a partir das 08h, at\u00e9 21\/01\/2026, \u00e0s 17h;<\/p>\n\n\n\n<p>            o Preencher com as informa\u00e7\u00f5es solicitadas, registrar sua contribui\u00e7\u00e3o e clicar em \u201cEnviar\u201d.<\/p>\n\n\n\n<p>\uf0b7 Para participar da Consulta P\u00fablica Presencial:<\/p>\n\n\n\n<p>           o Comparecer aos locais onde ser\u00e3o realizadas as reuni\u00f5es, no dia 20\/01\/2026, das 09 \u00e0s 12h.<\/p>\n\n\n\n<p>As contribui\u00e7\u00f5es ser\u00e3o avaliadas pela SESAPI e poder\u00e3o ser inclu\u00eddas no decorrer do processo.<\/p>\n\n\n\n<p><strong>5. Quanto custa?<\/strong><\/p>\n\n\n\n<p>Esta a\u00e7\u00e3o n\u00e3o possui nenhum custo.<\/p>\n\n\n\n<p><strong>6. Quanto tempo leva?<\/strong><\/p>\n\n\n\n<p>O ato de registrar contribui\u00e7\u00f5es \u00e0 consulta p\u00fablica eletr\u00f4nica \u00e9 imediato.<\/p>\n\n\n\n<p><strong>\uf0b7 <\/strong>Sobre estas informa\u00e7\u00f5es<\/p>\n\n\n\n<p>         o Unidade(s) respons\u00e1vel(is)<\/p>\n\n\n\n<p>                         &#8211; SESAPI<\/p>\n\n\n\n<p>                         &#8211; Regionais de Sa\u00fade<\/p>\n\n\n\n<p><strong>7. Manifesta\u00e7\u00f5es<\/strong><\/p>\n\n\n\n<p>Para orienta\u00e7\u00f5es, d\u00favidas, reclama\u00e7\u00f5es, sugest\u00f5es ou elogios, fa\u00e7a contato com:<\/p>\n\n\n\n<p>\uf076 a Ouvidoria Setorial da SESAPI<\/p>\n\n\n\n<p><strong>Telefone: <\/strong>162 | WhatsApp (86) 99424-5794 | <strong>E-mail: <\/strong><a href=\"mailto:ouvidoriasetorial@saude.pi.gov.br\">ouvidoriasetorial@saude.pi.gov.br<\/a> | <strong>Site:<\/strong> <a href=\"https:\/\/portal.pi.gov.br\/sesapi\/\">Ouvidoria Sesapi<\/a><\/p>\n\n\n\n<p>\uf076 Consulta P\u00fablica PROSUS PI<\/p>\n\n\n\n<p><strong>E-mail:<\/strong> <a href=\"mailto:prosuspiconsultapublica@gmail.com\">prosuspiconsultapublica@gmail.com<\/a>.<\/p>\n\n\n\n<p>\uf076 SESAPI &#8211; Secretaria de Estado da Sa\u00fade<\/p>\n\n\n\n<p><strong>Endere\u00e7o:<\/strong> Av. Pedro Freitas, S\/N, Bloco A \u2013 Centro Administrativo \/ CEP: 64.018-900 \u2013 Teresina\/PI<\/p>\n","protected":false},"excerpt":{"rendered":"<p>O Programa PROSUS PI \u2013 Fortalecimento do SUS no Piau\u00ed, em parceria com o Banco Interamericano de Desenvolvimento (BID) e Governo do estado do Piau\u00ed, atrav\u00e9s da Secretaria de Estado [&hellip;]<\/p>\n","protected":false},"author":1808,"featured_media":0,"parent":0,"menu_order":0,"comment_status":"closed","ping_status":"closed","template":"","meta":[],"featured_image_urls":{"full":"","thumbnail":"","medium":"","medium_large":"","large":"","sgg-420":"","sgg-540":"","sgg-780":"","1536x1536":"","2048x2048":"","homepage-slider":"","homepage-slider-small":"","page-top":"","page-small":"","loop-main":"","thumb-gallery-widget":""},"post_excerpt_stackable":"<p>O Programa PROSUS PI \u2013 Fortalecimento do SUS no Piau\u00ed, em parceria com o Banco Interamericano de Desenvolvimento (BID) e Governo do estado do Piau\u00ed, atrav\u00e9s da Secretaria de Estado da Sa\u00fade do Piau\u00ed (SESAPI), tem como objetivo contribuir para a melhoria das condi\u00e7\u00f5es de sa\u00fade da popula\u00e7\u00e3o do Estado do Piau\u00ed, por meio do fortalecimento da rede p\u00fablica de servi\u00e7os, garantindo mais acesso, qualidade e efetividade na aten\u00e7\u00e3o \u00e0s demandas de sa\u00fade. Tem como objetivos espec\u00edficos: Expans\u00e3o da oferta de servi\u00e7os na rede de aten\u00e7\u00e3o especializada ambulatorial e hospitalar de m\u00e9dia e alta complexidade; Moderniza\u00e7\u00e3o da gest\u00e3o em sa\u00fade,&hellip;<\/p>\n","category_list":"","author_info":{"name":"herlonpereira","url":"https:\/\/portal.pi.gov.br\/sesapi\/author\/herlonpereira\/"},"comments_num":"0 coment\u00e1rio","featured_image_urls_v2":{"full":"","thumbnail":"","medium":"","medium_large":"","large":"","sgg-420":"","sgg-540":"","sgg-780":"","1536x1536":"","2048x2048":"","homepage-slider":"","homepage-slider-small":"","page-top":"","page-small":"","loop-main":"","thumb-gallery-widget":""},"post_excerpt_stackable_v2":"<p>O Programa PROSUS PI \u2013 Fortalecimento do SUS no Piau\u00ed, em parceria com o Banco Interamericano de Desenvolvimento (BID) e Governo do estado do Piau\u00ed, atrav\u00e9s da Secretaria de Estado da Sa\u00fade do Piau\u00ed (SESAPI), tem como objetivo contribuir para a melhoria das condi\u00e7\u00f5es de sa\u00fade da popula\u00e7\u00e3o do Estado do Piau\u00ed, por meio do fortalecimento da rede p\u00fablica de servi\u00e7os, garantindo mais acesso, qualidade e efetividade na aten\u00e7\u00e3o \u00e0s demandas de sa\u00fade. Tem como objetivos espec\u00edficos: Expans\u00e3o da oferta de servi\u00e7os na rede de aten\u00e7\u00e3o especializada ambulatorial e hospitalar de m\u00e9dia e alta complexidade; Moderniza\u00e7\u00e3o da gest\u00e3o em sa\u00fade,&hellip;<\/p>\n","category_list_v2":"","author_info_v2":{"name":"herlonpereira","url":"https:\/\/portal.pi.gov.br\/sesapi\/author\/herlonpereira\/"},"comments_num_v2":"0 coment\u00e1rio","_links":{"self":[{"href":"https:\/\/portal.pi.gov.br\/sesapi\/wp-json\/wp\/v2\/pages\/7709"}],"collection":[{"href":"https:\/\/portal.pi.gov.br\/sesapi\/wp-json\/wp\/v2\/pages"}],"about":[{"href":"https:\/\/portal.pi.gov.br\/sesapi\/wp-json\/wp\/v2\/types\/page"}],"author":[{"embeddable":true,"href":"https:\/\/portal.pi.gov.br\/sesapi\/wp-json\/wp\/v2\/users\/1808"}],"replies":[{"embeddable":true,"href":"https:\/\/portal.pi.gov.br\/sesapi\/wp-json\/wp\/v2\/comments?post=7709"}],"version-history":[{"count":19,"href":"https:\/\/portal.pi.gov.br\/sesapi\/wp-json\/wp\/v2\/pages\/7709\/revisions"}],"predecessor-version":[{"id":9512,"href":"https:\/\/portal.pi.gov.br\/sesapi\/wp-json\/wp\/v2\/pages\/7709\/revisions\/9512"}],"wp:attachment":[{"href":"https:\/\/portal.pi.gov.br\/sesapi\/wp-json\/wp\/v2\/media?parent=7709"}],"curies":[{"name":"wp","href":"https:\/\/api.w.org\/{rel}","templated":true}]}}