{"id":943,"date":"2024-10-09T10:22:04","date_gmt":"2024-10-09T13:22:04","guid":{"rendered":"https:\/\/portal.pi.gov.br\/sesapi\/?page_id=943"},"modified":"2026-03-24T10:51:23","modified_gmt":"2026-03-24T13:51:23","slug":"equipe-gestora","status":"publish","type":"page","link":"https:\/\/portal.pi.gov.br\/sesapi\/equipe-gestora\/","title":{"rendered":"Equipe Gestora"},"content":{"rendered":"\n<p><strong>Secret\u00e1rio de Estado da Sa\u00fade<\/strong><br>Dirceu Hamilton Cordeiro Camp\u00ealo&nbsp;<br>(86) 3216-1583<\/p>\n\n\n\n<p><strong>Chefe de Gabinete<\/strong><br>Karol Silva Cir\u00edaco<br>(86) 3216-3557<\/p>\n\n\n\n<p><strong>Superintend\u00eancia de Gest\u00e3o da Rede de M\u00e9dia e Alta Complexidade (SUGMAC)<\/strong><br>&nbsp;Rafael Alencar Soares de Souza<br>(86) 3216-3607<\/p>\n\n\n\n<p><strong>Superintend\u00eancia de Aten\u00e7\u00e3o Prim\u00e1ria&nbsp;\u00e0 Sa\u00fade e Munic\u00edpios&nbsp;&nbsp;(SUPAT)<\/strong><br>Leila Mar\u00edlia da Silva Santos<br>(86) 3216-3122<\/p>\n\n\n\n<p><strong>Superintend\u00eancia de Gest\u00e3o da Administra\u00e7\u00e3o (SUGAD)<\/strong><br>J\u00f4natas Melo Neto<br>(86) 3216-1583<\/p>\n\n\n\n<p><strong>Diretoria da Escola de Sa\u00fade P\u00fablica do Piau\u00ed (ESP-PI)<\/strong><br>M\u00edrian Perp\u00e9tua Palha Dias Parente<\/p>\n\n\n\n<p><strong>Diretoria Unidade Executiva do Fundo Estadual de Sa\u00fade (FUNSA\u00daDE)<\/strong><br>Raimundo Nonato Farias Trigo&nbsp;<br>(86) 3216-3551<\/p>\n\n\n\n<p><strong>Diretoria de Unidade de Administra\u00e7\u00e3o (DUAD)<\/strong><br>Carlos Alberto Gomes de Oliveira<br>(86) 3216-3550<\/p>\n\n\n\n<p><strong>Diretoria de Unidade de Sa\u00fade Digital (DUSD)<\/strong><br>Gabriel Mauriz de Moura Rocha<br>(86) 3216-3607<\/p>\n\n\n\n<p><strong>Diretoria de Unidade e Gest\u00e3o em Sa\u00fade (DUGES)<\/strong><br>Romak Bezerra Holanda<br>(86) 3216-3607<\/p>\n\n\n\n<p><strong>Diretoria de Unidade de Planejamento (DUP)<\/strong><br>Cl\u00e9cio Moreira Lopes<br>(86) 3216-3588<\/p>\n\n\n\n<p><strong>Diretoria de Unidade de Gest\u00e3o de Pessoas (DUGP)<\/strong><br>Jos\u00e9 Wilson Santos de Sousa<br>(86) 3216-3564<\/p>\n\n\n\n<p><strong>Diretoria de Unidade de Tecnologia e Seguran\u00e7a da informa\u00e7\u00e3o (DUTEC)<\/strong><br>Odisley&nbsp;Soares Silva<\/p>\n\n\n\n<p><strong>N\u00facleo de Infraestrutura em Sa\u00fade (NIS)<\/strong><br>Ant\u00f4nio Marcos Gon\u00e7alves de Oliveira<br>(86) 3211-6589<\/p>\n\n\n\n<p><strong>Diretoria de Unidade de&nbsp;Vigil\u00e2ncia e Aten\u00e7\u00e3o \u00e0 Sa\u00fade &nbsp;(DUVAS)<\/strong><br>Cristiane Maria Ferraz Damasceno Moura F\u00e9&nbsp;<br>(86) 3216-3574<\/p>\n\n\n\n<p><strong>Diretoria de Vigil\u00e2ncia Sanit\u00e1ria &nbsp;(DIVISA)<\/strong><br>Tatiana Vieira Sousa Chaves<br>(86) 3216-3662<\/p>\n\n\n\n<p><strong>Laborat\u00f3rio Central de Sa\u00fade P\u00fablica do Piau\u00ed &nbsp;(LACEN)<\/strong><br>Fabr\u00edcio Pires de Moura do Amaral&nbsp;<br>(86) 3216-3657<\/p>\n\n\n\n<p><strong>Diretoria de Unidade de Controle, Avalia\u00e7\u00e3o, Regula\u00e7\u00e3o e Auditoria (DUCARA)<\/strong><br>Jo\u00e3o Victor da Silva Barboza<br>(86) 3216-3591<\/p>\n\n\n\n<p><strong>Diretoria de Unidade de Descentraliza\u00e7\u00e3o e Organiza\u00e7\u00e3o Hospitalar (DUDOH)<\/strong><br>Anderson Dantas<br>(86) 3216-7406<\/p>\n\n\n\n<p><strong>Diretoria de Unidade de Assist\u00eancia Farmac\u00eautica (DUAF)<\/strong><br>Manoel Pinheiro L\u00facio Neto<br>(86) 3216-3654<\/p>\n\n\n\n<p><strong>Centro de Hermatologia e Hemoterapia do Piau\u00ed&nbsp;&nbsp;(HEMOPI)<\/strong><br>Rafael Alencar Soares de Souza<br>(86) 3221-4989<\/p>\n\n\n\n<p><strong>Assessoria de Comunica\u00e7\u00e3o Social &#8211; ASCOM<\/strong><br>H\u00e9rlon de Moraes Pereira&nbsp;&nbsp;<br>(86) 3216-3610<\/p>\n\n\n\n<p><strong>Coordenador de Controle Interno<\/strong><br>Valdimar In\u00e1cio de Melo<br>(86) 3216-3625<\/p>\n\n\n\n<p><strong>Assessoria T\u00e9cnica Jur\u00eddica<\/strong><br>(86) 3216-3612<\/p>\n\n\n\n<p><strong>Ouvidoria Geral do SUS<\/strong><br>Claudia Graciano&nbsp;de Carvalho<\/p>\n\n\n\n<p><strong>Ouvidora Setorial &nbsp;(SESAPI-PI)<\/strong><br>Dihna de Carvalho Miranda&nbsp;<br>(86) &nbsp;99424-5794<\/p>\n\n\n\n<p><br><\/p>\n","protected":false},"excerpt":{"rendered":"<p>Secret\u00e1rio de Estado da Sa\u00fadeDirceu Hamilton Cordeiro Camp\u00ealo&nbsp;(86) 3216-1583 Chefe de GabineteKarol Silva Cir\u00edaco(86) 3216-3557 Superintend\u00eancia de Gest\u00e3o da Rede de M\u00e9dia e Alta Complexidade (SUGMAC)&nbsp;Rafael Alencar Soares de Souza(86) [&hellip;]<\/p>\n","protected":false},"author":1798,"featured_media":0,"parent":0,"menu_order":0,"comment_status":"closed","ping_status":"closed","template":"template-fullwidth.php","meta":[],"featured_image_urls":{"full":"","thumbnail":"","medium":"","medium_large":"","large":"","sgg-420":"","sgg-540":"","sgg-780":"","1536x1536":"","2048x2048":"","homepage-slider":"","homepage-slider-small":"","page-top":"","page-small":"","loop-main":"","thumb-gallery-widget":""},"post_excerpt_stackable":"<p>Secret\u00e1rio de Estado da Sa\u00fadeDirceu Hamilton Cordeiro Camp\u00ealo&nbsp;(86) 3216-1583 Chefe de GabineteKarol Silva Cir\u00edaco(86) 3216-3557 Superintend\u00eancia de Gest\u00e3o da Rede de M\u00e9dia e Alta Complexidade (SUGMAC)&nbsp;Rafael Alencar Soares de Souza(86) 3216-3607 Superintend\u00eancia de Aten\u00e7\u00e3o Prim\u00e1ria&nbsp;\u00e0 Sa\u00fade e Munic\u00edpios&nbsp;&nbsp;(SUPAT)Leila Mar\u00edlia da Silva Santos(86) 3216-3122 Superintend\u00eancia de Gest\u00e3o da Administra\u00e7\u00e3o (SUGAD)J\u00f4natas Melo Neto(86) 3216-1583 Diretoria da Escola de Sa\u00fade P\u00fablica do Piau\u00ed (ESP-PI)M\u00edrian Perp\u00e9tua Palha Dias Parente Diretoria Unidade Executiva do Fundo Estadual de Sa\u00fade (FUNSA\u00daDE)Raimundo Nonato Farias Trigo&nbsp;(86) 3216-3551 Diretoria de Unidade de Administra\u00e7\u00e3o (DUAD)Carlos Alberto Gomes de Oliveira(86) 3216-3550 Diretoria de Unidade de Sa\u00fade Digital (DUSD)Gabriel Mauriz de Moura Rocha(86)&hellip;<\/p>\n","category_list":"","author_info":{"name":"yancarvalho","url":"https:\/\/portal.pi.gov.br\/sesapi\/author\/yancarvalho\/"},"comments_num":"0 coment\u00e1rio","featured_image_urls_v2":{"full":"","thumbnail":"","medium":"","medium_large":"","large":"","sgg-420":"","sgg-540":"","sgg-780":"","1536x1536":"","2048x2048":"","homepage-slider":"","homepage-slider-small":"","page-top":"","page-small":"","loop-main":"","thumb-gallery-widget":""},"post_excerpt_stackable_v2":"<p>Secret\u00e1rio de Estado da Sa\u00fadeDirceu Hamilton Cordeiro Camp\u00ealo&nbsp;(86) 3216-1583 Chefe de GabineteKarol Silva Cir\u00edaco(86) 3216-3557 Superintend\u00eancia de Gest\u00e3o da Rede de M\u00e9dia e Alta Complexidade (SUGMAC)&nbsp;Rafael Alencar Soares de Souza(86) 3216-3607 Superintend\u00eancia de Aten\u00e7\u00e3o Prim\u00e1ria&nbsp;\u00e0 Sa\u00fade e Munic\u00edpios&nbsp;&nbsp;(SUPAT)Leila Mar\u00edlia da Silva Santos(86) 3216-3122 Superintend\u00eancia de Gest\u00e3o da Administra\u00e7\u00e3o (SUGAD)J\u00f4natas Melo Neto(86) 3216-1583 Diretoria da Escola de Sa\u00fade P\u00fablica do Piau\u00ed (ESP-PI)M\u00edrian Perp\u00e9tua Palha Dias Parente Diretoria Unidade Executiva do Fundo Estadual de Sa\u00fade (FUNSA\u00daDE)Raimundo Nonato Farias Trigo&nbsp;(86) 3216-3551 Diretoria de Unidade de Administra\u00e7\u00e3o (DUAD)Carlos Alberto Gomes de Oliveira(86) 3216-3550 Diretoria de Unidade de Sa\u00fade Digital (DUSD)Gabriel Mauriz de Moura Rocha(86)&hellip;<\/p>\n","category_list_v2":"","author_info_v2":{"name":"yancarvalho","url":"https:\/\/portal.pi.gov.br\/sesapi\/author\/yancarvalho\/"},"comments_num_v2":"0 coment\u00e1rio","_links":{"self":[{"href":"https:\/\/portal.pi.gov.br\/sesapi\/wp-json\/wp\/v2\/pages\/943"}],"collection":[{"href":"https:\/\/portal.pi.gov.br\/sesapi\/wp-json\/wp\/v2\/pages"}],"about":[{"href":"https:\/\/portal.pi.gov.br\/sesapi\/wp-json\/wp\/v2\/types\/page"}],"author":[{"embeddable":true,"href":"https:\/\/portal.pi.gov.br\/sesapi\/wp-json\/wp\/v2\/users\/1798"}],"replies":[{"embeddable":true,"href":"https:\/\/portal.pi.gov.br\/sesapi\/wp-json\/wp\/v2\/comments?post=943"}],"version-history":[{"count":16,"href":"https:\/\/portal.pi.gov.br\/sesapi\/wp-json\/wp\/v2\/pages\/943\/revisions"}],"predecessor-version":[{"id":9529,"href":"https:\/\/portal.pi.gov.br\/sesapi\/wp-json\/wp\/v2\/pages\/943\/revisions\/9529"}],"wp:attachment":[{"href":"https:\/\/portal.pi.gov.br\/sesapi\/wp-json\/wp\/v2\/media?parent=943"}],"curies":[{"name":"wp","href":"https:\/\/api.w.org\/{rel}","templated":true}]}}