{"id":947,"date":"2024-10-09T10:22:55","date_gmt":"2024-10-09T13:22:55","guid":{"rendered":"https:\/\/portal.pi.gov.br\/sesapi\/?page_id=947"},"modified":"2024-11-14T12:12:48","modified_gmt":"2024-11-14T15:12:48","slug":"historico","status":"publish","type":"page","link":"https:\/\/portal.pi.gov.br\/sesapi\/historico\/","title":{"rendered":"Hist\u00f3rico"},"content":{"rendered":"\n<p>A Secretaria de Estado da Sa\u00fade do Piau\u00ed \u2013 SES\/PI foi criada em 1962 como \u00f3rg\u00e3o da administra\u00e7\u00e3o direta do governo estadual. Sua cria\u00e7\u00e3o teve como origens:&nbsp; a)&nbsp; disponibilidade de financiamento proveniente da SUDENE,&nbsp; b) necessidade de fortalecimento de um grupo pol\u00edtico local, formulador do projeto de institucionaliza\u00e7\u00e3o e&nbsp; c)&nbsp; necessidades organizacionais do setor diante do aumento da demanda por servi\u00e7os.&nbsp;&nbsp; Representou, pois, o momento inicial em que o Estado esbo\u00e7ou uma pol\u00edtica voltada para o setor sa\u00fade.<\/p>\n\n\n\n<p>Apesar de institucionalizada desde 1962, a SES\/PI somente foi organizada burocraticamente, quando da nomea\u00e7\u00e3o de seu primeiro titular, Dr. Carlyle Guerra de Macedo que de 1965 a 1969 dirigiu o processo de implanta\u00e7\u00e3o da institui\u00e7\u00e3o, imprimindo-lhe um car\u00e1ter mais t\u00e9cnico que pol\u00edtico. Por conseguinte, uma das primeiras medidas do novo secret\u00e1rio foi a reestrutura\u00e7\u00e3o funcional do que tinha sido definido na Lei de 1962. Destacaram-se no elenco de propostas de a\u00e7\u00e3o e iniciativas priorizadas e desencadeadas: a cria\u00e7\u00e3o da unidade de planejamento; a defini\u00e7\u00e3o de um Colegiado para elabora\u00e7\u00e3o da pol\u00edtica de sa\u00fade do Estado; a vincula\u00e7\u00e3o do Instituto de Administra\u00e7\u00e3o Hospitalar \u00e0 Secretaria de Sa\u00fade e n\u00e3o mais ao Gabinete do Governador; a cria\u00e7\u00e3o do Gabinete para apoio e assessoramento ao Secret\u00e1rio; o comando \u00fanico para as atividades de sa\u00fade e administra\u00e7\u00e3o e a previs\u00e3o de \u00f3rg\u00e3os descentralizados para a coordena\u00e7\u00e3o program\u00e1tica em n\u00edvel regional.<\/p>\n\n\n\n<figure class=\"wp-block-image size-large\"><img decoding=\"async\" loading=\"lazy\" width=\"1024\" height=\"768\" src=\"https:\/\/portal.pi.gov.br\/sesapi\/wp-content\/uploads\/sites\/101\/2024\/11\/WhatsApp-Image-2024-04-02-at-14.59.42-1024x768.jpeg\" alt=\"\" class=\"wp-image-1293\" srcset=\"https:\/\/portal.pi.gov.br\/sesapi\/wp-content\/uploads\/sites\/101\/2024\/11\/WhatsApp-Image-2024-04-02-at-14.59.42-1024x768.jpeg 1024w, https:\/\/portal.pi.gov.br\/sesapi\/wp-content\/uploads\/sites\/101\/2024\/11\/WhatsApp-Image-2024-04-02-at-14.59.42-300x225.jpeg 300w, https:\/\/portal.pi.gov.br\/sesapi\/wp-content\/uploads\/sites\/101\/2024\/11\/WhatsApp-Image-2024-04-02-at-14.59.42-768x576.jpeg 768w, https:\/\/portal.pi.gov.br\/sesapi\/wp-content\/uploads\/sites\/101\/2024\/11\/WhatsApp-Image-2024-04-02-at-14.59.42-420x315.jpeg 420w, https:\/\/portal.pi.gov.br\/sesapi\/wp-content\/uploads\/sites\/101\/2024\/11\/WhatsApp-Image-2024-04-02-at-14.59.42-540x405.jpeg 540w, https:\/\/portal.pi.gov.br\/sesapi\/wp-content\/uploads\/sites\/101\/2024\/11\/WhatsApp-Image-2024-04-02-at-14.59.42-780x585.jpeg 780w, https:\/\/portal.pi.gov.br\/sesapi\/wp-content\/uploads\/sites\/101\/2024\/11\/WhatsApp-Image-2024-04-02-at-14.59.42-1536x1152.jpeg 1536w, https:\/\/portal.pi.gov.br\/sesapi\/wp-content\/uploads\/sites\/101\/2024\/11\/WhatsApp-Image-2024-04-02-at-14.59.42-2048x1536.jpeg 2048w, https:\/\/portal.pi.gov.br\/sesapi\/wp-content\/uploads\/sites\/101\/2024\/11\/WhatsApp-Image-2024-04-02-at-14.59.42-947x710.jpeg 947w, https:\/\/portal.pi.gov.br\/sesapi\/wp-content\/uploads\/sites\/101\/2024\/11\/WhatsApp-Image-2024-04-02-at-14.59.42-624x468.jpeg 624w\" sizes=\"(max-width: 1024px) 100vw, 1024px\" \/><\/figure>\n\n\n\n<p>A SES foi definitivamente estabelecida com esse nome atrav\u00e9s da Lei n\u00ba 2741 de 31 de outubro de 1966, no governo de Helv\u00eddio Nunes de Barros. Em 1969, a SES\/PI sofreu outra reestrutura\u00e7\u00e3o administrativa, atrav\u00e9s da Lei-Delegada de 24\/07\/69, tendo como diretriz a centraliza\u00e7\u00e3o da administra\u00e7\u00e3o atrav\u00e9s das seguintes&nbsp; modifica\u00e7\u00f5es:&nbsp;<\/p>\n\n\n\n<p>1)&nbsp; a unidade de planejamento passou a se chamar de Assessoria de Programa\u00e7\u00e3o e Or\u00e7amento, ligada diretamente ao Secret\u00e1rio;<\/p>\n\n\n\n<p>2) anula\u00e7\u00e3o do comando \u00fanico das a\u00e7\u00f5es em n\u00edvel departamental, com centraliza\u00e7\u00e3o do poder decis\u00f3rio nas m\u00e3os do dirigente ou titular da Pasta.<\/p>\n\n\n\n<p>No governo Alberto Silva (1972 a 1975), a regionaliza\u00e7\u00e3o da sa\u00fade passou a fazer parte da pol\u00edtica de governo, tendo como \u00eanfase o fortalecimento das estruturas regionais para o desenvolvimento das a\u00e7\u00f5es preventivas no interior do Estado e a centraliza\u00e7\u00e3o das a\u00e7\u00f5es hospitalares nas unidades de sa\u00fade regionais e no Hospital Get\u00falio Vargas.&nbsp; Al\u00e9m disso, o governo Alberto Silva prop\u00f4s a integra\u00e7\u00e3o das v\u00e1rias institui\u00e7\u00f5es que atuavam na \u00e1rea da sa\u00fade, tais como: Instituto de Administra\u00e7\u00e3o Hospitalar, Superintend\u00eancia de Campanhas de Sa\u00fade P\u00fablica \u2013 SUCAM &#8211; Legi\u00e3o Brasileira de Assist\u00eancia, Instituto Nacional de Previd\u00eancia Social, Funda\u00e7\u00e3o Servi\u00e7os de Sa\u00fade P\u00fablica e o Minist\u00e9rio da Sa\u00fade.&nbsp;&nbsp;<\/p>\n\n\n\n<p>A partir de 1976, o PIASS assumiu o papel de eixo orientador das a\u00e7\u00f5es institucionais da SES\/PI passando a expressar a pol\u00edtica p\u00fablica de sa\u00fade do Estado, cujo modelo t\u00e9cnico-burocr\u00e1tico de organiza\u00e7\u00e3o das a\u00e7\u00f5es de sa\u00fade, preconizando a extens\u00e3o dos cuidados b\u00e1sicos \u00e0 popula\u00e7\u00e3o urbana e rural e a aten\u00e7\u00e3o hospitalar aos indigentes, funcionou at\u00e9 1983.<\/p>\n\n\n\n<p><em>FONTE: Cap.3, item 3.1.2 Disserta\u00e7\u00e3o de Mestrado de Ana Maria Menezes Neiva Eul\u00e1lio Amorim<\/em><\/p>\n","protected":false},"excerpt":{"rendered":"<p>A Secretaria de Estado da Sa\u00fade do Piau\u00ed \u2013 SES\/PI foi criada em 1962 como \u00f3rg\u00e3o da administra\u00e7\u00e3o direta do governo estadual. Sua cria\u00e7\u00e3o teve como origens:&nbsp; a)&nbsp; disponibilidade de [&hellip;]<\/p>\n","protected":false},"author":1798,"featured_media":0,"parent":0,"menu_order":0,"comment_status":"closed","ping_status":"closed","template":"template-fullwidth.php","meta":[],"featured_image_urls":{"full":"","thumbnail":"","medium":"","medium_large":"","large":"","sgg-420":"","sgg-540":"","sgg-780":"","1536x1536":"","2048x2048":"","homepage-slider":"","homepage-slider-small":"","page-top":"","page-small":"","loop-main":"","thumb-gallery-widget":""},"post_excerpt_stackable":"<p>A Secretaria de Estado da Sa\u00fade do Piau\u00ed \u2013 SES\/PI foi criada em 1962 como \u00f3rg\u00e3o da administra\u00e7\u00e3o direta do governo estadual. Sua cria\u00e7\u00e3o teve como origens:&nbsp; a)&nbsp; disponibilidade de financiamento proveniente da SUDENE,&nbsp; b) necessidade de fortalecimento de um grupo pol\u00edtico local, formulador do projeto de institucionaliza\u00e7\u00e3o e&nbsp; c)&nbsp; necessidades organizacionais do setor diante do aumento da demanda por servi\u00e7os.&nbsp;&nbsp; Representou, pois, o momento inicial em que o Estado esbo\u00e7ou uma pol\u00edtica voltada para o setor sa\u00fade. Apesar de institucionalizada desde 1962, a SES\/PI somente foi organizada burocraticamente, quando da nomea\u00e7\u00e3o de seu primeiro titular, Dr. Carlyle Guerra de&hellip;<\/p>\n","category_list":"","author_info":{"name":"yancarvalho","url":"https:\/\/portal.pi.gov.br\/sesapi\/author\/yancarvalho\/"},"comments_num":"0 coment\u00e1rio","featured_image_urls_v2":{"full":"","thumbnail":"","medium":"","medium_large":"","large":"","sgg-420":"","sgg-540":"","sgg-780":"","1536x1536":"","2048x2048":"","homepage-slider":"","homepage-slider-small":"","page-top":"","page-small":"","loop-main":"","thumb-gallery-widget":""},"post_excerpt_stackable_v2":"<p>A Secretaria de Estado da Sa\u00fade do Piau\u00ed \u2013 SES\/PI foi criada em 1962 como \u00f3rg\u00e3o da administra\u00e7\u00e3o direta do governo estadual. Sua cria\u00e7\u00e3o teve como origens:&nbsp; a)&nbsp; disponibilidade de financiamento proveniente da SUDENE,&nbsp; b) necessidade de fortalecimento de um grupo pol\u00edtico local, formulador do projeto de institucionaliza\u00e7\u00e3o e&nbsp; c)&nbsp; necessidades organizacionais do setor diante do aumento da demanda por servi\u00e7os.&nbsp;&nbsp; Representou, pois, o momento inicial em que o Estado esbo\u00e7ou uma pol\u00edtica voltada para o setor sa\u00fade. Apesar de institucionalizada desde 1962, a SES\/PI somente foi organizada burocraticamente, quando da nomea\u00e7\u00e3o de seu primeiro titular, Dr. Carlyle Guerra de&hellip;<\/p>\n","category_list_v2":"","author_info_v2":{"name":"yancarvalho","url":"https:\/\/portal.pi.gov.br\/sesapi\/author\/yancarvalho\/"},"comments_num_v2":"0 coment\u00e1rio","_links":{"self":[{"href":"https:\/\/portal.pi.gov.br\/sesapi\/wp-json\/wp\/v2\/pages\/947"}],"collection":[{"href":"https:\/\/portal.pi.gov.br\/sesapi\/wp-json\/wp\/v2\/pages"}],"about":[{"href":"https:\/\/portal.pi.gov.br\/sesapi\/wp-json\/wp\/v2\/types\/page"}],"author":[{"embeddable":true,"href":"https:\/\/portal.pi.gov.br\/sesapi\/wp-json\/wp\/v2\/users\/1798"}],"replies":[{"embeddable":true,"href":"https:\/\/portal.pi.gov.br\/sesapi\/wp-json\/wp\/v2\/comments?post=947"}],"version-history":[{"count":3,"href":"https:\/\/portal.pi.gov.br\/sesapi\/wp-json\/wp\/v2\/pages\/947\/revisions"}],"predecessor-version":[{"id":1295,"href":"https:\/\/portal.pi.gov.br\/sesapi\/wp-json\/wp\/v2\/pages\/947\/revisions\/1295"}],"wp:attachment":[{"href":"https:\/\/portal.pi.gov.br\/sesapi\/wp-json\/wp\/v2\/media?parent=947"}],"curies":[{"name":"wp","href":"https:\/\/api.w.org\/{rel}","templated":true}]}}