{"id":965,"date":"2024-10-09T10:27:46","date_gmt":"2024-10-09T13:27:46","guid":{"rendered":"https:\/\/portal.pi.gov.br\/sesapi\/?page_id=965"},"modified":"2026-02-02T10:58:35","modified_gmt":"2026-02-02T13:58:35","slug":"o-secretario-de-saude","status":"publish","type":"page","link":"https:\/\/portal.pi.gov.br\/sesapi\/o-secretario-de-saude\/","title":{"rendered":"O Secret\u00e1rio de Sa\u00fade"},"content":{"rendered":"\n<p>Dirceu Hamilton Cordeiro Camp\u00ealo \u00e9  m\u00e9dico hematologista e onco-hematologista. Integra tamb\u00e9m o corpo cl\u00ednico aberto do Hospital Israelita Albert Einstein. \u00c9 graduado em Medicina pela Universidade Federal do Piau\u00ed (UFPI), onde concluiu resid\u00eancia em Cl\u00ednica M\u00e9dica em 2010. Possui resid\u00eancia m\u00e9dica em Hematologia e Hemoterapia, al\u00e9m de p\u00f3s-gradua\u00e7\u00e3o em Gest\u00e3o em Sa\u00fade pelo Hospital Israelita Albert Einstein. Tem experi\u00eancia na \u00e1rea da Medicina, com \u00eanfase em Hematologia, Onco-hematologia, Hemostasia, Trombose e Transplante de Medula \u00d3ssea.<\/p>\n\n\n\n<figure class=\"wp-block-image size-full\"><img decoding=\"async\" loading=\"lazy\" width=\"1023\" height=\"900\" src=\"https:\/\/portal.pi.gov.br\/sesapi\/wp-content\/uploads\/sites\/101\/2026\/02\/sec-Dir.jpeg\" alt=\"\" class=\"wp-image-8780\" srcset=\"https:\/\/portal.pi.gov.br\/sesapi\/wp-content\/uploads\/sites\/101\/2026\/02\/sec-Dir.jpeg 1023w, https:\/\/portal.pi.gov.br\/sesapi\/wp-content\/uploads\/sites\/101\/2026\/02\/sec-Dir-300x264.jpeg 300w, https:\/\/portal.pi.gov.br\/sesapi\/wp-content\/uploads\/sites\/101\/2026\/02\/sec-Dir-768x676.jpeg 768w, https:\/\/portal.pi.gov.br\/sesapi\/wp-content\/uploads\/sites\/101\/2026\/02\/sec-Dir-420x370.jpeg 420w, https:\/\/portal.pi.gov.br\/sesapi\/wp-content\/uploads\/sites\/101\/2026\/02\/sec-Dir-540x475.jpeg 540w, https:\/\/portal.pi.gov.br\/sesapi\/wp-content\/uploads\/sites\/101\/2026\/02\/sec-Dir-780x686.jpeg 780w, https:\/\/portal.pi.gov.br\/sesapi\/wp-content\/uploads\/sites\/101\/2026\/02\/sec-Dir-947x833.jpeg 947w, https:\/\/portal.pi.gov.br\/sesapi\/wp-content\/uploads\/sites\/101\/2026\/02\/sec-Dir-624x549.jpeg 624w\" sizes=\"(max-width: 1023px) 100vw, 1023px\" \/><\/figure>\n","protected":false},"excerpt":{"rendered":"<p>Dirceu Hamilton Cordeiro Camp\u00ealo \u00e9 m\u00e9dico hematologista e onco-hematologista. Integra tamb\u00e9m o corpo cl\u00ednico aberto do Hospital Israelita Albert Einstein. \u00c9 graduado em Medicina pela Universidade Federal do Piau\u00ed (UFPI), [&hellip;]<\/p>\n","protected":false},"author":1798,"featured_media":0,"parent":0,"menu_order":0,"comment_status":"closed","ping_status":"closed","template":"template-fullwidth.php","meta":[],"featured_image_urls":{"full":"","thumbnail":"","medium":"","medium_large":"","large":"","sgg-420":"","sgg-540":"","sgg-780":"","1536x1536":"","2048x2048":"","homepage-slider":"","homepage-slider-small":"","page-top":"","page-small":"","loop-main":"","thumb-gallery-widget":""},"post_excerpt_stackable":"<p>Dirceu Hamilton Cordeiro Camp\u00ealo \u00e9 m\u00e9dico hematologista e onco-hematologista. Integra tamb\u00e9m o corpo cl\u00ednico aberto do Hospital Israelita Albert Einstein. \u00c9 graduado em Medicina pela Universidade Federal do Piau\u00ed (UFPI), onde concluiu resid\u00eancia em Cl\u00ednica M\u00e9dica em 2010. Possui resid\u00eancia m\u00e9dica em Hematologia e Hemoterapia, al\u00e9m de p\u00f3s-gradua\u00e7\u00e3o em Gest\u00e3o em Sa\u00fade pelo Hospital Israelita Albert Einstein. Tem experi\u00eancia na \u00e1rea da Medicina, com \u00eanfase em Hematologia, Onco-hematologia, Hemostasia, Trombose e Transplante de Medula \u00d3ssea.<\/p>\n","category_list":"","author_info":{"name":"yancarvalho","url":"https:\/\/portal.pi.gov.br\/sesapi\/author\/yancarvalho\/"},"comments_num":"0 coment\u00e1rio","featured_image_urls_v2":{"full":"","thumbnail":"","medium":"","medium_large":"","large":"","sgg-420":"","sgg-540":"","sgg-780":"","1536x1536":"","2048x2048":"","homepage-slider":"","homepage-slider-small":"","page-top":"","page-small":"","loop-main":"","thumb-gallery-widget":""},"post_excerpt_stackable_v2":"<p>Dirceu Hamilton Cordeiro Camp\u00ealo \u00e9 m\u00e9dico hematologista e onco-hematologista. Integra tamb\u00e9m o corpo cl\u00ednico aberto do Hospital Israelita Albert Einstein. \u00c9 graduado em Medicina pela Universidade Federal do Piau\u00ed (UFPI), onde concluiu resid\u00eancia em Cl\u00ednica M\u00e9dica em 2010. Possui resid\u00eancia m\u00e9dica em Hematologia e Hemoterapia, al\u00e9m de p\u00f3s-gradua\u00e7\u00e3o em Gest\u00e3o em Sa\u00fade pelo Hospital Israelita Albert Einstein. Tem experi\u00eancia na \u00e1rea da Medicina, com \u00eanfase em Hematologia, Onco-hematologia, Hemostasia, Trombose e Transplante de Medula \u00d3ssea.<\/p>\n","category_list_v2":"","author_info_v2":{"name":"yancarvalho","url":"https:\/\/portal.pi.gov.br\/sesapi\/author\/yancarvalho\/"},"comments_num_v2":"0 coment\u00e1rio","_links":{"self":[{"href":"https:\/\/portal.pi.gov.br\/sesapi\/wp-json\/wp\/v2\/pages\/965"}],"collection":[{"href":"https:\/\/portal.pi.gov.br\/sesapi\/wp-json\/wp\/v2\/pages"}],"about":[{"href":"https:\/\/portal.pi.gov.br\/sesapi\/wp-json\/wp\/v2\/types\/page"}],"author":[{"embeddable":true,"href":"https:\/\/portal.pi.gov.br\/sesapi\/wp-json\/wp\/v2\/users\/1798"}],"replies":[{"embeddable":true,"href":"https:\/\/portal.pi.gov.br\/sesapi\/wp-json\/wp\/v2\/comments?post=965"}],"version-history":[{"count":6,"href":"https:\/\/portal.pi.gov.br\/sesapi\/wp-json\/wp\/v2\/pages\/965\/revisions"}],"predecessor-version":[{"id":8781,"href":"https:\/\/portal.pi.gov.br\/sesapi\/wp-json\/wp\/v2\/pages\/965\/revisions\/8781"}],"wp:attachment":[{"href":"https:\/\/portal.pi.gov.br\/sesapi\/wp-json\/wp\/v2\/media?parent=965"}],"curies":[{"name":"wp","href":"https:\/\/api.w.org\/{rel}","templated":true}]}}