{"id":967,"date":"2024-10-09T10:28:26","date_gmt":"2024-10-09T13:28:26","guid":{"rendered":"https:\/\/portal.pi.gov.br\/sesapi\/?page_id=967"},"modified":"2024-11-14T11:47:21","modified_gmt":"2024-11-14T14:47:21","slug":"requerimentos","status":"publish","type":"page","link":"https:\/\/portal.pi.gov.br\/sesapi\/requerimentos\/","title":{"rendered":"Requerimentos"},"content":{"rendered":"\n<p>Para preenchimento dos diversos\u00a0<em><strong>REQUERIMENTOS,<\/strong><\/em>\u00a0 F\u00e9rias, Compensa\u00e7\u00e3o de dias Trabalhados, Solicita\u00e7\u00e3o de Aux\u00edlio Transportes, Justificativa de Faltas e outros,\u00a0com preenchimento on-line, e ao final dever\u00e1 ser impresso para autoriza\u00e7\u00e3o dos superiores,\u00a0<a rel=\"noreferrer noopener\" href=\"http:\/\/www.saude.pi.gov.br\/requerimentos\" target=\"_blank\"><strong>clique aqui<\/strong><\/a><a href=\"http:\/\/www.saude.pi.gov.br\/requerimentos\">:<\/a><\/p>\n","protected":false},"excerpt":{"rendered":"<p>Para preenchimento dos diversos\u00a0REQUERIMENTOS,\u00a0 F\u00e9rias, Compensa\u00e7\u00e3o de dias Trabalhados, Solicita\u00e7\u00e3o de Aux\u00edlio Transportes, Justificativa de Faltas e outros,\u00a0com preenchimento on-line, e ao final dever\u00e1 ser impresso para autoriza\u00e7\u00e3o dos superiores,\u00a0clique [&hellip;]<\/p>\n","protected":false},"author":1798,"featured_media":0,"parent":0,"menu_order":0,"comment_status":"closed","ping_status":"closed","template":"template-fullwidth.php","meta":[],"featured_image_urls":{"full":"","thumbnail":"","medium":"","medium_large":"","large":"","sgg-420":"","sgg-540":"","sgg-780":"","1536x1536":"","2048x2048":"","homepage-slider":"","homepage-slider-small":"","page-top":"","page-small":"","loop-main":"","thumb-gallery-widget":""},"post_excerpt_stackable":"<p>Para preenchimento dos diversos\u00a0REQUERIMENTOS,\u00a0 F\u00e9rias, Compensa\u00e7\u00e3o de dias Trabalhados, Solicita\u00e7\u00e3o de Aux\u00edlio Transportes, Justificativa de Faltas e outros,\u00a0com preenchimento on-line, e ao final dever\u00e1 ser impresso para autoriza\u00e7\u00e3o dos superiores,\u00a0clique aqui:<\/p>\n","category_list":"","author_info":{"name":"yancarvalho","url":"https:\/\/portal.pi.gov.br\/sesapi\/author\/yancarvalho\/"},"comments_num":"0 coment\u00e1rio","featured_image_urls_v2":{"full":"","thumbnail":"","medium":"","medium_large":"","large":"","sgg-420":"","sgg-540":"","sgg-780":"","1536x1536":"","2048x2048":"","homepage-slider":"","homepage-slider-small":"","page-top":"","page-small":"","loop-main":"","thumb-gallery-widget":""},"post_excerpt_stackable_v2":"<p>Para preenchimento dos diversos\u00a0REQUERIMENTOS,\u00a0 F\u00e9rias, Compensa\u00e7\u00e3o de dias Trabalhados, Solicita\u00e7\u00e3o de Aux\u00edlio Transportes, Justificativa de Faltas e outros,\u00a0com preenchimento on-line, e ao final dever\u00e1 ser impresso para autoriza\u00e7\u00e3o dos superiores,\u00a0clique aqui:<\/p>\n","category_list_v2":"","author_info_v2":{"name":"yancarvalho","url":"https:\/\/portal.pi.gov.br\/sesapi\/author\/yancarvalho\/"},"comments_num_v2":"0 coment\u00e1rio","_links":{"self":[{"href":"https:\/\/portal.pi.gov.br\/sesapi\/wp-json\/wp\/v2\/pages\/967"}],"collection":[{"href":"https:\/\/portal.pi.gov.br\/sesapi\/wp-json\/wp\/v2\/pages"}],"about":[{"href":"https:\/\/portal.pi.gov.br\/sesapi\/wp-json\/wp\/v2\/types\/page"}],"author":[{"embeddable":true,"href":"https:\/\/portal.pi.gov.br\/sesapi\/wp-json\/wp\/v2\/users\/1798"}],"replies":[{"embeddable":true,"href":"https:\/\/portal.pi.gov.br\/sesapi\/wp-json\/wp\/v2\/comments?post=967"}],"version-history":[{"count":2,"href":"https:\/\/portal.pi.gov.br\/sesapi\/wp-json\/wp\/v2\/pages\/967\/revisions"}],"predecessor-version":[{"id":1291,"href":"https:\/\/portal.pi.gov.br\/sesapi\/wp-json\/wp\/v2\/pages\/967\/revisions\/1291"}],"wp:attachment":[{"href":"https:\/\/portal.pi.gov.br\/sesapi\/wp-json\/wp\/v2\/media?parent=967"}],"curies":[{"name":"wp","href":"https:\/\/api.w.org\/{rel}","templated":true}]}}