{"id":969,"date":"2024-10-09T10:28:48","date_gmt":"2024-10-09T13:28:48","guid":{"rendered":"https:\/\/portal.pi.gov.br\/sesapi\/?page_id=969"},"modified":"2024-11-14T13:08:29","modified_gmt":"2024-11-14T16:08:29","slug":"ducara","status":"publish","type":"page","link":"https:\/\/portal.pi.gov.br\/sesapi\/ducara\/","title":{"rendered":"DUCARA"},"content":{"rendered":"\n<h1 class=\"wp-block-heading\">Ducara<\/h1>\n\n\n\n<p>A Diretoria de Unidade de Controle, Avalia\u00e7\u00e3o, Regula\u00e7\u00e3o e Auditoria(DUCARA) \u00e9 respons\u00e1vel pela gest\u00e3o do SUS nos processos de programa\u00e7\u00e3o, regula\u00e7\u00e3o, controle, avalia\u00e7\u00e3o e auditoria, al\u00e9m do gerenciamento das a\u00e7\u00f5es e servi\u00e7os de sa\u00fade, e a prioriza\u00e7\u00e3o do acesso e dos fluxos assistenciais no \u00e2mbito do SUS.<\/p>\n\n\n\n<p><strong>Composta pelas seguintes \u00e1reas:<\/strong><\/p>\n\n\n\n<p><strong>Controle e Avalia\u00e7\u00e3o:&nbsp;<\/strong>coordena, supervisiona e monitora o processo de cadastro de estabelecimentos de sa\u00fade, credencia e processa a produ\u00e7\u00e3o das unidades que prestam atendimento ao SUS\/Piau\u00ed visando a qualidade da assist\u00eancia ambulatorial e hospitalar de m\u00e9dia e alta complexidade nos servi\u00e7os de sa\u00fade;<\/p>\n\n\n\n<p><strong>Regula\u00e7\u00e3o:<\/strong>&nbsp;coordena e aprimora a implementa\u00e7\u00e3o do componente de Regula\u00e7\u00e3o de Aten\u00e7\u00e3o \u00e0 Sa\u00fade considerando a Pol\u00edtica Nacional de Regula\u00e7\u00e3o, conforme o disposto na&nbsp;<a href=\"http:\/\/dtr2001.saude.gov.br\/sas\/PORTARIAS\/Port2008\/GM\/GM-1559.htm\" target=\"_blank\" rel=\"noreferrer noopener\">Portaria N\u00ba 1.559, de 1\/8\/2008<\/a>.&nbsp;&nbsp;Atualmente no Piau\u00ed est\u00e1 constitu\u00edda e funcionando com a Central de Regula\u00e7\u00e3o de Urg\u00eancias, Central de Regula\u00e7\u00e3o de Interna\u00e7\u00e3o e Coordena\u00e7\u00e3o de Regula\u00e7\u00e3o Ambulatorial.<\/p>\n\n\n\n<p><strong>Auditoria:<\/strong>&nbsp;possibilita avaliar a qualidade dos processos, sistemas e servi\u00e7os e a necessidade de melhoria ou de a\u00e7\u00e3o preventiva\/corretiva\/saneadora propiciando ao Gestor do SUS informa\u00e7\u00f5es necess\u00e1rias ao exerc\u00edcio de um controle efetivo e contribuindo para o planejamento e aperfei\u00e7oamento das a\u00e7\u00f5es de sa\u00fade.<br>&nbsp;<\/p>\n\n\n\n<p><strong>Contatos:<\/strong><\/p>\n\n\n\n<p>Diretoria \u2013 (86) 3216 3618\/ 3216 3556<\/p>\n\n\n\n<p>Ger\u00eancia de Controle e Avalia\u00e7\u00e3o \u2013 (86) 3216 3616<\/p>\n\n\n\n<p>Ger\u00eancia de Auditoria \u2013 (86) 3221 7406<\/p>\n\n\n\n<p>Coordena\u00e7\u00e3o de Regula\u00e7\u00e3o Ambulatorial\/Ouvidoria \u2013 (86) 3222 4135<\/p>\n\n\n\n<p>Central de Regula\u00e7\u00e3o de Interna\u00e7\u00e3o Hospitalar \u2013 (86) 3233 9049<\/p>\n\n\n\n<p>Central de Regula\u00e7\u00e3o de Urg\u00eancia\/SAMU \u2013 (86) 3216 3571<\/p>\n\n\n\n<p>Coordena\u00e7\u00e3o de Tratamento Fora de Domic\u00edlio (TFD) \u2013 (86) 3216 3643<\/p>\n\n\n\n<p>Olhar Bem \u2013 (86) 3216 3618<\/p>\n\n\n\n<p>Email \u2013&nbsp;<a href=\"mailto:ducara.sesapi@hotmail.com\">ducara.sesapi@hotmail.com<\/a><\/p>\n\n\n\n<p><strong>Programas:<\/strong><\/p>\n\n\n\n<p><strong>TFD<\/strong><\/p>\n\n\n\n<p>O Tratamento Fora de Domic\u00edlio \u2013 TFD \u00e9 regulamentado no \u00e2mbito nacional atrav\u00e9s da Portaria SAS\/GM n\u00ba 55 de 24 de fevereiro de 1999, e na esfera estadual, pro meio do Manual do TFD aprovado atrav\u00e9s da Resolu\u00e7\u00e3o CIB\/PI n\u00ba 058\/2007 e alterada pela Resolu\u00e7\u00e3o CIB\/PI n\u00ba 038\/2009.<\/p>\n\n\n\n<p>O TFD oferece aos seus benefici\u00e1rios tratamentos ambulatoriais e hospitalares, a\u00e7\u00f5es complementares da aten\u00e7\u00e3o \u00e0 sa\u00fade referente ao deslocamento de custo, todos em conformidade co a Tabela de Procedimentos, Medicamentos, \u00d3rteses, Pr\u00f3teses e Materiais Especiais do SUS, em M\u00e9dia e Alta Complexidade, enquanto durar o tratamento a ser prestado a qualquer cidad\u00e3o residente no Estado do Piau\u00ed, quando esgotados todos os meios de tratamento na localidade de resid\u00eancia do mesmo.<\/p>\n\n\n\n<p>A solicita\u00e7\u00e3o do Pedido de TFD \u00e9 feita atrav\u00e9s da Secretaria Municipal de Sa\u00fade e submetida \u00e0 aprecia\u00e7\u00e3o dos auditores-reguladores da Coordena\u00e7\u00e3o Estadual do TFD.As solicita\u00e7\u00f5es de referenciamento interestadual nas \u00e1reas de alta complexidade hospitalar, nas especialidades de Cardiologia, Cirurgia Bari\u00e1trica, Epilepsia, Neurocirurgia, Oncologia e Ortopedia cujos os procedimentos n\u00e3o s\u00e3o realizados pela rede SUS deste Estado, s\u00e3o encaminhados ao componente estadual da Central Nacional de Regula\u00e7\u00e3o de Alta Complexidade \u2013 CNRAC, atrav\u00e9s de formul\u00e1rio pr\u00f3prio \u2013 Laudo M\u00e9dico da CNRAC. Que tem como objetivo organizar a refer\u00eancia interestadual na assist\u00eancia da alta complexidade.<\/p>\n\n\n\n<p><strong>OLHAR BEM<\/strong><\/p>\n\n\n\n<p>A A\u00e7\u00e3o Itinerante \u2013 Oftalmologia, denominada \u201cPrograma OLHAR BEM A\u00e7\u00e3o Itinerante\u201d, foi concebida com o objetivo de contribuir com a amplia\u00e7\u00e3o do acesso da popula\u00e7\u00e3o a partir de 60 anos a servi\u00e7os oftalmol\u00f3gico em consequ\u00eancia de uma das maiores causas de cegueira revers\u00edvel \u2013 A CATARATA, cujo maior incid\u00eancia ocorre nessa faixa et\u00e1ria. O trabalho elaborado pela nossa equipe, no desenvolvimento da a\u00e7\u00e3o, levou em considera\u00e7\u00e3o crit\u00e9rios importante para a defini\u00e7\u00e3o dessa estrat\u00e9gia, dentre elas destacamos, \u00e0 concentra\u00e7\u00e3o de servi\u00e7os e profissionais na capital e em mais 17 munic\u00edpios dos 224, \u00e0s grandes dist\u00e2ncias que separam os usu\u00e1rios dos servi\u00e7os, n\u00e3o s\u00f3 no aspecto geogr\u00e1fico, mas no aspecto socioecon\u00f4mico, e o n\u00famero importante de idosos no Estado. S\u00e3o mais de 350 mil, na faixa et\u00e1ria a partir de 60 anos. Essa \u00e9 uma resposta que precisamos dar a uma popula\u00e7\u00e3o que historicamente vem sendo exclu\u00edda do seu direito de enxergar, de realizar atividades m\u00ednimas do seu dia a dia porque lhe falta a vis\u00e3o. O Programa OLHAR BEM A\u00e7\u00e3o Itinerante tem como uma das principais caracter\u00edsticas, a resolutividade e a promo\u00e7\u00e3o da integralidade do atendimento, considerando que ser\u00e3o ofertados aos usu\u00e1rios, al\u00e9m da consulta oftalmol\u00f3gica, exames complementares que podem definir o seu diagn\u00f3stico e a realiza\u00e7\u00e3o da cirurgia da catarata. A tecnologia adotada nessa A\u00e7\u00e3o preza pelo atendimento de qualidade para um n\u00famero importante de pessoas, com respostas em curto espa\u00e7o de tempo. Que o impacto social dessa A\u00e7\u00e3o seja o inicio de um Novo Olhar para os servi\u00e7os prestados pelo SUS, e a solidifica\u00e7\u00e3o de uma grande parceria entre os Gestores de Sa\u00fade.<\/p>\n\n\n\n<p><\/p>\n","protected":false},"excerpt":{"rendered":"<p>Ducara A Diretoria de Unidade de Controle, Avalia\u00e7\u00e3o, Regula\u00e7\u00e3o e Auditoria(DUCARA) \u00e9 respons\u00e1vel pela gest\u00e3o do SUS nos processos de programa\u00e7\u00e3o, regula\u00e7\u00e3o, controle, avalia\u00e7\u00e3o e auditoria, al\u00e9m do gerenciamento das [&hellip;]<\/p>\n","protected":false},"author":1798,"featured_media":0,"parent":0,"menu_order":0,"comment_status":"closed","ping_status":"closed","template":"template-fullwidth.php","meta":[],"featured_image_urls":{"full":"","thumbnail":"","medium":"","medium_large":"","large":"","sgg-420":"","sgg-540":"","sgg-780":"","1536x1536":"","2048x2048":"","homepage-slider":"","homepage-slider-small":"","page-top":"","page-small":"","loop-main":"","thumb-gallery-widget":""},"post_excerpt_stackable":"<p>Ducara A Diretoria de Unidade de Controle, Avalia\u00e7\u00e3o, Regula\u00e7\u00e3o e Auditoria(DUCARA) \u00e9 respons\u00e1vel pela gest\u00e3o do SUS nos processos de programa\u00e7\u00e3o, regula\u00e7\u00e3o, controle, avalia\u00e7\u00e3o e auditoria, al\u00e9m do gerenciamento das a\u00e7\u00f5es e servi\u00e7os de sa\u00fade, e a prioriza\u00e7\u00e3o do acesso e dos fluxos assistenciais no \u00e2mbito do SUS. Composta pelas seguintes \u00e1reas: Controle e Avalia\u00e7\u00e3o:&nbsp;coordena, supervisiona e monitora o processo de cadastro de estabelecimentos de sa\u00fade, credencia e processa a produ\u00e7\u00e3o das unidades que prestam atendimento ao SUS\/Piau\u00ed visando a qualidade da assist\u00eancia ambulatorial e hospitalar de m\u00e9dia e alta complexidade nos servi\u00e7os de sa\u00fade; Regula\u00e7\u00e3o:&nbsp;coordena e aprimora a implementa\u00e7\u00e3o&hellip;<\/p>\n","category_list":"","author_info":{"name":"yancarvalho","url":"https:\/\/portal.pi.gov.br\/sesapi\/author\/yancarvalho\/"},"comments_num":"0 coment\u00e1rio","featured_image_urls_v2":{"full":"","thumbnail":"","medium":"","medium_large":"","large":"","sgg-420":"","sgg-540":"","sgg-780":"","1536x1536":"","2048x2048":"","homepage-slider":"","homepage-slider-small":"","page-top":"","page-small":"","loop-main":"","thumb-gallery-widget":""},"post_excerpt_stackable_v2":"<p>Ducara A Diretoria de Unidade de Controle, Avalia\u00e7\u00e3o, Regula\u00e7\u00e3o e Auditoria(DUCARA) \u00e9 respons\u00e1vel pela gest\u00e3o do SUS nos processos de programa\u00e7\u00e3o, regula\u00e7\u00e3o, controle, avalia\u00e7\u00e3o e auditoria, al\u00e9m do gerenciamento das a\u00e7\u00f5es e servi\u00e7os de sa\u00fade, e a prioriza\u00e7\u00e3o do acesso e dos fluxos assistenciais no \u00e2mbito do SUS. Composta pelas seguintes \u00e1reas: Controle e Avalia\u00e7\u00e3o:&nbsp;coordena, supervisiona e monitora o processo de cadastro de estabelecimentos de sa\u00fade, credencia e processa a produ\u00e7\u00e3o das unidades que prestam atendimento ao SUS\/Piau\u00ed visando a qualidade da assist\u00eancia ambulatorial e hospitalar de m\u00e9dia e alta complexidade nos servi\u00e7os de sa\u00fade; Regula\u00e7\u00e3o:&nbsp;coordena e aprimora a implementa\u00e7\u00e3o&hellip;<\/p>\n","category_list_v2":"","author_info_v2":{"name":"yancarvalho","url":"https:\/\/portal.pi.gov.br\/sesapi\/author\/yancarvalho\/"},"comments_num_v2":"0 coment\u00e1rio","_links":{"self":[{"href":"https:\/\/portal.pi.gov.br\/sesapi\/wp-json\/wp\/v2\/pages\/969"}],"collection":[{"href":"https:\/\/portal.pi.gov.br\/sesapi\/wp-json\/wp\/v2\/pages"}],"about":[{"href":"https:\/\/portal.pi.gov.br\/sesapi\/wp-json\/wp\/v2\/types\/page"}],"author":[{"embeddable":true,"href":"https:\/\/portal.pi.gov.br\/sesapi\/wp-json\/wp\/v2\/users\/1798"}],"replies":[{"embeddable":true,"href":"https:\/\/portal.pi.gov.br\/sesapi\/wp-json\/wp\/v2\/comments?post=969"}],"version-history":[{"count":2,"href":"https:\/\/portal.pi.gov.br\/sesapi\/wp-json\/wp\/v2\/pages\/969\/revisions"}],"predecessor-version":[{"id":1303,"href":"https:\/\/portal.pi.gov.br\/sesapi\/wp-json\/wp\/v2\/pages\/969\/revisions\/1303"}],"wp:attachment":[{"href":"https:\/\/portal.pi.gov.br\/sesapi\/wp-json\/wp\/v2\/media?parent=969"}],"curies":[{"name":"wp","href":"https:\/\/api.w.org\/{rel}","templated":true}]}}