{"id":9829,"date":"2026-04-10T10:44:11","date_gmt":"2026-04-10T13:44:11","guid":{"rendered":"https:\/\/portal.pi.gov.br\/sesapi\/?page_id=9829"},"modified":"2026-04-10T11:07:54","modified_gmt":"2026-04-10T14:07:54","slug":"adaptasus-pi-documentos-para-os-municipios","status":"publish","type":"page","link":"https:\/\/portal.pi.gov.br\/sesapi\/adaptasus-pi-documentos-para-os-municipios\/","title":{"rendered":"ADAPTASUS-PI: Documentos para os Munic\u00edpios"},"content":{"rendered":"\n<p><\/p>\n\n\n\n<p><\/p>\n\n\n\n<p><strong><a href=\"https:\/\/portal.pi.gov.br\/sesapi\/wp-content\/uploads\/sites\/101\/2026\/04\/MINUTA-Plano-Municipal.pdf\" target=\"_blank\" rel=\"noreferrer noopener\">-Minuta Plano Municipal;<\/a><\/strong><\/p>\n\n\n\n<hr class=\"wp-block-separator has-alpha-channel-opacity\" \/>\n\n\n\n<p><strong><a href=\"https:\/\/portal.pi.gov.br\/sesapi\/wp-content\/uploads\/sites\/101\/2026\/04\/HISTORICO-de-obito-de-residentes-em-municipios-do-Piaui-segundo-grupo-etario-2021-a-2025.pdf\" target=\"_blank\" rel=\"noreferrer noopener\">-Hist\u00f3rico de \u00f3bito de residentes em munic\u00edpios do Piau\u00ed, segundo grupo et\u00e1rio, 2021 \u00e0 2025;<\/a><\/strong><\/p>\n\n\n\n<hr class=\"wp-block-separator has-alpha-channel-opacity\" \/>\n\n\n\n<p><strong><a rel=\"noreferrer noopener\" href=\"https:\/\/portal.pi.gov.br\/sesapi\/wp-content\/uploads\/sites\/101\/2026\/04\/HISTORICO-de-obito-de-residentes-em-municipios-do-Piaui-segundo-causa-cap.-CID-10-2021-a-2025.pdf\" target=\"_blank\">-Hist\u00f3rico de \u00f3bito de residentes em munic\u00edpios do Piau\u00ed, segundo causa cap. CID 10, 2021 <\/a><a href=\"https:\/\/portal.pi.gov.br\/sesapi\/wp-content\/uploads\/sites\/101\/2026\/04\/HISTORICO-de-obito-de-residentes-em-municipios-do-Piaui-segundo-causa-cap.-CID-10-2021-a-2025.pdf\" target=\"_blank\" rel=\"noreferrer noopener\">\u00e0<\/a><a rel=\"noreferrer noopener\" href=\"https:\/\/portal.pi.gov.br\/sesapi\/wp-content\/uploads\/sites\/101\/2026\/04\/HISTORICO-de-obito-de-residentes-em-municipios-do-Piaui-segundo-causa-cap.-CID-10-2021-a-2025.pdf\" target=\"_blank\"> 2025;<\/a><\/strong><\/p>\n\n\n\n<hr class=\"wp-block-separator has-alpha-channel-opacity\" \/>\n\n\n\n<p><a href=\"https:\/\/portal.pi.gov.br\/sesapi\/wp-content\/uploads\/sites\/101\/2026\/04\/HISTORICO-de-internacao-p_grupos-etarios-de-residentes-em-municipios-do-Piaui-2021-a-2025.pdf\" target=\"_blank\" rel=\"noreferrer noopener\"><strong>-Hist\u00f3rico de interna\u00e7\u00e3o por grupos et\u00e1rios de residentes em munic\u00edpios do Piau\u00ed, 2021 \u00e0 2025;<\/strong><\/a><\/p>\n\n\n\n<hr class=\"wp-block-separator has-alpha-channel-opacity\" \/>\n\n\n\n<p><strong><a href=\"https:\/\/portal.pi.gov.br\/sesapi\/wp-content\/uploads\/sites\/101\/2026\/04\/HISTORICO-de-internacao-de-residentes-em-municipios-do-Piaui-segundo-cap.-CID-10-2021-a-2025.pdf\" target=\"_blank\" rel=\"noreferrer noopener\">-Hist\u00f3rico de interna\u00e7\u00e3o de residentes em munic\u00edpios do Piau\u00ed, segundo cap. CID 10, 2021 \u00e0 2025;<\/a><\/strong><\/p>\n\n\n\n<hr class=\"wp-block-separator has-alpha-channel-opacity\" \/>\n\n\n\n<p><strong>&#8211;<a rel=\"noreferrer noopener\" href=\"https:\/\/portal.pi.gov.br\/sesapi\/wp-content\/uploads\/sites\/101\/2026\/04\/HISTORICO-de-casos-de-diarreia-em-residentes-em-municipios-do-Piaui-2021-a-2025.pdf\" target=\"_blank\">Hist\u00f3rico de casos de diarr\u00e9ia em residentes em munic\u00edpios do Piau\u00ed 2021 \u00e0 2025;<\/a><\/strong><\/p>\n","protected":false},"excerpt":{"rendered":"<p>P\u00e1gina para hospedar documentos destinados a munic\u00edpios referente ao ADAPTASUS-PI<\/p>\n","protected":false},"author":1815,"featured_media":0,"parent":0,"menu_order":0,"comment_status":"closed","ping_status":"closed","template":"","meta":[],"featured_image_urls":{"full":"","thumbnail":"","medium":"","medium_large":"","large":"","sgg-420":"","sgg-540":"","sgg-780":"","1536x1536":"","2048x2048":"","homepage-slider":"","homepage-slider-small":"","page-top":"","page-small":"","loop-main":"","thumb-gallery-widget":""},"post_excerpt_stackable":"<p>P\u00e1gina para hospedar documentos destinados a munic\u00edpios referente ao ADAPTASUS-PI<\/p>\n","category_list":"","author_info":{"name":"joaomarcelo","url":"https:\/\/portal.pi.gov.br\/sesapi\/author\/joaomarcelo\/"},"comments_num":"0 coment\u00e1rio","featured_image_urls_v2":{"full":"","thumbnail":"","medium":"","medium_large":"","large":"","sgg-420":"","sgg-540":"","sgg-780":"","1536x1536":"","2048x2048":"","homepage-slider":"","homepage-slider-small":"","page-top":"","page-small":"","loop-main":"","thumb-gallery-widget":""},"post_excerpt_stackable_v2":"<p>P\u00e1gina para hospedar documentos destinados a munic\u00edpios referente ao ADAPTASUS-PI<\/p>\n","category_list_v2":"","author_info_v2":{"name":"joaomarcelo","url":"https:\/\/portal.pi.gov.br\/sesapi\/author\/joaomarcelo\/"},"comments_num_v2":"0 coment\u00e1rio","_links":{"self":[{"href":"https:\/\/portal.pi.gov.br\/sesapi\/wp-json\/wp\/v2\/pages\/9829"}],"collection":[{"href":"https:\/\/portal.pi.gov.br\/sesapi\/wp-json\/wp\/v2\/pages"}],"about":[{"href":"https:\/\/portal.pi.gov.br\/sesapi\/wp-json\/wp\/v2\/types\/page"}],"author":[{"embeddable":true,"href":"https:\/\/portal.pi.gov.br\/sesapi\/wp-json\/wp\/v2\/users\/1815"}],"replies":[{"embeddable":true,"href":"https:\/\/portal.pi.gov.br\/sesapi\/wp-json\/wp\/v2\/comments?post=9829"}],"version-history":[{"count":3,"href":"https:\/\/portal.pi.gov.br\/sesapi\/wp-json\/wp\/v2\/pages\/9829\/revisions"}],"predecessor-version":[{"id":9846,"href":"https:\/\/portal.pi.gov.br\/sesapi\/wp-json\/wp\/v2\/pages\/9829\/revisions\/9846"}],"wp:attachment":[{"href":"https:\/\/portal.pi.gov.br\/sesapi\/wp-json\/wp\/v2\/media?parent=9829"}],"curies":[{"name":"wp","href":"https:\/\/api.w.org\/{rel}","templated":true}]}}