{"id":995,"date":"2024-10-09T10:38:43","date_gmt":"2024-10-09T13:38:43","guid":{"rendered":"https:\/\/portal.pi.gov.br\/sesapi\/?page_id=995"},"modified":"2024-11-14T13:00:10","modified_gmt":"2024-11-14T16:00:10","slug":"central-de-transplantes","status":"publish","type":"page","link":"https:\/\/portal.pi.gov.br\/sesapi\/central-de-transplantes\/","title":{"rendered":"Central de Transplantes"},"content":{"rendered":"\n<h5 class=\"wp-block-heading\"><\/h5>\n\n\n\n<p>A CNCDO-PI foi criada pela Lei Estadual N\u00ba 5.045 DE 07\/01\/1999 como institui\u00e7\u00e3o da Secretaria de Estado da Sa\u00fade, obedecendo os dispositivos da Lei federal N\u00ba 9.434 de 04\/02\/1997, regulamentada pelo Decreto N\u00ba 2.268 de 30\/06\/1997. Foi credenciada pelo Sistema Nacional de Transplante\/ SNT &#8211; Minist\u00e9rio da Sa\u00fade\/ MS, atrav\u00e9s da Portaria GM n\u00ba 29 de 02\/02\/2000, e inaugurada em 25\/09\/2000. \u00c9 o \u00f3rg\u00e3o executor das atividades do Sistema Nacional de Transplantes a n\u00edvel estadual, seguindo a pol\u00edtica nacional de capta\u00e7\u00e3o e transplantes de \u00f3rg\u00e3os e tecidos.<br><br>MISS\u00c3O: coordenar, fiscalizar e regular&nbsp; todas as atividades de do processo doa\u00e7\u00e3o- transplante no Estado do Piau\u00ed, baseado nos crit\u00e9rios t\u00e9cnicos, \u00e9ticos e legais estabelecidos por lei.<br><br>VIS\u00c3O:&nbsp; fazer do nosso Estado um centro de excel\u00eancia em transplantes de \u00f3rg\u00e3os e tecidos, reconhecido por todos os Estados da Federa\u00e7\u00e3o&nbsp; Brasileira.<br><br>De Janeiro de 2001 a Agosto de 2012 foram realizados no Estado 1.407&nbsp; transplantes, incluindo c\u00f3rnea ( 924), cora\u00e7\u00e3o (17), rim de doadores vivos ( 291) e rim doadores falecidos (175).<br><br>ENDERE\u00c7O: Rua Primeiro de Maio, S\/N, Hospital Get\u00falio Vargas , Centro, CEP: 64048 230<br>Email: cncdopi@saude.pi.gov.br<\/p>\n","protected":false},"excerpt":{"rendered":"<p>A CNCDO-PI foi criada pela Lei Estadual N\u00ba 5.045 DE 07\/01\/1999 como institui\u00e7\u00e3o da Secretaria de Estado da Sa\u00fade, obedecendo os dispositivos da Lei federal N\u00ba 9.434 de 04\/02\/1997, regulamentada [&hellip;]<\/p>\n","protected":false},"author":1798,"featured_media":0,"parent":0,"menu_order":0,"comment_status":"closed","ping_status":"closed","template":"template-fullwidth.php","meta":[],"featured_image_urls":{"full":"","thumbnail":"","medium":"","medium_large":"","large":"","sgg-420":"","sgg-540":"","sgg-780":"","1536x1536":"","2048x2048":"","homepage-slider":"","homepage-slider-small":"","page-top":"","page-small":"","loop-main":"","thumb-gallery-widget":""},"post_excerpt_stackable":"<p>A CNCDO-PI foi criada pela Lei Estadual N\u00ba 5.045 DE 07\/01\/1999 como institui\u00e7\u00e3o da Secretaria de Estado da Sa\u00fade, obedecendo os dispositivos da Lei federal N\u00ba 9.434 de 04\/02\/1997, regulamentada pelo Decreto N\u00ba 2.268 de 30\/06\/1997. Foi credenciada pelo Sistema Nacional de Transplante\/ SNT &#8211; Minist\u00e9rio da Sa\u00fade\/ MS, atrav\u00e9s da Portaria GM n\u00ba 29 de 02\/02\/2000, e inaugurada em 25\/09\/2000. \u00c9 o \u00f3rg\u00e3o executor das atividades do Sistema Nacional de Transplantes a n\u00edvel estadual, seguindo a pol\u00edtica nacional de capta\u00e7\u00e3o e transplantes de \u00f3rg\u00e3os e tecidos.MISS\u00c3O: coordenar, fiscalizar e regular&nbsp; todas as atividades de do processo doa\u00e7\u00e3o- transplante no&hellip;<\/p>\n","category_list":"","author_info":{"name":"yancarvalho","url":"https:\/\/portal.pi.gov.br\/sesapi\/author\/yancarvalho\/"},"comments_num":"0 coment\u00e1rio","featured_image_urls_v2":{"full":"","thumbnail":"","medium":"","medium_large":"","large":"","sgg-420":"","sgg-540":"","sgg-780":"","1536x1536":"","2048x2048":"","homepage-slider":"","homepage-slider-small":"","page-top":"","page-small":"","loop-main":"","thumb-gallery-widget":""},"post_excerpt_stackable_v2":"<p>A CNCDO-PI foi criada pela Lei Estadual N\u00ba 5.045 DE 07\/01\/1999 como institui\u00e7\u00e3o da Secretaria de Estado da Sa\u00fade, obedecendo os dispositivos da Lei federal N\u00ba 9.434 de 04\/02\/1997, regulamentada pelo Decreto N\u00ba 2.268 de 30\/06\/1997. Foi credenciada pelo Sistema Nacional de Transplante\/ SNT &#8211; Minist\u00e9rio da Sa\u00fade\/ MS, atrav\u00e9s da Portaria GM n\u00ba 29 de 02\/02\/2000, e inaugurada em 25\/09\/2000. \u00c9 o \u00f3rg\u00e3o executor das atividades do Sistema Nacional de Transplantes a n\u00edvel estadual, seguindo a pol\u00edtica nacional de capta\u00e7\u00e3o e transplantes de \u00f3rg\u00e3os e tecidos.MISS\u00c3O: coordenar, fiscalizar e regular&nbsp; todas as atividades de do processo doa\u00e7\u00e3o- transplante no&hellip;<\/p>\n","category_list_v2":"","author_info_v2":{"name":"yancarvalho","url":"https:\/\/portal.pi.gov.br\/sesapi\/author\/yancarvalho\/"},"comments_num_v2":"0 coment\u00e1rio","_links":{"self":[{"href":"https:\/\/portal.pi.gov.br\/sesapi\/wp-json\/wp\/v2\/pages\/995"}],"collection":[{"href":"https:\/\/portal.pi.gov.br\/sesapi\/wp-json\/wp\/v2\/pages"}],"about":[{"href":"https:\/\/portal.pi.gov.br\/sesapi\/wp-json\/wp\/v2\/types\/page"}],"author":[{"embeddable":true,"href":"https:\/\/portal.pi.gov.br\/sesapi\/wp-json\/wp\/v2\/users\/1798"}],"replies":[{"embeddable":true,"href":"https:\/\/portal.pi.gov.br\/sesapi\/wp-json\/wp\/v2\/comments?post=995"}],"version-history":[{"count":2,"href":"https:\/\/portal.pi.gov.br\/sesapi\/wp-json\/wp\/v2\/pages\/995\/revisions"}],"predecessor-version":[{"id":1301,"href":"https:\/\/portal.pi.gov.br\/sesapi\/wp-json\/wp\/v2\/pages\/995\/revisions\/1301"}],"wp:attachment":[{"href":"https:\/\/portal.pi.gov.br\/sesapi\/wp-json\/wp\/v2\/media?parent=995"}],"curies":[{"name":"wp","href":"https:\/\/api.w.org\/{rel}","templated":true}]}}