{"id":941,"date":"2024-11-18T09:43:41","date_gmt":"2024-11-18T12:43:41","guid":{"rendered":"https:\/\/portal.pi.gov.br\/sine\/?page_id=941"},"modified":"2024-11-18T09:47:01","modified_gmt":"2024-11-18T12:47:01","slug":"quem-somos","status":"publish","type":"page","link":"https:\/\/portal.pi.gov.br\/sine\/quem-somos\/","title":{"rendered":"Quem Somos"},"content":{"rendered":"\n<p>O SINE-PI &#8211; Sistema Nacional de Emprego \u00e9 um programa do Minist\u00e9rio da Economia, coordenado a n\u00edvel Nacional pela Secretaria Especial do Trabalho, criado pelo Decreto 76.403 de 08\/10\/75, tendo como meta a organiza\u00e7\u00e3o do mercado de trabalho em todos os Estados.<\/p>\n\n\n\n<p>No Piau\u00ed, este programa \u00e9 administrado pela Secretaria da Assist\u00eancia Social, Trabalho e Direitos Humanos &#8211; SASC, criado por for\u00e7a do Decreto 256, de 10\/05\/77.<\/p>\n\n\n\n<p><br>Servi\u00e7os<br>\u2022&nbsp;Informa\u00e7\u00f5es e orienta\u00e7\u00e3o sobre o mercado de trabalho<br>\u2022&nbsp;Intermedia\u00e7\u00e3o de m\u00e3o-de-obra<br>\u2022&nbsp;Seguro-Desemprego<br>\u2022&nbsp;Qualifica\u00e7\u00e3o de m\u00e3o-de-obra<br>\u2022&nbsp;Apoio ao trabalho aut\u00f4nomo (servi\u00e7os)<br>\u2022&nbsp;Expedi\u00e7\u00e3o de Carteira de Trabalho e Previd\u00eancia Social<br>\u2022 Habilita\u00e7\u00e3o para Carteira de Trabalho e Previd\u00eancia Social Digital<\/p>\n\n\n\n<p>Como funciona a intermedia\u00e7\u00e3o de m\u00e3o de obra:<\/p>\n\n\n\n<p>Ao chegar ao SINE o trabalhador recebe uma senha. Todas as senhas s\u00e3o distribu\u00eddas pela manh\u00e3, a partir das 7hs. Quando chegar a sua vez, ser\u00e1 direcionado para um dos atendentes que far\u00e1 o cadastramento.<br>No primeiro atendimento ser\u00e1 inserido os dados do trabalhador em nosso sistema. Esse procedimento dura entre 15 e 20 minutos;<br>Caso tenha dispon\u00edvel alguma vaga de acordo com o perfil do trabalhador o mesmo ser\u00e1 encaminhado para participar de processos seletivo nas empresas, diretamente pelo Setor de Atendimento, ou ap\u00f3s avalia\u00e7\u00e3o do Servi\u00e7o de Psicologia, caso contrario&nbsp; o&nbsp; trabalhador ser\u00e1 orientado a retornar ao SINE periodicamente, para se informar sobre o andamento de sua solicita\u00e7\u00e3o.<br>Para facilitar o atendimento e o acesso \u00e0s vagas oferecidas no SINE o trabalhador deve levar originais dos seguintes documentos:<br>RG,<br>Carteira de Trabalho<br>Comprovante de Resid\u00eancia<br>Comprovante de Escolaridade,<br>Certificados<br>Sempre que o trabalhador mudar de endere\u00e7o, telefone, ou realizar novos cursos de aperfei\u00e7oamento e capacita\u00e7\u00e3o profissional deve comparecer imediatamente ao SINE para atualizar o cadastro.<br><\/p>\n","protected":false},"excerpt":{"rendered":"<p>O SINE-PI &#8211; Sistema Nacional de Emprego \u00e9 um programa do Minist\u00e9rio da Economia, coordenado a n\u00edvel Nacional pela Secretaria Especial do Trabalho, criado pelo Decreto 76.403 de 08\/10\/75, tendo [&hellip;]<\/p>\n","protected":false},"author":28,"featured_media":0,"parent":0,"menu_order":0,"comment_status":"closed","ping_status":"closed","template":"template-fullwidth.php","meta":[],"featured_image_urls":{"full":"","thumbnail":"","medium":"","medium_large":"","large":"","sgg-420":"","sgg-540":"","sgg-780":"","1536x1536":"","2048x2048":"","homepage-slider":"","homepage-slider-small":"","page-top":"","page-small":"","loop-main":"","thumb-gallery-widget":""},"post_excerpt_stackable":"<p>O SINE-PI &#8211; Sistema Nacional de Emprego \u00e9 um programa do Minist\u00e9rio da Economia, coordenado a n\u00edvel Nacional pela Secretaria Especial do Trabalho, criado pelo Decreto 76.403 de 08\/10\/75, tendo como meta a organiza\u00e7\u00e3o do mercado de trabalho em todos os Estados. No Piau\u00ed, este programa \u00e9 administrado pela Secretaria da Assist\u00eancia Social, Trabalho e Direitos Humanos &#8211; SASC, criado por for\u00e7a do Decreto 256, de 10\/05\/77. Servi\u00e7os\u2022&nbsp;Informa\u00e7\u00f5es e orienta\u00e7\u00e3o sobre o mercado de trabalho\u2022&nbsp;Intermedia\u00e7\u00e3o de m\u00e3o-de-obra\u2022&nbsp;Seguro-Desemprego\u2022&nbsp;Qualifica\u00e7\u00e3o de m\u00e3o-de-obra\u2022&nbsp;Apoio ao trabalho aut\u00f4nomo (servi\u00e7os)\u2022&nbsp;Expedi\u00e7\u00e3o de Carteira de Trabalho e Previd\u00eancia Social\u2022 Habilita\u00e7\u00e3o para Carteira de Trabalho e Previd\u00eancia Social Digital Como&hellip;<\/p>\n","category_list":"","author_info":{"name":"tassodenis","url":"https:\/\/portal.pi.gov.br\/sine\/author\/tassodenis\/"},"comments_num":"0 coment\u00e1rio","featured_image_urls_v2":{"full":"","thumbnail":"","medium":"","medium_large":"","large":"","sgg-420":"","sgg-540":"","sgg-780":"","1536x1536":"","2048x2048":"","homepage-slider":"","homepage-slider-small":"","page-top":"","page-small":"","loop-main":"","thumb-gallery-widget":""},"post_excerpt_stackable_v2":"<p>O SINE-PI &#8211; Sistema Nacional de Emprego \u00e9 um programa do Minist\u00e9rio da Economia, coordenado a n\u00edvel Nacional pela Secretaria Especial do Trabalho, criado pelo Decreto 76.403 de 08\/10\/75, tendo como meta a organiza\u00e7\u00e3o do mercado de trabalho em todos os Estados. No Piau\u00ed, este programa \u00e9 administrado pela Secretaria da Assist\u00eancia Social, Trabalho e Direitos Humanos &#8211; SASC, criado por for\u00e7a do Decreto 256, de 10\/05\/77. Servi\u00e7os\u2022&nbsp;Informa\u00e7\u00f5es e orienta\u00e7\u00e3o sobre o mercado de trabalho\u2022&nbsp;Intermedia\u00e7\u00e3o de m\u00e3o-de-obra\u2022&nbsp;Seguro-Desemprego\u2022&nbsp;Qualifica\u00e7\u00e3o de m\u00e3o-de-obra\u2022&nbsp;Apoio ao trabalho aut\u00f4nomo (servi\u00e7os)\u2022&nbsp;Expedi\u00e7\u00e3o de Carteira de Trabalho e Previd\u00eancia Social\u2022 Habilita\u00e7\u00e3o para Carteira de Trabalho e Previd\u00eancia Social Digital Como&hellip;<\/p>\n","category_list_v2":"","author_info_v2":{"name":"tassodenis","url":"https:\/\/portal.pi.gov.br\/sine\/author\/tassodenis\/"},"comments_num_v2":"0 coment\u00e1rio","_links":{"self":[{"href":"https:\/\/portal.pi.gov.br\/sine\/wp-json\/wp\/v2\/pages\/941"}],"collection":[{"href":"https:\/\/portal.pi.gov.br\/sine\/wp-json\/wp\/v2\/pages"}],"about":[{"href":"https:\/\/portal.pi.gov.br\/sine\/wp-json\/wp\/v2\/types\/page"}],"author":[{"embeddable":true,"href":"https:\/\/portal.pi.gov.br\/sine\/wp-json\/wp\/v2\/users\/28"}],"replies":[{"embeddable":true,"href":"https:\/\/portal.pi.gov.br\/sine\/wp-json\/wp\/v2\/comments?post=941"}],"version-history":[{"count":2,"href":"https:\/\/portal.pi.gov.br\/sine\/wp-json\/wp\/v2\/pages\/941\/revisions"}],"predecessor-version":[{"id":952,"href":"https:\/\/portal.pi.gov.br\/sine\/wp-json\/wp\/v2\/pages\/941\/revisions\/952"}],"wp:attachment":[{"href":"https:\/\/portal.pi.gov.br\/sine\/wp-json\/wp\/v2\/media?parent=941"}],"curies":[{"name":"wp","href":"https:\/\/api.w.org\/{rel}","templated":true}]}}