{"id":947,"date":"2024-11-18T09:44:51","date_gmt":"2024-11-18T12:44:51","guid":{"rendered":"https:\/\/portal.pi.gov.br\/sine\/?page_id=947"},"modified":"2025-01-10T11:46:09","modified_gmt":"2025-01-10T14:46:09","slug":"postos","status":"publish","type":"page","link":"https:\/\/portal.pi.gov.br\/sine\/postos\/","title":{"rendered":"Postos"},"content":{"rendered":"\n<p>Teresina<\/p>\n\n\n\n<p><strong>Sine Central<br><\/strong>Rua \u00c1lvaro Mendes, 2090, pr\u00f3ximo \u00e0 avenida Frei Serafim<\/p>\n\n\n\n<p><strong>Sine Parque Piau\u00ed<br><\/strong>Avenida Marechal Rondon, 138<\/p>\n\n\n\n<p><strong>Sine Teresina Shopping<br><\/strong>Avenida Raul Lopes, Espa\u00e7o da Cidadania<\/p>\n\n\n\n<p><strong>Sine Dirceu<br><\/strong>Grand Dirceu Shopping<br>Avenida Deputado Paulo Ferraz, Beira Rio-Espa\u00e7o da Cidadania<\/p>\n\n\n\n<p>Hor\u00e1rio de atendimento : 7h30 \u00e0s 13h30<br>Grand Shopping Dirceu atendimento &nbsp;8h \u00e0s 17h<br>Todos os servi\u00e7os s\u00e3o gratuitos e atendimento presencial em todos os postos<\/p>\n\n\n\n<p>Nos munic\u00edpios<\/p>\n\n\n\n<p><strong>Unidade Bom Jesus<\/strong><\/p>\n\n\n\n<p>Avenida Josu\u00e9 Parente, 90, Centro<\/p>\n\n\n\n<p><strong>Unidade Esperantina<br><\/strong>Pr\u00e9dio da SADA<br>Rua 13 de maio, 221<\/p>\n\n\n\n<p><strong>Unidade Floriano<br><\/strong>Avenida Dr. Jos\u00e9 Ribamar Pacheco, 268, Centro<\/p>\n\n\n\n<p><strong>Unidade Oeiras<br><\/strong>Avenida Professor Rafael Farias,S\/N, Conjunto Nogueira Tapety, Bairro Canela<br><br><strong>Unidade Parna\u00edba<br><\/strong>Rua \u00d3scar Clark, 109-41<br>Nossa Senhora do Carmo<br>Espa\u00e7o da Cidadania<\/p>\n\n\n\n<p><strong>Unidade Picos<br><\/strong>Piau\u00ed Shopping<br>Espa\u00e7o Cidad\u00e3o<\/p>\n\n\n\n<p><strong>Unidade Piripiri<br><\/strong>Rua Osvaldo Cruz, 135<br>Centro, Emater<\/p>\n\n\n\n<p><strong>Unidade S\u00e3o Jo\u00e3o do Piau\u00ed<br><\/strong>Secretaria Municipal de Desenvolvimento Social e Cidadania<br>Avenida C\u00e2ndido Coelho, S\/N<\/p>\n\n\n\n<p><strong>Unidade S\u00e3o Raimundo Nonato<br><\/strong>Rua Edmundo Belo da Silva, S\/N, Centro<br>Espa\u00e7o Cidad\u00e3o<\/p>\n\n\n\n<p><strong>Unidade Uru\u00e7u\u00ed<br><\/strong>Avenida Santos Dumont, Bela Vista, S\/N<\/p>\n\n\n\n<p><strong>Unidade Valen\u00e7a do Piau\u00ed<br><\/strong>Centro Social Urbano<br>Avenida Santos Dumont, 999, Centro<\/p>\n\n\n\n<p>Hor\u00e1rio de atendimento : 7h30 \u00e0s 13h30<br>Todos os servi\u00e7os s\u00e3o gratuitos e atendimento presencial em todos os postos<\/p>\n","protected":false},"excerpt":{"rendered":"<p>Teresina Sine CentralRua \u00c1lvaro Mendes, 2090, pr\u00f3ximo \u00e0 avenida Frei Serafim Sine Parque Piau\u00edAvenida Marechal Rondon, 138 Sine Teresina ShoppingAvenida Raul Lopes, Espa\u00e7o da Cidadania Sine DirceuGrand Dirceu ShoppingAvenida Deputado [&hellip;]<\/p>\n","protected":false},"author":28,"featured_media":0,"parent":0,"menu_order":0,"comment_status":"closed","ping_status":"closed","template":"template-fullwidth.php","meta":[],"featured_image_urls":{"full":"","thumbnail":"","medium":"","medium_large":"","large":"","sgg-420":"","sgg-540":"","sgg-780":"","1536x1536":"","2048x2048":"","homepage-slider":"","homepage-slider-small":"","page-top":"","page-small":"","loop-main":"","thumb-gallery-widget":""},"post_excerpt_stackable":"<p>Teresina Sine CentralRua \u00c1lvaro Mendes, 2090, pr\u00f3ximo \u00e0 avenida Frei Serafim Sine Parque Piau\u00edAvenida Marechal Rondon, 138 Sine Teresina ShoppingAvenida Raul Lopes, Espa\u00e7o da Cidadania Sine DirceuGrand Dirceu ShoppingAvenida Deputado Paulo Ferraz, Beira Rio-Espa\u00e7o da Cidadania Hor\u00e1rio de atendimento : 7h30 \u00e0s 13h30Grand Shopping Dirceu atendimento &nbsp;8h \u00e0s 17hTodos os servi\u00e7os s\u00e3o gratuitos e atendimento presencial em todos os postos Nos munic\u00edpios Unidade Bom Jesus Avenida Josu\u00e9 Parente, 90, Centro Unidade EsperantinaPr\u00e9dio da SADARua 13 de maio, 221 Unidade FlorianoAvenida Dr. Jos\u00e9 Ribamar Pacheco, 268, Centro Unidade OeirasAvenida Professor Rafael Farias,S\/N, Conjunto Nogueira Tapety, Bairro CanelaUnidade Parna\u00edbaRua \u00d3scar Clark, 109-41Nossa&hellip;<\/p>\n","category_list":"","author_info":{"name":"tassodenis","url":"https:\/\/portal.pi.gov.br\/sine\/author\/tassodenis\/"},"comments_num":"0 coment\u00e1rio","featured_image_urls_v2":{"full":"","thumbnail":"","medium":"","medium_large":"","large":"","sgg-420":"","sgg-540":"","sgg-780":"","1536x1536":"","2048x2048":"","homepage-slider":"","homepage-slider-small":"","page-top":"","page-small":"","loop-main":"","thumb-gallery-widget":""},"post_excerpt_stackable_v2":"<p>Teresina Sine CentralRua \u00c1lvaro Mendes, 2090, pr\u00f3ximo \u00e0 avenida Frei Serafim Sine Parque Piau\u00edAvenida Marechal Rondon, 138 Sine Teresina ShoppingAvenida Raul Lopes, Espa\u00e7o da Cidadania Sine DirceuGrand Dirceu ShoppingAvenida Deputado Paulo Ferraz, Beira Rio-Espa\u00e7o da Cidadania Hor\u00e1rio de atendimento : 7h30 \u00e0s 13h30Grand Shopping Dirceu atendimento &nbsp;8h \u00e0s 17hTodos os servi\u00e7os s\u00e3o gratuitos e atendimento presencial em todos os postos Nos munic\u00edpios Unidade Bom Jesus Avenida Josu\u00e9 Parente, 90, Centro Unidade EsperantinaPr\u00e9dio da SADARua 13 de maio, 221 Unidade FlorianoAvenida Dr. Jos\u00e9 Ribamar Pacheco, 268, Centro Unidade OeirasAvenida Professor Rafael Farias,S\/N, Conjunto Nogueira Tapety, Bairro CanelaUnidade Parna\u00edbaRua \u00d3scar Clark, 109-41Nossa&hellip;<\/p>\n","category_list_v2":"","author_info_v2":{"name":"tassodenis","url":"https:\/\/portal.pi.gov.br\/sine\/author\/tassodenis\/"},"comments_num_v2":"0 coment\u00e1rio","_links":{"self":[{"href":"https:\/\/portal.pi.gov.br\/sine\/wp-json\/wp\/v2\/pages\/947"}],"collection":[{"href":"https:\/\/portal.pi.gov.br\/sine\/wp-json\/wp\/v2\/pages"}],"about":[{"href":"https:\/\/portal.pi.gov.br\/sine\/wp-json\/wp\/v2\/types\/page"}],"author":[{"embeddable":true,"href":"https:\/\/portal.pi.gov.br\/sine\/wp-json\/wp\/v2\/users\/28"}],"replies":[{"embeddable":true,"href":"https:\/\/portal.pi.gov.br\/sine\/wp-json\/wp\/v2\/comments?post=947"}],"version-history":[{"count":2,"href":"https:\/\/portal.pi.gov.br\/sine\/wp-json\/wp\/v2\/pages\/947\/revisions"}],"predecessor-version":[{"id":1067,"href":"https:\/\/portal.pi.gov.br\/sine\/wp-json\/wp\/v2\/pages\/947\/revisions\/1067"}],"wp:attachment":[{"href":"https:\/\/portal.pi.gov.br\/sine\/wp-json\/wp\/v2\/media?parent=947"}],"curies":[{"name":"wp","href":"https:\/\/api.w.org\/{rel}","templated":true}]}}