{"id":949,"date":"2024-11-18T09:45:24","date_gmt":"2024-11-18T12:45:24","guid":{"rendered":"https:\/\/portal.pi.gov.br\/sine\/?page_id=949"},"modified":"2024-11-18T09:46:22","modified_gmt":"2024-11-18T12:46:22","slug":"projeto-trabalho-para-todos","status":"publish","type":"page","link":"https:\/\/portal.pi.gov.br\/sine\/projeto-trabalho-para-todos\/","title":{"rendered":"Projeto Trabalho Para Todos"},"content":{"rendered":"\n<p>O SINE-PI, conta com uma equipe de profissionais capacitados para atender com qualidade os trabalhadores com defici\u00eancia e as demandas do empres\u00e1rio para este.<br>Tem um banco de trabalhadores inscritos contendo todas as tipologias de defici\u00eancia e as empresas que solicitam nossos servi\u00e7os recebem esses trabalhadores homologados de acordo com a lei n\u00ba 8.213, de 24 de julho de 1991.<\/p>\n\n\n\n<p>As cotas dos deficientes s\u00e3o determinadas pela lei 8213\/91 em seu artigo 93:<br>Art. 93. A empresa com 100 (cem) ou mais empregados est\u00e1 obrigada a preencher de 2% (dois por cento) a 5% (cinco por cento) dos seus cargos com benefici\u00e1rios reabilitados ou pessoas portadoras de defici\u00eancia, habilitadas, na seguinte propor\u00e7\u00e3o:<\/p>\n\n\n\n<p>I &#8211; at\u00e9 200 empregados 2%<br>II &#8211; de 201 a 500 3%<br>III &#8211; de 501 a 1.000 4%<br>IV &#8211; de 1.001 em diante 5%<\/p>\n\n\n\n<p>Dispomos de um servi\u00e7o gratuito tanto para o trabalhador como para o empres\u00e1rio.<\/p>\n\n\n\n<p>Contato: (86) 3221-3075<\/p>\n","protected":false},"excerpt":{"rendered":"<p>O SINE-PI, conta com uma equipe de profissionais capacitados para atender com qualidade os trabalhadores com defici\u00eancia e as demandas do empres\u00e1rio para este.Tem um banco de trabalhadores inscritos contendo [&hellip;]<\/p>\n","protected":false},"author":28,"featured_media":0,"parent":0,"menu_order":0,"comment_status":"closed","ping_status":"closed","template":"template-fullwidth.php","meta":[],"featured_image_urls":{"full":"","thumbnail":"","medium":"","medium_large":"","large":"","sgg-420":"","sgg-540":"","sgg-780":"","1536x1536":"","2048x2048":"","homepage-slider":"","homepage-slider-small":"","page-top":"","page-small":"","loop-main":"","thumb-gallery-widget":""},"post_excerpt_stackable":"<p>O SINE-PI, conta com uma equipe de profissionais capacitados para atender com qualidade os trabalhadores com defici\u00eancia e as demandas do empres\u00e1rio para este.Tem um banco de trabalhadores inscritos contendo todas as tipologias de defici\u00eancia e as empresas que solicitam nossos servi\u00e7os recebem esses trabalhadores homologados de acordo com a lei n\u00ba 8.213, de 24 de julho de 1991. As cotas dos deficientes s\u00e3o determinadas pela lei 8213\/91 em seu artigo 93:Art. 93. A empresa com 100 (cem) ou mais empregados est\u00e1 obrigada a preencher de 2% (dois por cento) a 5% (cinco por cento) dos seus cargos com benefici\u00e1rios&hellip;<\/p>\n","category_list":"","author_info":{"name":"tassodenis","url":"https:\/\/portal.pi.gov.br\/sine\/author\/tassodenis\/"},"comments_num":"0 coment\u00e1rio","featured_image_urls_v2":{"full":"","thumbnail":"","medium":"","medium_large":"","large":"","sgg-420":"","sgg-540":"","sgg-780":"","1536x1536":"","2048x2048":"","homepage-slider":"","homepage-slider-small":"","page-top":"","page-small":"","loop-main":"","thumb-gallery-widget":""},"post_excerpt_stackable_v2":"<p>O SINE-PI, conta com uma equipe de profissionais capacitados para atender com qualidade os trabalhadores com defici\u00eancia e as demandas do empres\u00e1rio para este.Tem um banco de trabalhadores inscritos contendo todas as tipologias de defici\u00eancia e as empresas que solicitam nossos servi\u00e7os recebem esses trabalhadores homologados de acordo com a lei n\u00ba 8.213, de 24 de julho de 1991. As cotas dos deficientes s\u00e3o determinadas pela lei 8213\/91 em seu artigo 93:Art. 93. A empresa com 100 (cem) ou mais empregados est\u00e1 obrigada a preencher de 2% (dois por cento) a 5% (cinco por cento) dos seus cargos com benefici\u00e1rios&hellip;<\/p>\n","category_list_v2":"","author_info_v2":{"name":"tassodenis","url":"https:\/\/portal.pi.gov.br\/sine\/author\/tassodenis\/"},"comments_num_v2":"0 coment\u00e1rio","_links":{"self":[{"href":"https:\/\/portal.pi.gov.br\/sine\/wp-json\/wp\/v2\/pages\/949"}],"collection":[{"href":"https:\/\/portal.pi.gov.br\/sine\/wp-json\/wp\/v2\/pages"}],"about":[{"href":"https:\/\/portal.pi.gov.br\/sine\/wp-json\/wp\/v2\/types\/page"}],"author":[{"embeddable":true,"href":"https:\/\/portal.pi.gov.br\/sine\/wp-json\/wp\/v2\/users\/28"}],"replies":[{"embeddable":true,"href":"https:\/\/portal.pi.gov.br\/sine\/wp-json\/wp\/v2\/comments?post=949"}],"version-history":[{"count":2,"href":"https:\/\/portal.pi.gov.br\/sine\/wp-json\/wp\/v2\/pages\/949\/revisions"}],"predecessor-version":[{"id":951,"href":"https:\/\/portal.pi.gov.br\/sine\/wp-json\/wp\/v2\/pages\/949\/revisions\/951"}],"wp:attachment":[{"href":"https:\/\/portal.pi.gov.br\/sine\/wp-json\/wp\/v2\/media?parent=949"}],"curies":[{"name":"wp","href":"https:\/\/api.w.org\/{rel}","templated":true}]}}