{"id":958,"date":"2024-11-18T09:51:51","date_gmt":"2024-11-18T12:51:51","guid":{"rendered":"https:\/\/portal.pi.gov.br\/sine\/?page_id=958"},"modified":"2024-11-18T09:51:52","modified_gmt":"2024-11-18T12:51:52","slug":"central-do-autonomo","status":"publish","type":"page","link":"https:\/\/portal.pi.gov.br\/sine\/central-do-autonomo\/","title":{"rendered":"Central Do Aut\u00f4nomo"},"content":{"rendered":"\n<p>A Central do aut\u00f4nomo, projeto reativado em dezembro de 2007 pela Secretaria do Trabalho e Empreendedorismo (Setre), possui mais de 300 trabalhadores cadastrados em seu banco de dados e recebe diariamente in\u00fameras chamadas de pessoas f\u00edsicas e jur\u00eddicas solicitando servi\u00e7os de trabalhadores aut\u00f4nomos em suas depend\u00eancias.<br><br>O projeto organiza grupos ocupacionais para a presta\u00e7\u00e3o de servi\u00e7os tempor\u00e1rios a resid\u00eancias e\/ou empresas, dessa forma, garante a qualidade, seguran\u00e7a e facilidade para as pessoas que solicitam os servi\u00e7os encaminhados pelo Programa.<br><br>Antes de ser encaminhado a uma casa ou empresa para a presta\u00e7\u00e3o do servi\u00e7o, o aut\u00f4nomo passa por uma entrevista e um processo de conhecimento, feitos pelo Sistema Nacional de Emprego no Piau\u00ed (Sine-PI). O trabalhador \u00e9 encaminhado com a documenta\u00e7\u00e3o em m\u00e3os ao local do servi\u00e7o para combinar, posteriormente, junto ao contratante, o valor do servi\u00e7o a ser realizado.<br><\/p>\n\n\n\n<figure class=\"wp-block-table\"><table><tbody><tr><td>Administrador<br>Advogado<br>Armador<br>Auxiliar Administrativo<br>Auxiliar de eletricista<br>Auxiliar de ferreiro<br>Auxiliar de Pedreiro<br>Auxiliar de servi\u00e7os gerais<br>Auxiliar de soldador<br>Bab\u00e1<br>Cabelereira<br>Camareira<br>Carpinteiro<br>Caseiro<br>Copeira<br>Costureiro<br>Cozinheiro<br>Diarista<br>Digitado<br>Doces e salgados<br>Eletricista<br>Eletricista industrial<br>Encanador<br>Estoquista<br>Faxineira<br>Gess\u00eairo<br>Impermeabilizador<br>Jardineiro<br>Lavadeira<br>Lavador de carro<\/td><td>Manuten\u00e7\u00e3o de Computadores<br>Manuten\u00e7\u00e3o de eletrodom\u00e9sticos<br>Marceneiro<br>Mestre de obras<br>Motorista<br>Office boy<br>Operador de m\u00e1quinas<br>Passadeira<br>Pedagoga<br>Pedreiro<br>Pintor<br>Pizzaiolo<br>Porteiro<br>Qu\u00edmico<br>Recepcionista<br>Seguran\u00e7a<br>Serralheiro<br>Servi\u00e7os Gerais<br>Soldador<br>Taxista<br>T\u00e9cnico Cabista<br>T\u00e9cnico de Flores<br>T\u00e9cnico em enfermagem<br>T\u00e9cnico em fog\u00e3o<br>T\u00e9cnico em telefonista<br>Top\u00f3grafo<br>Vendedor<br>Vigia<br>Vigilante<br>Zelador<\/td><\/tr><\/tbody><\/table><\/figure>\n","protected":false},"excerpt":{"rendered":"<p>A Central do aut\u00f4nomo, projeto reativado em dezembro de 2007 pela Secretaria do Trabalho e Empreendedorismo (Setre), possui mais de 300 trabalhadores cadastrados em seu banco de dados e recebe [&hellip;]<\/p>\n","protected":false},"author":28,"featured_media":0,"parent":0,"menu_order":0,"comment_status":"closed","ping_status":"closed","template":"template-fullwidth.php","meta":[],"featured_image_urls":{"full":"","thumbnail":"","medium":"","medium_large":"","large":"","sgg-420":"","sgg-540":"","sgg-780":"","1536x1536":"","2048x2048":"","homepage-slider":"","homepage-slider-small":"","page-top":"","page-small":"","loop-main":"","thumb-gallery-widget":""},"post_excerpt_stackable":"<p>A Central do aut\u00f4nomo, projeto reativado em dezembro de 2007 pela Secretaria do Trabalho e Empreendedorismo (Setre), possui mais de 300 trabalhadores cadastrados em seu banco de dados e recebe diariamente in\u00fameras chamadas de pessoas f\u00edsicas e jur\u00eddicas solicitando servi\u00e7os de trabalhadores aut\u00f4nomos em suas depend\u00eancias.O projeto organiza grupos ocupacionais para a presta\u00e7\u00e3o de servi\u00e7os tempor\u00e1rios a resid\u00eancias e\/ou empresas, dessa forma, garante a qualidade, seguran\u00e7a e facilidade para as pessoas que solicitam os servi\u00e7os encaminhados pelo Programa.Antes de ser encaminhado a uma casa ou empresa para a presta\u00e7\u00e3o do servi\u00e7o, o aut\u00f4nomo passa por uma entrevista e um processo&hellip;<\/p>\n","category_list":"","author_info":{"name":"tassodenis","url":"https:\/\/portal.pi.gov.br\/sine\/author\/tassodenis\/"},"comments_num":"0 coment\u00e1rio","featured_image_urls_v2":{"full":"","thumbnail":"","medium":"","medium_large":"","large":"","sgg-420":"","sgg-540":"","sgg-780":"","1536x1536":"","2048x2048":"","homepage-slider":"","homepage-slider-small":"","page-top":"","page-small":"","loop-main":"","thumb-gallery-widget":""},"post_excerpt_stackable_v2":"<p>A Central do aut\u00f4nomo, projeto reativado em dezembro de 2007 pela Secretaria do Trabalho e Empreendedorismo (Setre), possui mais de 300 trabalhadores cadastrados em seu banco de dados e recebe diariamente in\u00fameras chamadas de pessoas f\u00edsicas e jur\u00eddicas solicitando servi\u00e7os de trabalhadores aut\u00f4nomos em suas depend\u00eancias.O projeto organiza grupos ocupacionais para a presta\u00e7\u00e3o de servi\u00e7os tempor\u00e1rios a resid\u00eancias e\/ou empresas, dessa forma, garante a qualidade, seguran\u00e7a e facilidade para as pessoas que solicitam os servi\u00e7os encaminhados pelo Programa.Antes de ser encaminhado a uma casa ou empresa para a presta\u00e7\u00e3o do servi\u00e7o, o aut\u00f4nomo passa por uma entrevista e um processo&hellip;<\/p>\n","category_list_v2":"","author_info_v2":{"name":"tassodenis","url":"https:\/\/portal.pi.gov.br\/sine\/author\/tassodenis\/"},"comments_num_v2":"0 coment\u00e1rio","_links":{"self":[{"href":"https:\/\/portal.pi.gov.br\/sine\/wp-json\/wp\/v2\/pages\/958"}],"collection":[{"href":"https:\/\/portal.pi.gov.br\/sine\/wp-json\/wp\/v2\/pages"}],"about":[{"href":"https:\/\/portal.pi.gov.br\/sine\/wp-json\/wp\/v2\/types\/page"}],"author":[{"embeddable":true,"href":"https:\/\/portal.pi.gov.br\/sine\/wp-json\/wp\/v2\/users\/28"}],"replies":[{"embeddable":true,"href":"https:\/\/portal.pi.gov.br\/sine\/wp-json\/wp\/v2\/comments?post=958"}],"version-history":[{"count":1,"href":"https:\/\/portal.pi.gov.br\/sine\/wp-json\/wp\/v2\/pages\/958\/revisions"}],"predecessor-version":[{"id":959,"href":"https:\/\/portal.pi.gov.br\/sine\/wp-json\/wp\/v2\/pages\/958\/revisions\/959"}],"wp:attachment":[{"href":"https:\/\/portal.pi.gov.br\/sine\/wp-json\/wp\/v2\/media?parent=958"}],"curies":[{"name":"wp","href":"https:\/\/api.w.org\/{rel}","templated":true}]}}