{"id":979,"date":"2024-11-18T10:45:17","date_gmt":"2024-11-18T13:45:17","guid":{"rendered":"https:\/\/portal.pi.gov.br\/sine\/?page_id=979"},"modified":"2024-11-18T10:45:18","modified_gmt":"2024-11-18T13:45:18","slug":"vagas-de-emprego","status":"publish","type":"page","link":"https:\/\/portal.pi.gov.br\/sine\/vagas-de-emprego\/","title":{"rendered":"Vagas de Emprego"},"content":{"rendered":"<script type=\"text\/x-handlebars-template\"        id=\"wpfd-template-table-categories-29\">    <div class=\"wpfd-categories\">{{#if category}}{{#with category}}{{#if parent}}<a class=\"catlink backcategory\" href=\"#\" data-idcat=\"{{parent}}\">                        <i class=\"zmdi zmdi-chevron-left\"><\/i><span>Voltar<\/span><\/a>{{\/if}}{{\/with}}{{\/if}}<\/div><\/script><script type=\"text\/x-handlebars-template\" id=\"wpfd-template-table-29\">    {{#if files}}    {{#each files}}    <tr class=\"file\" data-id=\"{{ID}}\" data-catid=\"{{catid}}\">    <td class=\"file_title\"><a class=\"wpfd_downloadlink\" href=\"{{linkdownload}}\" title=\"{{post_title}}\"><span class=\"extcol\">{{#if file_custom_icon}}<span class=\"icon-custom\"><img src=\"{{file_custom_icon}}\"><\/span>{{else}}<span class=\"ext ext-{{ext}}\"><\/span>{{\/if}}<\/span>{{{crop_title}}}<\/a><\/td><td class=\"file_size\">{{bytesToSize size}}<\/td><td class=\"file_created\">{{created}}<\/td><td class=\"file_modified\">{{modified}}<\/td>                    <td class=\"col-download\">                <a class=\"downloadlink wpfd_downloadlink\"  href=\"{{linkdownload}}\" style=\"background-color:#033b85;color:#ffffff;\">Baixar<i class=\"zmdi zmdi-cloud-download wpfd-download\"><\/i><\/a>{{#if openpdflink}}<a class=\"openlink wpfdlightbox wpfd_previewlink\" href=\"{{openpdflink}}\" target=\"\">Visualizar                            <i class=\"zmdi zmdi-filter-center-focus wpfd-preview\"><\/i>                        <\/a>{{else}}{{#if viewerlink}}<a                            href=\"{{viewerlink}}\"                            class=\"openlink wpfdlightbox wpfd_previewlink\"                            target=\"\"                            data-id=\"{{ID}}\"                            data-catid=\"{{catid}}\"                            data-file-type=\"{{ext}}\">Visualizar<i class=\"zmdi zmdi-filter-center-focus wpfd-preview\"><\/i>                        <\/a>{{\/if}}{{\/if}}            <\/td>            <\/tr>    {{\/each}}    {{\/if}}<\/script><div class=\"wpfd-content wpfd-content-table wpfd-content-multi colstyle\" data-category=\"29\"><input type=\"hidden\" id=\"current_category_29\" value=\"29\" \/>                    <input type=\"hidden\" id=\"current_category_slug_29\" value=\"vagas-de-emprego\" \/>                    <input type=\"hidden\" id=\"current_ordering_29\" value=\"created_time\" \/>                    <input type=\"hidden\" id=\"current_ordering_direction_29\" value=\"desc\" \/><div class=\"wpfd-container\">        <div class=\"wpfd-open-tree\"><\/div>    <div class=\"wpfd-container-table \">        <div class=\"wpfd-categories\"><\/div>        <table class=\"wpfd-table wpfd-table-bordered wpfd-table-striped mediaTable\">            <thead>            <tr>                <th class=\"essential persist file_title\">T\u00edtulo<\/th><th class=\"optional file_size\">Tamanho<\/th><th class=\"optional file_created\">Data de Publica\u00e7\u00e3o<\/th><th class=\"optional file_modified\">Data de modifica\u00e7\u00e3o<\/th><th class=\"essential file_download\">Baixar<\/th>            <\/tr>            <\/thead>            <tbody>                            <tr class=\"file\" data-id=\"1546\"                    data-catid=\"29\">                    <td class=\"file_title\"><a class=\"wpfd_downloadlink\" href=\"https:\/\/portal.pi.gov.br\/sine\/download\/29\/vagas-de-emprego\/1546\/ofertas-de-vagas-em-20-de-abril-de-2026.pdf\" title=\"Ofertas de vagas em 20 de Abril de 2026\"><span class=\"extcol\">                                <span class=\"ext ext-pdf\"><\/span>                                Ofertas de vagas em 20 de Abril de 2026                            <\/span><\/a><\/td><td class=\"file_size\">459.15 KB<\/td><td class=\"file_created\">20-04-2026<\/td><td class=\"file_modified\">20-04-2026<\/td>                                            <td class=\"col-download\">                            <a class=\"downloadlink wpfd_downloadlink\"  href=\"https:\/\/portal.pi.gov.br\/sine\/download\/29\/vagas-de-emprego\/1546\/ofertas-de-vagas-em-20-de-abril-de-2026.pdf\" style=\"background-color:#033b85;color:#ffffff;\">Baixar<i class=\"zmdi zmdi-cloud-download wpfd-download\"><\/i><\/a><a                            href=\"https:\/\/docs.google.com\/viewer?url=https%3A%2F%2Fportal.pi.gov.br%2Fsine%2Fwp-admin%2Fadmin-ajax.php%3Fjuwpfisadmin%3Dfalse%26action%3Dwpfd%26task%3Dfile.download%26wpfd_category_id%3D29%26wpfd_file_id%3D1546%26token%3D%26preview%3D1&#038;embedded=true\"                            class=\"openlink wpfdlightbox wpfd_previewlink\"                            target=\"\"                            data-id=\"1546\"                            data-catid=\"29\"                            data-file-type=\"pdf\">Visualizar<i class=\"zmdi zmdi-filter-center-focus wpfd-preview\"><\/i>                        <\/a>                        <\/td>                                    <\/tr>                            <tr class=\"file\" data-id=\"1545\"                    data-catid=\"29\">                    <td class=\"file_title\"><a class=\"wpfd_downloadlink\" href=\"https:\/\/portal.pi.gov.br\/sine\/download\/29\/vagas-de-emprego\/1545\/ofertas-de-vagas-em-17-de-abril-de-2026.pdf\" title=\"Ofertas de vagas em 17 de Abril de 2026\"><span class=\"extcol\">                                <span class=\"ext ext-pdf\"><\/span>                                Ofertas de vagas em 17 de Abril de 2026                            <\/span><\/a><\/td><td class=\"file_size\">457.50 KB<\/td><td class=\"file_created\">17-04-2026<\/td><td class=\"file_modified\">17-04-2026<\/td>                                            <td class=\"col-download\">                            <a class=\"downloadlink wpfd_downloadlink\"  href=\"https:\/\/portal.pi.gov.br\/sine\/download\/29\/vagas-de-emprego\/1545\/ofertas-de-vagas-em-17-de-abril-de-2026.pdf\" style=\"background-color:#033b85;color:#ffffff;\">Baixar<i class=\"zmdi zmdi-cloud-download wpfd-download\"><\/i><\/a><a                            href=\"https:\/\/docs.google.com\/viewer?url=https%3A%2F%2Fportal.pi.gov.br%2Fsine%2Fwp-admin%2Fadmin-ajax.php%3Fjuwpfisadmin%3Dfalse%26action%3Dwpfd%26task%3Dfile.download%26wpfd_category_id%3D29%26wpfd_file_id%3D1545%26token%3D%26preview%3D1&#038;embedded=true\"                            class=\"openlink wpfdlightbox wpfd_previewlink\"                            target=\"\"                            data-id=\"1545\"                            data-catid=\"29\"                            data-file-type=\"pdf\">Visualizar<i class=\"zmdi zmdi-filter-center-focus wpfd-preview\"><\/i>                        <\/a>                        <\/td>                                    <\/tr>                            <tr class=\"file\" data-id=\"1544\"                    data-catid=\"29\">                    <td class=\"file_title\"><a class=\"wpfd_downloadlink\" href=\"https:\/\/portal.pi.gov.br\/sine\/download\/29\/vagas-de-emprego\/1544\/ofertas-de-vagas-em-16-de-abril-de-2026.pdf\" title=\"Ofertas de vagas em 16 de Abril de 2026\"><span class=\"extcol\">                                <span class=\"ext ext-pdf\"><\/span>                                Ofertas de vagas em 16 de Abril de 2026                            <\/span><\/a><\/td><td class=\"file_size\">450.26 KB<\/td><td class=\"file_created\">16-04-2026<\/td><td class=\"file_modified\">16-04-2026<\/td>                                            <td class=\"col-download\">                            <a class=\"downloadlink wpfd_downloadlink\"  href=\"https:\/\/portal.pi.gov.br\/sine\/download\/29\/vagas-de-emprego\/1544\/ofertas-de-vagas-em-16-de-abril-de-2026.pdf\" style=\"background-color:#033b85;color:#ffffff;\">Baixar<i class=\"zmdi zmdi-cloud-download wpfd-download\"><\/i><\/a><a                            href=\"https:\/\/docs.google.com\/viewer?url=https%3A%2F%2Fportal.pi.gov.br%2Fsine%2Fwp-admin%2Fadmin-ajax.php%3Fjuwpfisadmin%3Dfalse%26action%3Dwpfd%26task%3Dfile.download%26wpfd_category_id%3D29%26wpfd_file_id%3D1544%26token%3D%26preview%3D1&#038;embedded=true\"                            class=\"openlink wpfdlightbox wpfd_previewlink\"                            target=\"\"                            data-id=\"1544\"                            data-catid=\"29\"                            data-file-type=\"pdf\">Visualizar<i class=\"zmdi zmdi-filter-center-focus wpfd-preview\"><\/i>                        <\/a>                        <\/td>                                    <\/tr>                            <tr class=\"file\" data-id=\"1543\"                    data-catid=\"29\">                    <td class=\"file_title\"><a class=\"wpfd_downloadlink\" href=\"https:\/\/portal.pi.gov.br\/sine\/download\/29\/vagas-de-emprego\/1543\/ofertas-de-vagas-em-15-de-abril-de-2026.pdf\" title=\"Ofertas de vagas em 15 de Abril de 2026\"><span class=\"extcol\">                                <span class=\"ext ext-pdf\"><\/span>                                Ofertas de vagas em 15 de Abril de 2026                            <\/span><\/a><\/td><td class=\"file_size\">449.38 KB<\/td><td class=\"file_created\">15-04-2026<\/td><td class=\"file_modified\">15-04-2026<\/td>                                            <td class=\"col-download\">                            <a class=\"downloadlink wpfd_downloadlink\"  href=\"https:\/\/portal.pi.gov.br\/sine\/download\/29\/vagas-de-emprego\/1543\/ofertas-de-vagas-em-15-de-abril-de-2026.pdf\" style=\"background-color:#033b85;color:#ffffff;\">Baixar<i class=\"zmdi zmdi-cloud-download wpfd-download\"><\/i><\/a><a                            href=\"https:\/\/docs.google.com\/viewer?url=https%3A%2F%2Fportal.pi.gov.br%2Fsine%2Fwp-admin%2Fadmin-ajax.php%3Fjuwpfisadmin%3Dfalse%26action%3Dwpfd%26task%3Dfile.download%26wpfd_category_id%3D29%26wpfd_file_id%3D1543%26token%3D%26preview%3D1&#038;embedded=true\"                            class=\"openlink wpfdlightbox wpfd_previewlink\"                            target=\"\"                            data-id=\"1543\"                            data-catid=\"29\"                            data-file-type=\"pdf\">Visualizar<i class=\"zmdi zmdi-filter-center-focus wpfd-preview\"><\/i>                        <\/a>                        <\/td>                                    <\/tr>                            <tr class=\"file\" data-id=\"1542\"                    data-catid=\"29\">                    <td class=\"file_title\"><a class=\"wpfd_downloadlink\" href=\"https:\/\/portal.pi.gov.br\/sine\/download\/29\/vagas-de-emprego\/1542\/ofertas-de-vagas-em-14-de-abril-de-2026.pdf\" title=\"Ofertas de vagas em 14 de Abril de 2026\"><span class=\"extcol\">                                <span class=\"ext ext-pdf\"><\/span>                                Ofertas de vagas em 14 de Abril de 2026                            <\/span><\/a><\/td><td class=\"file_size\">444.09 KB<\/td><td class=\"file_created\">14-04-2026<\/td><td class=\"file_modified\">14-04-2026<\/td>                                            <td class=\"col-download\">                            <a class=\"downloadlink wpfd_downloadlink\"  href=\"https:\/\/portal.pi.gov.br\/sine\/download\/29\/vagas-de-emprego\/1542\/ofertas-de-vagas-em-14-de-abril-de-2026.pdf\" style=\"background-color:#033b85;color:#ffffff;\">Baixar<i class=\"zmdi zmdi-cloud-download wpfd-download\"><\/i><\/a><a                            href=\"https:\/\/docs.google.com\/viewer?url=https%3A%2F%2Fportal.pi.gov.br%2Fsine%2Fwp-admin%2Fadmin-ajax.php%3Fjuwpfisadmin%3Dfalse%26action%3Dwpfd%26task%3Dfile.download%26wpfd_category_id%3D29%26wpfd_file_id%3D1542%26token%3D%26preview%3D1&#038;embedded=true\"                            class=\"openlink wpfdlightbox wpfd_previewlink\"                            target=\"\"                            data-id=\"1542\"                            data-catid=\"29\"                            data-file-type=\"pdf\">Visualizar<i class=\"zmdi zmdi-filter-center-focus wpfd-preview\"><\/i>                        <\/a>                        <\/td>                                    <\/tr>                            <tr class=\"file\" data-id=\"1540\"                    data-catid=\"29\">                    <td class=\"file_title\"><a class=\"wpfd_downloadlink\" href=\"https:\/\/portal.pi.gov.br\/sine\/download\/29\/vagas-de-emprego\/1540\/ofertas-de-vagas-em-13-de-abril-de-2026.pdf\" title=\"Ofertas de vagas em 13 de Abril de 2026\"><span class=\"extcol\">                                <span class=\"ext ext-pdf\"><\/span>                                Ofertas de vagas em 13 de Abril de 2026                            <\/span><\/a><\/td><td class=\"file_size\">452.79 KB<\/td><td class=\"file_created\">13-04-2026<\/td><td class=\"file_modified\">13-04-2026<\/td>                                            <td class=\"col-download\">                            <a class=\"downloadlink wpfd_downloadlink\"  href=\"https:\/\/portal.pi.gov.br\/sine\/download\/29\/vagas-de-emprego\/1540\/ofertas-de-vagas-em-13-de-abril-de-2026.pdf\" style=\"background-color:#033b85;color:#ffffff;\">Baixar<i class=\"zmdi zmdi-cloud-download wpfd-download\"><\/i><\/a><a                            href=\"https:\/\/docs.google.com\/viewer?url=https%3A%2F%2Fportal.pi.gov.br%2Fsine%2Fwp-admin%2Fadmin-ajax.php%3Fjuwpfisadmin%3Dfalse%26action%3Dwpfd%26task%3Dfile.download%26wpfd_category_id%3D29%26wpfd_file_id%3D1540%26token%3D%26preview%3D1&#038;embedded=true\"                            class=\"openlink wpfdlightbox wpfd_previewlink\"                            target=\"\"                            data-id=\"1540\"                            data-catid=\"29\"                            data-file-type=\"pdf\">Visualizar<i class=\"zmdi zmdi-filter-center-focus wpfd-preview\"><\/i>                        <\/a>                        <\/td>                                    <\/tr>                            <tr class=\"file\" data-id=\"1539\"                    data-catid=\"29\">                    <td class=\"file_title\"><a class=\"wpfd_downloadlink\" href=\"https:\/\/portal.pi.gov.br\/sine\/download\/29\/vagas-de-emprego\/1539\/ofertas-de-vagas-em-09-de-abril-de-2026.pdf\" title=\"Ofertas de vagas em 09 de Abril de 2026\"><span class=\"extcol\">                                <span class=\"ext ext-pdf\"><\/span>                                Ofertas de vagas em 09 de Abril de 2026                            <\/span><\/a><\/td><td class=\"file_size\">449.44 KB<\/td><td class=\"file_created\">09-04-2026<\/td><td class=\"file_modified\">09-04-2026<\/td>                                            <td class=\"col-download\">                            <a class=\"downloadlink wpfd_downloadlink\"  href=\"https:\/\/portal.pi.gov.br\/sine\/download\/29\/vagas-de-emprego\/1539\/ofertas-de-vagas-em-09-de-abril-de-2026.pdf\" style=\"background-color:#033b85;color:#ffffff;\">Baixar<i class=\"zmdi zmdi-cloud-download wpfd-download\"><\/i><\/a><a                            href=\"https:\/\/docs.google.com\/viewer?url=https%3A%2F%2Fportal.pi.gov.br%2Fsine%2Fwp-admin%2Fadmin-ajax.php%3Fjuwpfisadmin%3Dfalse%26action%3Dwpfd%26task%3Dfile.download%26wpfd_category_id%3D29%26wpfd_file_id%3D1539%26token%3D%26preview%3D1&#038;embedded=true\"                            class=\"openlink wpfdlightbox wpfd_previewlink\"                            target=\"\"                            data-id=\"1539\"                            data-catid=\"29\"                            data-file-type=\"pdf\">Visualizar<i class=\"zmdi zmdi-filter-center-focus wpfd-preview\"><\/i>                        <\/a>                        <\/td>                                    <\/tr>                            <tr class=\"file\" data-id=\"1538\"                    data-catid=\"29\">                    <td class=\"file_title\"><a class=\"wpfd_downloadlink\" href=\"https:\/\/portal.pi.gov.br\/sine\/download\/29\/vagas-de-emprego\/1538\/ofertas-de-vagas-em-08-de-abril-de-2026.pdf\" title=\"Ofertas de vagas em 08 de Abril de 2026\"><span class=\"extcol\">                                <span class=\"ext ext-pdf\"><\/span>                                Ofertas de vagas em 08 de Abril de 2026                            <\/span><\/a><\/td><td class=\"file_size\">438.44 KB<\/td><td class=\"file_created\">08-04-2026<\/td><td class=\"file_modified\">08-04-2026<\/td>                                            <td class=\"col-download\">                            <a class=\"downloadlink wpfd_downloadlink\"  href=\"https:\/\/portal.pi.gov.br\/sine\/download\/29\/vagas-de-emprego\/1538\/ofertas-de-vagas-em-08-de-abril-de-2026.pdf\" style=\"background-color:#033b85;color:#ffffff;\">Baixar<i class=\"zmdi zmdi-cloud-download wpfd-download\"><\/i><\/a><a                            href=\"https:\/\/docs.google.com\/viewer?url=https%3A%2F%2Fportal.pi.gov.br%2Fsine%2Fwp-admin%2Fadmin-ajax.php%3Fjuwpfisadmin%3Dfalse%26action%3Dwpfd%26task%3Dfile.download%26wpfd_category_id%3D29%26wpfd_file_id%3D1538%26token%3D%26preview%3D1&#038;embedded=true\"                            class=\"openlink wpfdlightbox wpfd_previewlink\"                            target=\"\"                            data-id=\"1538\"                            data-catid=\"29\"                            data-file-type=\"pdf\">Visualizar<i class=\"zmdi zmdi-filter-center-focus wpfd-preview\"><\/i>                        <\/a>                        <\/td>                                    <\/tr>                            <tr class=\"file\" data-id=\"1537\"                    data-catid=\"29\">                    <td class=\"file_title\"><a class=\"wpfd_downloadlink\" href=\"https:\/\/portal.pi.gov.br\/sine\/download\/29\/vagas-de-emprego\/1537\/ofertas-de-vagas-em-07-de-abril-de-2026.pdf\" title=\"Ofertas de vagas em 07 de Abril de 2026\"><span class=\"extcol\">                                <span class=\"ext ext-pdf\"><\/span>                                Ofertas de vagas em 07 de Abril de 2026                            <\/span><\/a><\/td><td class=\"file_size\">438.01 KB<\/td><td class=\"file_created\">07-04-2026<\/td><td class=\"file_modified\">07-04-2026<\/td>                                            <td class=\"col-download\">                            <a class=\"downloadlink wpfd_downloadlink\"  href=\"https:\/\/portal.pi.gov.br\/sine\/download\/29\/vagas-de-emprego\/1537\/ofertas-de-vagas-em-07-de-abril-de-2026.pdf\" style=\"background-color:#033b85;color:#ffffff;\">Baixar<i class=\"zmdi zmdi-cloud-download wpfd-download\"><\/i><\/a><a                            href=\"https:\/\/docs.google.com\/viewer?url=https%3A%2F%2Fportal.pi.gov.br%2Fsine%2Fwp-admin%2Fadmin-ajax.php%3Fjuwpfisadmin%3Dfalse%26action%3Dwpfd%26task%3Dfile.download%26wpfd_category_id%3D29%26wpfd_file_id%3D1537%26token%3D%26preview%3D1&#038;embedded=true\"                            class=\"openlink wpfdlightbox wpfd_previewlink\"                            target=\"\"                            data-id=\"1537\"                            data-catid=\"29\"                            data-file-type=\"pdf\">Visualizar<i class=\"zmdi zmdi-filter-center-focus wpfd-preview\"><\/i>                        <\/a>                        <\/td>                                    <\/tr>                            <tr class=\"file\" data-id=\"1536\"                    data-catid=\"29\">                    <td class=\"file_title\"><a class=\"wpfd_downloadlink\" href=\"https:\/\/portal.pi.gov.br\/sine\/download\/29\/vagas-de-emprego\/1536\/ofertas-de-vagas-em-06-de-abril-de-2026.pdf\" title=\"Ofertas de vagas em 06 de Abril de 2026\"><span class=\"extcol\">                                <span class=\"ext ext-pdf\"><\/span>                                Ofertas de vagas em 06 de Abril de 2026                            <\/span><\/a><\/td><td class=\"file_size\">440.60 KB<\/td><td class=\"file_created\">06-04-2026<\/td><td class=\"file_modified\">06-04-2026<\/td>                                            <td class=\"col-download\">                            <a class=\"downloadlink wpfd_downloadlink\"  href=\"https:\/\/portal.pi.gov.br\/sine\/download\/29\/vagas-de-emprego\/1536\/ofertas-de-vagas-em-06-de-abril-de-2026.pdf\" style=\"background-color:#033b85;color:#ffffff;\">Baixar<i class=\"zmdi zmdi-cloud-download wpfd-download\"><\/i><\/a><a                            href=\"https:\/\/docs.google.com\/viewer?url=https%3A%2F%2Fportal.pi.gov.br%2Fsine%2Fwp-admin%2Fadmin-ajax.php%3Fjuwpfisadmin%3Dfalse%26action%3Dwpfd%26task%3Dfile.download%26wpfd_category_id%3D29%26wpfd_file_id%3D1536%26token%3D%26preview%3D1&#038;embedded=true\"                            class=\"openlink wpfdlightbox wpfd_previewlink\"                            target=\"\"                            data-id=\"1536\"                            data-catid=\"29\"                            data-file-type=\"pdf\">Visualizar<i class=\"zmdi zmdi-filter-center-focus wpfd-preview\"><\/i>                        <\/a>                        <\/td>                                    <\/tr>                        <\/tbody>        <\/table>            <\/div><\/div><\/div><div class='wpfd-pagination'>\n\t<span class='page-numbers current'>1<\/span>\n<a class='page-numbers' data-page='2' data-sourcecat='29'>2<\/a>\n<a class='page-numbers' data-page='3' data-sourcecat='29'>3<\/a>\n<span class=\"page-numbers dots\">&hellip;<\/span>\n<a class='page-numbers' data-page='27' data-sourcecat='29'>27<\/a>\n<a class='next page-numbers' data-page='2' data-sourcecat='29'>Pr\u00f3ximo &raquo;<\/a>\n<\/div>\n\n","protected":false},"excerpt":{"rendered":"","protected":false},"author":28,"featured_media":0,"parent":0,"menu_order":0,"comment_status":"closed","ping_status":"closed","template":"template-fullwidth.php","meta":[],"featured_image_urls":{"full":"","thumbnail":"","medium":"","medium_large":"","large":"","sgg-420":"","sgg-540":"","sgg-780":"","1536x1536":"","2048x2048":"","homepage-slider":"","homepage-slider-small":"","page-top":"","page-small":"","loop-main":"","thumb-gallery-widget":""},"post_excerpt_stackable":"<p>T\u00edtuloTamanhoData de Publica\u00e7\u00e3oData de modifica\u00e7\u00e3oBaixar Ofertas de vagas em 20 de Abril de 2026 459.15 KB20-04-202620-04-2026 BaixarVisualizar Ofertas de vagas em 17 de Abril de 2026 457.50 KB17-04-202617-04-2026 BaixarVisualizar Ofertas de vagas em 16 de Abril de 2026 450.26 KB16-04-202616-04-2026 BaixarVisualizar Ofertas de vagas em 15 de Abril de 2026 449.38 KB15-04-202615-04-2026 BaixarVisualizar Ofertas de vagas em 14 de Abril de 2026 444.09 KB14-04-202614-04-2026 BaixarVisualizar Ofertas de vagas em 13 de Abril de 2026 452.79 KB13-04-202613-04-2026 BaixarVisualizar Ofertas de vagas em 09 de Abril de 2026 449.44 KB09-04-202609-04-2026 BaixarVisualizar Ofertas de vagas em 08 de Abril de 2026 438.44 KB08-04-202608-04-2026&hellip;<\/p>\n","category_list":"","author_info":{"name":"tassodenis","url":"https:\/\/portal.pi.gov.br\/sine\/author\/tassodenis\/"},"comments_num":"0 coment\u00e1rio","featured_image_urls_v2":{"full":"","thumbnail":"","medium":"","medium_large":"","large":"","sgg-420":"","sgg-540":"","sgg-780":"","1536x1536":"","2048x2048":"","homepage-slider":"","homepage-slider-small":"","page-top":"","page-small":"","loop-main":"","thumb-gallery-widget":""},"post_excerpt_stackable_v2":"<p>T\u00edtuloTamanhoData de Publica\u00e7\u00e3oData de modifica\u00e7\u00e3oBaixar Ofertas de vagas em 20 de Abril de 2026 459.15 KB20-04-202620-04-2026 BaixarVisualizar Ofertas de vagas em 17 de Abril de 2026 457.50 KB17-04-202617-04-2026 BaixarVisualizar Ofertas de vagas em 16 de Abril de 2026 450.26 KB16-04-202616-04-2026 BaixarVisualizar Ofertas de vagas em 15 de Abril de 2026 449.38 KB15-04-202615-04-2026 BaixarVisualizar Ofertas de vagas em 14 de Abril de 2026 444.09 KB14-04-202614-04-2026 BaixarVisualizar Ofertas de vagas em 13 de Abril de 2026 452.79 KB13-04-202613-04-2026 BaixarVisualizar Ofertas de vagas em 09 de Abril de 2026 449.44 KB09-04-202609-04-2026 BaixarVisualizar Ofertas de vagas em 08 de Abril de 2026 438.44 KB08-04-202608-04-2026&hellip;<\/p>\n","category_list_v2":"","author_info_v2":{"name":"tassodenis","url":"https:\/\/portal.pi.gov.br\/sine\/author\/tassodenis\/"},"comments_num_v2":"0 coment\u00e1rio","_links":{"self":[{"href":"https:\/\/portal.pi.gov.br\/sine\/wp-json\/wp\/v2\/pages\/979"}],"collection":[{"href":"https:\/\/portal.pi.gov.br\/sine\/wp-json\/wp\/v2\/pages"}],"about":[{"href":"https:\/\/portal.pi.gov.br\/sine\/wp-json\/wp\/v2\/types\/page"}],"author":[{"embeddable":true,"href":"https:\/\/portal.pi.gov.br\/sine\/wp-json\/wp\/v2\/users\/28"}],"replies":[{"embeddable":true,"href":"https:\/\/portal.pi.gov.br\/sine\/wp-json\/wp\/v2\/comments?post=979"}],"version-history":[{"count":2,"href":"https:\/\/portal.pi.gov.br\/sine\/wp-json\/wp\/v2\/pages\/979\/revisions"}],"predecessor-version":[{"id":1458,"href":"https:\/\/portal.pi.gov.br\/sine\/wp-json\/wp\/v2\/pages\/979\/revisions\/1458"}],"wp:attachment":[{"href":"https:\/\/portal.pi.gov.br\/sine\/wp-json\/wp\/v2\/media?parent=979"}],"curies":[{"name":"wp","href":"https:\/\/api.w.org\/{rel}","templated":true}]}}